{"id":670,"date":"2025-11-25T06:42:34","date_gmt":"2025-11-25T06:42:34","guid":{"rendered":"https:\/\/hdxenergy.com\/?post_type=product&#038;p=670"},"modified":"2026-01-07T07:29:56","modified_gmt":"2026-01-07T07:29:56","slug":"dong-san-pham-ccs2","status":"publish","type":"product","link":"https:\/\/hdxenergy.com\/vi\/product\/ccs2-series\/","title":{"rendered":"Tr\u1ea1m s\u1ea1c xe \u0111i\u1ec7n CCS2 - Nh\u00e0 s\u1ea3n xu\u1ea5t thi\u1ebft b\u1ecb g\u1ed1c | 60-240kW"},"content":{"rendered":"<div class=\"table-container\">\n<table>\n<tbody>\n<tr>\n<td colspan=\"2\"><strong>ltem<\/strong><\/td>\n<td colspan=\"6\">Gi\u00e1 tr\u1ecb tham s\u1ed1 ti\u00eau chu\u1ea9n<\/td>\n<\/tr>\n<tr>\n<td colspan=\"2\"><strong>\u0110i\u1ec7n \u00e1p \u0111\u1ea7u v\u00e0o<\/strong><\/td>\n<td colspan=\"6\">3 pha 260-530 V AC<\/td>\n<\/tr>\n<tr>\n<td colspan=\"2\"><strong>T\u1ea7n s\u1ed1 luput<\/strong><\/td>\n<td colspan=\"6\">50 Hz\/60 Hz<\/td>\n<\/tr>\n<tr>\n<td colspan=\"2\"><strong>C\u00f4ng su\u1ea5t \u0111\u1ecbnh m\u1ee9c<\/strong><\/td>\n<td colspan=\"6\">60KW\/120KW\/160KW\/240KW<\/td>\n<\/tr>\n<tr>\n<td colspan=\"2\"><strong>\u0110i\u1ec7n \u00e1p \u0111\u1ea7u ra<\/strong><\/td>\n<td colspan=\"6\">200~1000 V DC<\/td>\n<\/tr>\n<tr>\n<td colspan=\"2\"><strong>D\u00f2ng \u0111i\u1ec7n ra<\/strong><\/td>\n<td colspan=\"6\">0-200ADC<\/td>\n<\/tr>\n<tr>\n<td colspan=\"2\"><strong>\u0110i\u1ec7n \u00e1p \u0111\u1ea7u v\u00e0o<\/strong><\/td>\n<td colspan=\"6\">3 pha 260-530 V AC<\/td>\n<\/tr>\n<tr>\n<td colspan=\"2\"><strong>C\u1ea5p \u0111\u1ed9 b\u1ea3o v\u1ec7<\/strong><\/td>\n<td colspan=\"6\">IP55\/IK10<\/td>\n<\/tr>\n<tr>\n<td colspan=\"2\"><strong>Ti\u00eau chu\u1ea9n<\/strong><\/td>\n<td colspan=\"6\">UL 2202, CSA-C22.2 S\u1ed1 107.1-16, UL 2231, CSA C22.2 S\u1ed1 281<\/td>\n<\/tr>\n<tr>\n<td colspan=\"2\"><strong>C\u00e2n n\u1eb7ng<\/strong><\/td>\n<td colspan=\"6\">230 kg ~ 260 kg<\/td>\n<\/tr>\n<tr>\n<td colspan=\"2\"><strong>K\u00edch th\u01b0\u1edbc<\/strong><\/td>\n<td colspan=\"6\">650 x 700 x 1700 mm (D\u00e0i x R\u1ed9ng x Cao)<\/td>\n<\/tr>\n<tr>\n<td colspan=\"2\"><strong>Giao di\u1ec7n m\u1ea1ng<\/strong><\/td>\n<td colspan=\"6\">Ethemet, WIFl, 4G<\/td>\n<\/tr>\n<tr>\n<td colspan=\"2\"><strong>Ti\u00eau chu\u1ea9n an to\u00e0n<\/strong><\/td>\n<td colspan=\"6\">EN 61851-1-2001EN 61851-21-2001EN 61851-22-2001<\/td>\n<\/tr>\n<\/tbody>\n<\/table>\n<\/div>\n<p><img fetchpriority=\"high\" decoding=\"async\" class=\"alignnone wp-image-676 size-full\" src=\"https:\/\/hdxenergy.com\/wp-content\/uploads\/2025\/11\/CCS2-Series6.jpg\" alt=\"\u1ee8ng d\u1ee5ng tr\u1ea1m s\u1ea1c xe \u0111i\u1ec7n CCS2\" width=\"1000\" height=\"1000\" srcset=\"https:\/\/hdxenergy.com\/wp-content\/uploads\/2025\/11\/CCS2-Series6.jpg 1000w, https:\/\/hdxenergy.com\/wp-content\/uploads\/2025\/11\/CCS2-Series6-300x300.jpg 300w, https:\/\/hdxenergy.com\/wp-content\/uploads\/2025\/11\/CCS2-Series6-150x150.jpg 150w, https:\/\/hdxenergy.com\/wp-content\/uploads\/2025\/11\/CCS2-Series6-768x768.jpg 768w, https:\/\/hdxenergy.com\/wp-content\/uploads\/2025\/11\/CCS2-Series6-600x600.jpg 600w, https:\/\/hdxenergy.com\/wp-content\/uploads\/2025\/11\/CCS2-Series6-100x100.jpg 100w\" sizes=\"(max-width: 1000px) 100vw, 1000px\" \/> <img decoding=\"async\" class=\"alignnone wp-image-675 size-full\" src=\"https:\/\/hdxenergy.com\/wp-content\/uploads\/2025\/11\/CCS2-Series5.png\" alt=\"C\u1ed5ng \u0111\u01a1n\/c\u1ed5ng \u0111\u00f4i (t\u00f9y ch\u1ecdn)\" width=\"1000\" height=\"1000\" srcset=\"https:\/\/hdxenergy.com\/wp-content\/uploads\/2025\/11\/CCS2-Series5.png 1000w, https:\/\/hdxenergy.com\/wp-content\/uploads\/2025\/11\/CCS2-Series5-300x300.png 300w, https:\/\/hdxenergy.com\/wp-content\/uploads\/2025\/11\/CCS2-Series5-150x150.png 150w, https:\/\/hdxenergy.com\/wp-content\/uploads\/2025\/11\/CCS2-Series5-768x768.png 768w, https:\/\/hdxenergy.com\/wp-content\/uploads\/2025\/11\/CCS2-Series5-600x600.png 600w, https:\/\/hdxenergy.com\/wp-content\/uploads\/2025\/11\/CCS2-Series5-100x100.png 100w\" sizes=\"(max-width: 1000px) 100vw, 1000px\" \/><\/p>","protected":false},"excerpt":{"rendered":"<ul>\n<li>S\u1ea1c nhanh 2 Guns DC cho xe \u0111i\u1ec7n<\/li>\n<li>Cung c\u1ea5p t\u00ednh linh ho\u1ea1t trong ph\u1ea1m vi c\u00f4ng su\u1ea5t t\u1eeb 40KW \u0111\u1ebfn 400KW \u0111\u1ec3 s\u1ea1c \u0111\u1ed3ng th\u1eddi hai xe \u0111i\u1ec7n (EV).<\/li>\n<li>60\/80\/160\/180\/240\/360 T\u00f9y ch\u1ecdn<\/li>\n<li>Ti\u1ebft ki\u1ec7m th\u1eddi gian \u2013 S\u1ea1c nhanh<\/li>\n<li>Ph\u01b0\u01a1ng th\u1ee9c thanh to\u00e1n RFID\/M\u00e3 QR\/M\u00e1y POS<\/li>\n<li>1 s\u00fang ho\u1eb7c 2 s\u00fang ( CCS1 || CCS2 || CHAdeMO || GBT|| Tesla )<\/li>\n<li>M\u00e0n h\u00ecnh c\u1ea3m \u1ee9ng LCD m\u00e0u 7 inch<\/li>\n<li>B\u1ea3o h\u00e0nh 24 th\u00e1ng<\/li>\n<\/ul>","protected":false},"featured_media":672,"comment_status":"open","ping_status":"closed","template":"","meta":[],"product_brand":[],"product_cat":[24],"product_tag":[],"class_list":{"0":"post-670","1":"product","2":"type-product","3":"status-publish","4":"has-post-thumbnail","6":"product_cat-electric-vehicle-charging-stations","8":"first","9":"instock","10":"shipping-taxable","11":"product-type-simple"},"_links":{"self":[{"href":"https:\/\/hdxenergy.com\/vi\/wp-json\/wp\/v2\/product\/670","targetHints":{"allow":["GET"]}}],"collection":[{"href":"https:\/\/hdxenergy.com\/vi\/wp-json\/wp\/v2\/product"}],"about":[{"href":"https:\/\/hdxenergy.com\/vi\/wp-json\/wp\/v2\/types\/product"}],"replies":[{"embeddable":true,"href":"https:\/\/hdxenergy.com\/vi\/wp-json\/wp\/v2\/comments?post=670"}],"wp:featuredmedia":[{"embeddable":true,"href":"https:\/\/hdxenergy.com\/vi\/wp-json\/wp\/v2\/media\/672"}],"wp:attachment":[{"href":"https:\/\/hdxenergy.com\/vi\/wp-json\/wp\/v2\/media?parent=670"}],"wp:term":[{"taxonomy":"product_brand","embeddable":true,"href":"https:\/\/hdxenergy.com\/vi\/wp-json\/wp\/v2\/product_brand?post=670"},{"taxonomy":"product_cat","embeddable":true,"href":"https:\/\/hdxenergy.com\/vi\/wp-json\/wp\/v2\/product_cat?post=670"},{"taxonomy":"product_tag","embeddable":true,"href":"https:\/\/hdxenergy.com\/vi\/wp-json\/wp\/v2\/product_tag?post=670"}],"curies":[{"name":"wp","href":"https:\/\/api.w.org\/{rel}","templated":true}]}}