{"id":657,"date":"2025-11-25T06:12:48","date_gmt":"2025-11-25T06:12:48","guid":{"rendered":"https:\/\/hdxenergy.com\/?post_type=product&#038;p=657"},"modified":"2026-01-07T07:21:22","modified_gmt":"2026-01-07T07:21:22","slug":"dong-san-pham-nacs","status":"publish","type":"product","link":"https:\/\/hdxenergy.com\/vi\/product\/nacs-series\/","title":{"rendered":"Nh\u00e0 s\u1ea3n xu\u1ea5t tr\u1ea1m s\u1ea1c xe \u0111i\u1ec7n NACS Series CCS1 | C\u00f4ng su\u1ea5t 60-360kW"},"content":{"rendered":"<div class=\"table-container\">\n<table>\n<tbody>\n<tr>\n<td colspan=\"2\"><strong>ltem<\/strong><\/td>\n<td colspan=\"6\">Gi\u00e1 tr\u1ecb tham s\u1ed1 ti\u00eau chu\u1ea9n<\/td>\n<\/tr>\n<tr>\n<td colspan=\"2\"><strong>\u0110i\u1ec7n \u00e1p \u0111\u1ea7u v\u00e0o<\/strong><\/td>\n<td colspan=\"6\">3 pha 260-530 V AC<\/td>\n<\/tr>\n<tr>\n<td colspan=\"2\"><strong>T\u1ea7n s\u1ed1 luput<\/strong><\/td>\n<td colspan=\"6\">50 Hz\/60 Hz<\/td>\n<\/tr>\n<tr>\n<td colspan=\"2\"><strong>C\u00f4ng su\u1ea5t \u0111\u1ecbnh m\u1ee9c<\/strong><\/td>\n<td colspan=\"6\">30 kW\/60 kW\/120 kW<\/td>\n<\/tr>\n<tr>\n<td colspan=\"2\"><strong>\u0110i\u1ec7n \u00e1p \u0111\u1ea7u ra<\/strong><\/td>\n<td colspan=\"6\">200~1000 V DC<\/td>\n<\/tr>\n<tr>\n<td colspan=\"2\"><strong>D\u00f2ng \u0111i\u1ec7n ra<\/strong><\/td>\n<td colspan=\"6\">0-200ADC<\/td>\n<\/tr>\n<tr>\n<td colspan=\"2\"><strong>\u0110i\u1ec7n \u00e1p \u0111\u1ea7u v\u00e0o<\/strong><\/td>\n<td colspan=\"6\">3 pha 260-530 V AC<\/td>\n<\/tr>\n<tr>\n<td colspan=\"2\"><strong>C\u1ea5p \u0111\u1ed9 b\u1ea3o v\u1ec7<\/strong><\/td>\n<td colspan=\"6\">IP55\/IK10<\/td>\n<\/tr>\n<tr>\n<td colspan=\"2\"><strong>Ti\u00eau chu\u1ea9n<\/strong><\/td>\n<td colspan=\"6\">UL 2202, CSA-C22.2 S\u1ed1 107.1-16, UL 2231, CSA C22.2 S\u1ed1 281<\/td>\n<\/tr>\n<tr>\n<td colspan=\"2\"><strong>C\u00e2n n\u1eb7ng<\/strong><\/td>\n<td colspan=\"6\">230 kg ~ 260 kg<\/td>\n<\/tr>\n<tr>\n<td colspan=\"2\"><strong>K\u00edch th\u01b0\u1edbc<\/strong><\/td>\n<td colspan=\"6\">650 x 700 x 1700 mm (D\u00e0i x R\u1ed9ng x Cao)<\/td>\n<\/tr>\n<tr>\n<td colspan=\"2\"><strong>Giao di\u1ec7n m\u1ea1ng<\/strong><\/td>\n<td colspan=\"6\">Ethemet, WIFl, 4G<\/td>\n<\/tr>\n<tr>\n<td colspan=\"2\"><strong>Ti\u00eau chu\u1ea9n an to\u00e0n<\/strong><\/td>\n<td colspan=\"6\">EN 61851-1-2001EN 61851-21-2001EN 61851-22-2001<\/td>\n<\/tr>\n<\/tbody>\n<\/table>\n<\/div>\n<p><img fetchpriority=\"high\" decoding=\"async\" class=\"alignnone wp-image-658 size-full\" src=\"https:\/\/hdxenergy.com\/wp-content\/uploads\/2025\/11\/NACS-Series00.jpg\" alt=\"M\u00f4 t\u1ea3 ch\u1ee9c n\u0103ng c\u1ee7a Tr\u1ea1m s\u1ea1c xe \u0111i\u1ec7n NACS Series CCS1\" width=\"1000\" height=\"1000\" srcset=\"https:\/\/hdxenergy.com\/wp-content\/uploads\/2025\/11\/NACS-Series00.jpg 1000w, https:\/\/hdxenergy.com\/wp-content\/uploads\/2025\/11\/NACS-Series00-300x300.jpg 300w, https:\/\/hdxenergy.com\/wp-content\/uploads\/2025\/11\/NACS-Series00-150x150.jpg 150w, https:\/\/hdxenergy.com\/wp-content\/uploads\/2025\/11\/NACS-Series00-768x768.jpg 768w, https:\/\/hdxenergy.com\/wp-content\/uploads\/2025\/11\/NACS-Series00-600x600.jpg 600w, https:\/\/hdxenergy.com\/wp-content\/uploads\/2025\/11\/NACS-Series00-100x100.jpg 100w\" sizes=\"(max-width: 1000px) 100vw, 1000px\" \/><\/p>\n<p><strong>S\u1ea1c nhanh c\u00f4ng su\u1ea5t cao (60\u2013300kW)<\/strong><\/p>\n<p>Cung c\u1ea5p c\u00e1c t\u00f9y ch\u1ecdn ngu\u1ed3n \u0111i\u1ec7n linh ho\u1ea1t \u0111\u1ec3 h\u1ed7 tr\u1ee3 c\u00e1c lo\u1ea1i ph\u01b0\u01a1ng ti\u1ec7n kh\u00e1c nhau v\u00e0 c\u00e1c t\u00ecnh hu\u1ed1ng s\u1eed d\u1ee5ng th\u01b0\u01a1ng m\u1ea1i, mang l\u1ea1i kh\u1ea3 n\u0103ng s\u1ea1c DC nhanh ch\u00f3ng v\u00e0 hi\u1ec7u qu\u1ea3 cho c\u00e1c khu v\u1ef1c c\u00f3 l\u01b0u l\u01b0\u1ee3ng giao th\u00f4ng cao.<\/p>\n<p><strong>Ho\u1ea1t \u0111\u1ed9ng \u1ed5n \u0111\u1ecbnh, b\u1ec1n b\u1ec9 v\u00e0 th\u00f4ng minh.<\/strong><\/p>\n<p>\u0110\u01b0\u1ee3c thi\u1ebft k\u1ebf v\u1edbi c\u00e1c th\u00e0nh ph\u1ea7n \u0111\u1ea1t ti\u00eau chu\u1ea9n c\u00f4ng nghi\u1ec7p, h\u1ec7 th\u1ed1ng l\u00e0m m\u00e1t ti\u00ean ti\u1ebfn v\u00e0 ki\u1ec3m so\u00e1t ngu\u1ed3n \u0111i\u1ec7n th\u00f4ng minh \u0111\u1ec3 \u0111\u1ea3m b\u1ea3o t\u00ednh \u1ed5n \u0111\u1ecbnh l\u00e2u d\u00e0i, qu\u1ea3n l\u00fd n\u0103ng l\u01b0\u1ee3ng hi\u1ec7u qu\u1ea3 v\u00e0 chi ph\u00ed v\u1eadn h\u00e0nh th\u1ea5p.<\/p>\n<p><strong>An to\u00e0n, \u0110\u01b0\u1ee3c ch\u1ee9ng nh\u1eadn v\u00e0 D\u1ec5 s\u1eed d\u1ee5ng<\/strong><\/p>\n<p>G\u1ed3m c\u00e1c t\u00ednh n\u0103ng b\u1ea3o v\u1ec7 to\u00e0n di\u1ec7n v\u00e0 giao di\u1ec7n th\u00e2n thi\u1ec7n v\u1edbi ng\u01b0\u1eddi d\u00f9ng. \u0110\u01b0\u1ee3c ch\u1ee9ng nh\u1eadn CE v\u00e0 UKCA, ph\u00f9 h\u1ee3p cho c\u00e1c h\u1ec7 th\u1ed1ng s\u1ea1c c\u00f4ng c\u1ed9ng, th\u01b0\u01a1ng m\u1ea1i v\u00e0 cho \u0111\u1ed9i xe.<\/p>\n<p><img decoding=\"async\" class=\"alignnone wp-image-1087 size-full\" src=\"https:\/\/hdxenergy.com\/wp-content\/uploads\/2025\/11\/NACS-SeriesCCS1.jpg\" alt=\"K\u00edch th\u01b0\u1edbc tr\u1ea1m s\u1ea1c xe \u0111i\u1ec7n NACS Series CCS1\" width=\"568\" height=\"551\" srcset=\"https:\/\/hdxenergy.com\/wp-content\/uploads\/2025\/11\/NACS-SeriesCCS1.jpg 568w, https:\/\/hdxenergy.com\/wp-content\/uploads\/2025\/11\/NACS-SeriesCCS1-300x291.jpg 300w\" sizes=\"(max-width: 568px) 100vw, 568px\" \/><\/p>\n<p><strong>\u1ee8ng d\u1ee5ng<\/strong><br \/>\nTr\u1ea1m s\u1ea1c xe \u0111i\u1ec7n c\u00f4ng c\u1ed9ng<br \/>\nC\u00e1c c\u01a1 s\u1edf \u0111\u1ed7 xe th\u01b0\u01a1ng m\u1ea1i<br \/>\nC\u00e1c c\u00f4ng ty logistics &amp; nh\u00e0 \u0111i\u1ec1u h\u00e0nh \u0111\u1ed9i xe<br \/>\nC\u00e1c \u0111\u1ea1i l\u00fd \u00f4 t\u00f4 v\u00e0 trung t\u00e2m d\u1ecbch v\u1ee5<br \/>\nTrung t\u00e2m th\u01b0\u01a1ng m\u1ea1i v\u00e0 khu c\u00f4ng nghi\u1ec7p<br \/>\nC\u00e1c khu d\u00e2n c\u01b0 v\u00e0 khu ph\u1ee9c h\u1ee3p \u0111a ch\u1ee9c n\u0103ng<br \/>\nC\u00e1c h\u1ec7 th\u1ed1ng y\u00eau c\u1ea7u t\u00edch h\u1ee3p v\u1edbi t\u1ea5m pin m\u1eb7t tr\u1eddi v\u00e0 t\u1ee7 l\u01b0u tr\u1eef n\u0103ng l\u01b0\u1ee3ng \u0111\u1ec3 x\u00e2y d\u1ef1ng m\u1ed9t h\u1ec7 th\u1ed1ng n\u0103ng l\u01b0\u1ee3ng th\u01b0\u01a1ng m\u1ea1i ho\u00e0n ch\u1ec9nh.<\/p>\n<p><img decoding=\"async\" class=\"alignnone wp-image-1089 size-full\" src=\"https:\/\/hdxenergy.com\/wp-content\/uploads\/2025\/11\/NACS-Series-2.jpg\" alt=\"Tr\u1ea1m s\u1ea1c xe \u0111i\u1ec7n NACS Series CCS1 - C\u00e1c t\u00ecnh hu\u1ed1ng s\u1eed d\u1ee5ng 1\" width=\"965\" height=\"721\" srcset=\"https:\/\/hdxenergy.com\/wp-content\/uploads\/2025\/11\/NACS-Series-2.jpg 965w, https:\/\/hdxenergy.com\/wp-content\/uploads\/2025\/11\/NACS-Series-2-300x224.jpg 300w, https:\/\/hdxenergy.com\/wp-content\/uploads\/2025\/11\/NACS-Series-2-768x574.jpg 768w, https:\/\/hdxenergy.com\/wp-content\/uploads\/2025\/11\/NACS-Series-2-600x448.jpg 600w\" sizes=\"(max-width: 965px) 100vw, 965px\" \/><\/p>\n<p><img loading=\"lazy\" decoding=\"async\" class=\"alignnone wp-image-1090 size-full\" src=\"https:\/\/hdxenergy.com\/wp-content\/uploads\/2025\/11\/NACS-Series-3.jpg\" alt=\"Tr\u1ea1m s\u1ea1c xe \u0111i\u1ec7n NACS Series CCS1 - C\u00e1c t\u00ecnh hu\u1ed1ng s\u1eed d\u1ee5ng 2\" width=\"965\" height=\"452\" srcset=\"https:\/\/hdxenergy.com\/wp-content\/uploads\/2025\/11\/NACS-Series-3.jpg 965w, https:\/\/hdxenergy.com\/wp-content\/uploads\/2025\/11\/NACS-Series-3-300x141.jpg 300w, https:\/\/hdxenergy.com\/wp-content\/uploads\/2025\/11\/NACS-Series-3-768x360.jpg 768w, https:\/\/hdxenergy.com\/wp-content\/uploads\/2025\/11\/NACS-Series-3-600x281.jpg 600w\" sizes=\"(max-width: 965px) 100vw, 965px\" \/><\/p>","protected":false},"excerpt":{"rendered":"<ul>\n<li>60\/80\/160\/180\/240\/360 kW (t\u00f9y ch\u1ecdn)<\/li>\n<li>Ti\u1ebft ki\u1ec7m th\u1eddi gian \u2013 S\u1ea1c nhanh<\/li>\n<li>Ph\u01b0\u01a1ng th\u1ee9c thanh to\u00e1n RFID\/M\u00e3 QR\/M\u00e1y POS<\/li>\n<li>1 s\u00fang ho\u1eb7c 2 s\u00fang ( CCS1 || CCS2 || CHAdeMO || GBT|| Tesla )<\/li>\n<li>M\u00e0n h\u00ecnh c\u1ea3m \u1ee9ng LCD m\u00e0u 7 inch<\/li>\n<li>B\u1ea3o h\u00e0nh 24 th\u00e1ng<\/li>\n<\/ul>","protected":false},"featured_media":707,"comment_status":"open","ping_status":"closed","template":"","meta":[],"product_brand":[],"product_cat":[24],"product_tag":[],"class_list":{"0":"post-657","1":"product","2":"type-product","3":"status-publish","4":"has-post-thumbnail","6":"product_cat-electric-vehicle-charging-stations","8":"first","9":"instock","10":"shipping-taxable","11":"product-type-simple"},"_links":{"self":[{"href":"https:\/\/hdxenergy.com\/vi\/wp-json\/wp\/v2\/product\/657","targetHints":{"allow":["GET"]}}],"collection":[{"href":"https:\/\/hdxenergy.com\/vi\/wp-json\/wp\/v2\/product"}],"about":[{"href":"https:\/\/hdxenergy.com\/vi\/wp-json\/wp\/v2\/types\/product"}],"replies":[{"embeddable":true,"href":"https:\/\/hdxenergy.com\/vi\/wp-json\/wp\/v2\/comments?post=657"}],"wp:featuredmedia":[{"embeddable":true,"href":"https:\/\/hdxenergy.com\/vi\/wp-json\/wp\/v2\/media\/707"}],"wp:attachment":[{"href":"https:\/\/hdxenergy.com\/vi\/wp-json\/wp\/v2\/media?parent=657"}],"wp:term":[{"taxonomy":"product_brand","embeddable":true,"href":"https:\/\/hdxenergy.com\/vi\/wp-json\/wp\/v2\/product_brand?post=657"},{"taxonomy":"product_cat","embeddable":true,"href":"https:\/\/hdxenergy.com\/vi\/wp-json\/wp\/v2\/product_cat?post=657"},{"taxonomy":"product_tag","embeddable":true,"href":"https:\/\/hdxenergy.com\/vi\/wp-json\/wp\/v2\/product_tag?post=657"}],"curies":[{"name":"wp","href":"https:\/\/api.w.org\/{rel}","templated":true}]}}