{"id":640,"date":"2025-11-25T05:55:37","date_gmt":"2025-11-25T05:55:37","guid":{"rendered":"https:\/\/hdxenergy.com\/?post_type=product&#038;p=640"},"modified":"2026-01-07T07:12:44","modified_gmt":"2026-01-07T07:12:44","slug":"he-thong-treo-tuong","status":"publish","type":"product","link":"https:\/\/hdxenergy.com\/vi\/product\/wall-mounted-system\/","title":{"rendered":"Tr\u1ea1m s\u1ea1c xe \u0111i\u1ec7n treo t\u01b0\u1eddng Faire | \u0110i\u1ec1u khi\u1ec3n th\u00f4ng minh qua \u1ee9ng d\u1ee5ng &amp; C\u00f4ng su\u1ea5t cao"},"content":{"rendered":"<div class=\"table-container\">\n<table>\n<tbody>\n<tr>\n<td colspan=\"3\">20\/30\/40KW (t\u00f9y ch\u1ecdn)<\/td>\n<\/tr>\n<tr>\n<td colspan=\"3\">Ti\u1ebft ki\u1ec7m th\u1eddi gian \u2013 S\u1ea1c nhanh<\/td>\n<\/tr>\n<tr>\n<td colspan=\"3\">Ph\u01b0\u01a1ng th\u1ee9c thanh to\u00e1n RFID\/M\u00e3 QR\/M\u00e1y POS<\/td>\n<\/tr>\n<tr>\n<td colspan=\"3\">1 s\u00fang ho\u1eb7c 2 s\u00fang ( CCS1 || CCS2 || CHAdeMO || GBT || Tesla )<\/td>\n<\/tr>\n<tr>\n<td colspan=\"3\">M\u00e0n h\u00ecnh c\u1ea3m \u1ee9ng LCD m\u00e0u 7 inch<\/td>\n<\/tr>\n<tr>\n<td colspan=\"3\">B\u1ea3o h\u00e0nh 24 th\u00e1ng<\/td>\n<\/tr>\n<tr>\n<td colspan=\"3\">Tr\u1ea1m s\u1ea1c \u0111i\u1ec7n DC cho xe \u0111i\u1ec7n c\u1ee7a ch\u00fang t\u00f4i cho ph\u00e9p s\u1ea1c nhanh v\u1edbi c\u00f4ng su\u1ea5t l\u00ean \u0111\u1ebfn 40KW th\u00f4ng qua c\u1ed5ng CCS2 ti\u00eau chu\u1ea9n, gi\u00fap ti\u1ebft ki\u1ec7m t\u1eebng ph\u00fat qu\u00fd gi\u00e1 trong m\u1ed7i l\u1ea7n s\u1ea1c.<\/td>\n<\/tr>\n<tr>\n<td colspan=\"3\">S\u1ea1c xe \u0111i\u1ec7n c\u1ee7a b\u1ea1n m\u1ed9t c\u00e1ch hi\u1ec7u qu\u1ea3 t\u1ea1i c\u00e1c tr\u1ea1m s\u1ea1c DC EV ti\u00ean ti\u1ebfn c\u1ee7a ch\u00fang t\u00f4i. Tr\u1ea3i nghi\u1ec7m \u0111i\u1ec1u khi\u1ec3n m\u01b0\u1ee3t m\u00e0 v\u1edbi m\u00e0n h\u00ecnh qu\u1ea3ng c\u00e1o 32 inch. C\u00e1c thi\u1ebft b\u1ecb \u0111\u01b0\u1ee3c ch\u1ee9ng nh\u1eadn c\u1ee7a ch\u00fang t\u00f4i, bao g\u1ed3m CE, UKCA, TUV, lu\u00f4n \u0111\u1eb7t an to\u00e0n l\u00ean h\u00e0ng \u0111\u1ea7u.<\/td>\n<\/tr>\n<tr>\n<td colspan=\"3\">Ph\u1ea7n m\u1ec1m qu\u1ea3n l\u00fd th\u00f4ng minh x\u1eed l\u00fd vi\u1ec7c s\u1ea1c pin v\u00e0 thu th\u1eadp d\u1eef li\u1ec7u, theo d\u00f5i ho\u1ea1t \u0111\u1ed9ng v\u00e0 t\u1ea7n su\u1ea5t c\u00e1c ho\u1ea1t \u0111\u1ed9ng 24\/7.<\/td>\n<\/tr>\n<\/tbody>\n<\/table>\n<\/div>\n<p><img fetchpriority=\"high\" decoding=\"async\" class=\"alignnone wp-image-641 size-full\" src=\"https:\/\/hdxenergy.com\/wp-content\/uploads\/2025\/11\/Wall-Mounted-System1.jpg\" alt=\"C\u00e1c t\u1eeb kh\u00f3a v\u00e0 ch\u1ee9c n\u0103ng kh\u00e1c nhau cho ph\u00e9p b\u1ea1n l\u1ef1a ch\u1ecdn.\" width=\"1000\" height=\"1000\" srcset=\"https:\/\/hdxenergy.com\/wp-content\/uploads\/2025\/11\/Wall-Mounted-System1.jpg 1000w, https:\/\/hdxenergy.com\/wp-content\/uploads\/2025\/11\/Wall-Mounted-System1-300x300.jpg 300w, https:\/\/hdxenergy.com\/wp-content\/uploads\/2025\/11\/Wall-Mounted-System1-150x150.jpg 150w, https:\/\/hdxenergy.com\/wp-content\/uploads\/2025\/11\/Wall-Mounted-System1-768x768.jpg 768w, https:\/\/hdxenergy.com\/wp-content\/uploads\/2025\/11\/Wall-Mounted-System1-600x600.jpg 600w, https:\/\/hdxenergy.com\/wp-content\/uploads\/2025\/11\/Wall-Mounted-System1-100x100.jpg 100w\" sizes=\"(max-width: 1000px) 100vw, 1000px\" \/> <img decoding=\"async\" class=\"alignnone wp-image-644 size-full\" src=\"https:\/\/hdxenergy.com\/wp-content\/uploads\/2025\/11\/Wall-Mounted-System4.jpg\" alt=\"Tr\u1ea1m s\u1ea1c xe \u0111i\u1ec7n treo t\u01b0\u1eddng\" width=\"1000\" height=\"1000\" srcset=\"https:\/\/hdxenergy.com\/wp-content\/uploads\/2025\/11\/Wall-Mounted-System4.jpg 1000w, https:\/\/hdxenergy.com\/wp-content\/uploads\/2025\/11\/Wall-Mounted-System4-300x300.jpg 300w, https:\/\/hdxenergy.com\/wp-content\/uploads\/2025\/11\/Wall-Mounted-System4-150x150.jpg 150w, https:\/\/hdxenergy.com\/wp-content\/uploads\/2025\/11\/Wall-Mounted-System4-768x768.jpg 768w, https:\/\/hdxenergy.com\/wp-content\/uploads\/2025\/11\/Wall-Mounted-System4-600x600.jpg 600w, https:\/\/hdxenergy.com\/wp-content\/uploads\/2025\/11\/Wall-Mounted-System4-100x100.jpg 100w\" sizes=\"(max-width: 1000px) 100vw, 1000px\" \/><\/p>","protected":false},"excerpt":{"rendered":"<ul>\n<li>Tr\u1ea1m s\u1ea1c xe \u0111i\u1ec7n nhanh ch\u00f3ng, hi\u1ec7u qu\u1ea3 v\u00e0 an to\u00e0n<\/li>\n<li>C\u00e1c ch\u1ee9c n\u0103ng b\u1ea3o v\u1ec7 to\u00e0n di\u1ec7n<\/li>\n<li>\u1ee8ng d\u1ee5ng Thi\u1ebft b\u1ecb Th\u00f4ng minh\/Ch\u01b0\u01a1ng tr\u00ecnh Qu\u1ea3n l\u00fd S\u1ea1c<\/li>\n<li>Ch\u1ee9c n\u0103ng c\u00f4ng su\u1ea5t cao, hi\u1ec7u su\u1ea5t n\u0103ng l\u01b0\u1ee3ng v\u00e0 \u0111\u1ed9 tin c\u1eady trong \u0111i\u1ec1u ki\u1ec7n kh\u1eafc nghi\u1ec7t.<\/li>\n<\/ul>","protected":false},"featured_media":643,"comment_status":"open","ping_status":"closed","template":"","meta":[],"product_brand":[],"product_cat":[24],"product_tag":[],"class_list":{"0":"post-640","1":"product","2":"type-product","3":"status-publish","4":"has-post-thumbnail","6":"product_cat-electric-vehicle-charging-stations","8":"first","9":"instock","10":"shipping-taxable","11":"product-type-simple"},"_links":{"self":[{"href":"https:\/\/hdxenergy.com\/vi\/wp-json\/wp\/v2\/product\/640","targetHints":{"allow":["GET"]}}],"collection":[{"href":"https:\/\/hdxenergy.com\/vi\/wp-json\/wp\/v2\/product"}],"about":[{"href":"https:\/\/hdxenergy.com\/vi\/wp-json\/wp\/v2\/types\/product"}],"replies":[{"embeddable":true,"href":"https:\/\/hdxenergy.com\/vi\/wp-json\/wp\/v2\/comments?post=640"}],"wp:featuredmedia":[{"embeddable":true,"href":"https:\/\/hdxenergy.com\/vi\/wp-json\/wp\/v2\/media\/643"}],"wp:attachment":[{"href":"https:\/\/hdxenergy.com\/vi\/wp-json\/wp\/v2\/media?parent=640"}],"wp:term":[{"taxonomy":"product_brand","embeddable":true,"href":"https:\/\/hdxenergy.com\/vi\/wp-json\/wp\/v2\/product_brand?post=640"},{"taxonomy":"product_cat","embeddable":true,"href":"https:\/\/hdxenergy.com\/vi\/wp-json\/wp\/v2\/product_cat?post=640"},{"taxonomy":"product_tag","embeddable":true,"href":"https:\/\/hdxenergy.com\/vi\/wp-json\/wp\/v2\/product_tag?post=640"}],"curies":[{"name":"wp","href":"https:\/\/api.w.org\/{rel}","templated":true}]}}