{"id":635,"date":"2025-11-25T05:42:57","date_gmt":"2025-11-25T05:42:57","guid":{"rendered":"https:\/\/hdxenergy.com\/?post_type=product&#038;p=635"},"modified":"2026-01-07T07:09:30","modified_gmt":"2026-01-07T07:09:30","slug":"h096-10-kwh-2","status":"publish","type":"product","link":"https:\/\/hdxenergy.com\/vi\/product\/h096-10kwh-2\/","title":{"rendered":"H096-10kWh Nh\u00e0 cung c\u1ea5p d\u1ecbch v\u1ee5 pin \u0111\u1ee9ng s\u00e0n | H\u1ec7 th\u1ed1ng l\u01b0u tr\u1eef c\u00f3 kh\u1ea3 n\u0103ng m\u1edf r\u1ed9ng"},"content":{"rendered":"<div class=\"table-container\">\n<table>\n<tbody>\n<tr>\n<td>M\u00f4 h\u00ecnh<\/td>\n<td>H096 - L\u1edbp 10kWh<\/td>\n<\/tr>\n<tr>\n<td>Dung l\u01b0\u1ee3ng pin<\/td>\n<td>200Ah\/51,2V (10,24kWh)<\/td>\n<\/tr>\n<tr>\n<td>K\u00edch th\u01b0\u1edbc (D\u00e0i x R\u1ed9ng x Cao)<\/td>\n<td>Chi\u1ec1u d\u00e0i 460mm, Chi\u1ec1u r\u1ed9ng 245mm, Chi\u1ec1u cao 620mm<\/td>\n<\/tr>\n<tr>\n<td>C\u00e2n<\/td>\n<td>95 kg<\/td>\n<\/tr>\n<tr>\n<td>Lo\u1ea1i pin<\/td>\n<td>Lithium iron phosphate (LiFePO\u2084)<\/td>\n<\/tr>\n<tr>\n<td>D\u1ea3i \u0111i\u1ec7n \u00e1p pin<\/td>\n<td>40~58V<\/td>\n<\/tr>\n<tr>\n<td>Ch\u1ebf \u0111\u1ed9 giao ti\u1ebfp<\/td>\n<td>H\u1ed7 tr\u1ee3 k\u1ebft n\u1ed1i Wi-Fi v\u00e0 Bluetooth th\u00f4ng qua \u1ee9ng d\u1ee5ng di \u0111\u1ed9ng.<\/td>\n<\/tr>\n<tr>\n<td>Giao ti\u1ebfp<\/td>\n<td>RS485\/CAN<\/td>\n<\/tr>\n<tr>\n<td>Tu\u1ed5i th\u1ecd chu k\u1ef3 pin<\/td>\n<td>Sau 3000 chu k\u1ef3, dung l\u01b0\u1ee3ng c\u00f2n l\u1ea1i v\u1eabn v\u01b0\u1ee3t qu\u00e1 80%.<\/td>\n<\/tr>\n<tr>\n<td>B\u1ea3o v\u1ec7 h\u1ec7 th\u1ed1ng<\/td>\n<td>B\u1ea3o v\u1ec7 qu\u00e1 nhi\u1ec7t\/B\u1ea3o v\u1ec7 qu\u00e1 \u00e1p\/B\u1ea3o v\u1ec7 qu\u00e1 d\u00f2ng\/B\u1ea3o v\u1ec7 qu\u00e1 s\u1ea1c\/B\u1ea3o v\u1ec7 qu\u00e1 x\u1ea3\/B\u1ea3o v\u1ec7 ng\u1eafn m\u1ea1ch t\u1ea3i\/B\u1ea3o v\u1ec7 qu\u00e1 t\u1ea3i.<\/td>\n<\/tr>\n<tr>\n<td>Nhi\u1ec7t \u0111\u1ed9 x\u1ea3<\/td>\n<td>-20\u2103~50\u2103 (Nhi\u1ec7t \u0111\u1ed9 m\u00f4i tr\u01b0\u1eddng khuy\u1ebfn ngh\u1ecb l\u00e0 t\u1eeb 20\u2103 \u0111\u1ebfn 30\u2103.)<\/td>\n<\/tr>\n<tr>\n<td>Nhi\u1ec7t \u0111\u1ed9 s\u1ea1c<\/td>\n<td>-5\u2103~50\u2103 (Nhi\u1ec7t \u0111\u1ed9 m\u00f4i tr\u01b0\u1eddng khuy\u1ebfn ngh\u1ecb l\u00e0 t\u1eeb 20\u2103 \u0111\u1ebfn 30\u2103.)<\/td>\n<\/tr>\n<tr>\n<td>Nhi\u1ec7t \u0111\u1ed9 b\u1ea3o qu\u1ea3n<\/td>\n<td>Nhi\u1ec7t \u0111\u1ed9 m\u00f4i tr\u01b0\u1eddng khuy\u1ebfn ngh\u1ecb l\u00e0 t\u1eeb 0\u2103 \u0111\u1ebfn 45\u2103.<\/td>\n<\/tr>\n<tr>\n<td>Giao di\u1ec7n ng\u01b0\u1eddi d\u00f9ng<\/td>\n<td>M\u00e0n h\u00ecnh tinh th\u1ec3 l\u1ecfng<\/td>\n<\/tr>\n<tr>\n<td>M\u1ee9c \u0111\u1ed9 b\u1ea3o v\u1ec7<\/td>\n<td>IP20<\/td>\n<\/tr>\n<tr>\n<td>Ch\u1ebf \u0111\u1ed9 c\u00e0i \u0111\u1eb7t<\/td>\n<td>\u0110\u1ee9ng tr\u00ean s\u00e0n<\/td>\n<\/tr>\n<tr>\n<td>Ti\u00eau chu\u1ea9n ch\u1ee9ng nh\u1eadn<\/td>\n<td>CE, FCC, ROHS<\/td>\n<\/tr>\n<\/tbody>\n<\/table>\n<\/div>","protected":false},"excerpt":{"rendered":"<ul>\n<li>H\u1ec7 th\u1ed1ng qu\u1ea3n l\u00fd pin (BMS) t\u00edch h\u1ee3p 200 A LiFePO\u2084<\/li>\n<li>6.500+ chu k\u1ef3 s\u1ea1c s\u00e2u @ 90% DOD, \u0111\u1ea3m b\u1ea3o tu\u1ed5i th\u1ecd thi\u1ebft k\u1ebf \u2265 15 n\u0103m.<\/li>\n<li>M\u00e0n h\u00ecnh c\u1ea3m \u1ee9ng m\u00e0u 7 inch hi\u1ec3n th\u1ecb \u0111i\u1ec7n \u00e1p, d\u00f2ng \u0111i\u1ec7n, tr\u1ea1ng th\u00e1i s\u1ea1c (SOC) v\u00e0 ti\u1ebft ki\u1ec7m h\u00e0ng ng\u00e0y theo th\u1eddi gian th\u1ef1c.<\/li>\n<li>H\u1ed7 tr\u1ee3 k\u1ebft n\u1ed1i song song l\u00ean \u0111\u1ebfn 16 \u0111\u01a1n v\u1ecb, cung c\u1ea5p d\u00f2ng s\u1ea1c\/x\u1ea3 200 A v\u00e0 c\u00f4ng su\u1ea5t 10,24 kWh s\u1eb5n s\u00e0ng cho ngu\u1ed3n \u0111i\u1ec7n AC.<\/li>\n<li>H\u1ec7 th\u1ed1ng qu\u1ea3n l\u00fd pin th\u00f4ng minh t\u00edch h\u1ee3p (BMS) v\u1edbi c\u1ed5ng CAN\/RS485, h\u1ed7 tr\u1ee3 k\u1ebft n\u1ed1i plug-and-play v\u1edbi c\u00e1c b\u1ed9 bi\u1ebfn t\u1ea7n 48 V ph\u1ed5 bi\u1ebfn (Deye, Solis, Goodwe, v.v.).<\/li>\n<\/ul>","protected":false},"featured_media":637,"comment_status":"open","ping_status":"closed","template":"","meta":[],"product_brand":[],"product_cat":[31],"product_tag":[],"class_list":{"0":"post-635","1":"product","2":"type-product","3":"status-publish","4":"has-post-thumbnail","6":"product_cat-floor-standing-lithiumbattery","8":"first","9":"instock","10":"shipping-taxable","11":"product-type-simple"},"_links":{"self":[{"href":"https:\/\/hdxenergy.com\/vi\/wp-json\/wp\/v2\/product\/635","targetHints":{"allow":["GET"]}}],"collection":[{"href":"https:\/\/hdxenergy.com\/vi\/wp-json\/wp\/v2\/product"}],"about":[{"href":"https:\/\/hdxenergy.com\/vi\/wp-json\/wp\/v2\/types\/product"}],"replies":[{"embeddable":true,"href":"https:\/\/hdxenergy.com\/vi\/wp-json\/wp\/v2\/comments?post=635"}],"wp:featuredmedia":[{"embeddable":true,"href":"https:\/\/hdxenergy.com\/vi\/wp-json\/wp\/v2\/media\/637"}],"wp:attachment":[{"href":"https:\/\/hdxenergy.com\/vi\/wp-json\/wp\/v2\/media?parent=635"}],"wp:term":[{"taxonomy":"product_brand","embeddable":true,"href":"https:\/\/hdxenergy.com\/vi\/wp-json\/wp\/v2\/product_brand?post=635"},{"taxonomy":"product_cat","embeddable":true,"href":"https:\/\/hdxenergy.com\/vi\/wp-json\/wp\/v2\/product_cat?post=635"},{"taxonomy":"product_tag","embeddable":true,"href":"https:\/\/hdxenergy.com\/vi\/wp-json\/wp\/v2\/product_tag?post=635"}],"curies":[{"name":"wp","href":"https:\/\/api.w.org\/{rel}","templated":true}]}}