{"id":620,"date":"2025-11-25T05:38:18","date_gmt":"2025-11-25T05:38:18","guid":{"rendered":"https:\/\/hdxenergy.com\/?post_type=product&#038;p=620"},"modified":"2026-01-07T07:05:48","modified_gmt":"2026-01-07T07:05:48","slug":"h096-15-kwh","status":"publish","type":"product","link":"https:\/\/hdxenergy.com\/vi\/product\/h096-15kwh\/","title":{"rendered":"H096-15kWh Pin s\u1ea1c \u0111\u1ee9ng | 6.500 chu k\u1ef3, c\u00f3 th\u1ec3 x\u1ebfp ch\u1ed3ng"},"content":{"rendered":"<div class=\"table-container\">\n<table>\n<tbody>\n<tr>\n<td>M\u00f4 h\u00ecnh<\/td>\n<td>H096-15kWh lo\u1ea1i<\/td>\n<\/tr>\n<tr>\n<td>Dung l\u01b0\u1ee3ng pin<\/td>\n<td>280Ah\/51,2V (14,33kWh)<\/td>\n<\/tr>\n<tr>\n<td>K\u00edch th\u01b0\u1edbc (D\u00e0i x R\u1ed9ng x Cao)<\/td>\n<td>Chi\u1ec1u d\u00e0i 460mm, Chi\u1ec1u r\u1ed9ng 245mm, Chi\u1ec1u cao 760mm<\/td>\n<\/tr>\n<tr>\n<td>C\u00e2n<\/td>\n<td>120 kg<\/td>\n<\/tr>\n<tr>\n<td>Lo\u1ea1i pin<\/td>\n<td>Lithium iron phosphate (LiFePO\u2084)<\/td>\n<\/tr>\n<tr>\n<td>D\u1ea3i \u0111i\u1ec7n \u00e1p pin<\/td>\n<td>40~58V<\/td>\n<\/tr>\n<tr>\n<td>Ch\u1ebf \u0111\u1ed9 giao ti\u1ebfp<\/td>\n<td>H\u1ed7 tr\u1ee3 k\u1ebft n\u1ed1i Wi-Fi v\u00e0 Bluetooth th\u00f4ng qua \u1ee9ng d\u1ee5ng di \u0111\u1ed9ng.<\/td>\n<\/tr>\n<tr>\n<td>Giao ti\u1ebfp<\/td>\n<td>RS485\/CAN<\/td>\n<\/tr>\n<tr>\n<td>Tu\u1ed5i th\u1ecd chu k\u1ef3 pin<\/td>\n<td>Sau 3000 chu k\u1ef3, dung l\u01b0\u1ee3ng c\u00f2n l\u1ea1i v\u1eabn v\u01b0\u1ee3t qu\u00e1 80%.<\/td>\n<\/tr>\n<tr>\n<td>B\u1ea3o v\u1ec7 h\u1ec7 th\u1ed1ng<\/td>\n<td>B\u1ea3o v\u1ec7 qu\u00e1 nhi\u1ec7t\/B\u1ea3o v\u1ec7 qu\u00e1 \u00e1p\/B\u1ea3o v\u1ec7 qu\u00e1 d\u00f2ng\/B\u1ea3o v\u1ec7 qu\u00e1 s\u1ea1c\/B\u1ea3o v\u1ec7 qu\u00e1 x\u1ea3\/B\u1ea3o v\u1ec7 ng\u1eafn m\u1ea1ch t\u1ea3i\/B\u1ea3o v\u1ec7 qu\u00e1 t\u1ea3i.<\/td>\n<\/tr>\n<tr>\n<td>Nhi\u1ec7t \u0111\u1ed9 x\u1ea3<\/td>\n<td>-20\u2103~50\u2103 (Nhi\u1ec7t \u0111\u1ed9 m\u00f4i tr\u01b0\u1eddng khuy\u1ebfn ngh\u1ecb l\u00e0 t\u1eeb 20\u2103 \u0111\u1ebfn 30\u2103.)<\/td>\n<\/tr>\n<tr>\n<td>Nhi\u1ec7t \u0111\u1ed9 s\u1ea1c<\/td>\n<td>-5\u2103~50\u2103 (Nhi\u1ec7t \u0111\u1ed9 m\u00f4i tr\u01b0\u1eddng khuy\u1ebfn ngh\u1ecb l\u00e0 t\u1eeb 20\u2103 \u0111\u1ebfn 30\u2103.)<\/td>\n<\/tr>\n<tr>\n<td>Nhi\u1ec7t \u0111\u1ed9 b\u1ea3o qu\u1ea3n<\/td>\n<td>Nhi\u1ec7t \u0111\u1ed9 m\u00f4i tr\u01b0\u1eddng khuy\u1ebfn ngh\u1ecb l\u00e0 t\u1eeb 0\u2103 \u0111\u1ebfn 45\u2103.<\/td>\n<\/tr>\n<tr>\n<td>Giao di\u1ec7n ng\u01b0\u1eddi d\u00f9ng<\/td>\n<td>M\u00e0n h\u00ecnh tinh th\u1ec3 l\u1ecfng<\/td>\n<\/tr>\n<tr>\n<td>M\u1ee9c \u0111\u1ed9 b\u1ea3o v\u1ec7<\/td>\n<td>IP20<\/td>\n<\/tr>\n<tr>\n<td>Ch\u1ebf \u0111\u1ed9 c\u00e0i \u0111\u1eb7t<\/td>\n<td>\u0110\u1ee9ng tr\u00ean s\u00e0n<\/td>\n<\/tr>\n<tr>\n<td>Ti\u00eau chu\u1ea9n ch\u1ee9ng nh\u1eadn<\/td>\n<td>CE, FCC, ROHS<\/td>\n<\/tr>\n<\/tbody>\n<\/table>\n<\/div>","protected":false},"excerpt":{"rendered":"<ul>\n<li>C\u00e1c t\u1ebf b\u00e0o lo\u1ea1i A c\u00f3 chu k\u1ef3 s\u1eed d\u1ee5ng v\u01b0\u1ee3t qu\u00e1 6.500 l\u1ea7n v\u00e0 tu\u1ed5i th\u1ecd thi\u1ebft k\u1ebf 12 n\u0103m.<\/li>\n<li>C\u00e1c ch\u1ee9c n\u0103ng b\u1ea3o v\u1ec7 bao g\u1ed3m: Qu\u00e1 x\u1ea3, qu\u00e1 s\u1ea1c, qu\u00e1 d\u00f2ng v\u00e0 qu\u00e1 nhi\u1ec7t \u0111\u1ed9 cao ho\u1eb7c th\u1ea5p. H\u1ec7 th\u1ed1ng c\u00f3 th\u1ec3 t\u1ef1 \u0111\u1ed9ng qu\u1ea3n l\u00fd tr\u1ea1ng th\u00e1i s\u1ea1c v\u00e0 x\u1ea3, \u0111\u1ed3ng th\u1eddi c\u00e2n b\u1eb1ng d\u00f2ng \u0111i\u1ec7n v\u00e0 \u0111i\u1ec7n \u00e1p c\u1ee7a t\u1eebng t\u1ebf b\u00e0o.<\/li>\n<li>H\u1ed7 tr\u1ee3 t\u1ed1i \u0111a 16 m\u00f4-\u0111un pin song song\/ch\u1ed3ng x\u1ebfp, v\u1edbi d\u00f2ng s\u1ea1c v\u00e0 x\u1ea3 t\u1ed1i \u0111a 200 A t\u01b0\u01a1ng \u0111\u01b0\u01a1ng 10.240 Wh cho t\u1ea3i AC.<\/li>\n<li>M\u00e0n h\u00ecnh c\u1ea3m \u1ee9ng m\u00e0u 7 inch hi\u1ec3n th\u1ecb \u0111i\u1ec7n \u00e1p, d\u00f2ng \u0111i\u1ec7n, tr\u1ea1ng th\u00e1i s\u1ea1c (SOC) v\u00e0 ti\u1ebft ki\u1ec7m h\u00e0ng ng\u00e0y theo th\u1eddi gian th\u1ef1c.<\/li>\n<li>Ho\u00e0n to\u00e0n t\u01b0\u01a1ng th\u00edch v\u1edbi h\u1ea7u h\u1ebft c\u00e1c b\u1ed9 bi\u1ebfn t\u1ea7n hybrid c\u1ee7a c\u00e1c th\u01b0\u01a1ng hi\u1ec7u ch\u00ednh th\u1ed1ng tr\u00ean th\u1ebf gi\u1edbi.<\/li>\n<\/ul>","protected":false},"featured_media":632,"comment_status":"open","ping_status":"closed","template":"","meta":[],"product_brand":[],"product_cat":[31],"product_tag":[],"class_list":{"0":"post-620","1":"product","2":"type-product","3":"status-publish","4":"has-post-thumbnail","6":"product_cat-floor-standing-lithiumbattery","8":"first","9":"instock","10":"shipping-taxable","11":"product-type-simple"},"_links":{"self":[{"href":"https:\/\/hdxenergy.com\/vi\/wp-json\/wp\/v2\/product\/620","targetHints":{"allow":["GET"]}}],"collection":[{"href":"https:\/\/hdxenergy.com\/vi\/wp-json\/wp\/v2\/product"}],"about":[{"href":"https:\/\/hdxenergy.com\/vi\/wp-json\/wp\/v2\/types\/product"}],"replies":[{"embeddable":true,"href":"https:\/\/hdxenergy.com\/vi\/wp-json\/wp\/v2\/comments?post=620"}],"wp:featuredmedia":[{"embeddable":true,"href":"https:\/\/hdxenergy.com\/vi\/wp-json\/wp\/v2\/media\/632"}],"wp:attachment":[{"href":"https:\/\/hdxenergy.com\/vi\/wp-json\/wp\/v2\/media?parent=620"}],"wp:term":[{"taxonomy":"product_brand","embeddable":true,"href":"https:\/\/hdxenergy.com\/vi\/wp-json\/wp\/v2\/product_brand?post=620"},{"taxonomy":"product_cat","embeddable":true,"href":"https:\/\/hdxenergy.com\/vi\/wp-json\/wp\/v2\/product_cat?post=620"},{"taxonomy":"product_tag","embeddable":true,"href":"https:\/\/hdxenergy.com\/vi\/wp-json\/wp\/v2\/product_tag?post=620"}],"curies":[{"name":"wp","href":"https:\/\/api.w.org\/{rel}","templated":true}]}}