{"id":588,"date":"2025-11-25T05:33:11","date_gmt":"2025-11-25T05:33:11","guid":{"rendered":"https:\/\/hdxenergy.com\/?post_type=product&#038;p=588"},"modified":"2026-01-07T07:02:01","modified_gmt":"2026-01-07T07:02:01","slug":"tuong-luu-tru-nang-luong","status":"publish","type":"product","link":"https:\/\/hdxenergy.com\/vi\/product\/power-storage-wall\/","title":{"rendered":"T\u01b0\u1eddng l\u01b0u tr\u1eef n\u0103ng l\u01b0\u1ee3ng \u2013 Tri\u1ec3n l\u00e3m pin gia \u0111\u00ecnh | Dung l\u01b0\u1ee3ng m\u1edf r\u1ed9ng t\u1eeb 5-80kWh, h\u01a1n 6.500 chu k\u1ef3 s\u1ea1c\/x\u1ea3"},"content":{"rendered":"<div class=\"table-container\">\n<table>\n<thead>\n<tr>\n<th>Tham s\u1ed1 m\u1ee5c<\/th>\n<th>H096 - L\u1edbp 5kWh<\/th>\n<th>H096 - L\u1edbp 10kWh<\/th>\n<th>H096-15kWh lo\u1ea1i<\/th>\n<\/tr>\n<\/thead>\n<tbody>\n<tr>\n<td>M\u00f4 h\u00ecnh<\/td>\n<td>H096 - L\u1edbp 5kWh<\/td>\n<td>H096 - L\u1edbp 10kWh<\/td>\n<td>H096-15kWh lo\u1ea1i<\/td>\n<\/tr>\n<tr>\n<td>Dung l\u01b0\u1ee3ng pin<\/td>\n<td>100Ah\/51,2V (5,12kWh)<\/td>\n<td>200Ah\/51,2V (10,24kWh)<\/td>\n<td>280Ah\/51,2V (14,33kWh)<\/td>\n<\/tr>\n<tr>\n<td>K\u00edch th\u01b0\u1edbc (r\u1ed9ng)<em>h<\/em>l)<\/td>\n<td>L460mm<em>W145mm<\/em>H515mm<\/td>\n<td>L460mm<em>W245mm<\/em>H620mm<\/td>\n<td>L460mm<em>W245mm<\/em>H760mm<\/td>\n<\/tr>\n<tr>\n<td>C\u00e2n n\u1eb7ng<\/td>\n<td>45 kg<\/td>\n<td>95 kg<\/td>\n<td>120 kg<\/td>\n<\/tr>\n<tr>\n<td>Lo\u1ea1i pin<\/td>\n<td>Lithium iron phosphate (LiFePO\u2084)<\/td>\n<td>Lithium iron phosphate (LiFePO\u2084)<\/td>\n<td>Lithium iron phosphate (LiFePO\u2084)<\/td>\n<\/tr>\n<tr>\n<td>D\u1ea3i \u0111i\u1ec7n \u00e1p pin<\/td>\n<td>40-58V<\/td>\n<td>40-58V<\/td>\n<td>40-58V<\/td>\n<\/tr>\n<tr>\n<td>Ch\u1ebf \u0111\u1ed9 giao ti\u1ebfp<\/td>\n<td>H\u1ed7 tr\u1ee3 k\u1ebft n\u1ed1i Wi-Fi v\u00e0 Bluetooth th\u00f4ng qua \u1ee9ng d\u1ee5ng di \u0111\u1ed9ng.<\/td>\n<td>H\u1ed7 tr\u1ee3 k\u1ebft n\u1ed1i Wi-Fi v\u00e0 Bluetooth th\u00f4ng qua \u1ee9ng d\u1ee5ng di \u0111\u1ed9ng.<\/td>\n<td>H\u1ed7 tr\u1ee3 k\u1ebft n\u1ed1i Wi-Fi v\u00e0 Bluetooth th\u00f4ng qua \u1ee9ng d\u1ee5ng di \u0111\u1ed9ng.<\/td>\n<\/tr>\n<tr>\n<td>Giao ti\u1ebfp<\/td>\n<td>RS485\/CAN<\/td>\n<td>RS485\/CAN<\/td>\n<td>RS485\/CAN<\/td>\n<\/tr>\n<tr>\n<td>Tu\u1ed5i th\u1ecd chu k\u1ef3 pin<\/td>\n<td>Sau 3000 chu k\u1ef3, dung l\u01b0\u1ee3ng c\u00f2n l\u1ea1i v\u1eabn h\u01a1n 80%.<\/td>\n<td>Sau 3000 chu k\u1ef3, dung l\u01b0\u1ee3ng c\u00f2n l\u1ea1i v\u1eabn h\u01a1n 80%.<\/td>\n<td>Sau 3000 chu k\u1ef3, dung l\u01b0\u1ee3ng c\u00f2n l\u1ea1i v\u1eabn h\u01a1n 80%.<\/td>\n<\/tr>\n<tr>\n<td>B\u1ea3o v\u1ec7 h\u1ec7 th\u1ed1ng<\/td>\n<td>B\u1ea3o v\u1ec7 qu\u00e1 nhi\u1ec7t\/B\u1ea3o v\u1ec7 qu\u00e1 \u00e1p\/B\u1ea3o v\u1ec7 qu\u00e1 d\u00f2ng\/B\u1ea3o v\u1ec7 qu\u00e1 s\u1ea1c\/B\u1ea3o v\u1ec7 qu\u00e1 x\u1ea3\/B\u1ea3o v\u1ec7 ng\u1eafn m\u1ea1ch t\u1ea3i\/B\u1ea3o v\u1ec7 qu\u00e1 t\u1ea3i.<\/td>\n<td>B\u1ea3o v\u1ec7 qu\u00e1 nhi\u1ec7t\/B\u1ea3o v\u1ec7 qu\u00e1 \u00e1p\/B\u1ea3o v\u1ec7 qu\u00e1 d\u00f2ng\/B\u1ea3o v\u1ec7 qu\u00e1 s\u1ea1c\/B\u1ea3o v\u1ec7 qu\u00e1 x\u1ea3\/B\u1ea3o v\u1ec7 ng\u1eafn m\u1ea1ch t\u1ea3i\/B\u1ea3o v\u1ec7 qu\u00e1 t\u1ea3i.<\/td>\n<td>B\u1ea3o v\u1ec7 qu\u00e1 nhi\u1ec7t\/B\u1ea3o v\u1ec7 qu\u00e1 \u00e1p\/B\u1ea3o v\u1ec7 qu\u00e1 d\u00f2ng\/B\u1ea3o v\u1ec7 qu\u00e1 s\u1ea1c\/B\u1ea3o v\u1ec7 qu\u00e1 x\u1ea3\/B\u1ea3o v\u1ec7 ng\u1eafn m\u1ea1ch t\u1ea3i\/B\u1ea3o v\u1ec7 qu\u00e1 t\u1ea3i.<\/td>\n<\/tr>\n<tr>\n<td>Nhi\u1ec7t \u0111\u1ed9 x\u1ea3<\/td>\n<td>-20\u2103~50\u2103 (Nhi\u1ec7t \u0111\u1ed9 m\u00f4i tr\u01b0\u1eddng khuy\u1ebfn ngh\u1ecb l\u00e0 t\u1eeb 20\u2103 \u0111\u1ebfn 30\u2103.)<\/td>\n<td>-20\u2103~50\u2103 (Nhi\u1ec7t \u0111\u1ed9 m\u00f4i tr\u01b0\u1eddng khuy\u1ebfn ngh\u1ecb l\u00e0 t\u1eeb 20\u2103 \u0111\u1ebfn 30\u2103.)<\/td>\n<td>-20\u2103~50\u2103 (Nhi\u1ec7t \u0111\u1ed9 m\u00f4i tr\u01b0\u1eddng khuy\u1ebfn ngh\u1ecb l\u00e0 t\u1eeb 20\u2103 \u0111\u1ebfn 30\u2103.)<\/td>\n<\/tr>\n<tr>\n<td>Nhi\u1ec7t \u0111\u1ed9 s\u1ea1c<\/td>\n<td>-5\u2103~50\u2103 (Nhi\u1ec7t \u0111\u1ed9 m\u00f4i tr\u01b0\u1eddng khuy\u1ebfn ngh\u1ecb l\u00e0 t\u1eeb 20\u2103 \u0111\u1ebfn 30\u2103.)<\/td>\n<td>-5\u2103~50\u2103 (Nhi\u1ec7t \u0111\u1ed9 m\u00f4i tr\u01b0\u1eddng khuy\u1ebfn ngh\u1ecb l\u00e0 t\u1eeb 20\u2103 \u0111\u1ebfn 30\u2103.)<\/td>\n<td>-5\u2103~50\u2103 (Nhi\u1ec7t \u0111\u1ed9 m\u00f4i tr\u01b0\u1eddng khuy\u1ebfn ngh\u1ecb l\u00e0 t\u1eeb 20\u2103 \u0111\u1ebfn 30\u2103.)<\/td>\n<\/tr>\n<tr>\n<td>Nhi\u1ec7t \u0111\u1ed9 b\u1ea3o qu\u1ea3n<\/td>\n<td>Nhi\u1ec7t \u0111\u1ed9 m\u00f4i tr\u01b0\u1eddng khuy\u1ebfn ngh\u1ecb l\u00e0 t\u1eeb 0\u2103 \u0111\u1ebfn 45\u2103.<\/td>\n<td>Nhi\u1ec7t \u0111\u1ed9 m\u00f4i tr\u01b0\u1eddng khuy\u1ebfn ngh\u1ecb l\u00e0 t\u1eeb 0\u2103 \u0111\u1ebfn 45\u2103.<\/td>\n<td>Nhi\u1ec7t \u0111\u1ed9 m\u00f4i tr\u01b0\u1eddng khuy\u1ebfn ngh\u1ecb l\u00e0 t\u1eeb 0\u2103 \u0111\u1ebfn 45\u2103.<\/td>\n<\/tr>\n<tr>\n<td>Giao di\u1ec7n ng\u01b0\u1eddi d\u00f9ng<\/td>\n<td>M\u00e0n h\u00ecnh tinh th\u1ec3 l\u1ecfng<\/td>\n<td>M\u00e0n h\u00ecnh tinh th\u1ec3 l\u1ecfng<\/td>\n<td>M\u00e0n h\u00ecnh tinh th\u1ec3 l\u1ecfng<\/td>\n<\/tr>\n<tr>\n<td>M\u1ee9c \u0111\u1ed9 b\u1ea3o v\u1ec7<\/td>\n<td>IP20<\/td>\n<td>IP20<\/td>\n<td>IP20<\/td>\n<\/tr>\n<tr>\n<td>Ch\u1ebf \u0111\u1ed9 c\u00e0i \u0111\u1eb7t<\/td>\n<td>Treo t\u01b0\u1eddng<\/td>\n<td>\u0110\u1ee9ng tr\u00ean s\u00e0n<\/td>\n<td>\u0110\u1ee9ng tr\u00ean s\u00e0n<\/td>\n<\/tr>\n<tr>\n<td>Ti\u00eau chu\u1ea9n ch\u1ee9ng nh\u1eadn<\/td>\n<td>CE, FCC, ROHS<\/td>\n<td>CE, FCC, ROHS<\/td>\n<td>CE, FCC, ROHS<\/td>\n<\/tr>\n<\/tbody>\n<\/table>\n<\/div>","protected":false},"excerpt":{"rendered":"<ul>\n<li><b>Ti\u1ebft ki\u1ec7m l\u00ean \u0111\u1ebfn 90% tr\u00ean h\u00f3a \u0111\u01a1n ti\u1ec1n \u0111i\u1ec7n.<\/b>\u2013 L\u01b0u tr\u1eef \u0111i\u1ec7n m\u1eb7t tr\u1eddi gi\u00e1 r\u1ebb ho\u1eb7c \u0111i\u1ec7n l\u01b0\u1edbi ngo\u00e0i gi\u1edd cao \u0111i\u1ec3m v\u00e0 s\u1eed d\u1ee5ng n\u00f3 trong c\u00e1c gi\u1edd cao \u0111i\u1ec3m \u0111\u1eaft \u0111\u1ecf.<\/li>\n<li><b>Th\u1ef1c s\u1ef1 c\u1eafm v\u00e0 ch\u1ea1y<\/b>\u2013 Thi\u1ebft k\u1ebf treo t\u01b0\u1eddng, tr\u1ecdng l\u01b0\u1ee3ng nh\u1eb9 45 kg, c\u00f3 th\u1ec3 l\u1eafp \u0111\u1eb7t b\u1edfi hai ng\u01b0\u1eddi trong v\u00f2ng d\u01b0\u1edbi m\u1ed9t gi\u1edd m\u00e0 kh\u00f4ng c\u1ea7n d\u1ee5ng c\u1ee5 n\u1eb7ng.<\/li>\n<li><b>H\u01a1n 6.500 chu k\u1ef3 &amp; b\u1ea3o h\u00e0nh 10 n\u0103m <\/b>\u2013 C\u00e1c t\u1ebf b\u00e0o LiFePO\u2084 c\u00f3 th\u1ec3 th\u1ef1c hi\u1ec7n h\u01a1n 6.000 chu k\u1ef3 s\u1ea1c s\u00e2u, cung c\u1ea5p tu\u1ed5i th\u1ecd s\u1eed d\u1ee5ng l\u00ean \u0111\u1ebfn 25 n\u0103m trong \u0111i\u1ec1u ki\u1ec7n s\u1eed d\u1ee5ng gia \u0111\u00ecnh th\u00f4ng th\u01b0\u1eddng.<\/li>\n<li><b>Hi\u1ec7u su\u1ea5t kh\u1ee9 h\u1ed3i 98% <\/b>\u2013 L\u01b0\u1ee3ng n\u0103ng l\u01b0\u1ee3ng l\u01b0u tr\u1eef th\u1ef1c t\u1ebf \u0111\u1ebfn c\u00e1c thi\u1ebft b\u1ecb c\u1ee7a b\u1ea1n cao h\u01a1n, v\u01b0\u1ee3t tr\u1ed9i so v\u1edbi \u1eafc quy ch\u00ec-axit ho\u1eb7c c\u00e1c g\u00f3i lithium c\u0169 h\u01a1n t\u1eeb 10-20%.<b><\/b><\/li>\n<li><b>M\u00e0n h\u00ecnh c\u1ea3m \u1ee9ng m\u00e0u 7 inch<\/b><b><\/b>\u2013 Hi\u1ec3n th\u1ecb \u0111i\u1ec7n \u00e1p, d\u00f2ng \u0111i\u1ec7n, tr\u1ea1ng th\u00e1i s\u1ea1c (SOC) v\u00e0 ti\u1ebft ki\u1ec7m h\u00e0ng ng\u00e0y theo th\u1eddi gian th\u1ef1c.<\/li>\n<li><b>C\u00f3 th\u1ec3 m\u1edf r\u1ed9ng 5 \u2192 <\/b><strong><b>80<\/b><\/strong><strong><b>kWh <\/b><\/strong>\u2013 Ch\u1ec9 c\u1ea7n gh\u00e9p n\u1ed1i t\u1ed1i \u0111a 16 \u0111\u01a1n v\u1ecb gi\u1ed1ng nhau song song khi gia \u0111\u00ecnh b\u1ea1n sau n\u00e0y th\u00eam xe \u0111i\u1ec7n (EV) ho\u1eb7c m\u00e1y b\u01a1m nhi\u1ec7t.<\/li>\n<\/ul>","protected":false},"featured_media":602,"comment_status":"open","ping_status":"closed","template":"","meta":[],"product_brand":[],"product_cat":[30],"product_tag":[],"class_list":{"0":"post-588","1":"product","2":"type-product","3":"status-publish","4":"has-post-thumbnail","6":"product_cat-home-battery-storage","8":"first","9":"instock","10":"shipping-taxable","11":"product-type-simple"},"_links":{"self":[{"href":"https:\/\/hdxenergy.com\/vi\/wp-json\/wp\/v2\/product\/588","targetHints":{"allow":["GET"]}}],"collection":[{"href":"https:\/\/hdxenergy.com\/vi\/wp-json\/wp\/v2\/product"}],"about":[{"href":"https:\/\/hdxenergy.com\/vi\/wp-json\/wp\/v2\/types\/product"}],"replies":[{"embeddable":true,"href":"https:\/\/hdxenergy.com\/vi\/wp-json\/wp\/v2\/comments?post=588"}],"wp:featuredmedia":[{"embeddable":true,"href":"https:\/\/hdxenergy.com\/vi\/wp-json\/wp\/v2\/media\/602"}],"wp:attachment":[{"href":"https:\/\/hdxenergy.com\/vi\/wp-json\/wp\/v2\/media?parent=588"}],"wp:term":[{"taxonomy":"product_brand","embeddable":true,"href":"https:\/\/hdxenergy.com\/vi\/wp-json\/wp\/v2\/product_brand?post=588"},{"taxonomy":"product_cat","embeddable":true,"href":"https:\/\/hdxenergy.com\/vi\/wp-json\/wp\/v2\/product_cat?post=588"},{"taxonomy":"product_tag","embeddable":true,"href":"https:\/\/hdxenergy.com\/vi\/wp-json\/wp\/v2\/product_tag?post=588"}],"curies":[{"name":"wp","href":"https:\/\/api.w.org\/{rel}","templated":true}]}}