{"id":529,"date":"2025-11-24T07:41:52","date_gmt":"2025-11-24T07:41:52","guid":{"rendered":"https:\/\/hdxenergy.com\/?post_type=product&#038;p=529"},"modified":"2026-01-07T06:36:59","modified_gmt":"2026-01-07T06:36:59","slug":"12v-200ah","status":"publish","type":"product","link":"https:\/\/hdxenergy.com\/vi\/product\/12v200ah\/","title":{"rendered":"Nh\u00e0 cung c\u1ea5p pin LiFePO4 12V 200Ah | 2000 chu k\u1ef3"},"content":{"rendered":"<p><strong>HM-LF12200 12,8V 200Ah<\/strong><\/p>\n<p><strong>Th\u00f4ng s\u1ed1 k\u1ef9 thu\u1eadt chung<\/strong><\/p>\n<div class=\"table-container\">\n<table>\n<tbody>\n<tr>\n<td>\u0110\u1eb7c t\u00ednh \u0111i\u1ec7n<\/td>\n<td>\u0110i\u1ec7n \u00e1p danh \u0111\u1ecbnh<\/td>\n<td>12,8 V<\/td>\n<\/tr>\n<tr>\n<td><\/td>\n<td>C\u00f4ng su\u1ea5t danh \u0111\u1ecbnh<\/td>\n<td>200Ah<\/td>\n<\/tr>\n<tr>\n<td><\/td>\n<td>N\u0103ng l\u01b0\u1ee3ng<\/td>\n<td>2560 Wh<\/td>\n<\/tr>\n<tr>\n<td><\/td>\n<td>\u0110i\u1ec7n tr\u1edf trong<\/td>\n<td>\u226435 m\u03a9<\/td>\n<\/tr>\n<tr>\n<td><\/td>\n<td>Tu\u1ed5i th\u1ecd chu k\u1ef3<\/td>\n<td>2000 chu k\u1ef3 s\u1ea1c\/x\u1ea3 \u1edf 0,2C, cho \u0111\u1ebfn khi dung l\u01b0\u1ee3ng \u0111\u1ea1t 80%.<\/td>\n<\/tr>\n<tr>\n<td><\/td>\n<td>T\u1ef1 x\u1ea3<\/td>\n<td>\u22643,51 TP3T m\u1ed7i th\u00e1ng \u1edf 25\u00b0C<\/td>\n<\/tr>\n<tr>\n<td>S\u1ea1c ti\u00eau chu\u1ea9n<\/td>\n<td>\u0110i\u1ec7n \u00e1p s\u1ea1c t\u1ed1i \u0111a<\/td>\n<td>14,0~14,6 V<\/td>\n<\/tr>\n<tr>\n<td><\/td>\n<td>Ch\u1ebf \u0111\u1ed9 s\u1ea1c<\/td>\n<td>\u1ede nhi\u1ec7t \u0111\u1ed9 t\u1eeb 0\u2103 \u0111\u1ebfn 45\u2103, s\u1ea1c \u0111\u1ebfn 14.6V v\u1edbi d\u00f2ng \u0111i\u1ec7n kh\u00f4ng \u0111\u1ed5i l\u00e0 0.2C, sau \u0111\u00f3 ti\u1ebfp t\u1ee5c s\u1ea1c v\u1edbi \u0111i\u1ec7n \u00e1p kh\u00f4ng \u0111\u1ed5i l\u00e0 14.6V cho \u0111\u1ebfn khi d\u00f2ng \u0111i\u1ec7n kh\u00f4ng v\u01b0\u1ee3t qu\u00e1 0.02C.<\/td>\n<\/tr>\n<tr>\n<td><\/td>\n<td>D\u00f2ng \u0111i\u1ec7n s\u1ea1c<\/td>\n<td>100A<\/td>\n<\/tr>\n<tr>\n<td><\/td>\n<td>D\u00f2ng s\u1ea1c t\u1ed1i \u0111a<\/td>\n<td>200A<\/td>\n<\/tr>\n<tr>\n<td>X\u1ea3 ti\u00eau chu\u1ea9n<\/td>\n<td>D\u00f2ng x\u1ea3<\/td>\n<td>200A<\/td>\n<\/tr>\n<tr>\n<td><\/td>\n<td>D\u00f2ng \u0111i\u1ec7n li\u00ean t\u1ee5c t\u1ed1i \u0111a<\/td>\n<td>200A<\/td>\n<\/tr>\n<tr>\n<td><\/td>\n<td>D\u00f2ng xung t\u1ed1i \u0111a<\/td>\n<td>400A (&lt;3S)<\/td>\n<\/tr>\n<tr>\n<td><\/td>\n<td>\u0110i\u1ec7n \u00e1p ng\u1eaft m\u1ea1ch<\/td>\n<td>10.0<\/td>\n<\/tr>\n<tr>\n<td>\u0110i\u1ec1u ki\u1ec7n ho\u1ea1t \u0111\u1ed9ng<\/td>\n<td>Nhi\u1ec7t \u0111\u1ed9 s\u1ea1c<\/td>\n<td>0\u2103 \u0111\u1ebfn 45\u2103 (32\u2109 \u0111\u1ebfn 113\u2109) @60\u00b125% \u0110\u1ed9 \u1ea9m t\u01b0\u01a1ng \u0111\u1ed1i<\/td>\n<\/tr>\n<tr>\n<td><\/td>\n<td>Nhi\u1ec7t \u0111\u1ed9 x\u1ea3<\/td>\n<td>-20\u00b0C \u0111\u1ebfn 60\u00b0C (-4\u00b0F \u0111\u1ebfn 140\u00b0F) @60\u00b125% \u0110\u1ed9 \u1ea9m t\u01b0\u01a1ng \u0111\u1ed1i<\/td>\n<\/tr>\n<tr>\n<td><\/td>\n<td>Nhi\u1ec7t \u0111\u1ed9 b\u1ea3o qu\u1ea3n<\/td>\n<td>0\u2103 \u0111\u1ebfn 45\u2103 (32\u2109 \u0111\u1ebfn 113\u2109) @60\u00b125% \u0110\u1ed9 \u1ea9m t\u01b0\u01a1ng \u0111\u1ed1i<\/td>\n<\/tr>\n<tr>\n<td><\/td>\n<td>Ch\u1ed1ng n\u01b0\u1edbc v\u00e0 b\u1ee5i<\/td>\n<td>IP55<\/td>\n<\/tr>\n<tr>\n<td>C\u1ea5u tr\u00fac<\/td>\n<td>T\u1ebf b\u00e0o &amp; \u0110\u1ecbnh d\u1ea1ng<\/td>\n<td>LFP72H4K0 (4S1P)<\/td>\n<\/tr>\n<tr>\n<td><\/td>\n<td>V\u1ecf b\u1ecdc<\/td>\n<td>Nh\u1ef1a<\/td>\n<\/tr>\n<tr>\n<td><\/td>\n<td>K\u00edch th\u01b0\u1edbc (D\u00e0i x R\u1ed9ng x Cao x Chi\u1ec1u cao)<\/td>\n<td>522238218218 mm<\/td>\n<\/tr>\n<tr>\n<td><\/td>\n<td>K\u00edch th\u01b0\u1edbc g\u00f3i h\u00e0ng<\/td>\n<td>570310297 mm<\/td>\n<\/tr>\n<tr>\n<td><\/td>\n<td>C\u00e2n n\u1eb7ng<\/td>\n<td>Kho\u1ea3ng 22 kg<\/td>\n<\/tr>\n<tr>\n<td><\/td>\n<td>B\u1ebfn c\u1ea3ng<\/td>\n<td>M8<\/td>\n<\/tr>\n<\/tbody>\n<\/table>\n<\/div>\n<p><img fetchpriority=\"high\" decoding=\"async\" class=\"alignnone wp-image-543 size-full\" src=\"https:\/\/hdxenergy.com\/wp-content\/uploads\/2025\/11\/12v200ah06.jpg\" alt=\"Kh\u1ea3 n\u0103ng ch\u1ed1ng n\u01b0\u1edbc: \u0110\u1ea1t ti\u00eau chu\u1ea9n IP67, ph\u00f9 h\u1ee3p cho s\u1eed d\u1ee5ng ngo\u00e0i tr\u1eddi.\" width=\"1000\" height=\"1000\" srcset=\"https:\/\/hdxenergy.com\/wp-content\/uploads\/2025\/11\/12v200ah06.jpg 1000w, https:\/\/hdxenergy.com\/wp-content\/uploads\/2025\/11\/12v200ah06-300x300.jpg 300w, https:\/\/hdxenergy.com\/wp-content\/uploads\/2025\/11\/12v200ah06-150x150.jpg 150w, https:\/\/hdxenergy.com\/wp-content\/uploads\/2025\/11\/12v200ah06-768x768.jpg 768w, https:\/\/hdxenergy.com\/wp-content\/uploads\/2025\/11\/12v200ah06-600x600.jpg 600w, https:\/\/hdxenergy.com\/wp-content\/uploads\/2025\/11\/12v200ah06-100x100.jpg 100w\" sizes=\"(max-width: 1000px) 100vw, 1000px\" \/> <img decoding=\"async\" class=\"alignnone wp-image-542 size-full\" src=\"https:\/\/hdxenergy.com\/wp-content\/uploads\/2025\/11\/12v200ah05.jpg\" alt=\"L\u01b0u tr\u1eef n\u0103ng l\u01b0\u1ee3ng gia \u0111\u00ecnh: Ngu\u1ed3n d\u1ef1 ph\u00f2ng \u0111i\u1ec7n \u0111\u00e1ng tin c\u1eady cho gia \u0111\u00ecnh b\u1ea1n\" width=\"1000\" height=\"1000\" srcset=\"https:\/\/hdxenergy.com\/wp-content\/uploads\/2025\/11\/12v200ah05.jpg 1000w, https:\/\/hdxenergy.com\/wp-content\/uploads\/2025\/11\/12v200ah05-300x300.jpg 300w, https:\/\/hdxenergy.com\/wp-content\/uploads\/2025\/11\/12v200ah05-150x150.jpg 150w, https:\/\/hdxenergy.com\/wp-content\/uploads\/2025\/11\/12v200ah05-768x768.jpg 768w, https:\/\/hdxenergy.com\/wp-content\/uploads\/2025\/11\/12v200ah05-600x600.jpg 600w, https:\/\/hdxenergy.com\/wp-content\/uploads\/2025\/11\/12v200ah05-100x100.jpg 100w\" sizes=\"(max-width: 1000px) 100vw, 1000px\" \/> <img decoding=\"async\" class=\"alignnone wp-image-541 size-full\" src=\"https:\/\/hdxenergy.com\/wp-content\/uploads\/2025\/11\/12v200ah04.jpg\" alt=\"Gi\u1ea3i ph\u00e1p ngu\u1ed3n \u0111i\u1ec7n cho xe RV: Cung c\u1ea5p n\u0103ng l\u01b0\u1ee3ng hi\u1ec7u qu\u1ea3 cho nh\u1eefng chuy\u1ebfn phi\u00eau l\u01b0u di \u0111\u1ed9ng.\" width=\"1000\" height=\"1000\" srcset=\"https:\/\/hdxenergy.com\/wp-content\/uploads\/2025\/11\/12v200ah04.jpg 1000w, https:\/\/hdxenergy.com\/wp-content\/uploads\/2025\/11\/12v200ah04-300x300.jpg 300w, https:\/\/hdxenergy.com\/wp-content\/uploads\/2025\/11\/12v200ah04-150x150.jpg 150w, https:\/\/hdxenergy.com\/wp-content\/uploads\/2025\/11\/12v200ah04-768x768.jpg 768w, https:\/\/hdxenergy.com\/wp-content\/uploads\/2025\/11\/12v200ah04-600x600.jpg 600w, https:\/\/hdxenergy.com\/wp-content\/uploads\/2025\/11\/12v200ah04-100x100.jpg 100w\" sizes=\"(max-width: 1000px) 100vw, 1000px\" \/> <img loading=\"lazy\" decoding=\"async\" class=\"alignnone wp-image-540 size-full\" src=\"https:\/\/hdxenergy.com\/wp-content\/uploads\/2025\/11\/12v200ah03.jpg\" alt=\"Pin HDXenergy 12V 200Ah LiFePO4 - L\u00fd t\u01b0\u1edfng cho h\u1ec7 th\u1ed1ng l\u01b0u tr\u1eef n\u0103ng l\u01b0\u1ee3ng m\u1eb7t tr\u1eddi, h\u01a1n 8.000 chu k\u1ef3 s\u1ea1c\/x\u1ea3, 2.560Wh\" width=\"1000\" height=\"1000\" srcset=\"https:\/\/hdxenergy.com\/wp-content\/uploads\/2025\/11\/12v200ah03.jpg 1000w, https:\/\/hdxenergy.com\/wp-content\/uploads\/2025\/11\/12v200ah03-300x300.jpg 300w, https:\/\/hdxenergy.com\/wp-content\/uploads\/2025\/11\/12v200ah03-150x150.jpg 150w, https:\/\/hdxenergy.com\/wp-content\/uploads\/2025\/11\/12v200ah03-768x768.jpg 768w, https:\/\/hdxenergy.com\/wp-content\/uploads\/2025\/11\/12v200ah03-600x600.jpg 600w, https:\/\/hdxenergy.com\/wp-content\/uploads\/2025\/11\/12v200ah03-100x100.jpg 100w\" sizes=\"(max-width: 1000px) 100vw, 1000px\" \/><\/p>","protected":false},"excerpt":{"rendered":"<p>HM-LF12200\u00a012.8V\u00a0200Ah General\u00a0Specification Electrical Characteristics Nominal Voltage 12.8V Nominal Capacity 200Ah Energy 2560Wh Internal Resistance \u226435m\u03a9 Cycle Life 2000 Cycles @ 0.2C Charging\/Discharging ,Until 80% Capacity Self Discharge \u22643.5% per month at 25\u2103 Standard Charging Max.Charging Voltage 14.0~14.6V Charging Mode At 0\u2103~45\u2103 temperature, charged to 14.6V at a constant current of 0.2C, and then,changed continuously with [&hellip;]<\/p>\n","protected":false},"featured_media":538,"comment_status":"open","ping_status":"closed","template":"","meta":[],"product_brand":[],"product_cat":[28],"product_tag":[],"class_list":{"0":"post-529","1":"product","2":"type-product","3":"status-publish","4":"has-post-thumbnail","6":"product_cat-12v-24v-lifepo4-battery","8":"first","9":"instock","10":"shipping-taxable","11":"product-type-simple"},"_links":{"self":[{"href":"https:\/\/hdxenergy.com\/vi\/wp-json\/wp\/v2\/product\/529","targetHints":{"allow":["GET"]}}],"collection":[{"href":"https:\/\/hdxenergy.com\/vi\/wp-json\/wp\/v2\/product"}],"about":[{"href":"https:\/\/hdxenergy.com\/vi\/wp-json\/wp\/v2\/types\/product"}],"replies":[{"embeddable":true,"href":"https:\/\/hdxenergy.com\/vi\/wp-json\/wp\/v2\/comments?post=529"}],"wp:featuredmedia":[{"embeddable":true,"href":"https:\/\/hdxenergy.com\/vi\/wp-json\/wp\/v2\/media\/538"}],"wp:attachment":[{"href":"https:\/\/hdxenergy.com\/vi\/wp-json\/wp\/v2\/media?parent=529"}],"wp:term":[{"taxonomy":"product_brand","embeddable":true,"href":"https:\/\/hdxenergy.com\/vi\/wp-json\/wp\/v2\/product_brand?post=529"},{"taxonomy":"product_cat","embeddable":true,"href":"https:\/\/hdxenergy.com\/vi\/wp-json\/wp\/v2\/product_cat?post=529"},{"taxonomy":"product_tag","embeddable":true,"href":"https:\/\/hdxenergy.com\/vi\/wp-json\/wp\/v2\/product_tag?post=529"}],"curies":[{"name":"wp","href":"https:\/\/api.w.org\/{rel}","templated":true}]}}