{"id":519,"date":"2025-11-24T07:33:58","date_gmt":"2025-11-24T07:33:58","guid":{"rendered":"https:\/\/hdxenergy.com\/?post_type=product&#038;p=519"},"modified":"2026-01-07T06:28:41","modified_gmt":"2026-01-07T06:28:41","slug":"24v-100ah","status":"publish","type":"product","link":"https:\/\/hdxenergy.com\/vi\/product\/24v100ah\/","title":{"rendered":"Ngu\u1ed3n cung c\u1ea5p pin LiFePO4 24V 100Ah | IP55, 2000 chu k\u1ef3, nh\u1eb9"},"content":{"rendered":"<h1>HM-LF24100 25,6 V 100 Ah<\/h1>\n<p><strong>\u0110\u01a1n \u0111\u0103ng k\u00fd<\/strong><\/p>\n<ul>\n<li>UPS<\/li>\n<li>H\u1ec7 th\u1ed1ng n\u0103ng l\u01b0\u1ee3ng m\u1eb7t tr\u1eddi v\u00e0 gi\u00f3<\/li>\n<li>Xe golf<\/li>\n<li>Xe \u0111i\u1ec7n, Xe \u0111\u1ea1p \u0111i\u1ec7n, Xe ba b\u00e1nh \u0111i\u1ec7n<\/li>\n<li>Chi\u1ebfu s\u00e1ng<\/li>\n<\/ul>\n<p><strong>Th\u00f4ng s\u1ed1 k\u1ef9 thu\u1eadt chung<\/strong><\/p>\n<div class=\"table-container\">\n<table>\n<tbody>\n<tr>\n<td>\u0110\u1eb7c t\u00ednh \u0111i\u1ec7n<\/td>\n<td>\u0110i\u1ec7n \u00e1p danh \u0111\u1ecbnh<\/td>\n<td>25,6 V<\/td>\n<\/tr>\n<tr>\n<td><\/td>\n<td>C\u00f4ng su\u1ea5t danh \u0111\u1ecbnh<\/td>\n<td>100Ah@0.2C<\/td>\n<\/tr>\n<tr>\n<td><\/td>\n<td>N\u0103ng l\u01b0\u1ee3ng<\/td>\n<td>2560 Wh<\/td>\n<\/tr>\n<tr>\n<td><\/td>\n<td>\u0110i\u1ec7n tr\u1edf trong<\/td>\n<td>\u226435 m\u03a9<\/td>\n<\/tr>\n<tr>\n<td><\/td>\n<td>Tu\u1ed5i th\u1ecd chu k\u1ef3<\/td>\n<td>2000 chu k\u1ef3 s\u1ea1c\/x\u1ea3 \u1edf 0,2C, cho \u0111\u1ebfn khi dung l\u01b0\u1ee3ng \u0111\u1ea1t 80%.<\/td>\n<\/tr>\n<tr>\n<td><\/td>\n<td>T\u1ef1 x\u1ea3<\/td>\n<td>\u22643,51 TP3T m\u1ed7i th\u00e1ng \u1edf 25\u00b0C<\/td>\n<\/tr>\n<tr>\n<td>S\u1ea1c ti\u00eau chu\u1ea9n<\/td>\n<td>\u0110i\u1ec7n \u00e1p s\u1ea1c t\u1ed1i \u0111a<\/td>\n<td>28,0~29,2 V<\/td>\n<\/tr>\n<tr>\n<td><\/td>\n<td>Ch\u1ebf \u0111\u1ed9 s\u1ea1c<\/td>\n<td>\u1ede nhi\u1ec7t \u0111\u1ed9 t\u1eeb 0\u2103 \u0111\u1ebfn 45\u2103, s\u1ea1c \u0111\u1ebfn 14.6V v\u1edbi d\u00f2ng \u0111i\u1ec7n kh\u00f4ng \u0111\u1ed5i l\u00e0 0.2C, sau \u0111\u00f3 ti\u1ebfp t\u1ee5c s\u1ea1c v\u1edbi \u0111i\u1ec7n \u00e1p kh\u00f4ng \u0111\u1ed5i l\u00e0 14.6V cho \u0111\u1ebfn khi d\u00f2ng \u0111i\u1ec7n kh\u00f4ng v\u01b0\u1ee3t qu\u00e1 0.02C.<\/td>\n<\/tr>\n<tr>\n<td><\/td>\n<td>D\u00f2ng \u0111i\u1ec7n s\u1ea1c<\/td>\n<td>50A<\/td>\n<\/tr>\n<tr>\n<td><\/td>\n<td>D\u00f2ng s\u1ea1c t\u1ed1i \u0111a<\/td>\n<td>100A<\/td>\n<\/tr>\n<tr>\n<td>X\u1ea3 ti\u00eau chu\u1ea9n<\/td>\n<td>D\u00f2ng x\u1ea3<\/td>\n<td>100A<\/td>\n<\/tr>\n<tr>\n<td><\/td>\n<td>D\u00f2ng \u0111i\u1ec7n li\u00ean t\u1ee5c t\u1ed1i \u0111a<\/td>\n<td>100A<\/td>\n<\/tr>\n<tr>\n<td><\/td>\n<td>D\u00f2ng xung t\u1ed1i \u0111a<\/td>\n<td>200A (&lt;3S)<\/td>\n<\/tr>\n<tr>\n<td><\/td>\n<td>\u0110i\u1ec7n \u00e1p ng\u1eaft m\u1ea1ch<\/td>\n<td>10.0<\/td>\n<\/tr>\n<tr>\n<td>\u0110i\u1ec1u ki\u1ec7n ho\u1ea1t \u0111\u1ed9ng<\/td>\n<td>Nhi\u1ec7t \u0111\u1ed9 s\u1ea1c<\/td>\n<td>0\u2103 \u0111\u1ebfn 45\u2103 (32\u2109 \u0111\u1ebfn 113\u2109) @60\u00b125% \u0110\u1ed9 \u1ea9m t\u01b0\u01a1ng \u0111\u1ed1i<\/td>\n<\/tr>\n<tr>\n<td><\/td>\n<td>Nhi\u1ec7t \u0111\u1ed9 x\u1ea3<\/td>\n<td>-20\u00b0C \u0111\u1ebfn 60\u00b0C (-4\u00b0F \u0111\u1ebfn 140\u00b0F) @60\u00b125% \u0110\u1ed9 \u1ea9m t\u01b0\u01a1ng \u0111\u1ed1i<\/td>\n<\/tr>\n<tr>\n<td><\/td>\n<td>Nhi\u1ec7t \u0111\u1ed9 b\u1ea3o qu\u1ea3n<\/td>\n<td>0\u2103 \u0111\u1ebfn 45\u2103 (32\u2109 \u0111\u1ebfn 113\u2109) @60\u00b125% \u0110\u1ed9 \u1ea9m t\u01b0\u01a1ng \u0111\u1ed1i<\/td>\n<\/tr>\n<tr>\n<td><\/td>\n<td>Ch\u1ed1ng n\u01b0\u1edbc v\u00e0 b\u1ee5i<\/td>\n<td>IP55<\/td>\n<\/tr>\n<tr>\n<td>C\u1ea5u tr\u00fac<\/td>\n<td>T\u1ebf b\u00e0o &amp; \u0110\u1ecbnh d\u1ea1ng<\/td>\n<td>(8S1P)<\/td>\n<\/tr>\n<tr>\n<td><\/td>\n<td>V\u1ecf b\u1ecdc<\/td>\n<td>Nh\u1ef1a<\/td>\n<\/tr>\n<tr>\n<td><\/td>\n<td>K\u00edch th\u01b0\u1edbc (D\u00e0i x R\u1ed9ng x Cao x Chi\u1ec1u cao)<\/td>\n<td>522238218218 mm<\/td>\n<\/tr>\n<tr>\n<td><\/td>\n<td>K\u00edch th\u01b0\u1edbc g\u00f3i h\u00e0ng<\/td>\n<td>570310297 mm<\/td>\n<\/tr>\n<tr>\n<td><\/td>\n<td>C\u00e2n n\u1eb7ng<\/td>\n<td>Kho\u1ea3ng 20 kg<\/td>\n<\/tr>\n<tr>\n<td><\/td>\n<td>B\u1ebfn c\u1ea3ng<\/td>\n<td>M8<\/td>\n<\/tr>\n<\/tbody>\n<\/table>\n<\/div>\n<p><img fetchpriority=\"high\" decoding=\"async\" class=\"alignnone wp-image-528 size-full\" src=\"https:\/\/hdxenergy.com\/wp-content\/uploads\/2025\/11\/24v100ah005.jpg\" alt=\"Ch\u1ed1ng n\u01b0\u1edbc IP67\" width=\"1000\" height=\"1000\" srcset=\"https:\/\/hdxenergy.com\/wp-content\/uploads\/2025\/11\/24v100ah005.jpg 1000w, https:\/\/hdxenergy.com\/wp-content\/uploads\/2025\/11\/24v100ah005-300x300.jpg 300w, https:\/\/hdxenergy.com\/wp-content\/uploads\/2025\/11\/24v100ah005-150x150.jpg 150w, https:\/\/hdxenergy.com\/wp-content\/uploads\/2025\/11\/24v100ah005-768x768.jpg 768w, https:\/\/hdxenergy.com\/wp-content\/uploads\/2025\/11\/24v100ah005-600x600.jpg 600w, https:\/\/hdxenergy.com\/wp-content\/uploads\/2025\/11\/24v100ah005-100x100.jpg 100w\" sizes=\"(max-width: 1000px) 100vw, 1000px\" \/> <img decoding=\"async\" class=\"alignnone wp-image-527 size-full\" src=\"https:\/\/hdxenergy.com\/wp-content\/uploads\/2025\/11\/24v100ah004.jpg\" alt=\"Pin LiFePO\u2084: Th\u00e0nh ph\u1ea7n l\u01b0u tr\u1eef n\u0103ng l\u01b0\u1ee3ng ch\u00ednh trong h\u1ec7 th\u1ed1ng l\u01b0u tr\u1eef n\u0103ng l\u01b0\u1ee3ng m\u1eb7t tr\u1eddi.\" width=\"1000\" height=\"1000\" srcset=\"https:\/\/hdxenergy.com\/wp-content\/uploads\/2025\/11\/24v100ah004.jpg 1000w, https:\/\/hdxenergy.com\/wp-content\/uploads\/2025\/11\/24v100ah004-300x300.jpg 300w, https:\/\/hdxenergy.com\/wp-content\/uploads\/2025\/11\/24v100ah004-150x150.jpg 150w, https:\/\/hdxenergy.com\/wp-content\/uploads\/2025\/11\/24v100ah004-768x768.jpg 768w, https:\/\/hdxenergy.com\/wp-content\/uploads\/2025\/11\/24v100ah004-600x600.jpg 600w, https:\/\/hdxenergy.com\/wp-content\/uploads\/2025\/11\/24v100ah004-100x100.jpg 100w\" sizes=\"(max-width: 1000px) 100vw, 1000px\" \/> <img decoding=\"async\" class=\"alignnone wp-image-526 size-full\" src=\"https:\/\/hdxenergy.com\/wp-content\/uploads\/2025\/11\/24v100ah003.jpg\" alt=\"Qu\u1ea3n l\u00fd ngu\u1ed3n \u0111i\u1ec7n cho xe RV: Theo d\u00f5i tr\u1ea1ng th\u00e1i pin qua Bluetooth \u0111\u1ec3 ki\u1ec3m so\u00e1t n\u0103ng l\u01b0\u1ee3ng khi di chuy\u1ec3n\" width=\"1000\" height=\"1000\" srcset=\"https:\/\/hdxenergy.com\/wp-content\/uploads\/2025\/11\/24v100ah003.jpg 1000w, https:\/\/hdxenergy.com\/wp-content\/uploads\/2025\/11\/24v100ah003-300x300.jpg 300w, https:\/\/hdxenergy.com\/wp-content\/uploads\/2025\/11\/24v100ah003-150x150.jpg 150w, https:\/\/hdxenergy.com\/wp-content\/uploads\/2025\/11\/24v100ah003-768x768.jpg 768w, https:\/\/hdxenergy.com\/wp-content\/uploads\/2025\/11\/24v100ah003-600x600.jpg 600w, https:\/\/hdxenergy.com\/wp-content\/uploads\/2025\/11\/24v100ah003-100x100.jpg 100w\" sizes=\"(max-width: 1000px) 100vw, 1000px\" \/> <img loading=\"lazy\" decoding=\"async\" class=\"alignnone wp-image-525 size-full\" src=\"https:\/\/hdxenergy.com\/wp-content\/uploads\/2025\/11\/24v100ah002.jpg\" alt=\"\u0110\u1ed3 d\u00f9ng c\u1ea7n thi\u1ebft cho c\u1eafm tr\u1ea1i: Pin \u0111\u01b0\u1ee3c gi\u00e1m s\u00e1t qua Bluetooth \u0111\u1ea3m b\u1ea3o ngu\u1ed3n \u0111i\u1ec7n li\u00ean t\u1ee5c cho c\u00e1c ho\u1ea1t \u0111\u1ed9ng ngo\u00e0i tr\u1eddi.\" width=\"1000\" height=\"1000\" srcset=\"https:\/\/hdxenergy.com\/wp-content\/uploads\/2025\/11\/24v100ah002.jpg 1000w, https:\/\/hdxenergy.com\/wp-content\/uploads\/2025\/11\/24v100ah002-300x300.jpg 300w, https:\/\/hdxenergy.com\/wp-content\/uploads\/2025\/11\/24v100ah002-150x150.jpg 150w, https:\/\/hdxenergy.com\/wp-content\/uploads\/2025\/11\/24v100ah002-768x768.jpg 768w, https:\/\/hdxenergy.com\/wp-content\/uploads\/2025\/11\/24v100ah002-600x600.jpg 600w, https:\/\/hdxenergy.com\/wp-content\/uploads\/2025\/11\/24v100ah002-100x100.jpg 100w\" sizes=\"(max-width: 1000px) 100vw, 1000px\" \/><\/p>","protected":false},"excerpt":{"rendered":"<ul>\n<li>Pin lithium n\u1ed5i b\u1eadt v\u1edbi t\u1ef7 l\u1ec7 dung l\u01b0\u1ee3ng tr\u00ean tr\u1ecdng l\u01b0\u1ee3ng cao, c\u00f4ng su\u1ea5t x\u1ea3 m\u1ea1nh m\u1ebd, s\u1ea1c nhanh, tu\u1ed5i th\u1ecd chu k\u1ef3 d\u00e0i v\u00e0 \u0111\u1ed9 \u1ed5n \u0111\u1ecbnh xu\u1ea5t s\u1eafc trong \u0111i\u1ec1u ki\u1ec7n nhi\u1ec7t \u0111\u1ed9 cao.<\/li>\n<li>V\u1edbi \u0111\u1ed9 s\u00e2u x\u1ea3 80% v\u00e0 c\u00f4ng ngh\u1ec7 LiFePO4, s\u1ea3n ph\u1ea9m \u0111\u1ea3m b\u1ea3o an to\u00e0n nhi\u1ec7t, ph\u1ea3n \u1ee9ng oxi h\u00f3a kh\u1eed \u1ed5n \u0111\u1ecbnh v\u00e0 tu\u1ed5i th\u1ecd chu k\u1ef3 k\u00e9o d\u00e0i. \u0110i\u1ec7n \u00e1p x\u1ea3 \u1ed5n \u0111\u1ecbnh gi\u00fap \u0111\u01a1n gi\u1ea3n h\u00f3a vi\u1ec7c \u0111i\u1ec1u ch\u1ec9nh \u0111i\u1ec7n \u00e1p, v\u00e0 thi\u1ebft k\u1ebf ch\u1ed1ng va \u0111\u1eadp cho ph\u00e9p ch\u1ecbu \u0111\u01b0\u1ee3c va \u0111\u1eadp m\u1ea1nh m\u00e0 kh\u00f4ng c\u00f3 nguy c\u01a1 n\u1ed5.<\/li>\n<li>Th\u01b0\u01a1ng hi\u1ec7u BMS cung c\u1ea5p c\u00e1c t\u00f9y ch\u1ecdn t\u00f9y ch\u1ec9nh, bao g\u1ed3m thi\u1ebft k\u1ebf logo v\u00e0 ngo\u1ea1i h\u00ecnh b\u00ean ngo\u00e0i.<\/li>\n<\/ul>","protected":false},"featured_media":524,"comment_status":"open","ping_status":"closed","template":"","meta":[],"product_brand":[],"product_cat":[28],"product_tag":[],"class_list":{"0":"post-519","1":"product","2":"type-product","3":"status-publish","4":"has-post-thumbnail","6":"product_cat-12v-24v-lifepo4-battery","8":"first","9":"instock","10":"shipping-taxable","11":"product-type-simple"},"_links":{"self":[{"href":"https:\/\/hdxenergy.com\/vi\/wp-json\/wp\/v2\/product\/519","targetHints":{"allow":["GET"]}}],"collection":[{"href":"https:\/\/hdxenergy.com\/vi\/wp-json\/wp\/v2\/product"}],"about":[{"href":"https:\/\/hdxenergy.com\/vi\/wp-json\/wp\/v2\/types\/product"}],"replies":[{"embeddable":true,"href":"https:\/\/hdxenergy.com\/vi\/wp-json\/wp\/v2\/comments?post=519"}],"wp:featuredmedia":[{"embeddable":true,"href":"https:\/\/hdxenergy.com\/vi\/wp-json\/wp\/v2\/media\/524"}],"wp:attachment":[{"href":"https:\/\/hdxenergy.com\/vi\/wp-json\/wp\/v2\/media?parent=519"}],"wp:term":[{"taxonomy":"product_brand","embeddable":true,"href":"https:\/\/hdxenergy.com\/vi\/wp-json\/wp\/v2\/product_brand?post=519"},{"taxonomy":"product_cat","embeddable":true,"href":"https:\/\/hdxenergy.com\/vi\/wp-json\/wp\/v2\/product_cat?post=519"},{"taxonomy":"product_tag","embeddable":true,"href":"https:\/\/hdxenergy.com\/vi\/wp-json\/wp\/v2\/product_tag?post=519"}],"curies":[{"name":"wp","href":"https:\/\/api.w.org\/{rel}","templated":true}]}}