{"id":313,"date":"2025-11-24T06:03:42","date_gmt":"2025-11-24T06:03:42","guid":{"rendered":"https:\/\/hdxenergy.com\/?post_type=product&#038;p=313"},"modified":"2026-01-07T05:53:58","modified_gmt":"2026-01-07T05:53:58","slug":"phien-ban-vo-sat-51-2v105ah","status":"publish","type":"product","link":"https:\/\/hdxenergy.com\/vi\/product\/51-2v105ah-iron-shell-version\/","title":{"rendered":"\u0110\u01a1n h\u00e0ng s\u1ed1 l\u01b0\u1ee3ng l\u1edbn \u1eafc quy xe golf 51.2V 105Ah | \u1eaec quy LiFePO4 v\u1edbi h\u01a1n 5000 chu k\u1ef3 s\u1ea1c\/x\u1ea3"},"content":{"rendered":"<p><strong>Th\u00f4ng s\u1ed1 k\u1ef9 thu\u1eadt v\u00e0 th\u00f4ng s\u1ed1 c\u1ee7a s\u1ea3n ph\u1ea9m<\/strong><br \/>\n<strong>Th\u00f4ng s\u1ed1 k\u1ef9 thu\u1eadt c\u1ee7a pin<\/strong><\/p>\n<div class=\"table-container\">\n<table>\n<tbody>\n<tr>\n<td>Th\u00f4ng s\u1ed1 k\u1ef9 thu\u1eadt d\u1ef1 \u00e1n<\/td>\n<td>Th\u00f4ng s\u1ed1 ti\u00eau chu\u1ea9n<\/td>\n<td>Ghi ch\u00fa<\/td>\n<\/tr>\n<tr>\n<td>M\u1eabu pin<\/td>\n<td>51,2 V 105 Ah<\/td>\n<td><\/td>\n<\/tr>\n<tr>\n<td>Lo\u1ea1i pin<\/td>\n<td>Pin LFP<\/td>\n<td><\/td>\n<\/tr>\n<tr>\n<td>\u0110i\u1ec7n \u00e1p danh \u0111\u1ecbnh (V)<\/td>\n<td>51.2<\/td>\n<td><\/td>\n<\/tr>\n<tr>\n<td>Dung l\u01b0\u1ee3ng danh \u0111\u1ecbnh (Ah)<\/td>\n<td>105 \u00b1 51 TP3T<\/td>\n<td>25\u00b0C \u00b1 2\u00b0C, 0,5C s\u1ea1c, 0,5C x\u1ea3<\/td>\n<\/tr>\n<tr>\n<td>N\u0103ng l\u01b0\u1ee3ng danh ngh\u0129a (Wh)<\/td>\n<td>5376<\/td>\n<td><\/td>\n<\/tr>\n<tr>\n<td>\u0110i\u1ec7n \u00e1p s\u1ea1c danh \u0111\u1ecbnh (V)<\/td>\n<td>57.6<\/td>\n<td><\/td>\n<\/tr>\n<tr>\n<td>\u0110i\u1ec7n \u00e1p ng\u1eaft x\u1ea3 danh \u0111\u1ecbnh (V)<\/td>\n<td>40<\/td>\n<td><\/td>\n<\/tr>\n<tr>\n<td>D\u00f2ng s\u1ea1c ti\u00eau chu\u1ea9n (A)<\/td>\n<td>20<\/td>\n<td><\/td>\n<\/tr>\n<tr>\n<td>D\u00f2ng s\u1ea1c t\u1ed1i \u0111a (A)<\/td>\n<td>50<\/td>\n<td><\/td>\n<\/tr>\n<tr>\n<td>D\u00f2ng x\u1ea3 ti\u00eau chu\u1ea9n (A)<\/td>\n<td>20<\/td>\n<td><\/td>\n<\/tr>\n<tr>\n<td>D\u00f2ng x\u1ea3 li\u00ean t\u1ee5c (A)<\/td>\n<td>200<\/td>\n<td><\/td>\n<\/tr>\n<tr>\n<td>D\u00f2ng x\u1ea3 t\u1ed1i \u0111a (A)<\/td>\n<td>400(35S)<\/td>\n<td><\/td>\n<\/tr>\n<tr>\n<td>D\u00f2ng \u0111i\u1ec7n \u0111\u1ec9nh t\u1ed1i \u0111a (A)<\/td>\n<td>600A (3S)<\/td>\n<td><\/td>\n<\/tr>\n<tr>\n<td>V\u1eadt li\u1ec7u v\u1ecf<\/td>\n<td>V\u1ecf kim lo\u1ea1i<\/td>\n<td><\/td>\n<\/tr>\n<tr>\n<td>Tr\u1ecdng l\u01b0\u1ee3ng (kg)<\/td>\n<td>Kho\u1ea3ng 51kg<\/td>\n<td><\/td>\n<\/tr>\n<tr>\n<td>\u0110i\u1ec7n tr\u1edf ban \u0111\u1ea7u (m\u03a9)<\/td>\n<td>\u226450<\/td>\n<td>Pin m\u1edbi trong v\u00f2ng 3 th\u00e1ng, ACIR, 1000Hz<\/td>\n<\/tr>\n<tr>\n<td>T\u1ef7 l\u1ec7 t\u1ef1 x\u1ea3 h\u00e0ng th\u00e1ng<\/td>\n<td>\u22645%<\/td>\n<td>Pin \u0111\u01b0\u1ee3c s\u1ea1c \u0111\u1ebfn 100% SOC v\u00e0 l\u01b0u tr\u1eef trong 28 ng\u00e0y \u1edf nhi\u1ec7t \u0111\u1ed9 25\u00b12\u2103.<\/td>\n<\/tr>\n<\/tbody>\n<\/table>\n<table>\n<tbody>\n<tr>\n<td>K\u00edch th\u01b0\u1edbc t\u1ed5ng th\u1ec3 (mm)<\/td>\n<td>550 \u00d7 300 \u00d7 245 mm \u00b12,0<\/td>\n<td>Chi\u1ec1u d\u00e0i \u00d7 Chi\u1ec1u r\u1ed9ng \u00d7 Chi\u1ec1u cao (K\u00edch th\u01b0\u1edbc h\u1ed9p, kh\u00f4ng bao g\u1ed3m tay c\u1ea7m)<\/td>\n<\/tr>\n<tr>\n<td>\u0110i\u1ec7n \u00e1p \u0111\u1ea7u ra (V)<\/td>\n<td>51 ~ 52.8<\/td>\n<td>30~70%SOC<\/td>\n<\/tr>\n<tr>\n<td>Tu\u1ed5i th\u1ecd chu k\u1ef3 (s\u1ed1 l\u1ea7n) (25\u2103 \u00b1 2\u2103)<\/td>\n<td><\/td>\n<td>a) \u1ede nhi\u1ec7t \u0111\u1ed9 ph\u00f2ng, ti\u1ebfp t\u1ee5c s\u1ea1c v\u1edbi d\u00f2ng \u0111i\u1ec7n kh\u00f4ng \u0111\u1ed5i 20A cho \u0111\u1ebfn khi \u0111i\u1ec7n \u00e1p pin \u0111\u1ea1t 43,8 V, sau \u0111\u00f3 s\u1ea1c v\u1edbi \u0111i\u1ec7n \u00e1p kh\u00f4ng \u0111\u1ed5i cho \u0111\u1ebfn khi d\u00f2ng \u0111i\u1ec7n \u0111\u1ea1t 0,05C, \u0111\u1ec3 y\u00ean trong 2 gi\u1edd; b)X\u1ea3 \u1edf d\u00f2ng \u0111i\u1ec7n 20A xu\u1ed1ng \u0111i\u1ec7n \u00e1p ng\u1eaft 30V \u1edf nhi\u1ec7t \u0111\u1ed9 ph\u00f2ng, \u0111\u1ec3 y\u00ean 3 gi\u1edd; c) L\u1eb7p l\u1ea1i c\u00e1c b\u01b0\u1edbc a) ~ b), cho \u0111\u1ebfn khi dung l\u01b0\u1ee3ng x\u1ea3 \u0111\u1ea1t 80% dung l\u01b0\u1ee3ng \u0111\u1ecbnh m\u1ee9c, s\u1ed1 chu k\u1ef3 ho\u00e0n th\u00e0nh \u0111\u01b0\u1ee3c \u0111\u1ecbnh ngh\u0129a l\u00e0 tu\u1ed5i th\u1ecd chu k\u1ef3 c\u1ee7a pin.<\/td>\n<\/tr>\n<\/tbody>\n<\/table>\n<table>\n<tbody>\n<tr>\n<td>Tu\u1ed5i th\u1ecd chu k\u1ef3 (s\u1ed1 l\u1ea7n) (25\u2103 \u00b1 2\u2103)<\/td>\n<td><\/td>\n<td>a) \u1ede nhi\u1ec7t \u0111\u1ed9 ph\u00f2ng, ti\u1ebfp t\u1ee5c s\u1ea1c v\u1edbi d\u00f2ng \u0111i\u1ec7n kh\u00f4ng \u0111\u1ed5i 20A cho \u0111\u1ebfn khi \u0111i\u1ec7n \u00e1p pin \u0111\u1ea1t 43,8 V, sau \u0111\u00f3 s\u1ea1c v\u1edbi \u0111i\u1ec7n \u00e1p kh\u00f4ng \u0111\u1ed5i cho \u0111\u1ebfn khi d\u00f2ng \u0111i\u1ec7n \u0111\u1ea1t 0,05C, \u0111\u1ec3 y\u00ean trong 2 gi\u1edd; b)X\u1ea3 \u1edf d\u00f2ng \u0111i\u1ec7n 20A xu\u1ed1ng \u0111i\u1ec7n \u00e1p ng\u1eaft 30V \u1edf nhi\u1ec7t \u0111\u1ed9 ph\u00f2ng, \u0111\u1ec3 y\u00ean 3 gi\u1edd; c) L\u1eb7p l\u1ea1i c\u00e1c b\u01b0\u1edbc a) ~ b), cho \u0111\u1ebfn khi dung l\u01b0\u1ee3ng x\u1ea3 \u0111\u1ea1t 80% dung l\u01b0\u1ee3ng \u0111\u1ecbnh m\u1ee9c, s\u1ed1 chu k\u1ef3 ho\u00e0n th\u00e0nh \u0111\u01b0\u1ee3c \u0111\u1ecbnh ngh\u0129a l\u00e0 tu\u1ed5i th\u1ecd chu k\u1ef3 c\u1ee7a pin.<\/td>\n<\/tr>\n<tr>\n<td>Ch\u1ebf \u0111\u1ed9 giao ti\u1ebfp<\/td>\n<td colspan=\"2\">Giao di\u1ec7n truy\u1ec1n th\u00f4ng UART<\/td>\n<\/tr>\n<tr>\n<td>Nhi\u1ec7t \u0111\u1ed9 s\u1ea1c (\u2103)<\/td>\n<td>30A<\/td>\n<td>0~10\u00b0C<\/td>\n<\/tr>\n<tr>\n<td><\/td>\n<td>20A<\/td>\n<td>10~20\u00b0C<\/td>\n<\/tr>\n<tr>\n<td><\/td>\n<td>50A<\/td>\n<td>20~40\u00b0C<\/td>\n<\/tr>\n<tr>\n<td><\/td>\n<td>30A<\/td>\n<td>40~55\u00b0C<\/td>\n<\/tr>\n<tr>\n<td>Nhi\u1ec7t \u0111\u1ed9 x\u1ea3 (\u2103)<\/td>\n<td>-20~55<\/td>\n<td>Nhi\u1ec7t \u0111\u1ed9 b\u1ec1 m\u1eb7t c\u1ee7a t\u1ebf b\u00e0o kh\u00f4ng \u0111\u01b0\u1ee3c v\u01b0\u1ee3t qu\u00e1 60\u2103.<\/td>\n<\/tr>\n<tr>\n<td>Nhi\u1ec7t \u0111\u1ed9 b\u1ea3o qu\u1ea3n<\/td>\n<td>-30~55\u00b0C, \u0111\u1ed9 \u1ea9m t\u01b0\u01a1ng \u0111\u1ed1i t\u1ed1i \u0111a 90% -10\uff5e45\u00b0C, \u0111\u1ed9 \u1ea9m t\u01b0\u01a1ng \u0111\u1ed1i t\u1ed1i \u0111a 70%<\/td>\n<td>D\u01b0\u1edbi 1 th\u00e1ng H\u01a1n 3 th\u00e1ng<\/td>\n<\/tr>\n<tr>\n<td>Nhi\u1ec7t \u0111\u1ed9 b\u1ea3o qu\u1ea3n khuy\u1ebfn ngh\u1ecb<\/td>\n<td>-10\uff5e35\u2103 85% RH T\u1ed1i \u0111a<\/td>\n<td>Tu\u1ed5i th\u1ecd pin s\u1ebd gi\u1ea3m n\u1ebfu pin \u0111\u01b0\u1ee3c l\u01b0u tr\u1eef \u1edf nhi\u1ec7t \u0111\u1ed9 cao.<\/td>\n<\/tr>\n<\/tbody>\n<\/table>\n<\/div>\n<p><img fetchpriority=\"high\" decoding=\"async\" class=\"alignnone wp-image-357 size-full\" src=\"https:\/\/hdxenergy.com\/wp-content\/uploads\/2025\/11\/51.2v105ah-iron-shell-version07.jpg\" alt=\"Cung c\u1ea5p n\u0103ng l\u01b0\u1ee3ng m\u1ea1nh m\u1ebd h\u01a1n v\u00e0 b\u1ec1n b\u1ec9 h\u01a1n cho xe golf c\u1ee7a b\u1ea1n\" width=\"1000\" height=\"1000\" srcset=\"https:\/\/hdxenergy.com\/wp-content\/uploads\/2025\/11\/51.2v105ah-iron-shell-version07.jpg 1000w, https:\/\/hdxenergy.com\/wp-content\/uploads\/2025\/11\/51.2v105ah-iron-shell-version07-300x300.jpg 300w, https:\/\/hdxenergy.com\/wp-content\/uploads\/2025\/11\/51.2v105ah-iron-shell-version07-150x150.jpg 150w, https:\/\/hdxenergy.com\/wp-content\/uploads\/2025\/11\/51.2v105ah-iron-shell-version07-768x768.jpg 768w, https:\/\/hdxenergy.com\/wp-content\/uploads\/2025\/11\/51.2v105ah-iron-shell-version07-600x600.jpg 600w, https:\/\/hdxenergy.com\/wp-content\/uploads\/2025\/11\/51.2v105ah-iron-shell-version07-100x100.jpg 100w\" sizes=\"(max-width: 1000px) 100vw, 1000px\" \/> <img decoding=\"async\" class=\"alignnone wp-image-356 size-full\" src=\"https:\/\/hdxenergy.com\/wp-content\/uploads\/2025\/11\/51.2v105ah-iron-shell-version06.jpg\" alt=\"Pin OEM\/Logo c\u1ee7a b\u1ea1n\" width=\"1000\" height=\"1000\" srcset=\"https:\/\/hdxenergy.com\/wp-content\/uploads\/2025\/11\/51.2v105ah-iron-shell-version06.jpg 1000w, https:\/\/hdxenergy.com\/wp-content\/uploads\/2025\/11\/51.2v105ah-iron-shell-version06-300x300.jpg 300w, https:\/\/hdxenergy.com\/wp-content\/uploads\/2025\/11\/51.2v105ah-iron-shell-version06-150x150.jpg 150w, https:\/\/hdxenergy.com\/wp-content\/uploads\/2025\/11\/51.2v105ah-iron-shell-version06-768x768.jpg 768w, https:\/\/hdxenergy.com\/wp-content\/uploads\/2025\/11\/51.2v105ah-iron-shell-version06-600x600.jpg 600w, https:\/\/hdxenergy.com\/wp-content\/uploads\/2025\/11\/51.2v105ah-iron-shell-version06-100x100.jpg 100w\" sizes=\"(max-width: 1000px) 100vw, 1000px\" \/> <img decoding=\"async\" class=\"alignnone wp-image-355 size-full\" src=\"https:\/\/hdxenergy.com\/wp-content\/uploads\/2025\/11\/51.2v105ah-iron-shell-version05.jpg\" alt=\"Pin Lifepo4 cho xe golf\" width=\"750\" height=\"750\" srcset=\"https:\/\/hdxenergy.com\/wp-content\/uploads\/2025\/11\/51.2v105ah-iron-shell-version05.jpg 750w, https:\/\/hdxenergy.com\/wp-content\/uploads\/2025\/11\/51.2v105ah-iron-shell-version05-300x300.jpg 300w, https:\/\/hdxenergy.com\/wp-content\/uploads\/2025\/11\/51.2v105ah-iron-shell-version05-150x150.jpg 150w, https:\/\/hdxenergy.com\/wp-content\/uploads\/2025\/11\/51.2v105ah-iron-shell-version05-600x600.jpg 600w, https:\/\/hdxenergy.com\/wp-content\/uploads\/2025\/11\/51.2v105ah-iron-shell-version05-100x100.jpg 100w\" sizes=\"(max-width: 750px) 100vw, 750px\" \/> <img loading=\"lazy\" decoding=\"async\" class=\"alignnone wp-image-354 size-full\" src=\"https:\/\/hdxenergy.com\/wp-content\/uploads\/2025\/11\/51.2v105ah-iron-shell-version04.jpg\" alt=\"C\u00f4ng ngh\u1ec7 s\u1ea3n xu\u1ea5t\" width=\"1000\" height=\"1000\" srcset=\"https:\/\/hdxenergy.com\/wp-content\/uploads\/2025\/11\/51.2v105ah-iron-shell-version04.jpg 1000w, https:\/\/hdxenergy.com\/wp-content\/uploads\/2025\/11\/51.2v105ah-iron-shell-version04-300x300.jpg 300w, https:\/\/hdxenergy.com\/wp-content\/uploads\/2025\/11\/51.2v105ah-iron-shell-version04-150x150.jpg 150w, https:\/\/hdxenergy.com\/wp-content\/uploads\/2025\/11\/51.2v105ah-iron-shell-version04-768x768.jpg 768w, https:\/\/hdxenergy.com\/wp-content\/uploads\/2025\/11\/51.2v105ah-iron-shell-version04-600x600.jpg 600w, https:\/\/hdxenergy.com\/wp-content\/uploads\/2025\/11\/51.2v105ah-iron-shell-version04-100x100.jpg 100w\" sizes=\"(max-width: 1000px) 100vw, 1000px\" \/> <img loading=\"lazy\" decoding=\"async\" class=\"alignnone wp-image-353 size-full\" src=\"https:\/\/hdxenergy.com\/wp-content\/uploads\/2025\/11\/51.2v105ah-iron-shell-version03.jpg\" alt=\"S\u1ea1c: D\u00f2ng s\u1ea1c c\u00f3 th\u1ec3 \u0111i\u1ec1u ch\u1ec9nh\" width=\"1000\" height=\"1000\" srcset=\"https:\/\/hdxenergy.com\/wp-content\/uploads\/2025\/11\/51.2v105ah-iron-shell-version03.jpg 1000w, https:\/\/hdxenergy.com\/wp-content\/uploads\/2025\/11\/51.2v105ah-iron-shell-version03-300x300.jpg 300w, https:\/\/hdxenergy.com\/wp-content\/uploads\/2025\/11\/51.2v105ah-iron-shell-version03-150x150.jpg 150w, https:\/\/hdxenergy.com\/wp-content\/uploads\/2025\/11\/51.2v105ah-iron-shell-version03-768x768.jpg 768w, https:\/\/hdxenergy.com\/wp-content\/uploads\/2025\/11\/51.2v105ah-iron-shell-version03-600x600.jpg 600w, https:\/\/hdxenergy.com\/wp-content\/uploads\/2025\/11\/51.2v105ah-iron-shell-version03-100x100.jpg 100w\" sizes=\"(max-width: 1000px) 100vw, 1000px\" \/><\/p>","protected":false},"excerpt":{"rendered":"<ol>\n<li>Hi\u1ec7u su\u1ea5t c\u1ed1t l\u00f5i<\/li>\n<\/ol>\n<p>Dung l\u01b0\u1ee3ng l\u1edbn 100Ah: Cung c\u1ea5p ngu\u1ed3n \u0111i\u1ec7n \u0111\u00e1ng tin c\u1eady cho l\u01b0u tr\u1eef n\u0103ng l\u01b0\u1ee3ng m\u1eb7t tr\u1eddi, h\u1ec7 th\u1ed1ng d\u1ef1 ph\u00f2ng \u0111i\u1ec7n, xe RV, d\u1ee5ng c\u1ee5 \u0111i\u1ec7n v\u00e0 nhi\u1ec1u \u1ee9ng d\u1ee5ng \u0111a d\u1ea1ng kh\u00e1c.<\/p>\n<ol start=\"2\">\n<li>An to\u00e0n h\u00e0ng \u0111\u1ea7u<\/li>\n<\/ol>\n<p>B\u1ea3o v\u1ec7 an to\u00e0n k\u00e9p: C\u00f3 \u0111\u1ed9 \u1ed5n \u0111\u1ecbnh nhi\u1ec7t v\u01b0\u1ee3t tr\u1ed9i v\u00e0 h\u1ec7 th\u1ed1ng qu\u1ea3n l\u00fd pin t\u00edch h\u1ee3p (BMS) \u0111\u1ec3 ng\u0103n ch\u1eb7n qu\u00e1 t\u1ea3i, x\u1ea3 qu\u00e1 m\u1ee9c v\u00e0 ch\u1eadp m\u1ea1ch.<\/p>\n<ol start=\"3\">\n<li>\u0110\u1ed9 b\u1ec1n l\u00e2u d\u00e0i<\/li>\n<\/ol>\n<p>5.000+ chu k\u1ef3 s\u1ea1c: \u0110\u1ea3m b\u1ea3o \u0111\u1ed9 tin c\u1eady l\u00e2u d\u00e0i, gi\u1ea3m nhu c\u1ea7u thay th\u1ebf th\u01b0\u1eddng xuy\u00ean v\u00e0 gi\u1ea3m chi ph\u00ed b\u1ea3o tr\u00ec t\u1ed5ng th\u1ec3.<\/p>\n<ol start=\"4\">\n<li>S\u1ea1c nhanh v\u00e0 hi\u1ec7u qu\u1ea3<\/li>\n<\/ol>\n<p>H\u1ed7 tr\u1ee3 s\u1ea1c nhanh: S\u1ea1c nhanh v\u00e0 hi\u1ec7u qu\u1ea3, t\u01b0\u01a1ng th\u00edch r\u1ed9ng r\u00e3i v\u1edbi nhi\u1ec1u thi\u1ebft b\u1ecb v\u00e0 h\u1ec7 th\u1ed1ng ngu\u1ed3n \u0111i\u1ec7n.<\/p>\n<ol start=\"5\">\n<li>Thi\u1ebft k\u1ebf th\u00e2n thi\u1ec7n v\u1edbi m\u00f4i tr\u01b0\u1eddng<\/li>\n<\/ol>\n<p>Kh\u00f4ng \u0111\u1ed9c h\u1ea1i &amp; C\u00f3 th\u1ec3 t\u00e1i ch\u1ebf: Tu\u00e2n th\u1ee7 c\u00e1c ti\u00eau chu\u1ea9n m\u00f4i tr\u01b0\u1eddng qu\u1ed1c t\u1ebf, mang l\u1ea1i gi\u1ea3i ph\u00e1p n\u0103ng l\u01b0\u1ee3ng b\u1ec1n v\u1eefng.<\/p>","protected":false},"featured_media":351,"comment_status":"open","ping_status":"closed","template":"","meta":[],"product_brand":[],"product_cat":[29],"product_tag":[],"class_list":{"0":"post-313","1":"product","2":"type-product","3":"status-publish","4":"has-post-thumbnail","6":"product_cat-golf-cart-lithium-battery","8":"first","9":"instock","10":"shipping-taxable","11":"product-type-simple"},"_links":{"self":[{"href":"https:\/\/hdxenergy.com\/vi\/wp-json\/wp\/v2\/product\/313","targetHints":{"allow":["GET"]}}],"collection":[{"href":"https:\/\/hdxenergy.com\/vi\/wp-json\/wp\/v2\/product"}],"about":[{"href":"https:\/\/hdxenergy.com\/vi\/wp-json\/wp\/v2\/types\/product"}],"replies":[{"embeddable":true,"href":"https:\/\/hdxenergy.com\/vi\/wp-json\/wp\/v2\/comments?post=313"}],"wp:featuredmedia":[{"embeddable":true,"href":"https:\/\/hdxenergy.com\/vi\/wp-json\/wp\/v2\/media\/351"}],"wp:attachment":[{"href":"https:\/\/hdxenergy.com\/vi\/wp-json\/wp\/v2\/media?parent=313"}],"wp:term":[{"taxonomy":"product_brand","embeddable":true,"href":"https:\/\/hdxenergy.com\/vi\/wp-json\/wp\/v2\/product_brand?post=313"},{"taxonomy":"product_cat","embeddable":true,"href":"https:\/\/hdxenergy.com\/vi\/wp-json\/wp\/v2\/product_cat?post=313"},{"taxonomy":"product_tag","embeddable":true,"href":"https:\/\/hdxenergy.com\/vi\/wp-json\/wp\/v2\/product_tag?post=313"}],"curies":[{"name":"wp","href":"https:\/\/api.w.org\/{rel}","templated":true}]}}