{"id":216,"date":"2025-11-24T05:48:05","date_gmt":"2025-11-24T05:48:05","guid":{"rendered":"https:\/\/hdxenergy.com\/?post_type=product&#038;p=216"},"modified":"2026-01-07T05:40:25","modified_gmt":"2026-01-07T05:40:25","slug":"dong-1000w","status":"publish","type":"product","link":"https:\/\/hdxenergy.com\/vi\/product\/1000w-series\/","title":{"rendered":"Nh\u00e0 ph\u00e2n ph\u1ed1i tr\u1ea1m ph\u00e1t \u0111i\u1ec7n di \u0111\u1ed9ng H092-1000Wh | M\u00e1y ph\u00e1t \u0111i\u1ec7n m\u1eb7t tr\u1eddi LiFePO4 1000W"},"content":{"rendered":"<div class=\"table-container\"><strong>H092-1000Wh Th\u00f4ng s\u1ed1 k\u1ef9 thu\u1eadt<\/strong><\/p>\n<table>\n<tbody>\n<tr>\n<td>M\u00f4 h\u00ecnh<\/td>\n<td>H092-1000Wh<\/td>\n<\/tr>\n<tr>\n<td>K\u00edch th\u01b0\u1edbc (D\u00e0i \u00d7 R\u1ed9ng \u00d7 Cao)<\/td>\n<td>350mm \u00d7 200mm \u00d7 304mm<\/td>\n<\/tr>\n<tr>\n<td>C\u00e2n n\u1eb7ng<\/td>\n<td>13 kg<\/td>\n<\/tr>\n<tr>\n<td>Dung l\u01b0\u1ee3ng pin<\/td>\n<td>40Ah\/25,6V (1.024 Wh)<\/td>\n<\/tr>\n<tr>\n<td>Ti\u00eau chu\u1ea9n ch\u1ee9ng nh\u1eadn<\/td>\n<td>CE, FCC, ROHS<\/td>\n<\/tr>\n<tr>\n<td>\u0110\u1ea7u ra AC<\/td>\n<td>D\u00f2ng \u0111i\u1ec7n xoay chi\u1ec1u (AC) s\u00f3ng sin thu\u1ea7n t\u00fay 110V@60Hz*2 HO\u1eb6C AC 220V@50Hz*2<\/td>\n<\/tr>\n<tr>\n<td>C\u00f4ng su\u1ea5t \u0111\u1ea7u ra c\u1ee7a b\u1ed9 bi\u1ebfn t\u1ea7n<\/td>\n<td>C\u00f4ng su\u1ea5t \u0111\u1ecbnh m\u1ee9c 1000W, C\u00f4ng su\u1ea5t \u0111\u1ec9nh 2000W<\/td>\n<\/tr>\n<tr>\n<td>C\u1ed5ng s\u1ea1c n\u0103ng l\u01b0\u1ee3ng m\u1eb7t tr\u1eddi<\/td>\n<td>12\u201330V\u23936A T\u1ed1i \u0111a 180W<\/td>\n<\/tr>\n<tr>\n<td>\u0110\u1ea7u ra s\u1ea1c xe h\u01a1i<\/td>\n<td>14V \u00d7 15A*1<\/td>\n<\/tr>\n<tr>\n<td>C\u00e1c \u0111\u1ea7u v\u00e0o kh\u00e1c<\/td>\n<td>\u0110\u1ea7u v\u00e0o bi\u1ebfn t\u1ea7n: 28V\u23936A \u0110\u1ea7u v\u00e0o Type-C: 5\u201320V\u23935A, c\u00f4ng su\u1ea5t t\u1ed1i \u0111a 100W<\/td>\n<\/tr>\n<tr>\n<td>\u0110\u1ea7u ra DC5521<\/td>\n<td>13,5 V \u00d7 5 A \u00d7 2<\/td>\n<\/tr>\n<tr>\n<td>C\u1ed5ng xu\u1ea5t USB<\/td>\n<td>5V\u23932.4A \u00d7 2 QC3.0 (5V\u23933A, 9V\u23932A, 12V\u23931.5A) \u00d7 2<\/td>\n<\/tr>\n<tr>\n<td>Lo\u1ea1i C<\/td>\n<td>\u0110\u1ea7u v\u00e0o: 5\u201320V \u2393 5A, c\u00f4ng su\u1ea5t t\u1ed1i \u0111a 100W \u0110\u1ea7u ra: 100W PD *1, 60W PD *1<\/td>\n<\/tr>\n<tr>\n<td>Chi\u1ebfu s\u00e1ng<\/td>\n<td>\u0110\u00e8n LED 6W<\/td>\n<\/tr>\n<tr>\n<td>Lo\u1ea1i pin<\/td>\n<td>Pin LiFePO4<\/td>\n<\/tr>\n<tr>\n<td>Tu\u1ed5i th\u1ecd chu k\u1ef3 pin<\/td>\n<td>Sau 3000 chu k\u1ef3, dung l\u01b0\u1ee3ng c\u00f2n l\u1ea1i v\u1eabn v\u01b0\u1ee3t qu\u00e1 80%.<\/td>\n<\/tr>\n<tr>\n<td>Nhi\u1ec7t \u0111\u1ed9 b\u1ea3o qu\u1ea3n<\/td>\n<td>Nhi\u1ec7t \u0111\u1ed9 m\u00f4i tr\u01b0\u1eddng khuy\u1ebfn ngh\u1ecb n\u1eb1m trong kho\u1ea3ng t\u1eeb 20\u2103 \u0111\u1ebfn 30\u2103.<\/td>\n<\/tr>\n<tr>\n<td>Nhi\u1ec7t \u0111\u1ed9 x\u1ea3<\/td>\n<td>-20\u00b0C\u201450\u00b0C<\/td>\n<\/tr>\n<tr>\n<td>Nhi\u1ec7t \u0111\u1ed9 s\u1ea1c<\/td>\n<td>-5\u00b0C\u201450\u00b0C<\/td>\n<\/tr>\n<tr>\n<td>B\u1ea3o v\u1ec7 h\u1ec7 th\u1ed1ng<\/td>\n<td>B\u1ea3o v\u1ec7 qu\u00e1 nhi\u1ec7t, B\u1ea3o v\u1ec7 qu\u00e1 \u00e1p, B\u1ea3o v\u1ec7 qu\u00e1 d\u00f2ng, B\u1ea3o v\u1ec7 qu\u00e1 s\u1ea1c, B\u1ea3o v\u1ec7 qu\u00e1 x\u1ea3, B\u1ea3o v\u1ec7 ng\u1eafn m\u1ea1ch t\u1ea3i,<\/td>\n<\/tr>\n<\/tbody>\n<\/table>\n<\/div>\n<p><img fetchpriority=\"high\" decoding=\"async\" class=\"alignnone wp-image-312 size-full\" src=\"https:\/\/hdxenergy.com\/wp-content\/uploads\/2025\/11\/1000W-Series06.jpg\" alt=\"Tr\u1ea1m ph\u00e1t \u0111i\u1ec7n di \u0111\u1ed9ng 1000W\/1500W - T\u00f9y ch\u1ec9nh OEM\/ODM\" width=\"1000\" height=\"1000\" srcset=\"https:\/\/hdxenergy.com\/wp-content\/uploads\/2025\/11\/1000W-Series06.jpg 1000w, https:\/\/hdxenergy.com\/wp-content\/uploads\/2025\/11\/1000W-Series06-300x300.jpg 300w, https:\/\/hdxenergy.com\/wp-content\/uploads\/2025\/11\/1000W-Series06-150x150.jpg 150w, https:\/\/hdxenergy.com\/wp-content\/uploads\/2025\/11\/1000W-Series06-768x768.jpg 768w, https:\/\/hdxenergy.com\/wp-content\/uploads\/2025\/11\/1000W-Series06-600x600.jpg 600w, https:\/\/hdxenergy.com\/wp-content\/uploads\/2025\/11\/1000W-Series06-100x100.jpg 100w\" sizes=\"(max-width: 1000px) 100vw, 1000px\" \/> <img decoding=\"async\" class=\"alignnone wp-image-311 size-full\" src=\"https:\/\/hdxenergy.com\/wp-content\/uploads\/2025\/11\/1000W-Series05.jpg\" alt=\"1000\/1500W \u0110\u1ea6U RA \u0110I\u1ec6N XU\u1ea4T C\u00d4NG SU\u1ea4T CAO\" width=\"1000\" height=\"1000\" srcset=\"https:\/\/hdxenergy.com\/wp-content\/uploads\/2025\/11\/1000W-Series05.jpg 1000w, https:\/\/hdxenergy.com\/wp-content\/uploads\/2025\/11\/1000W-Series05-300x300.jpg 300w, https:\/\/hdxenergy.com\/wp-content\/uploads\/2025\/11\/1000W-Series05-150x150.jpg 150w, https:\/\/hdxenergy.com\/wp-content\/uploads\/2025\/11\/1000W-Series05-768x768.jpg 768w, https:\/\/hdxenergy.com\/wp-content\/uploads\/2025\/11\/1000W-Series05-600x600.jpg 600w, https:\/\/hdxenergy.com\/wp-content\/uploads\/2025\/11\/1000W-Series05-100x100.jpg 100w\" sizes=\"(max-width: 1000px) 100vw, 1000px\" \/> <img decoding=\"async\" class=\"alignnone wp-image-310 size-full\" src=\"https:\/\/hdxenergy.com\/wp-content\/uploads\/2025\/11\/1000W-Series04.jpg\" alt=\"C\u00d4NG SU\u1ea4T CAO\" width=\"1000\" height=\"1000\" srcset=\"https:\/\/hdxenergy.com\/wp-content\/uploads\/2025\/11\/1000W-Series04.jpg 1000w, https:\/\/hdxenergy.com\/wp-content\/uploads\/2025\/11\/1000W-Series04-300x300.jpg 300w, https:\/\/hdxenergy.com\/wp-content\/uploads\/2025\/11\/1000W-Series04-150x150.jpg 150w, https:\/\/hdxenergy.com\/wp-content\/uploads\/2025\/11\/1000W-Series04-768x768.jpg 768w, https:\/\/hdxenergy.com\/wp-content\/uploads\/2025\/11\/1000W-Series04-600x600.jpg 600w, https:\/\/hdxenergy.com\/wp-content\/uploads\/2025\/11\/1000W-Series04-100x100.jpg 100w\" sizes=\"(max-width: 1000px) 100vw, 1000px\" \/> <img loading=\"lazy\" decoding=\"async\" class=\"alignnone wp-image-309 size-full\" src=\"https:\/\/hdxenergy.com\/wp-content\/uploads\/2025\/11\/1000W-Series03.jpg\" alt=\"7 C\u1ed5ng ra h\u1ed7 tr\u1ee3 c\u1ea5p ngu\u1ed3n cho c\u00e1c thi\u1ebft b\u1ecb c\u00f9ng l\u00fac\" width=\"1000\" height=\"1000\" srcset=\"https:\/\/hdxenergy.com\/wp-content\/uploads\/2025\/11\/1000W-Series03.jpg 1000w, https:\/\/hdxenergy.com\/wp-content\/uploads\/2025\/11\/1000W-Series03-300x300.jpg 300w, https:\/\/hdxenergy.com\/wp-content\/uploads\/2025\/11\/1000W-Series03-150x150.jpg 150w, https:\/\/hdxenergy.com\/wp-content\/uploads\/2025\/11\/1000W-Series03-768x768.jpg 768w, https:\/\/hdxenergy.com\/wp-content\/uploads\/2025\/11\/1000W-Series03-600x600.jpg 600w, https:\/\/hdxenergy.com\/wp-content\/uploads\/2025\/11\/1000W-Series03-100x100.jpg 100w\" sizes=\"(max-width: 1000px) 100vw, 1000px\" \/><\/p>","protected":false},"excerpt":{"rendered":"<ul>\n<li>3 c\u00e1ch s\u1ea1c linh ho\u1ea1t: S\u1ea1c qua \u1ed5 c\u1eafm AC, \u1ed5 c\u1eafm t\u01b0\u1eddng, s\u1ea1c b\u1eb1ng n\u0103ng l\u01b0\u1ee3ng m\u1eb7t tr\u1eddi, s\u1ea1c qua c\u1ed5ng s\u1ea1c tr\u00ean xe h\u01a1i.<\/li>\n<li>H\u1ed7 tr\u1ee3 3 c\u00e1ch c\u1ea5p ngu\u1ed3n: 12V DC, 5V USB v\u00e0 AC.<\/li>\n<li>V\u1edbi dung l\u01b0\u1ee3ng 1024Wh, h\u1ed7 tr\u1ee3 ho\u1ea1t \u0111\u1ed9ng li\u00ean t\u1ee5c trong th\u1eddi gian d\u00e0i.<\/li>\n<li>H\u1ed7 tr\u1ee3 ch\u1ee9c n\u0103ng s\u1ea1c xe \u0111i\u1ec7n, kh\u00f4ng lo h\u1ebft \u0111i\u1ec7n tr\u00ean \u0111\u01b0\u1eddng.<\/li>\n<li>\u0110\u1ea7u ra s\u00f3ng sin thu\u1ea7n t\u00fay c\u1ee7a t\u1ebf b\u00e0o pin LifePo4<\/li>\n<\/ul>","protected":false},"featured_media":307,"comment_status":"open","ping_status":"closed","template":"","meta":[],"product_brand":[],"product_cat":[23],"product_tag":[49],"class_list":{"0":"post-216","1":"product","2":"type-product","3":"status-publish","4":"has-post-thumbnail","6":"product_cat-portable-power-station","7":"product_tag-lifepo4","9":"first","10":"instock","11":"shipping-taxable","12":"product-type-simple"},"_links":{"self":[{"href":"https:\/\/hdxenergy.com\/vi\/wp-json\/wp\/v2\/product\/216","targetHints":{"allow":["GET"]}}],"collection":[{"href":"https:\/\/hdxenergy.com\/vi\/wp-json\/wp\/v2\/product"}],"about":[{"href":"https:\/\/hdxenergy.com\/vi\/wp-json\/wp\/v2\/types\/product"}],"replies":[{"embeddable":true,"href":"https:\/\/hdxenergy.com\/vi\/wp-json\/wp\/v2\/comments?post=216"}],"wp:featuredmedia":[{"embeddable":true,"href":"https:\/\/hdxenergy.com\/vi\/wp-json\/wp\/v2\/media\/307"}],"wp:attachment":[{"href":"https:\/\/hdxenergy.com\/vi\/wp-json\/wp\/v2\/media?parent=216"}],"wp:term":[{"taxonomy":"product_brand","embeddable":true,"href":"https:\/\/hdxenergy.com\/vi\/wp-json\/wp\/v2\/product_brand?post=216"},{"taxonomy":"product_cat","embeddable":true,"href":"https:\/\/hdxenergy.com\/vi\/wp-json\/wp\/v2\/product_cat?post=216"},{"taxonomy":"product_tag","embeddable":true,"href":"https:\/\/hdxenergy.com\/vi\/wp-json\/wp\/v2\/product_tag?post=216"}],"curies":[{"name":"wp","href":"https:\/\/api.w.org\/{rel}","templated":true}]}}