{"id":198,"date":"2025-11-24T02:50:19","date_gmt":"2025-11-24T02:50:19","guid":{"rendered":"https:\/\/hdxenergy.com\/?post_type=product&#038;p=198"},"modified":"2026-01-07T05:31:45","modified_gmt":"2026-01-07T05:31:45","slug":"vali-keo-3-6kwh","status":"publish","type":"product","link":"https:\/\/hdxenergy.com\/vi\/product\/trolley-case-3-6kwh\/","title":{"rendered":"Nh\u00e0 cung c\u1ea5p b\u1ed9 s\u1ea1c di \u0111\u1ed9ng Trolley Case 3.6kWh | B\u1ed9 s\u1ea1c di \u0111\u1ed9ng 3600W LiFePO4"},"content":{"rendered":"<p><strong>Nh\u00e0 di \u0111\u1ed9ng c\u1eafm tr\u1ea1i t\u00f9y ch\u1ec9nh 3600W v\u1edbi tr\u1ea1m ph\u00e1t \u0111i\u1ec7n di \u0111\u1ed9ng v\u00e0 b\u00e1nh xe di \u0111\u1ed9ng<\/strong><\/p>\n<div class=\"table-container\">\n<table>\n<tbody>\n<tr>\n<td>Dung l\u01b0\u1ee3ng pin\/M\u1eabu<\/td>\n<td>67Ah\/48V\uff083216Wh)\/LiFePO4<\/td>\n<td>\u0110\u1ea7u ra AC<\/td>\n<td>D\u00f2ng \u0111i\u1ec7n xoay chi\u1ec1u (AC) s\u00f3ng sin thu\u1ea7n t\u00fay 120V@60Hz*2 HO\u1eb6C AC 230V@50Hz*2<\/td>\n<\/tr>\n<tr>\n<td>K\u00edch th\u01b0\u1edbc (D\u00e0i \u00d7 R\u1ed9ng \u00d7 Cao)<\/td>\n<td>700 mm \u00d7 364 mm \u00d7 393 mm<\/td>\n<td>C\u1ed5ng xu\u1ea5t USB<\/td>\n<td>QC3.0 (5V 3A, 9V 2A, 12V 1.5A) \u00d7 4, C\u00f4ng su\u1ea5t t\u1ed1i \u0111a 18W<\/td>\n<\/tr>\n<tr>\n<td>C\u00e2n n\u1eb7ng<\/td>\n<td>45 kg<\/td>\n<td>C\u00f4ng su\u1ea5t \u0111\u1ea7u v\u00e0o AC<\/td>\n<td>C\u00f4ng su\u1ea5t \u0111\u1ea7u v\u00e0o t\u1ed1i \u0111a 3600W<\/td>\n<\/tr>\n<tr>\n<td>Ti\u00eau chu\u1ea9n ch\u1ee9ng nh\u1eadn<\/td>\n<td>CE, FCC, ROHS<\/td>\n<td>\u0110i\u1ec7n \u00e1p \u0111\u1ea7u v\u00e0o AC<\/td>\n<td>100-120 V t\u1ea1i 60 Hz ho\u1eb7c 220-240 V t\u1ea1i 50 Hz<\/td>\n<\/tr>\n<tr>\n<td>5521 \u0110\u1ea7u ra<\/td>\n<td>12V 5A \u00d7 2<\/td>\n<td>C\u1ed5ng s\u1ea1c n\u0103ng l\u01b0\u1ee3ng m\u1eb7t tr\u1eddi<\/td>\n<td>12-150V, 25A t\u1ed1i \u0111a, 2400W<\/td>\n<\/tr>\n<tr>\n<td>C\u1ed5ng ra Type-C<\/td>\n<td>100W PD *2<\/td>\n<td>Ch\u1ee9c n\u0103ng s\u1ea1c nhanh c\u1ee7a tr\u1ea1m s\u1ea1c<\/td>\n<td>H\u1ed7 tr\u1ee3 s\u1ea1c nhanh qua tr\u1ea1m s\u1ea1c \u00f4 t\u00f4, c\u00f4ng su\u1ea5t s\u1ea1c t\u1ed1i \u0111a l\u00e0 3600W.<\/td>\n<\/tr>\n<tr>\n<td>\u0110\u1ea7u ra s\u1ea1c xe h\u01a1i<\/td>\n<td>12V 10A; C\u00f4ng su\u1ea5t t\u1ed1i \u0111a 120W<\/td>\n<td>S\u1ea1c xe \u0111i\u1ec7n<\/td>\n<td>H\u1ed7 tr\u1ee3 s\u1ea1c xe \u0111i\u1ec7n<\/td>\n<\/tr>\n<tr>\n<td>\u0110\u1ea7u ra XT60<\/td>\n<td>24V20A, C\u00f4ng su\u1ea5t t\u1ed1i \u0111a 480W<\/td>\n<td>Tu\u1ed5i th\u1ecd chu k\u1ef3 pin<\/td>\n<td>Sau 3000 chu k\u1ef3, dung l\u01b0\u1ee3ng c\u00f2n l\u1ea1i v\u1eabn v\u01b0\u1ee3t qu\u00e1 80%.<\/td>\n<\/tr>\n<tr>\n<td>\u0110\u1ea7u ra EC5<\/td>\n<td>12V30A, C\u00f4ng su\u1ea5t t\u1ed1i \u0111a 360W<\/td>\n<td>Nhi\u1ec7t \u0111\u1ed9 x\u1ea3<\/td>\n<td>-5\u00b0C\u201450\u00b0C<\/td>\n<\/tr>\n<tr>\n<td>C\u00f4ng su\u1ea5t \u0111\u1ea7u ra c\u1ee7a b\u1ed9 bi\u1ebfn t\u1ea7n<\/td>\n<td>C\u00f4ng su\u1ea5t \u0111\u1ecbnh m\u1ee9c 3600W, C\u00f4ng su\u1ea5t \u0111\u1ec9nh 7200W<\/td>\n<td>Nhi\u1ec7t \u0111\u1ed9 s\u1ea1c<\/td>\n<td>-20\u00b0C\u201450\u00b0C<\/td>\n<\/tr>\n<tr>\n<td>K\u1ebft n\u1ed1i song song<\/td>\n<td>H\u1ed7 tr\u1ee3 hai m\u00e1y ho\u1ea1t \u0111\u1ed9ng song song, c\u00f4ng su\u1ea5t \u0111\u1ea7u ra t\u1ed5ng c\u1ed9ng l\u00ean \u0111\u1ebfn 7200W.<\/td>\n<td>Nhi\u1ec7t \u0111\u1ed9 b\u1ea3o qu\u1ea3n<\/td>\n<td>Nhi\u1ec7t \u0111\u1ed9 m\u00f4i tr\u01b0\u1eddng khuy\u1ebfn ngh\u1ecb n\u1eb1m trong kho\u1ea3ng t\u1eeb 20\u2103 \u0111\u1ebfn 30\u2103.<\/td>\n<\/tr>\n<tr>\n<td>Ch\u1ee9c n\u0103ng m\u1edf r\u1ed9ng c\u00f4ng su\u1ea5t<\/td>\n<td>H\u1ed7 tr\u1ee3 hai m\u00e1y ho\u1ea1t \u0111\u1ed9ng song song ho\u1eb7c b\u1ed9 pin ngo\u00e0i c\u00f3 dung l\u01b0\u1ee3ng l\u00ean \u0111\u1ebfn 18kWh.<\/td>\n<td>Nhi\u1ec7t \u0111\u1ed9 b\u1ea3o qu\u1ea3n<\/td>\n<td>H\u1ed7 tr\u1ee3 k\u1ebft n\u1ed1i WIFI v\u00e0 Bluetooth th\u00f4ng qua \u1ee9ng d\u1ee5ng di \u0111\u1ed9ng.<\/td>\n<\/tr>\n<tr>\n<td>B\u1ea3o v\u1ec7 h\u1ec7 th\u1ed1ng<\/td>\n<td>Cung c\u1ea5p b\u1ea3o v\u1ec7 ch\u1ed1ng qu\u00e1 nhi\u1ec7t, qu\u00e1 \u00e1p, qu\u00e1 d\u00f2ng, s\u1ea1c qu\u00e1 m\u1ee9c, x\u1ea3 qu\u00e1 m\u1ee9c, ng\u1eafn m\u1ea1ch t\u1ea3i v\u00e0 qu\u00e1 t\u1ea3i.<\/td>\n<td><\/td>\n<td><\/td>\n<\/tr>\n<\/tbody>\n<\/table>\n<\/div>","protected":false},"excerpt":{"rendered":"<ul>\n<li>Tr\u1ea1m ph\u00e1t \u0111i\u1ec7n di \u0111\u1ed9ng \u0111a n\u0103ng th\u00f4ng minh v\u1edbi c\u1ea7n k\u00e9o<\/li>\n<li>M\u00e0n h\u00ecnh c\u1ea3m \u1ee9ng c\u00f3 giao di\u1ec7n Bluetooth<\/li>\n<li>H\u1ed7 tr\u1ee3 s\u1ea1c xe \u0111i\u1ec7n, B\u1ed9 bi\u1ebfn t\u1ea7n hai chi\u1ec1u t\u00edch h\u1ee3p<\/li>\n<li>H\u1ed7 tr\u1ee3 hai m\u00e1y ho\u1ea1t \u0111\u1ed9ng song song ho\u1eb7c b\u1ed9 pin ngo\u00e0i c\u00f3 dung l\u01b0\u1ee3ng l\u00ean \u0111\u1ebfn 18 kWh.<\/li>\n<\/ul>","protected":false},"featured_media":200,"comment_status":"open","ping_status":"closed","template":"","meta":[],"product_brand":[],"product_cat":[23],"product_tag":[49],"class_list":{"0":"post-198","1":"product","2":"type-product","3":"status-publish","4":"has-post-thumbnail","6":"product_cat-portable-power-station","7":"product_tag-lifepo4","9":"first","10":"instock","11":"shipping-taxable","12":"product-type-simple"},"_links":{"self":[{"href":"https:\/\/hdxenergy.com\/vi\/wp-json\/wp\/v2\/product\/198","targetHints":{"allow":["GET"]}}],"collection":[{"href":"https:\/\/hdxenergy.com\/vi\/wp-json\/wp\/v2\/product"}],"about":[{"href":"https:\/\/hdxenergy.com\/vi\/wp-json\/wp\/v2\/types\/product"}],"replies":[{"embeddable":true,"href":"https:\/\/hdxenergy.com\/vi\/wp-json\/wp\/v2\/comments?post=198"}],"wp:featuredmedia":[{"embeddable":true,"href":"https:\/\/hdxenergy.com\/vi\/wp-json\/wp\/v2\/media\/200"}],"wp:attachment":[{"href":"https:\/\/hdxenergy.com\/vi\/wp-json\/wp\/v2\/media?parent=198"}],"wp:term":[{"taxonomy":"product_brand","embeddable":true,"href":"https:\/\/hdxenergy.com\/vi\/wp-json\/wp\/v2\/product_brand?post=198"},{"taxonomy":"product_cat","embeddable":true,"href":"https:\/\/hdxenergy.com\/vi\/wp-json\/wp\/v2\/product_cat?post=198"},{"taxonomy":"product_tag","embeddable":true,"href":"https:\/\/hdxenergy.com\/vi\/wp-json\/wp\/v2\/product_tag?post=198"}],"curies":[{"name":"wp","href":"https:\/\/api.w.org\/{rel}","templated":true}]}}