{"id":185,"date":"2025-11-24T02:36:58","date_gmt":"2025-11-24T02:36:58","guid":{"rendered":"https:\/\/hdxenergy.com\/?post_type=product&#038;p=185"},"modified":"2026-01-07T05:18:45","modified_gmt":"2026-01-07T05:18:45","slug":"h096-5-20-kwh","status":"publish","type":"product","link":"https:\/\/hdxenergy.com\/vi\/product\/h096-5-20kwh\/","title":{"rendered":"H096 (5-20kWh) Pin LiFePO4 c\u00f3 th\u1ec3 m\u1edf r\u1ed9ng - B\u00e1n bu\u00f4n"},"content":{"rendered":"<div class=\"table-container\">\n<table>\n<tbody>\n<tr>\n<td><strong>T\u00ean s\u1ea3n ph\u1ea9m<\/strong><\/td>\n<td colspan=\"4\"><strong>H096-(5-20)kWh<\/strong><\/td>\n<td><strong>H096-10kWh Pro<\/strong><\/td>\n<\/tr>\n<tr>\n<td>M\u00f4-\u0111un pin<\/td>\n<td colspan=\"4\">51,2 V \/ 5,12 Wh \/ 51,8 kg<\/td>\n<td><\/td>\n<\/tr>\n<tr>\n<td>S\u1ed1 l\u01b0\u1ee3ng m\u00f4-\u0111un<\/td>\n<td>1<\/td>\n<td>2<\/td>\n<td>3<\/td>\n<td>4<\/td>\n<td><\/td>\n<\/tr>\n<tr>\n<td>Dung l\u01b0\u1ee3ng pin<\/td>\n<td>5,12 kWh<\/td>\n<td>10,24 kWh<\/td>\n<td>15,36 kWh<\/td>\n<td>20,48 kWh<\/td>\n<td>10,24 kWh<\/td>\n<\/tr>\n<tr>\n<td>\u0110i\u1ec7n \u00e1p danh \u0111\u1ecbnh<\/td>\n<td>51,2 V<\/td>\n<td>51,2 V<\/td>\n<td>51,2 V<\/td>\n<td>204,8 V<\/td>\n<td>51,2 V<\/td>\n<\/tr>\n<tr>\n<td>D\u1ea3i \u0111i\u1ec7n \u00e1p pin<\/td>\n<td>40V \u0111\u1ebfn 58,4V<\/td>\n<td>40V \u0111\u1ebfn 58,4V<\/td>\n<td>40V \u0111\u1ebfn 58,4V<\/td>\n<td>160V \u0111\u1ebfn 233,6V<\/td>\n<td>40V \u0111\u1ebfn 58,4V<\/td>\n<\/tr>\n<tr>\n<td>K\u00edch th\u01b0\u1edbc (D\u00e0i \u00d7 R\u1ed9ng \u00d7 Cao)<\/td>\n<td>637\/387\/914<\/td>\n<td>637\/387\/1075<\/td>\n<td>637\/387\/1236<\/td>\n<td>637\/387\/1397<\/td>\n<td>603\/300\/1620<\/td>\n<\/tr>\n<tr>\n<td>C\u00e2n<\/td>\n<td>118 kg<\/td>\n<td>169,8 kg<\/td>\n<td>221,6 kg<\/td>\n<td>277,4 kg<\/td>\n<td>180 kg<\/td>\n<\/tr>\n<tr>\n<td>D\u00f2ng s\u1ea1c\/x\u1ea3 t\u1ed1i \u0111a<\/td>\n<td>45A<\/td>\n<td>80A<\/td>\n<td>110A<\/td>\n<td>45A<\/td>\n<td>80A<\/td>\n<\/tr>\n<tr>\n<td>\u0110\u1ea7u ra \u0111i\u1ec7n \u00e1p cao<\/td>\n<td colspan=\"3\">Kh\u00f4ng \u0111\u01b0\u1ee3c h\u1ed7 tr\u1ee3<\/td>\n<td>H\u1ed7 tr\u1ee3<\/td>\n<td>Kh\u00f4ng \u0111\u01b0\u1ee3c h\u1ed7 tr\u1ee3<\/td>\n<\/tr>\n<tr>\n<td>Lo\u1ea1i pin<\/td>\n<td colspan=\"5\">Lithium iron phosphate (LiFePO\u2084)<\/td>\n<\/tr>\n<tr>\n<td>Ch\u1ebf \u0111\u1ed9 giao ti\u1ebfp<\/td>\n<td colspan=\"5\">H\u1ed7 tr\u1ee3 k\u1ebft n\u1ed1i Wi-Fi v\u00e0 Bluetooth th\u00f4ng qua \u1ee9ng d\u1ee5ng di \u0111\u1ed9ng.<\/td>\n<\/tr>\n<tr>\n<td>Tu\u1ed5i th\u1ecd chu k\u1ef3 pin<\/td>\n<td colspan=\"5\">Sau 3000 chu k\u1ef3, dung l\u01b0\u1ee3ng c\u00f2n l\u1ea1i v\u1eabn v\u01b0\u1ee3t qu\u00e1 80%.<\/td>\n<\/tr>\n<tr>\n<td>Nhi\u1ec7t \u0111\u1ed9 s\u1ea1c<\/td>\n<td colspan=\"5\">0\u00b0C ~ 50\u00b0C<\/td>\n<\/tr>\n<tr>\n<td>Nhi\u1ec7t \u0111\u1ed9 x\u1ea3<\/td>\n<td colspan=\"5\">-20\u00b0C ~ 50\u00b0C<\/td>\n<\/tr>\n<tr>\n<td>Giao ti\u1ebfp<\/td>\n<td colspan=\"5\">RS485\/CAN<\/td>\n<\/tr>\n<tr>\n<td>M\u1ee9c \u0111\u1ed9 b\u1ea3o v\u1ec7<\/td>\n<td colspan=\"5\">IP20<\/td>\n<\/tr>\n<tr>\n<td>Lo\u1ea1i k\u1ebft n\u1ed1i l\u01b0\u1edbi \u0111i\u1ec7n<\/td>\n<td colspan=\"5\">L + N + PE<\/td>\n<\/tr>\n<tr>\n<td>Kh\u1ea3 n\u0103ng qu\u00e1 t\u1ea3i<\/td>\n<td colspan=\"5\">110%<\/td>\n<\/tr>\n<tr>\n<td>B\u1ea3o v\u1ec7 h\u1ec7 th\u1ed1ng<\/td>\n<td colspan=\"5\">B\u1ea3o v\u1ec7 qu\u00e1 nhi\u1ec7t\/B\u1ea3o v\u1ec7 qu\u00e1 \u00e1p\/B\u1ea3o v\u1ec7 qu\u00e1 d\u00f2ng\/<br \/>\nB\u1ea3o v\u1ec7 qu\u00e1 t\u1ea3i\/B\u1ea3o v\u1ec7 x\u1ea3 qu\u00e1 m\u1ee9c_B\u1ea3o v\u1ec7 ng\u1eafn m\u1ea1ch t\u1ea3i\/B\u1ea3o v\u1ec7 qu\u00e1 t\u1ea3i.<\/td>\n<\/tr>\n<tr>\n<td>Ch\u1ebf \u0111\u1ed9 c\u00e0i \u0111\u1eb7t<\/td>\n<td colspan=\"5\">C\u00f3 th\u1ec3 x\u1ebfp ch\u1ed3ng l\u00ean nhau<\/td>\n<\/tr>\n<tr>\n<td>Ti\u00eau chu\u1ea9n ch\u1ee9ng nh\u1eadn<\/td>\n<td colspan=\"5\">CF FCC ROHS<\/td>\n<\/tr>\n<\/tbody>\n<\/table>\n<\/div>\n<p><img fetchpriority=\"high\" decoding=\"async\" class=\"alignnone wp-image-189 size-full\" src=\"https:\/\/hdxenergy.com\/wp-content\/uploads\/2025\/11\/H096-5-20kWh04.jpg\" alt=\"\u1ee8ng d\u1ee5ng theo d\u00f5i th\u00f4ng minh\" width=\"1000\" height=\"1000\" srcset=\"https:\/\/hdxenergy.com\/wp-content\/uploads\/2025\/11\/H096-5-20kWh04.jpg 1000w, https:\/\/hdxenergy.com\/wp-content\/uploads\/2025\/11\/H096-5-20kWh04-600x600.jpg 600w, https:\/\/hdxenergy.com\/wp-content\/uploads\/2025\/11\/H096-5-20kWh04-100x100.jpg 100w, https:\/\/hdxenergy.com\/wp-content\/uploads\/2025\/11\/H096-5-20kWh04-300x300.jpg 300w, https:\/\/hdxenergy.com\/wp-content\/uploads\/2025\/11\/H096-5-20kWh04-150x150.jpg 150w, https:\/\/hdxenergy.com\/wp-content\/uploads\/2025\/11\/H096-5-20kWh04-768x768.jpg 768w\" sizes=\"(max-width: 1000px) 100vw, 1000px\" \/> <img decoding=\"async\" class=\"alignnone wp-image-190 size-full\" src=\"https:\/\/hdxenergy.com\/wp-content\/uploads\/2025\/11\/H096-5-20kWh05.jpg\" alt=\"H\u1ec7 th\u1ed1ng n\u0103ng l\u01b0\u1ee3ng t\u1ea5t c\u1ea3 trong m\u1ed9t\" width=\"1000\" height=\"1000\" srcset=\"https:\/\/hdxenergy.com\/wp-content\/uploads\/2025\/11\/H096-5-20kWh05.jpg 1000w, https:\/\/hdxenergy.com\/wp-content\/uploads\/2025\/11\/H096-5-20kWh05-600x600.jpg 600w, https:\/\/hdxenergy.com\/wp-content\/uploads\/2025\/11\/H096-5-20kWh05-100x100.jpg 100w, https:\/\/hdxenergy.com\/wp-content\/uploads\/2025\/11\/H096-5-20kWh05-300x300.jpg 300w, https:\/\/hdxenergy.com\/wp-content\/uploads\/2025\/11\/H096-5-20kWh05-150x150.jpg 150w, https:\/\/hdxenergy.com\/wp-content\/uploads\/2025\/11\/H096-5-20kWh05-768x768.jpg 768w\" sizes=\"(max-width: 1000px) 100vw, 1000px\" \/> <img decoding=\"async\" class=\"alignnone wp-image-191 size-full\" src=\"https:\/\/hdxenergy.com\/wp-content\/uploads\/2025\/11\/H096-5-20kWh06.jpg\" alt=\"H096 (5-20 kWh)\" width=\"1000\" height=\"1000\" srcset=\"https:\/\/hdxenergy.com\/wp-content\/uploads\/2025\/11\/H096-5-20kWh06.jpg 1000w, https:\/\/hdxenergy.com\/wp-content\/uploads\/2025\/11\/H096-5-20kWh06-600x600.jpg 600w, https:\/\/hdxenergy.com\/wp-content\/uploads\/2025\/11\/H096-5-20kWh06-100x100.jpg 100w, https:\/\/hdxenergy.com\/wp-content\/uploads\/2025\/11\/H096-5-20kWh06-300x300.jpg 300w, https:\/\/hdxenergy.com\/wp-content\/uploads\/2025\/11\/H096-5-20kWh06-150x150.jpg 150w, https:\/\/hdxenergy.com\/wp-content\/uploads\/2025\/11\/H096-5-20kWh06-768x768.jpg 768w\" sizes=\"(max-width: 1000px) 100vw, 1000px\" \/><\/p>\n<p>&nbsp;<\/p>","protected":false},"excerpt":{"rendered":"<ul>\n<li>\u1ee8ng d\u1ee5ng trong l\u01b0u tr\u1eef n\u0103ng l\u01b0\u1ee3ng gia \u0111\u00ecnh, truy\u1ec1n th\u00f4ng v\u00e0 ngu\u1ed3n \u0111i\u1ec7n d\u1ef1 ph\u00f2ng.<\/li>\n<li>Giao di\u1ec7n CAN \u0111\u1ec3 giao ti\u1ebfp v\u1edbi b\u1ed9 bi\u1ebfn t\u1ea7n.<\/li>\n<li>Giao di\u1ec7n RS485 k\u00e9p, h\u1ed7 tr\u1ee3 truy\u1ec1n th\u00f4ng song song.<\/li>\n<li>Thi\u1ebft k\u1ebf x\u1ebfp ch\u1ed3ng m\u00f4-\u0111un cho vi\u1ec7c s\u1eed d\u1ee5ng linh ho\u1ea1t ngu\u1ed3n \u0111i\u1ec7n, d\u1ea3i c\u00f4ng su\u1ea5t c\u1ee7a b\u1ed9 pin t\u1eeb 5KWH \u0111\u1ebfn 20KWH.<\/li>\n<li>Khung pin \u0111\u01b0\u1ee3c trang b\u1ecb c\u00e1c puli \u0111\u1ec3 di chuy\u1ec3n d\u1ec5 d\u00e0ng v\u00e0 nhanh ch\u00f3ng.<\/li>\n<li>C\u1ea5u h\u00ecnh linh ho\u1ea1t, d\u1ec5 d\u00e0ng l\u1eafp \u0111\u1eb7t, c\u1eafm v\u00e0 ch\u1ea1y.<\/li>\n<li>Gi\u00e1m s\u00e1t t\u1eeb xa qua WiFi\/GPRS<\/li>\n<\/ul>","protected":false},"featured_media":193,"comment_status":"open","ping_status":"closed","template":"","meta":[],"product_brand":[],"product_cat":[26],"product_tag":[50,49],"class_list":{"0":"post-185","1":"product","2":"type-product","3":"status-publish","4":"has-post-thumbnail","6":"product_cat-all-in-one-battery-energy","7":"product_tag-all-in-one-battery-energy","8":"product_tag-lifepo4","10":"first","11":"instock","12":"shipping-taxable","13":"product-type-simple"},"_links":{"self":[{"href":"https:\/\/hdxenergy.com\/vi\/wp-json\/wp\/v2\/product\/185","targetHints":{"allow":["GET"]}}],"collection":[{"href":"https:\/\/hdxenergy.com\/vi\/wp-json\/wp\/v2\/product"}],"about":[{"href":"https:\/\/hdxenergy.com\/vi\/wp-json\/wp\/v2\/types\/product"}],"replies":[{"embeddable":true,"href":"https:\/\/hdxenergy.com\/vi\/wp-json\/wp\/v2\/comments?post=185"}],"wp:featuredmedia":[{"embeddable":true,"href":"https:\/\/hdxenergy.com\/vi\/wp-json\/wp\/v2\/media\/193"}],"wp:attachment":[{"href":"https:\/\/hdxenergy.com\/vi\/wp-json\/wp\/v2\/media?parent=185"}],"wp:term":[{"taxonomy":"product_brand","embeddable":true,"href":"https:\/\/hdxenergy.com\/vi\/wp-json\/wp\/v2\/product_brand?post=185"},{"taxonomy":"product_cat","embeddable":true,"href":"https:\/\/hdxenergy.com\/vi\/wp-json\/wp\/v2\/product_cat?post=185"},{"taxonomy":"product_tag","embeddable":true,"href":"https:\/\/hdxenergy.com\/vi\/wp-json\/wp\/v2\/product_tag?post=185"}],"curies":[{"name":"wp","href":"https:\/\/api.w.org\/{rel}","templated":true}]}}