{"id":1120,"date":"2025-12-08T01:02:14","date_gmt":"2025-12-08T01:02:14","guid":{"rendered":"https:\/\/hdxenergy.com\/?post_type=product&#038;p=1120"},"modified":"2026-01-07T07:39:10","modified_gmt":"2026-01-07T07:39:10","slug":"1-mw-den-2-mwh","status":"publish","type":"product","link":"https:\/\/hdxenergy.com\/vi\/product\/1mw2mwh\/","title":{"rendered":"Cung c\u1ea5p H\u1ec7 th\u1ed1ng L\u01b0u tr\u1eef N\u0103ng l\u01b0\u1ee3ng Container 1MW\/2MWh | Gi\u1ea3i ph\u00e1p H\u1ec7 th\u1ed1ng L\u01b0u tr\u1eef N\u0103ng l\u01b0\u1ee3ng Pin Tr\u1ecdn g\u00f3i"},"content":{"rendered":"<table border=\"0\" width=\"100%\" cellspacing=\"0\" cellpadding=\"0\">\n<tbody>\n<tr>\n<td><strong>M\u1eabu s\u1ea3n ph\u1ea9m<\/strong><\/td>\n<td><strong>H098-2MWh<\/strong><\/td>\n<\/tr>\n<tr>\n<td><strong>Dung l\u01b0\u1ee3ng pin<\/strong><\/td>\n<td>3360Ah\/598,4V (2010,6kWh)<\/td>\n<\/tr>\n<tr>\n<td><strong>C\u00f4ng su\u1ea5t \u0111\u1ecbnh m\u1ee9c<\/strong><\/td>\n<td>1 megawatt<\/td>\n<\/tr>\n<tr>\n<td><strong>C\u00f4ng su\u1ea5t \u0111\u1ec9nh<\/strong><\/td>\n<td>1,1 MW<\/td>\n<\/tr>\n<tr>\n<td><strong>D\u1ea3i \u0111i\u1ec7n \u00e1p pin<\/strong><\/td>\n<td>467,5\u2013682,5 V<\/td>\n<\/tr>\n<tr>\n<td><strong>D\u00f2ng \u0111i\u1ec7n \u0111\u1ecbnh m\u1ee9c AC<\/strong><\/td>\n<td>1444A<\/td>\n<\/tr>\n<tr>\n<td><strong>D\u00f2ng \u0111i\u1ec7n \u0111\u1ea7u ra AC t\u1ed1i \u0111a<\/strong><\/td>\n<td>1588A<\/td>\n<\/tr>\n<tr>\n<td><strong>K\u00edch th\u01b0\u1edbc (D\u00e0i \u00d7 R\u1ed9ng \u00d7 Cao)<\/strong><\/td>\n<td>12192 \u00d7 2438 \u00d7 2896 (mm)<\/td>\n<\/tr>\n<tr>\n<td><strong>C\u00e2n n\u1eb7ng<\/strong><\/td>\n<td>25.800 kg<\/td>\n<\/tr>\n<tr>\n<td><strong>Lo\u1ea1i pin<\/strong><\/td>\n<td>Lithium iron phosphate (LiFePO\u2084)<\/td>\n<\/tr>\n<tr>\n<td><strong>\u0110i\u1ec7n \u00e1p \u0111\u1ea7u ra AC<\/strong><\/td>\n<td>400V(-20%~+15%)<\/td>\n<\/tr>\n<tr>\n<td><strong>Truy\u1ec1n th\u00f4ng kh\u00f4ng d\u00e2y<\/strong><\/td>\n<td>H\u1ed7 tr\u1ee3 k\u1ebft n\u1ed1i 4G<\/td>\n<\/tr>\n<tr>\n<td><strong>Giao ti\u1ebfp<\/strong><\/td>\n<td>RS485\/CAN<\/td>\n<\/tr>\n<tr>\n<td><strong>Tu\u1ed5i th\u1ecd chu k\u1ef3 pin<\/strong><\/td>\n<td>H\u01a1n 6000 chu k\u1ef3<\/td>\n<\/tr>\n<tr>\n<td><strong>B\u1ea3o v\u1ec7 h\u1ec7 th\u1ed1ng<\/strong><\/td>\n<td>B\u1ea3o v\u1ec7 qu\u00e1 nhi\u1ec7t\/B\u1ea3o v\u1ec7 qu\u00e1 \u00e1p\/B\u1ea3o v\u1ec7 qu\u00e1 d\u00f2ng\/B\u1ea3o v\u1ec7 qu\u00e1 s\u1ea1c\/B\u1ea3o v\u1ec7 qu\u00e1 x\u1ea3\/B\u1ea3o v\u1ec7 ng\u1eafn m\u1ea1ch t\u1ea3i\/B\u1ea3o v\u1ec7 qu\u00e1 t\u1ea3i.<\/td>\n<\/tr>\n<tr>\n<td><strong>Nhi\u1ec7t \u0111\u1ed9 x\u1ea3<\/strong><\/td>\n<td>-20\u2103~50\u2103 (Nhi\u1ec7t \u0111\u1ed9 m\u00f4i tr\u01b0\u1eddng khuy\u1ebfn ngh\u1ecb l\u00e0 t\u1eeb 20\u2103 \u0111\u1ebfn 30\u2103.)<\/td>\n<\/tr>\n<tr>\n<td><strong>Ph\u1ea1m vi nhi\u1ec7t \u0111\u1ed9 s\u1ea1c<\/strong><\/td>\n<td>-5\u2103~50\u2103 (Nhi\u1ec7t \u0111\u1ed9 m\u00f4i tr\u01b0\u1eddng khuy\u1ebfn ngh\u1ecb l\u00e0 t\u1eeb 20\u2103 \u0111\u1ebfn 30\u2103.)<\/td>\n<\/tr>\n<tr>\n<td><strong>Nhi\u1ec7t \u0111\u1ed9 b\u1ea3o qu\u1ea3n<\/strong><\/td>\n<td>Nhi\u1ec7t \u0111\u1ed9 m\u00f4i tr\u01b0\u1eddng khuy\u1ebfn ngh\u1ecb l\u00e0 t\u1eeb 0\u2103 \u0111\u1ebfn 45\u2103.<\/td>\n<\/tr>\n<tr>\n<td><strong>Ti\u00eau chu\u1ea9n ch\u1ee9ng nh\u1eadn<\/strong><\/td>\n<td>IEC UN38.3 MSDS ROHS<\/td>\n<\/tr>\n<\/tbody>\n<\/table>","protected":false},"excerpt":{"rendered":"<ul>\n<li>Thi\u1ebft k\u1ebf t\u00edch h\u1ee3p cao, d\u1ec5 d\u00e0ng v\u1eadn chuy\u1ec3n, l\u1eafp \u0111\u1eb7t v\u00e0 b\u1ea3o tr\u00ec, v\u1edbi kh\u1ea3 n\u0103ng theo d\u00f5i tr\u1ea1ng th\u00e1i th\u1eddi gian th\u1ef1c v\u00e0 ghi nh\u1eadt k\u00fd s\u1ef1 c\u1ed1.<\/li>\n<li>T\u00ednh m\u00f4-\u0111un th\u00f4ng minh, h\u1ec7 th\u1ed1ng l\u01b0u tr\u1eef n\u0103ng l\u01b0\u1ee3ng n\u00e0y s\u1eed d\u1ee5ng c\u00f4ng ngh\u1ec7 CTP (Cell to Pack), h\u1ed7 tr\u1ee3 k\u1ebft n\u1ed1i song song v\u00e0 cho ph\u00e9p m\u1edf r\u1ed9ng h\u1ec7 th\u1ed1ng m\u1ed9t c\u00e1ch d\u1ec5 d\u00e0ng.<\/li>\n<li>An to\u00e0n v\u00e0 \u0111\u00e1ng tin c\u1eady, \u0111\u01b0\u1ee3c trang b\u1ecb h\u1ec7 th\u1ed1ng b\u1ea3o v\u1ec7 pin \u0111a c\u1ea5p v\u00e0 h\u1ec7 th\u1ed1ng ch\u1eefa ch\u00e1y HFC-227ea \u0111\u1ec3 t\u0103ng c\u01b0\u1eddng an to\u00e0n.<\/li>\n<li>C\u00e1c t\u00f9y ch\u1ecdn l\u00e0m m\u00e1t c\u00f3 th\u1ec3 t\u00f9y ch\u1ec9nh, s\u1ea3n ph\u1ea9m cung c\u1ea5p c\u1ea3 h\u1ec7 th\u1ed1ng l\u00e0m m\u00e1t b\u1eb1ng ch\u1ea5t l\u1ecfng v\u00e0 kh\u00f4ng kh\u00ed \u0111\u1ec3 \u0111\u00e1p \u1ee9ng c\u00e1c y\u00eau c\u1ea7u \u0111a d\u1ea1ng v\u1ec1 m\u00f4i tr\u01b0\u1eddng v\u00e0 hi\u1ec7u su\u1ea5t.<\/li>\n<li>Tu\u1ed5i th\u1ecd chu k\u1ef3 d\u00e0i, h\u1ed9p pin n\u00e0y \u0111\u1ea1t \u0111\u01b0\u1ee3c h\u01a1n 6.000 chu k\u1ef3 trong khi duy tr\u00ec tr\u1ea1ng th\u00e1i s\u1ee9c kh\u1ecfe (SOH) 70%.<\/li>\n<li>H\u1ec7 th\u1ed1ng l\u01b0u tr\u1eef n\u0103ng l\u01b0\u1ee3ng \u0111\u01b0\u1ee3c thi\u1ebft k\u1ebf \u0111\u1ec3 s\u1eed d\u1ee5ng trong h\u01a1n 15 n\u0103m v\u1edbi vi\u1ec7c s\u1ea1c h\u00e0ng ng\u00e0y.<\/li>\n<li>Ph\u00f9 h\u1ee3p cho nhi\u1ec1u \u1ee9ng d\u1ee5ng kh\u00e1c nhau, bao g\u1ed3m: t\u00edch h\u1ee3p n\u0103ng l\u01b0\u1ee3ng t\u00e1i t\u1ea1o, \u1ed5n \u0111\u1ecbnh l\u01b0\u1edbi \u0111i\u1ec7n, qu\u1ea3n l\u00fd n\u0103ng l\u01b0\u1ee3ng c\u00f4ng nghi\u1ec7p, s\u1eed d\u1ee5ng th\u01b0\u01a1ng m\u1ea1i, khu v\u1ef1c xa x\u00f4i, v.v.<\/li>\n<\/ul>","protected":false},"featured_media":1121,"comment_status":"open","ping_status":"closed","template":"","meta":[],"product_brand":[],"product_cat":[33,32,35],"product_tag":[],"class_list":{"0":"post-1120","1":"product","2":"type-product","3":"status-publish","4":"has-post-thumbnail","6":"product_cat-all-in-one-battery-energy-storage-system","7":"product_cat-commercial-and-industrial-energy-storage","8":"product_cat-container-series","10":"first","11":"instock","12":"shipping-taxable","13":"product-type-simple"},"_links":{"self":[{"href":"https:\/\/hdxenergy.com\/vi\/wp-json\/wp\/v2\/product\/1120","targetHints":{"allow":["GET"]}}],"collection":[{"href":"https:\/\/hdxenergy.com\/vi\/wp-json\/wp\/v2\/product"}],"about":[{"href":"https:\/\/hdxenergy.com\/vi\/wp-json\/wp\/v2\/types\/product"}],"replies":[{"embeddable":true,"href":"https:\/\/hdxenergy.com\/vi\/wp-json\/wp\/v2\/comments?post=1120"}],"wp:featuredmedia":[{"embeddable":true,"href":"https:\/\/hdxenergy.com\/vi\/wp-json\/wp\/v2\/media\/1121"}],"wp:attachment":[{"href":"https:\/\/hdxenergy.com\/vi\/wp-json\/wp\/v2\/media?parent=1120"}],"wp:term":[{"taxonomy":"product_brand","embeddable":true,"href":"https:\/\/hdxenergy.com\/vi\/wp-json\/wp\/v2\/product_brand?post=1120"},{"taxonomy":"product_cat","embeddable":true,"href":"https:\/\/hdxenergy.com\/vi\/wp-json\/wp\/v2\/product_cat?post=1120"},{"taxonomy":"product_tag","embeddable":true,"href":"https:\/\/hdxenergy.com\/vi\/wp-json\/wp\/v2\/product_tag?post=1120"}],"curies":[{"name":"wp","href":"https:\/\/api.w.org\/{rel}","templated":true}]}}