{"id":1115,"date":"2025-12-08T01:01:56","date_gmt":"2025-12-08T01:01:56","guid":{"rendered":"https:\/\/hdxenergy.com\/?post_type=product&#038;p=1115"},"modified":"2026-01-07T07:35:30","modified_gmt":"2026-01-07T07:35:30","slug":"1-mw-3-mwh","status":"publish","type":"product","link":"https:\/\/hdxenergy.com\/vi\/product\/1mw3mwh\/","title":{"rendered":"H\u1ec7 th\u1ed1ng l\u01b0u tr\u1eef n\u0103ng l\u01b0\u1ee3ng container 1MW\/3MWh | H\u1ec7 th\u1ed1ng l\u01b0u tr\u1eef n\u0103ng l\u01b0\u1ee3ng pin c\u00f4ng nghi\u1ec7p"},"content":{"rendered":"<table border=\"0\" width=\"100%\" cellspacing=\"0\" cellpadding=\"0\">\n<tbody>\n<tr>\n<td><strong>M\u1eabu s\u1ea3n ph\u1ea9m<\/strong><\/td>\n<td><strong>H098-3MWh<\/strong><\/td>\n<\/tr>\n<tr>\n<td><strong>Dung l\u01b0\u1ee3ng pin<\/strong><\/td>\n<td>4480Ah\/704V (3153,9 kWh)<\/td>\n<\/tr>\n<tr>\n<td><strong>C\u00f4ng su\u1ea5t \u0111\u1ecbnh m\u1ee9c<\/strong><\/td>\n<td>1 megawatt<\/td>\n<\/tr>\n<tr>\n<td><strong>C\u00f4ng su\u1ea5t \u0111\u1ec9nh<\/strong><\/td>\n<td>1,1 MW<\/td>\n<\/tr>\n<tr>\n<td><strong>D\u1ea3i \u0111i\u1ec7n \u00e1p pin<\/strong><\/td>\n<td>550\u2013803 V<\/td>\n<\/tr>\n<tr>\n<td><strong>D\u00f2ng \u0111i\u1ec7n \u0111\u1ecbnh m\u1ee9c AC<\/strong><\/td>\n<td>1444A<\/td>\n<\/tr>\n<tr>\n<td><strong>D\u00f2ng \u0111i\u1ec7n \u0111\u1ea7u ra AC t\u1ed1i \u0111a<\/strong><\/td>\n<td>1588A<\/td>\n<\/tr>\n<tr>\n<td><strong>K\u00edch th\u01b0\u1edbc (D\u00e0i \u00d7 R\u1ed9ng \u00d7 Cao)<\/strong><\/td>\n<td>12192 \u00d7 2438 \u00d7 2896 (mm)<\/td>\n<\/tr>\n<tr>\n<td><strong>C\u00e2n n\u1eb7ng<\/strong><\/td>\n<td>32.000 kg<\/td>\n<\/tr>\n<tr>\n<td><strong>Lo\u1ea1i pin<\/strong><\/td>\n<td>Lithium iron phosphate (LiFePO\u2084)<\/td>\n<\/tr>\n<tr>\n<td><strong>\u0110i\u1ec7n \u00e1p \u0111\u1ea7u ra AC<\/strong><\/td>\n<td>400V(-20%~+15%)<\/td>\n<\/tr>\n<tr>\n<td><strong>Truy\u1ec1n th\u00f4ng kh\u00f4ng d\u00e2y<\/strong><\/td>\n<td>H\u1ed7 tr\u1ee3 k\u1ebft n\u1ed1i 4G<\/td>\n<\/tr>\n<tr>\n<td><strong>Giao ti\u1ebfp<\/strong><\/td>\n<td>RS485\/CAN<\/td>\n<\/tr>\n<tr>\n<td><strong>Tu\u1ed5i th\u1ecd chu k\u1ef3 pin<\/strong><\/td>\n<td>H\u01a1n 6000 chu k\u1ef3<\/td>\n<\/tr>\n<tr>\n<td><strong>B\u1ea3o v\u1ec7 h\u1ec7 th\u1ed1ng<\/strong><\/td>\n<td>B\u1ea3o v\u1ec7 qu\u00e1 nhi\u1ec7t\/B\u1ea3o v\u1ec7 qu\u00e1 \u00e1p\/B\u1ea3o v\u1ec7 qu\u00e1 d\u00f2ng\/B\u1ea3o v\u1ec7 qu\u00e1 s\u1ea1c\/B\u1ea3o v\u1ec7 qu\u00e1 x\u1ea3\/B\u1ea3o v\u1ec7 ng\u1eafn m\u1ea1ch t\u1ea3i\/B\u1ea3o v\u1ec7 qu\u00e1 t\u1ea3i.<\/td>\n<\/tr>\n<tr>\n<td><strong>Nhi\u1ec7t \u0111\u1ed9 x\u1ea3<\/strong><\/td>\n<td>-20\u2103~50\u2103 (Nhi\u1ec7t \u0111\u1ed9 m\u00f4i tr\u01b0\u1eddng khuy\u1ebfn ngh\u1ecb l\u00e0 t\u1eeb 20\u2103 \u0111\u1ebfn 30\u2103.)<\/td>\n<\/tr>\n<tr>\n<td><strong>Ph\u1ea1m vi nhi\u1ec7t \u0111\u1ed9 s\u1ea1c<\/strong><\/td>\n<td>-5\u2103~50\u2103 (Nhi\u1ec7t \u0111\u1ed9 m\u00f4i tr\u01b0\u1eddng khuy\u1ebfn ngh\u1ecb l\u00e0 t\u1eeb 20\u2103 \u0111\u1ebfn 30\u2103.)<\/td>\n<\/tr>\n<tr>\n<td><strong>Nhi\u1ec7t \u0111\u1ed9 b\u1ea3o qu\u1ea3n<\/strong><\/td>\n<td>Nhi\u1ec7t \u0111\u1ed9 m\u00f4i tr\u01b0\u1eddng khuy\u1ebfn ngh\u1ecb l\u00e0 t\u1eeb 0\u2103 \u0111\u1ebfn 45\u2103.<\/td>\n<\/tr>\n<tr>\n<td><strong>Ti\u00eau chu\u1ea9n ch\u1ee9ng nh\u1eadn<\/strong><\/td>\n<td>IEC UN38.3 MSDS ROHS<\/td>\n<\/tr>\n<\/tbody>\n<\/table>","protected":false},"excerpt":{"rendered":"<p><strong>Ch\u1ee9c n\u0103ng \u0111a d\u1ea1ng<\/strong><\/p>\n<ul>\n<li>H\u1ed7 tr\u1ee3 c\u00e1c ch\u1ee9c n\u0103ng ch\u00ednh nh\u01b0 c\u1eaft \u0111\u1ec9nh, l\u1ea5p \u0111\u1ea7y thung l\u0169ng, ph\u1ea3n \u1ee9ng ph\u00eda nhu c\u1ea7u, cung c\u1ea5p ngu\u1ed3n d\u1ef1 ph\u00f2ng v\u00e0 c\u00e1c ch\u1ee9c n\u0103ng quan tr\u1ecdng kh\u00e1c;<\/li>\n<li>H\u1ed7 tr\u1ee3 c\u1eadp nh\u1eadt t\u1eeb xa c\u00e1c chi\u1ebfn l\u01b0\u1ee3c v\u1eadn h\u00e0nh v\u00e0 n\u00e2ng c\u1ea5p firmware, gi\u00fap gi\u1ea3m chi ph\u00ed v\u1eadn h\u00e0nh v\u00e0 b\u1ea3o tr\u00ec.<\/li>\n<\/ul>\n<p><strong>R\u1ea5t t\u00edch h\u1ee3p<\/strong><\/p>\n<ul>\n<li>S\u1ea3n ph\u1ea9m h\u00f3a h\u1ec7 th\u1ed1ng, t\u00edch h\u1ee3p pin l\u01b0u tr\u1eef n\u0103ng l\u01b0\u1ee3ng, h\u1ec7 th\u1ed1ng ph\u00e2n ph\u1ed1i \u0111i\u1ec7n, ki\u1ec3m so\u00e1t nhi\u1ec7t \u0111\u1ed9, ph\u00f2ng ch\u00e1y ch\u1eefa ch\u00e1y, c\u1ea3m bi\u1ebfn c\u1eeda ng\u00e2m n\u01b0\u1edbc v\u00e0 h\u1ec7 th\u1ed1ng gi\u00e1m s\u00e1t truy\u1ec1n th\u00f4ng, \u0111\u1ec3 ki\u1ec3m so\u00e1t to\u00e0n di\u1ec7n tr\u1ea1ng th\u00e1i ho\u1ea1t \u0111\u1ed9ng v\u00e0 r\u1ee7i ro c\u1ee7a h\u1ec7 th\u1ed1ng;<\/li>\n<li>Giao h\u00e0ng tr\u1ecdn g\u00f3i, r\u00fat ng\u1eafn th\u1eddi gian l\u1eafp \u0111\u1eb7t v\u00e0 v\u1eadn h\u00e0nh t\u1ea1i c\u00f4ng tr\u01b0\u1eddng d\u1ef1 \u00e1n.<\/li>\n<\/ul>\n<p><strong>An to\u00e0n v\u00e0 Th\u00f4ng minh<\/strong><\/p>\n<ul>\n<li>C\u01a1 ch\u1ebf x\u1eed l\u00fd ph\u00e2n c\u1ea5p s\u1ef1 c\u1ed1 \u0111\u1ec3 ph\u1ea3n \u1ee9ng v\u1edbi c\u00e1c k\u1ecbch b\u1ea3n s\u1ef1 c\u1ed1 \u0111\u00e3 \u0111\u01b0\u1ee3c thi\u1ebft l\u1eadp tr\u01b0\u1edbc;<\/li>\n<li>H\u1ec7 th\u1ed1ng qu\u1ea3n l\u00fd pin t\u00f9y ch\u1ec9nh (BMS), cung c\u1ea5p c\u00e1c ch\u1ee9c n\u0103ng \u0111o l\u01b0\u1eddng v\u00e0 b\u1ea3o v\u1ec7 \u0111\u1ea7y \u0111\u1ee7;<\/li>\n<li>H\u1ed7 tr\u1ee3 l\u1eadp l\u1ecbch tr\u00ean \u0111\u00e1m m\u00e2y v\u00e0 ph\u00e2n t\u00edch b\u00e1o c\u00e1o ho\u1ea1t \u0111\u1ed9ng.<\/li>\n<li>\u0110i k\u00e8m v\u1edbi h\u1ec7 th\u1ed1ng l\u00e0m m\u00e1t b\u1eb1ng kh\u00f4ng kh\u00ed ho\u1eb7c ch\u1ea5t l\u1ecfng, h\u1ec7 th\u1ed1ng ph\u00f2ng ch\u00e1y ch\u1eefa ch\u00e1y, h\u1ec7 th\u1ed1ng \u0111i\u1ec1u khi\u1ec3n nhi\u1ec7t \u0111\u1ed9 v\u00e0 h\u1ec7 th\u1ed1ng chi\u1ebfu s\u00e1ng.<\/li>\n<\/ul>\n<p><strong>D\u1ec5 d\u00e0ng v\u00e0 ti\u1ec7n l\u1ee3i<\/strong><\/p>\n<ul>\n<li>H\u1ec7 th\u1ed1ng PCS m\u00f4-\u0111un, \u0111\u01a1n v\u1ecb pin m\u1edf r\u1ed9ng tuy\u1ebfn t\u00ednh v\u00e0 \u0111\u01a1n v\u1ecb bi\u1ebfn t\u1ea7n hai chi\u1ec1u l\u01b0u tr\u1eef n\u0103ng l\u01b0\u1ee3ng;<\/li>\n<li>\u0110\u01b0\u1ee3c trang b\u1ecb kh\u1ea3 n\u0103ng ki\u1ec3m so\u00e1t s\u1ea1c v\u00e0 x\u1ea3 \u0111\u1ed9c l\u1eadp cho nhi\u1ec1u b\u1ed9 pin \u0111\u1ec3 n\u00e2ng cao hi\u1ec7u su\u1ea5t s\u1eed d\u1ee5ng pin v\u00e0 \u0111\u1ea3m b\u1ea3o an to\u00e0n.<\/li>\n<\/ul>","protected":false},"featured_media":1116,"comment_status":"open","ping_status":"closed","template":"","meta":[],"product_brand":[],"product_cat":[33,32,35],"product_tag":[],"class_list":{"0":"post-1115","1":"product","2":"type-product","3":"status-publish","4":"has-post-thumbnail","6":"product_cat-all-in-one-battery-energy-storage-system","7":"product_cat-commercial-and-industrial-energy-storage","8":"product_cat-container-series","10":"first","11":"instock","12":"shipping-taxable","13":"product-type-simple"},"_links":{"self":[{"href":"https:\/\/hdxenergy.com\/vi\/wp-json\/wp\/v2\/product\/1115","targetHints":{"allow":["GET"]}}],"collection":[{"href":"https:\/\/hdxenergy.com\/vi\/wp-json\/wp\/v2\/product"}],"about":[{"href":"https:\/\/hdxenergy.com\/vi\/wp-json\/wp\/v2\/types\/product"}],"replies":[{"embeddable":true,"href":"https:\/\/hdxenergy.com\/vi\/wp-json\/wp\/v2\/comments?post=1115"}],"wp:featuredmedia":[{"embeddable":true,"href":"https:\/\/hdxenergy.com\/vi\/wp-json\/wp\/v2\/media\/1116"}],"wp:attachment":[{"href":"https:\/\/hdxenergy.com\/vi\/wp-json\/wp\/v2\/media?parent=1115"}],"wp:term":[{"taxonomy":"product_brand","embeddable":true,"href":"https:\/\/hdxenergy.com\/vi\/wp-json\/wp\/v2\/product_brand?post=1115"},{"taxonomy":"product_cat","embeddable":true,"href":"https:\/\/hdxenergy.com\/vi\/wp-json\/wp\/v2\/product_cat?post=1115"},{"taxonomy":"product_tag","embeddable":true,"href":"https:\/\/hdxenergy.com\/vi\/wp-json\/wp\/v2\/product_tag?post=1115"}],"curies":[{"name":"wp","href":"https:\/\/api.w.org\/{rel}","templated":true}]}}