{"id":1109,"date":"2025-12-08T01:32:39","date_gmt":"2025-12-08T01:32:39","guid":{"rendered":"https:\/\/hdxenergy.com\/?post_type=product&#038;p=1109"},"modified":"2026-01-07T07:46:33","modified_gmt":"2026-01-07T07:46:33","slug":"250-kw-500-kw","status":"publish","type":"product","link":"https:\/\/hdxenergy.com\/vi\/product\/250kw500kw\/","title":{"rendered":"Nh\u00e0 cung c\u1ea5p h\u1ec7 th\u1ed1ng l\u01b0u tr\u1eef n\u0103ng l\u01b0\u1ee3ng container h\u00f3a (ESS) 250KW\/500KWH | H\u1ec7 th\u1ed1ng l\u01b0u tr\u1eef n\u0103ng l\u01b0\u1ee3ng pin (BESS) nh\u1ecf g\u1ecdn v\u00e0 hi\u1ec7u su\u1ea5t cao"},"content":{"rendered":"<table border=\"0\" width=\"100%\" cellspacing=\"0\" cellpadding=\"0\">\n<tbody>\n<tr>\n<td><strong>M\u1eabu s\u1ea3n ph\u1ea9m<\/strong><\/td>\n<td><strong>H098-500kWh<\/strong><\/td>\n<\/tr>\n<tr>\n<td><strong>Dung l\u01b0\u1ee3ng pin<\/strong><\/td>\n<td>840Ah\/598,4V (502,6 kWh)<\/td>\n<\/tr>\n<tr>\n<td><strong>C\u00f4ng su\u1ea5t \u0111\u1ecbnh m\u1ee9c<\/strong><\/td>\n<td>250 kilowatt<\/td>\n<\/tr>\n<tr>\n<td><strong>C\u00f4ng su\u1ea5t \u0111\u1ec9nh<\/strong><\/td>\n<td>275 kilowatt<\/td>\n<\/tr>\n<tr>\n<td><strong>D\u1ea3i \u0111i\u1ec7n \u00e1p pin<\/strong><\/td>\n<td>467,5\u2013682,5 V<\/td>\n<\/tr>\n<tr>\n<td><strong>D\u00f2ng \u0111i\u1ec7n \u0111\u1ecbnh m\u1ee9c AC<\/strong><\/td>\n<td>361A<\/td>\n<\/tr>\n<tr>\n<td><strong>D\u00f2ng \u0111i\u1ec7n \u0111\u1ea7u ra AC t\u1ed1i \u0111a<\/strong><\/td>\n<td>397A<\/td>\n<\/tr>\n<tr>\n<td><strong>K\u00edch th\u01b0\u1edbc (D\u00e0i \u00d7 R\u1ed9ng \u00d7 Cao)<\/strong><\/td>\n<td>6058 \u00d7 2438 \u00d7 2591 (mm)<\/td>\n<\/tr>\n<tr>\n<td><strong>C\u00e2n n\u1eb7ng<\/strong><\/td>\n<td>11.500 kg<\/td>\n<\/tr>\n<tr>\n<td><strong>Lo\u1ea1i pin<\/strong><\/td>\n<td>Lithium iron phosphate (LiFePO\u2084)<\/td>\n<\/tr>\n<tr>\n<td><strong>\u0110i\u1ec7n \u00e1p \u0111\u1ea7u ra AC<\/strong><\/td>\n<td>400V(-20%~+15%)<\/td>\n<\/tr>\n<tr>\n<td><strong>Truy\u1ec1n th\u00f4ng kh\u00f4ng d\u00e2y<\/strong><\/td>\n<td>H\u1ed7 tr\u1ee3 k\u1ebft n\u1ed1i 4G<\/td>\n<\/tr>\n<tr>\n<td><strong>Giao ti\u1ebfp<\/strong><\/td>\n<td>RS485\/CAN<\/td>\n<\/tr>\n<tr>\n<td><strong>Tu\u1ed5i th\u1ecd chu k\u1ef3 pin<\/strong><\/td>\n<td>H\u01a1n 6000 chu k\u1ef3<\/td>\n<\/tr>\n<tr>\n<td><strong>B\u1ea3o v\u1ec7 h\u1ec7 th\u1ed1ng<\/strong><\/td>\n<td>B\u1ea3o v\u1ec7 qu\u00e1 nhi\u1ec7t\/B\u1ea3o v\u1ec7 qu\u00e1 \u00e1p\/B\u1ea3o v\u1ec7 qu\u00e1 d\u00f2ng\/B\u1ea3o v\u1ec7 qu\u00e1 s\u1ea1c\/B\u1ea3o v\u1ec7 qu\u00e1 x\u1ea3\/B\u1ea3o v\u1ec7 ng\u1eafn m\u1ea1ch t\u1ea3i\/B\u1ea3o v\u1ec7 qu\u00e1 t\u1ea3i.<\/td>\n<\/tr>\n<tr>\n<td><strong>Nhi\u1ec7t \u0111\u1ed9 x\u1ea3<\/strong><\/td>\n<td>-20\u2103~50\u2103 (Nhi\u1ec7t \u0111\u1ed9 m\u00f4i tr\u01b0\u1eddng khuy\u1ebfn ngh\u1ecb l\u00e0 t\u1eeb 20\u2103 \u0111\u1ebfn 30\u2103.)<\/td>\n<\/tr>\n<tr>\n<td><strong>Ph\u1ea1m vi nhi\u1ec7t \u0111\u1ed9 s\u1ea1c<\/strong><\/td>\n<td>-5\u2103~50\u2103 (Nhi\u1ec7t \u0111\u1ed9 m\u00f4i tr\u01b0\u1eddng khuy\u1ebfn ngh\u1ecb l\u00e0 t\u1eeb 20\u2103 \u0111\u1ebfn 30\u2103.)<\/td>\n<\/tr>\n<tr>\n<td><strong>Nhi\u1ec7t \u0111\u1ed9 b\u1ea3o qu\u1ea3n<\/strong><\/td>\n<td>Nhi\u1ec7t \u0111\u1ed9 m\u00f4i tr\u01b0\u1eddng khuy\u1ebfn ngh\u1ecb l\u00e0 t\u1eeb 0\u2103 \u0111\u1ebfn 45\u2103.<\/td>\n<\/tr>\n<tr>\n<td><strong>Ti\u00eau chu\u1ea9n ch\u1ee9ng nh\u1eadn<\/strong><\/td>\n<td>IEC UN38.3 MSDS ROHS<\/td>\n<\/tr>\n<\/tbody>\n<\/table>","protected":false},"excerpt":{"rendered":"<ul>\n<li>H\u1ec7 th\u1ed1ng l\u01b0u tr\u1eef n\u0103ng l\u01b0\u1ee3ng m\u1eb7t tr\u1eddi 250kW\/500kWh n\u00e0y \u0111\u01b0\u1ee3c trang b\u1ecb c\u00e1c pin l\u01b0u tr\u1eef n\u0103ng l\u01b0\u1ee3ng, b\u1ed9 chuy\u1ec3n \u0111\u1ed5i n\u0103ng l\u01b0\u1ee3ng (PCS), b\u1ed9 \u0111i\u1ec1u khi\u1ec3n quang \u0111i\u1ec7n (MPPT) (t\u00f9y ch\u1ecdn), h\u1ec7 th\u1ed1ng qu\u1ea3n l\u00fd pin (BMS), h\u1ec7 th\u1ed1ng qu\u1ea3n l\u00fd n\u0103ng l\u01b0\u1ee3ng (EMS), h\u1ec7 th\u1ed1ng ph\u00e2n ph\u1ed1i \u0111i\u1ec7n, h\u1ec7 th\u1ed1ng \u0111i\u1ec1u khi\u1ec3n m\u00f4i tr\u01b0\u1eddng v\u00e0 h\u1ec7 th\u1ed1ng ph\u00f2ng ch\u00e1y ch\u1eefa ch\u00e1y \u0111\u1ec3 ki\u1ec3m so\u00e1t to\u00e0n di\u1ec7n tr\u1ea1ng th\u00e1i ho\u1ea1t \u0111\u1ed9ng v\u00e0 r\u1ee7i ro c\u1ee7a h\u1ec7 th\u1ed1ng.<\/li>\n<li>\u0110\u01b0\u1ee3c trang b\u1ecb h\u1ec7 th\u1ed1ng PCS m\u00f4-\u0111un l\u1eafp rack, thi\u1ebft b\u1ecb h\u1ed7 tr\u1ee3 k\u1ebft n\u1ed1i song song nhi\u1ec1u m\u00e1y v\u00e0 c\u00f3 kh\u1ea3 n\u0103ng m\u1edf r\u1ed9ng t\u1ed1t; s\u1ed1 l\u01b0\u1ee3ng m\u00f4-\u0111un PCS v\u00e0 t\u1ed5ng c\u00f4ng su\u1ea5t pin c\u00f3 th\u1ec3 \u0111\u01b0\u1ee3c l\u1ef1a ch\u1ecdn theo y\u00eau c\u1ea7u v\u1ec1 c\u00f4ng su\u1ea5t c\u1ee7a h\u1ec7 th\u1ed1ng l\u01b0u tr\u1eef nhi\u1ec7t n\u0103ng l\u01b0\u1ee3ng m\u1eb7t tr\u1eddi cho l\u01b0\u1edbi \u0111i\u1ec7n nh\u1ecf v\u00e0 c\u00e1c t\u00ecnh hu\u1ed1ng kh\u00e1c.<\/li>\n<li>M\u1ee9c \u0111\u1ed9 b\u1ea3o v\u1ec7 l\u00e0 IP54, c\u00f3 th\u1ec3 ch\u1ecbu \u0111\u1ef1ng t\u1ed1t c\u00e1c \u0111i\u1ec1u ki\u1ec7n th\u1eddi ti\u1ebft ngo\u00e0i tr\u1eddi kh\u00e1c nhau.<\/li>\n<li>M\u00e1y \u0111i\u1ec1u h\u00f2a kh\u00f4ng kh\u00ed t\u00edch h\u1ee3p g\u1eafn tr\u00ean c\u1eeda kh\u00f4ng chi\u1ebfm kh\u00f4ng gian t\u1ee7, t\u0103ng di\u1ec7n t\u00edch s\u1eed d\u1ee5ng c\u1ee7a t\u1ee7 ngo\u00e0i tr\u1eddi, c\u00f3 \u0111\u1ed9 b\u1ec1n k\u1ebft c\u1ea5u ph\u1ea7n tr\u00ean t\u1ed1t h\u01a1n v\u00e0 hi\u1ec7u qu\u1ea3 ch\u1ed1ng th\u1ea5m n\u01b0\u1edbc t\u1ed1t.<\/li>\n<li>B\u1ea3ng \u0111i\u1ec1u khi\u1ec3n \u0111\u1ecba ph\u01b0\u01a1ng c\u00f3 th\u1ec3 th\u1ef1c hi\u1ec7n c\u00e1c ch\u1ee9c n\u0103ng nh\u01b0 gi\u00e1m s\u00e1t ho\u1ea1t \u0111\u1ed9ng h\u1ec7 th\u1ed1ng, x\u00e2y d\u1ef1ng chi\u1ebfn l\u01b0\u1ee3c qu\u1ea3n l\u00fd n\u0103ng l\u01b0\u1ee3ng v\u00e0 n\u00e2ng c\u1ea5p thi\u1ebft b\u1ecb t\u1eeb xa.<\/li>\n<\/ul>","protected":false},"featured_media":1110,"comment_status":"open","ping_status":"closed","template":"","meta":[],"product_brand":[],"product_cat":[33,32,35],"product_tag":[],"class_list":{"0":"post-1109","1":"product","2":"type-product","3":"status-publish","4":"has-post-thumbnail","6":"product_cat-all-in-one-battery-energy-storage-system","7":"product_cat-commercial-and-industrial-energy-storage","8":"product_cat-container-series","10":"first","11":"instock","12":"shipping-taxable","13":"product-type-simple"},"_links":{"self":[{"href":"https:\/\/hdxenergy.com\/vi\/wp-json\/wp\/v2\/product\/1109","targetHints":{"allow":["GET"]}}],"collection":[{"href":"https:\/\/hdxenergy.com\/vi\/wp-json\/wp\/v2\/product"}],"about":[{"href":"https:\/\/hdxenergy.com\/vi\/wp-json\/wp\/v2\/types\/product"}],"replies":[{"embeddable":true,"href":"https:\/\/hdxenergy.com\/vi\/wp-json\/wp\/v2\/comments?post=1109"}],"wp:featuredmedia":[{"embeddable":true,"href":"https:\/\/hdxenergy.com\/vi\/wp-json\/wp\/v2\/media\/1110"}],"wp:attachment":[{"href":"https:\/\/hdxenergy.com\/vi\/wp-json\/wp\/v2\/media?parent=1109"}],"wp:term":[{"taxonomy":"product_brand","embeddable":true,"href":"https:\/\/hdxenergy.com\/vi\/wp-json\/wp\/v2\/product_brand?post=1109"},{"taxonomy":"product_cat","embeddable":true,"href":"https:\/\/hdxenergy.com\/vi\/wp-json\/wp\/v2\/product_cat?post=1109"},{"taxonomy":"product_tag","embeddable":true,"href":"https:\/\/hdxenergy.com\/vi\/wp-json\/wp\/v2\/product_tag?post=1109"}],"curies":[{"name":"wp","href":"https:\/\/api.w.org\/{rel}","templated":true}]}}