{"id":1103,"date":"2025-12-08T01:21:09","date_gmt":"2025-12-08T01:21:09","guid":{"rendered":"https:\/\/hdxenergy.com\/?post_type=product&#038;p=1103"},"modified":"2026-01-07T07:43:00","modified_gmt":"2026-01-07T07:43:00","slug":"500-kw-1-mwh","status":"publish","type":"product","link":"https:\/\/hdxenergy.com\/vi\/product\/500kw1mwh\/","title":{"rendered":"Nh\u00e0 xu\u1ea5t kh\u1ea9u h\u1ec7 th\u1ed1ng l\u01b0u tr\u1eef n\u0103ng l\u01b0\u1ee3ng container h\u00f3a (ESS) 500KW\/1MWh | H\u1ec7 th\u1ed1ng l\u01b0u tr\u1eef n\u0103ng l\u01b0\u1ee3ng pin (BESS) c\u00f3 kh\u1ea3 n\u0103ng m\u1edf r\u1ed9ng v\u00e0 chu k\u1ef3 ho\u1ea1t \u0111\u1ed9ng cao."},"content":{"rendered":"<table border=\"0\" width=\"100%\" cellspacing=\"0\" cellpadding=\"0\">\n<tbody>\n<tr>\n<td><strong>M\u1eabu s\u1ea3n ph\u1ea9m<\/strong><\/td>\n<td><strong>H098-1 MWh<\/strong><\/td>\n<\/tr>\n<tr>\n<td><strong>Dung l\u01b0\u1ee3ng pin<\/strong><\/td>\n<td>1680Ah\/598,4V (1005,3kWh)<\/td>\n<\/tr>\n<tr>\n<td><strong>C\u00f4ng su\u1ea5t \u0111\u1ecbnh m\u1ee9c<\/strong><\/td>\n<td>500 kilowatt<\/td>\n<\/tr>\n<tr>\n<td><strong>C\u00f4ng su\u1ea5t \u0111\u1ec9nh<\/strong><\/td>\n<td>550 kilowatt<\/td>\n<\/tr>\n<tr>\n<td><strong>D\u1ea3i \u0111i\u1ec7n \u00e1p pin<\/strong><\/td>\n<td>467,5\u2013682,5 V<\/td>\n<\/tr>\n<tr>\n<td><strong>D\u00f2ng \u0111i\u1ec7n \u0111\u1ecbnh m\u1ee9c AC<\/strong><\/td>\n<td>722A<\/td>\n<\/tr>\n<tr>\n<td><strong>D\u00f2ng \u0111i\u1ec7n \u0111\u1ea7u ra AC t\u1ed1i \u0111a<\/strong><\/td>\n<td>794A<\/td>\n<\/tr>\n<tr>\n<td><strong>K\u00edch th\u01b0\u1edbc (D\u00e0i \u00d7 R\u1ed9ng \u00d7 Cao)<\/strong><\/td>\n<td>6058 \u00d7 2438 \u00d7 2591 (mm)<\/td>\n<\/tr>\n<tr>\n<td><strong>C\u00e2n n\u1eb7ng<\/strong><\/td>\n<td>16.200 kg<\/td>\n<\/tr>\n<tr>\n<td><strong>Lo\u1ea1i pin<\/strong><\/td>\n<td>Lithium iron phosphate (LiFePO\u2084)<\/td>\n<\/tr>\n<tr>\n<td><strong>\u0110i\u1ec7n \u00e1p \u0111\u1ea7u ra AC<\/strong><\/td>\n<td>400V(-20%~+15%)<\/td>\n<\/tr>\n<tr>\n<td><strong>Truy\u1ec1n th\u00f4ng kh\u00f4ng d\u00e2y<\/strong><\/td>\n<td>H\u1ed7 tr\u1ee3 k\u1ebft n\u1ed1i 4G<\/td>\n<\/tr>\n<tr>\n<td><strong>Giao ti\u1ebfp<\/strong><\/td>\n<td>RS485\/CAN<\/td>\n<\/tr>\n<tr>\n<td><strong>Tu\u1ed5i th\u1ecd chu k\u1ef3 pin<\/strong><\/td>\n<td>H\u01a1n 6000 chu k\u1ef3<\/td>\n<\/tr>\n<tr>\n<td><strong>B\u1ea3o v\u1ec7 h\u1ec7 th\u1ed1ng<\/strong><\/td>\n<td>B\u1ea3o v\u1ec7 qu\u00e1 nhi\u1ec7t\/B\u1ea3o v\u1ec7 qu\u00e1 \u00e1p\/B\u1ea3o v\u1ec7 qu\u00e1 d\u00f2ng\/B\u1ea3o v\u1ec7 qu\u00e1 s\u1ea1c\/B\u1ea3o v\u1ec7 qu\u00e1 x\u1ea3\/B\u1ea3o v\u1ec7 ng\u1eafn m\u1ea1ch t\u1ea3i\/B\u1ea3o v\u1ec7 qu\u00e1 t\u1ea3i.<\/td>\n<\/tr>\n<tr>\n<td><strong>Nhi\u1ec7t \u0111\u1ed9 x\u1ea3<\/strong><\/td>\n<td>-20\u2103~50\u2103 (Nhi\u1ec7t \u0111\u1ed9 m\u00f4i tr\u01b0\u1eddng khuy\u1ebfn ngh\u1ecb l\u00e0 t\u1eeb 20\u2103 \u0111\u1ebfn 30\u2103.)<\/td>\n<\/tr>\n<tr>\n<td><strong>Ph\u1ea1m vi nhi\u1ec7t \u0111\u1ed9 s\u1ea1c<\/strong><\/td>\n<td>-5\u2103~50\u2103 (Nhi\u1ec7t \u0111\u1ed9 m\u00f4i tr\u01b0\u1eddng khuy\u1ebfn ngh\u1ecb l\u00e0 t\u1eeb 20\u2103 \u0111\u1ebfn 30\u2103.)<\/td>\n<\/tr>\n<tr>\n<td><strong>Nhi\u1ec7t \u0111\u1ed9 b\u1ea3o qu\u1ea3n<\/strong><\/td>\n<td>Nhi\u1ec7t \u0111\u1ed9 m\u00f4i tr\u01b0\u1eddng khuy\u1ebfn ngh\u1ecb l\u00e0 t\u1eeb 0\u2103 \u0111\u1ebfn 45\u2103.<\/td>\n<\/tr>\n<tr>\n<td><strong>Ti\u00eau chu\u1ea9n ch\u1ee9ng nh\u1eadn<\/strong><\/td>\n<td>IEC UN38.3 MSDS ROHS<\/td>\n<\/tr>\n<\/tbody>\n<\/table>","protected":false},"excerpt":{"rendered":"<ul>\n<li>K\u00edch th\u01b0\u1edbc ti\u00eau chu\u1ea9n c\u1ee7a container: v\u1eadn chuy\u1ec3n c\u1eafm v\u00e0 ch\u1ea1y, l\u1eafp \u0111\u1eb7t nhanh b\u1eb1ng c\u1ea7n c\u1ea9u, \u0111\u1ea1t ti\u00eau chu\u1ea9n IP cho m\u00f4i tr\u01b0\u1eddng ngo\u00e0i tr\u1eddi kh\u1eafc nghi\u1ec7t.<\/li>\n<li>Ho\u1ea1t \u0111\u1ed9ng \u0111a ch\u1ebf \u0111\u1ed9: H\u1ed7 tr\u1ee3 VAR tr\u00ean l\u01b0\u1edbi \u0111i\u1ec7n, ch\u1ebf \u0111\u1ed9 \u0111\u1ea3o l\u01b0\u1edbi ngo\u00e0i l\u01b0\u1edbi v\u00e0 bi\u1ebfn t\u1ea7n \u0111\u1ed9c l\u1eadp cho l\u01b0\u1edbi \u0111i\u1ec7n nh\u1ecf ch\u1ec9 v\u1edbi m\u1ed9t c\u00fa nh\u1ea5p chu\u1ed9t.<\/li>\n<li>H\u1ec7 th\u1ed1ng qu\u1ea3n l\u00fd pin th\u00f4ng minh 3 t\u1ea7ng: b\u1ea3o v\u1ec7 theo t\u1eebng l\u1edbp pin - m\u00f4-\u0111un - h\u1ec7 th\u1ed1ng, c\u00e1ch ly nhi\u1ec7t v\u00e0 s\u1ef1 c\u1ed1 theo th\u1eddi gian th\u1ef1c, an to\u00e0n kh\u00f4ng ng\u1eaft m\u1ea1ch.<\/li>\n<li>S\u1eb5n s\u00e0ng cho l\u01b0\u1edbi \u0111i\u1ec7n th\u00f4ng minh: Tu\u00e2n th\u1ee7 \u0111\u1ea7y \u0111\u1ee7 c\u00e1c quy t\u1eafc k\u1ebft n\u1ed1i c\u1ee7a IEC\/IEEE, h\u1ed7 tr\u1ee3 \u0111i\u1ec1u \u0111\u1ed9 c\u1ee7a nh\u00e0 cung c\u1ea5p \u0111i\u1ec7n trong th\u1eddi gian th\u1ef1c.<\/li>\n<li>Ch\u1ed1ng \u0111\u1ea3o ng\u01b0\u1ee3c n\u00e2ng cao: Ph\u00e1t hi\u1ec7n chu k\u1ef3 nh\u1ecf v\u00e0 duy tr\u00ec ho\u1ea1t \u0111\u1ed9ng li\u00ean t\u1ee5c, k\u1ebft n\u1ed1i l\u1ea1i m\u01b0\u1ee3t m\u00e0, \u0111\u1ed9 \u1ed5n \u0111\u1ecbnh v\u1eefng ch\u1eafc.<\/li>\n<\/ul>","protected":false},"featured_media":1104,"comment_status":"open","ping_status":"closed","template":"","meta":[],"product_brand":[],"product_cat":[33,32,35],"product_tag":[],"class_list":{"0":"post-1103","1":"product","2":"type-product","3":"status-publish","4":"has-post-thumbnail","6":"product_cat-all-in-one-battery-energy-storage-system","7":"product_cat-commercial-and-industrial-energy-storage","8":"product_cat-container-series","10":"first","11":"instock","12":"shipping-taxable","13":"product-type-simple"},"_links":{"self":[{"href":"https:\/\/hdxenergy.com\/vi\/wp-json\/wp\/v2\/product\/1103","targetHints":{"allow":["GET"]}}],"collection":[{"href":"https:\/\/hdxenergy.com\/vi\/wp-json\/wp\/v2\/product"}],"about":[{"href":"https:\/\/hdxenergy.com\/vi\/wp-json\/wp\/v2\/types\/product"}],"replies":[{"embeddable":true,"href":"https:\/\/hdxenergy.com\/vi\/wp-json\/wp\/v2\/comments?post=1103"}],"wp:featuredmedia":[{"embeddable":true,"href":"https:\/\/hdxenergy.com\/vi\/wp-json\/wp\/v2\/media\/1104"}],"wp:attachment":[{"href":"https:\/\/hdxenergy.com\/vi\/wp-json\/wp\/v2\/media?parent=1103"}],"wp:term":[{"taxonomy":"product_brand","embeddable":true,"href":"https:\/\/hdxenergy.com\/vi\/wp-json\/wp\/v2\/product_brand?post=1103"},{"taxonomy":"product_cat","embeddable":true,"href":"https:\/\/hdxenergy.com\/vi\/wp-json\/wp\/v2\/product_cat?post=1103"},{"taxonomy":"product_tag","embeddable":true,"href":"https:\/\/hdxenergy.com\/vi\/wp-json\/wp\/v2\/product_tag?post=1103"}],"curies":[{"name":"wp","href":"https:\/\/api.w.org\/{rel}","templated":true}]}}