{"id":670,"date":"2025-11-25T06:42:34","date_gmt":"2025-11-25T06:42:34","guid":{"rendered":"https:\/\/hdxenergy.com\/?post_type=product&#038;p=670"},"modified":"2026-01-07T07:29:56","modified_gmt":"2026-01-07T07:29:56","slug":"serie-ccs2","status":"publish","type":"product","link":"https:\/\/hdxenergy.com\/pt\/product\/ccs2-series\/","title":{"rendered":"Esta\u00e7\u00e3o de carregamento de ve\u00edculos el\u00e9tricos CCS2 Fabricante do equipamento original | 60-240kW"},"content":{"rendered":"<div class=\"table-container\">\n<table>\n<tbody>\n<tr>\n<td colspan=\"2\"><strong>ltem<\/strong><\/td>\n<td colspan=\"6\">Valor padr\u00e3o do par\u00e2metro<\/td>\n<\/tr>\n<tr>\n<td colspan=\"2\"><strong>Tens\u00e3o de entrada<\/strong><\/td>\n<td colspan=\"6\">Trif\u00e1sico 260-530 VCA<\/td>\n<\/tr>\n<tr>\n<td colspan=\"2\"><strong>frequ\u00eancia de luput<\/strong><\/td>\n<td colspan=\"6\">50 Hz\/60 Hz<\/td>\n<\/tr>\n<tr>\n<td colspan=\"2\"><strong>Pot\u00eancia nominal<\/strong><\/td>\n<td colspan=\"6\">60 kW\/120 kW\/160 kW\/240 kW<\/td>\n<\/tr>\n<tr>\n<td colspan=\"2\"><strong>Tens\u00e3o de sa\u00edda<\/strong><\/td>\n<td colspan=\"6\">200~1000 Vcc<\/td>\n<\/tr>\n<tr>\n<td colspan=\"2\"><strong>Corrente de sa\u00edda<\/strong><\/td>\n<td colspan=\"6\">0-200 Adc<\/td>\n<\/tr>\n<tr>\n<td colspan=\"2\"><strong>Tens\u00e3o de entrada<\/strong><\/td>\n<td colspan=\"6\">Trif\u00e1sico 260-530 VCA<\/td>\n<\/tr>\n<tr>\n<td colspan=\"2\"><strong>Grau de prote\u00e7\u00e3o<\/strong><\/td>\n<td colspan=\"6\">IP55\/IK10<\/td>\n<\/tr>\n<tr>\n<td colspan=\"2\"><strong>Normas<\/strong><\/td>\n<td colspan=\"6\">UL 2202, CSA-C22.2 N\u00ba 107.1-16 UL2231, CSA C22.2 N\u00ba 281<\/td>\n<\/tr>\n<tr>\n<td colspan=\"2\"><strong>Peso<\/strong><\/td>\n<td colspan=\"6\">230 kg~260 kg<\/td>\n<\/tr>\n<tr>\n<td colspan=\"2\"><strong>Dimens\u00e3o<\/strong><\/td>\n<td colspan=\"6\">650 x 700 x 1700 mm (C x A)<\/td>\n<\/tr>\n<tr>\n<td colspan=\"2\"><strong>Interface de rede<\/strong><\/td>\n<td colspan=\"6\">Ethemet, Wi-Fi, 4G<\/td>\n<\/tr>\n<tr>\n<td colspan=\"2\"><strong>Norma de seguran\u00e7a<\/strong><\/td>\n<td colspan=\"6\">EN 61851-1-2001 EN 61851-21-2001 EN 61851-22-2001<\/td>\n<\/tr>\n<\/tbody>\n<\/table>\n<\/div>\n<p><img fetchpriority=\"high\" decoding=\"async\" class=\"alignnone wp-image-676 size-full\" src=\"https:\/\/hdxenergy.com\/wp-content\/uploads\/2025\/11\/CCS2-Series6.jpg\" alt=\"Aplica\u00e7\u00f5es da esta\u00e7\u00e3o de carregamento de ve\u00edculos el\u00e9tricos CCS2\" width=\"1000\" height=\"1000\" srcset=\"https:\/\/hdxenergy.com\/wp-content\/uploads\/2025\/11\/CCS2-Series6.jpg 1000w, https:\/\/hdxenergy.com\/wp-content\/uploads\/2025\/11\/CCS2-Series6-300x300.jpg 300w, https:\/\/hdxenergy.com\/wp-content\/uploads\/2025\/11\/CCS2-Series6-150x150.jpg 150w, https:\/\/hdxenergy.com\/wp-content\/uploads\/2025\/11\/CCS2-Series6-768x768.jpg 768w, https:\/\/hdxenergy.com\/wp-content\/uploads\/2025\/11\/CCS2-Series6-600x600.jpg 600w, https:\/\/hdxenergy.com\/wp-content\/uploads\/2025\/11\/CCS2-Series6-100x100.jpg 100w\" sizes=\"(max-width: 1000px) 100vw, 1000px\" \/> <img decoding=\"async\" class=\"alignnone wp-image-675 size-full\" src=\"https:\/\/hdxenergy.com\/wp-content\/uploads\/2025\/11\/CCS2-Series5.png\" alt=\"Portas simples\/duplas opcionais\" width=\"1000\" height=\"1000\" srcset=\"https:\/\/hdxenergy.com\/wp-content\/uploads\/2025\/11\/CCS2-Series5.png 1000w, https:\/\/hdxenergy.com\/wp-content\/uploads\/2025\/11\/CCS2-Series5-300x300.png 300w, https:\/\/hdxenergy.com\/wp-content\/uploads\/2025\/11\/CCS2-Series5-150x150.png 150w, https:\/\/hdxenergy.com\/wp-content\/uploads\/2025\/11\/CCS2-Series5-768x768.png 768w, https:\/\/hdxenergy.com\/wp-content\/uploads\/2025\/11\/CCS2-Series5-600x600.png 600w, https:\/\/hdxenergy.com\/wp-content\/uploads\/2025\/11\/CCS2-Series5-100x100.png 100w\" sizes=\"(max-width: 1000px) 100vw, 1000px\" \/><\/p>","protected":false},"excerpt":{"rendered":"<ul>\n<li>Carregador r\u00e1pido DC de 2 pistolas para ve\u00edculos el\u00e9tricos<\/li>\n<li>Oferece flexibilidade em faixas de pot\u00eancia de 40 kW a 400 kW para carregar dois ve\u00edculos el\u00e9tricos simultaneamente.<\/li>\n<li>60\/80\/160\/180\/240\/360 Opcional<\/li>\n<li>Economia de tempo \u2013 Carregamento r\u00e1pido<\/li>\n<li>M\u00e9todo de pagamento RFID\/C\u00d3DIGO QR\/M\u00e1quina POS<\/li>\n<li>1 pistola ou 2 pistolas (CCS1 || CCS2 || CHAdeMO || GBT|| Tesla)<\/li>\n<li>Tela sens\u00edvel ao toque LCD colorida de 7 polegadas<\/li>\n<li>Garantia de 24 meses<\/li>\n<\/ul>","protected":false},"featured_media":672,"comment_status":"open","ping_status":"closed","template":"","meta":[],"product_brand":[],"product_cat":[24],"product_tag":[],"class_list":{"0":"post-670","1":"product","2":"type-product","3":"status-publish","4":"has-post-thumbnail","6":"product_cat-electric-vehicle-charging-stations","8":"first","9":"instock","10":"shipping-taxable","11":"product-type-simple"},"_links":{"self":[{"href":"https:\/\/hdxenergy.com\/pt\/wp-json\/wp\/v2\/product\/670","targetHints":{"allow":["GET"]}}],"collection":[{"href":"https:\/\/hdxenergy.com\/pt\/wp-json\/wp\/v2\/product"}],"about":[{"href":"https:\/\/hdxenergy.com\/pt\/wp-json\/wp\/v2\/types\/product"}],"replies":[{"embeddable":true,"href":"https:\/\/hdxenergy.com\/pt\/wp-json\/wp\/v2\/comments?post=670"}],"wp:featuredmedia":[{"embeddable":true,"href":"https:\/\/hdxenergy.com\/pt\/wp-json\/wp\/v2\/media\/672"}],"wp:attachment":[{"href":"https:\/\/hdxenergy.com\/pt\/wp-json\/wp\/v2\/media?parent=670"}],"wp:term":[{"taxonomy":"product_brand","embeddable":true,"href":"https:\/\/hdxenergy.com\/pt\/wp-json\/wp\/v2\/product_brand?post=670"},{"taxonomy":"product_cat","embeddable":true,"href":"https:\/\/hdxenergy.com\/pt\/wp-json\/wp\/v2\/product_cat?post=670"},{"taxonomy":"product_tag","embeddable":true,"href":"https:\/\/hdxenergy.com\/pt\/wp-json\/wp\/v2\/product_tag?post=670"}],"curies":[{"name":"wp","href":"https:\/\/api.w.org\/{rel}","templated":true}]}}