{"id":663,"date":"2025-11-25T06:24:24","date_gmt":"2025-11-25T06:24:24","guid":{"rendered":"https:\/\/hdxenergy.com\/?post_type=product&#038;p=663"},"modified":"2026-01-07T07:24:18","modified_gmt":"2026-01-07T07:24:18","slug":"serie-gbt","status":"publish","type":"product","link":"https:\/\/hdxenergy.com\/pt\/product\/gbt-series\/","title":{"rendered":"Esta\u00e7\u00f5es de carregamento de ve\u00edculos el\u00e9tricos da s\u00e9rie GBT"},"content":{"rendered":"<div class=\"table-container\">\n<table>\n<tbody>\n<tr>\n<td colspan=\"2\">ltem<\/td>\n<td colspan=\"6\">Valor padr\u00e3o do par\u00e2metro<\/td>\n<\/tr>\n<tr>\n<td colspan=\"2\">Tens\u00e3o de entrada<\/td>\n<td colspan=\"6\">AC380V<\/td>\n<\/tr>\n<tr>\n<td colspan=\"2\">frequ\u00eancia de luput<\/td>\n<td colspan=\"6\">50 Hz\/60 Hz<\/td>\n<\/tr>\n<tr>\n<td colspan=\"2\">Pot\u00eancia nominal<\/td>\n<td colspan=\"6\">30 kW\/60 kW\/120 kW<\/td>\n<\/tr>\n<tr>\n<td colspan=\"2\">Tens\u00e3o de sa\u00edda<\/td>\n<td colspan=\"6\">200~1000 Vcc<\/td>\n<\/tr>\n<tr>\n<td colspan=\"2\">Corrente de sa\u00edda<\/td>\n<td colspan=\"6\">0-200 Adc<\/td>\n<\/tr>\n<tr>\n<td colspan=\"2\">Tens\u00e3o de entrada<\/td>\n<td colspan=\"6\">Trif\u00e1sico 260-530 VCA<\/td>\n<\/tr>\n<tr>\n<td colspan=\"2\">Grau de prote\u00e7\u00e3o<\/td>\n<td colspan=\"6\">IP55\/IK10<\/td>\n<\/tr>\n<tr>\n<td colspan=\"2\">Normas<\/td>\n<td colspan=\"6\">CSA-C22.2No.107.1-16UL2231,CSA C22.2 NO.281<\/td>\n<\/tr>\n<tr>\n<td colspan=\"2\">Peso<\/td>\n<td colspan=\"6\">230 kg~260 kg<\/td>\n<\/tr>\n<tr>\n<td colspan=\"2\">Dimens\u00e3o<\/td>\n<td colspan=\"6\">650 x 700 x 1700 mm (C x A)<\/td>\n<\/tr>\n<tr>\n<td colspan=\"2\">Interface de rede<\/td>\n<td colspan=\"6\">Ethemet, Wi-Fi, 4G<\/td>\n<\/tr>\n<tr>\n<td colspan=\"2\">Norma de seguran\u00e7a<\/td>\n<td colspan=\"6\">EN 61851-1-2001 EN 61851-21-2001 EN 61851-22-2001<\/td>\n<\/tr>\n<\/tbody>\n<\/table>\n<\/div>\n<p><img fetchpriority=\"high\" decoding=\"async\" class=\"alignnone wp-image-669 size-full\" src=\"https:\/\/hdxenergy.com\/wp-content\/uploads\/2025\/11\/GBT-Series04.jpg\" alt=\"Exibi\u00e7\u00e3o do certificado\" width=\"1000\" height=\"1000\" srcset=\"https:\/\/hdxenergy.com\/wp-content\/uploads\/2025\/11\/GBT-Series04.jpg 1000w, https:\/\/hdxenergy.com\/wp-content\/uploads\/2025\/11\/GBT-Series04-300x300.jpg 300w, https:\/\/hdxenergy.com\/wp-content\/uploads\/2025\/11\/GBT-Series04-150x150.jpg 150w, https:\/\/hdxenergy.com\/wp-content\/uploads\/2025\/11\/GBT-Series04-768x768.jpg 768w, https:\/\/hdxenergy.com\/wp-content\/uploads\/2025\/11\/GBT-Series04-600x600.jpg 600w, https:\/\/hdxenergy.com\/wp-content\/uploads\/2025\/11\/GBT-Series04-100x100.jpg 100w\" sizes=\"(max-width: 1000px) 100vw, 1000px\" \/> <img decoding=\"async\" class=\"alignnone wp-image-668 size-full\" src=\"https:\/\/hdxenergy.com\/wp-content\/uploads\/2025\/11\/GBT-Series03.jpg\" alt=\"Suporta v\u00e1rias portas de carregamento\" width=\"1000\" height=\"1000\" srcset=\"https:\/\/hdxenergy.com\/wp-content\/uploads\/2025\/11\/GBT-Series03.jpg 1000w, https:\/\/hdxenergy.com\/wp-content\/uploads\/2025\/11\/GBT-Series03-300x300.jpg 300w, https:\/\/hdxenergy.com\/wp-content\/uploads\/2025\/11\/GBT-Series03-150x150.jpg 150w, https:\/\/hdxenergy.com\/wp-content\/uploads\/2025\/11\/GBT-Series03-768x768.jpg 768w, https:\/\/hdxenergy.com\/wp-content\/uploads\/2025\/11\/GBT-Series03-600x600.jpg 600w, https:\/\/hdxenergy.com\/wp-content\/uploads\/2025\/11\/GBT-Series03-100x100.jpg 100w\" sizes=\"(max-width: 1000px) 100vw, 1000px\" \/> <img decoding=\"async\" class=\"alignnone wp-image-667 size-full\" src=\"https:\/\/hdxenergy.com\/wp-content\/uploads\/2025\/11\/GBT-Series02.jpg\" alt=\"Melhore seu Roi\" width=\"1000\" height=\"1000\" srcset=\"https:\/\/hdxenergy.com\/wp-content\/uploads\/2025\/11\/GBT-Series02.jpg 1000w, https:\/\/hdxenergy.com\/wp-content\/uploads\/2025\/11\/GBT-Series02-300x300.jpg 300w, https:\/\/hdxenergy.com\/wp-content\/uploads\/2025\/11\/GBT-Series02-150x150.jpg 150w, https:\/\/hdxenergy.com\/wp-content\/uploads\/2025\/11\/GBT-Series02-768x768.jpg 768w, https:\/\/hdxenergy.com\/wp-content\/uploads\/2025\/11\/GBT-Series02-600x600.jpg 600w, https:\/\/hdxenergy.com\/wp-content\/uploads\/2025\/11\/GBT-Series02-100x100.jpg 100w\" sizes=\"(max-width: 1000px) 100vw, 1000px\" \/> <img loading=\"lazy\" decoding=\"async\" class=\"alignnone wp-image-665 size-full\" src=\"https:\/\/hdxenergy.com\/wp-content\/uploads\/2025\/11\/GBT-Series01.jpg\" alt=\"Cena da s\u00e9rie GBT\" width=\"1000\" height=\"1000\" srcset=\"https:\/\/hdxenergy.com\/wp-content\/uploads\/2025\/11\/GBT-Series01.jpg 1000w, https:\/\/hdxenergy.com\/wp-content\/uploads\/2025\/11\/GBT-Series01-300x300.jpg 300w, https:\/\/hdxenergy.com\/wp-content\/uploads\/2025\/11\/GBT-Series01-150x150.jpg 150w, https:\/\/hdxenergy.com\/wp-content\/uploads\/2025\/11\/GBT-Series01-768x768.jpg 768w, https:\/\/hdxenergy.com\/wp-content\/uploads\/2025\/11\/GBT-Series01-600x600.jpg 600w, https:\/\/hdxenergy.com\/wp-content\/uploads\/2025\/11\/GBT-Series01-100x100.jpg 100w\" sizes=\"(max-width: 1000px) 100vw, 1000px\" \/><\/p>","protected":false},"excerpt":{"rendered":"<ul>\n<li>60\/80\/160\/180\/240\/360 Opcional<\/li>\n<li>Economia de tempo \u2013 Carregamento r\u00e1pido<\/li>\n<li>M\u00e9todo de pagamento RFID\/C\u00d3DIGO QR\/M\u00e1quina POS<\/li>\n<li>1 pistola ou 2 pistolas (CCS1 || CCS2 || CHAdeMO || GBT|| Tesla)<\/li>\n<li>Tela sens\u00edvel ao toque LCD colorida de 7 polegadas<\/li>\n<li>Garantia de 24 meses<\/li>\n<\/ul>","protected":false},"featured_media":708,"comment_status":"open","ping_status":"closed","template":"","meta":[],"product_brand":[],"product_cat":[24],"product_tag":[],"class_list":{"0":"post-663","1":"product","2":"type-product","3":"status-publish","4":"has-post-thumbnail","6":"product_cat-electric-vehicle-charging-stations","8":"first","9":"instock","10":"shipping-taxable","11":"product-type-simple"},"_links":{"self":[{"href":"https:\/\/hdxenergy.com\/pt\/wp-json\/wp\/v2\/product\/663","targetHints":{"allow":["GET"]}}],"collection":[{"href":"https:\/\/hdxenergy.com\/pt\/wp-json\/wp\/v2\/product"}],"about":[{"href":"https:\/\/hdxenergy.com\/pt\/wp-json\/wp\/v2\/types\/product"}],"replies":[{"embeddable":true,"href":"https:\/\/hdxenergy.com\/pt\/wp-json\/wp\/v2\/comments?post=663"}],"wp:featuredmedia":[{"embeddable":true,"href":"https:\/\/hdxenergy.com\/pt\/wp-json\/wp\/v2\/media\/708"}],"wp:attachment":[{"href":"https:\/\/hdxenergy.com\/pt\/wp-json\/wp\/v2\/media?parent=663"}],"wp:term":[{"taxonomy":"product_brand","embeddable":true,"href":"https:\/\/hdxenergy.com\/pt\/wp-json\/wp\/v2\/product_brand?post=663"},{"taxonomy":"product_cat","embeddable":true,"href":"https:\/\/hdxenergy.com\/pt\/wp-json\/wp\/v2\/product_cat?post=663"},{"taxonomy":"product_tag","embeddable":true,"href":"https:\/\/hdxenergy.com\/pt\/wp-json\/wp\/v2\/product_tag?post=663"}],"curies":[{"name":"wp","href":"https:\/\/api.w.org\/{rel}","templated":true}]}}