{"id":657,"date":"2025-11-25T06:12:48","date_gmt":"2025-11-25T06:12:48","guid":{"rendered":"https:\/\/hdxenergy.com\/?post_type=product&#038;p=657"},"modified":"2026-01-07T07:21:22","modified_gmt":"2026-01-07T07:21:22","slug":"serie-nacs","status":"publish","type":"product","link":"https:\/\/hdxenergy.com\/pt\/product\/nacs-series\/","title":{"rendered":"Fabricante da esta\u00e7\u00e3o de carregamento de ve\u00edculos el\u00e9tricos CCS1 da s\u00e9rie NACS 60-360kW"},"content":{"rendered":"<div class=\"table-container\">\n<table>\n<tbody>\n<tr>\n<td colspan=\"2\"><strong>ltem<\/strong><\/td>\n<td colspan=\"6\">Valor padr\u00e3o do par\u00e2metro<\/td>\n<\/tr>\n<tr>\n<td colspan=\"2\"><strong>Tens\u00e3o de entrada<\/strong><\/td>\n<td colspan=\"6\">Trif\u00e1sico 260-530 VCA<\/td>\n<\/tr>\n<tr>\n<td colspan=\"2\"><strong>frequ\u00eancia de luput<\/strong><\/td>\n<td colspan=\"6\">50 Hz\/60 Hz<\/td>\n<\/tr>\n<tr>\n<td colspan=\"2\"><strong>Pot\u00eancia nominal<\/strong><\/td>\n<td colspan=\"6\">30 kW\/60 kW\/120 kW<\/td>\n<\/tr>\n<tr>\n<td colspan=\"2\"><strong>Tens\u00e3o de sa\u00edda<\/strong><\/td>\n<td colspan=\"6\">200~1000 Vcc<\/td>\n<\/tr>\n<tr>\n<td colspan=\"2\"><strong>Corrente de sa\u00edda<\/strong><\/td>\n<td colspan=\"6\">0-200 Adc<\/td>\n<\/tr>\n<tr>\n<td colspan=\"2\"><strong>Tens\u00e3o de entrada<\/strong><\/td>\n<td colspan=\"6\">Trif\u00e1sico 260-530 VCA<\/td>\n<\/tr>\n<tr>\n<td colspan=\"2\"><strong>Grau de prote\u00e7\u00e3o<\/strong><\/td>\n<td colspan=\"6\">IP55\/IK10<\/td>\n<\/tr>\n<tr>\n<td colspan=\"2\"><strong>Normas<\/strong><\/td>\n<td colspan=\"6\">UL 2202, CSA-C22.2 N\u00ba 107.1-16 UL2231, CSA C22.2 N\u00ba 281<\/td>\n<\/tr>\n<tr>\n<td colspan=\"2\"><strong>Peso<\/strong><\/td>\n<td colspan=\"6\">230 kg~260 kg<\/td>\n<\/tr>\n<tr>\n<td colspan=\"2\"><strong>Dimens\u00e3o<\/strong><\/td>\n<td colspan=\"6\">650 x 700 x 1700 mm (C x A)<\/td>\n<\/tr>\n<tr>\n<td colspan=\"2\"><strong>Interface de rede<\/strong><\/td>\n<td colspan=\"6\">Ethemet, Wi-Fi, 4G<\/td>\n<\/tr>\n<tr>\n<td colspan=\"2\"><strong>Norma de seguran\u00e7a<\/strong><\/td>\n<td colspan=\"6\">EN 61851-1-2001 EN 61851-21-2001 EN 61851-22-2001<\/td>\n<\/tr>\n<\/tbody>\n<\/table>\n<\/div>\n<p><img fetchpriority=\"high\" decoding=\"async\" class=\"alignnone wp-image-658 size-full\" src=\"https:\/\/hdxenergy.com\/wp-content\/uploads\/2025\/11\/NACS-Series00.jpg\" alt=\"Descri\u00e7\u00e3o da indica\u00e7\u00e3o funcional da esta\u00e7\u00e3o de carregamento de ve\u00edculos el\u00e9tricos CCS1 da s\u00e9rie NACS\" width=\"1000\" height=\"1000\" srcset=\"https:\/\/hdxenergy.com\/wp-content\/uploads\/2025\/11\/NACS-Series00.jpg 1000w, https:\/\/hdxenergy.com\/wp-content\/uploads\/2025\/11\/NACS-Series00-300x300.jpg 300w, https:\/\/hdxenergy.com\/wp-content\/uploads\/2025\/11\/NACS-Series00-150x150.jpg 150w, https:\/\/hdxenergy.com\/wp-content\/uploads\/2025\/11\/NACS-Series00-768x768.jpg 768w, https:\/\/hdxenergy.com\/wp-content\/uploads\/2025\/11\/NACS-Series00-600x600.jpg 600w, https:\/\/hdxenergy.com\/wp-content\/uploads\/2025\/11\/NACS-Series00-100x100.jpg 100w\" sizes=\"(max-width: 1000px) 100vw, 1000px\" \/><\/p>\n<p><strong>Carregamento r\u00e1pido de alta pot\u00eancia (60\u2013300 kW)<\/strong><\/p>\n<p>Oferece op\u00e7\u00f5es de energia flex\u00edveis para dar suporte a diferentes tipos de ve\u00edculos e cen\u00e1rios de uso comercial, proporcionando carregamento DC r\u00e1pido e eficiente para locais de alto tr\u00e1fego.<\/p>\n<p><strong>Opera\u00e7\u00e3o est\u00e1vel, dur\u00e1vel e inteligente<\/strong><\/p>\n<p>Projetado com componentes de n\u00edvel industrial, resfriamento avan\u00e7ado e controle inteligente de energia para garantir estabilidade a longo prazo, gerenciamento eficiente de energia e baixos custos operacionais.<\/p>\n<p><strong>Seguro, certificado e f\u00e1cil de usar<\/strong><\/p>\n<p>Inclui recursos de prote\u00e7\u00e3o abrangentes e uma interface f\u00e1cil de usar. Certificado pela CE e UKCA, tornando-o adequado para instala\u00e7\u00f5es de carregamento p\u00fablicas, comerciais e de frotas.<\/p>\n<p><img decoding=\"async\" class=\"alignnone wp-image-1087 size-full\" src=\"https:\/\/hdxenergy.com\/wp-content\/uploads\/2025\/11\/NACS-SeriesCCS1.jpg\" alt=\"Tamanho da esta\u00e7\u00e3o de carregamento de ve\u00edculos el\u00e9tricos CCS1 da s\u00e9rie NACS\" width=\"568\" height=\"551\" srcset=\"https:\/\/hdxenergy.com\/wp-content\/uploads\/2025\/11\/NACS-SeriesCCS1.jpg 568w, https:\/\/hdxenergy.com\/wp-content\/uploads\/2025\/11\/NACS-SeriesCCS1-300x291.jpg 300w\" sizes=\"(max-width: 568px) 100vw, 568px\" \/><\/p>\n<p><strong>Aplica\u00e7\u00f5es<\/strong><br \/>\nEsta\u00e7\u00f5es p\u00fablicas de carregamento de ve\u00edculos el\u00e9tricos<br \/>\nEstacionamentos comerciais<br \/>\nEmpresas de log\u00edstica e operadores de frotas<br \/>\nConcession\u00e1rias de autom\u00f3veis e centros de servi\u00e7os<br \/>\nShopping centers e parques empresariais<br \/>\nComunidades residenciais e complexos de uso misto<br \/>\nLocais que requerem integra\u00e7\u00e3o com pain\u00e9is solares e arm\u00e1rios de armazenamento de energia para construir um sistema energ\u00e9tico comercial completo.<\/p>\n<p><img decoding=\"async\" class=\"alignnone wp-image-1089 size-full\" src=\"https:\/\/hdxenergy.com\/wp-content\/uploads\/2025\/11\/NACS-Series-2.jpg\" alt=\"Cen\u00e1rios de uso da esta\u00e7\u00e3o de carregamento de ve\u00edculos el\u00e9tricos CCS1 da s\u00e9rie NACS 1\" width=\"965\" height=\"721\" srcset=\"https:\/\/hdxenergy.com\/wp-content\/uploads\/2025\/11\/NACS-Series-2.jpg 965w, https:\/\/hdxenergy.com\/wp-content\/uploads\/2025\/11\/NACS-Series-2-300x224.jpg 300w, https:\/\/hdxenergy.com\/wp-content\/uploads\/2025\/11\/NACS-Series-2-768x574.jpg 768w, https:\/\/hdxenergy.com\/wp-content\/uploads\/2025\/11\/NACS-Series-2-600x448.jpg 600w\" sizes=\"(max-width: 965px) 100vw, 965px\" \/><\/p>\n<p><img loading=\"lazy\" decoding=\"async\" class=\"alignnone wp-image-1090 size-full\" src=\"https:\/\/hdxenergy.com\/wp-content\/uploads\/2025\/11\/NACS-Series-3.jpg\" alt=\"Cen\u00e1rios de uso da esta\u00e7\u00e3o de carregamento de ve\u00edculos el\u00e9tricos CCS1 da s\u00e9rie NACS 2\" width=\"965\" height=\"452\" srcset=\"https:\/\/hdxenergy.com\/wp-content\/uploads\/2025\/11\/NACS-Series-3.jpg 965w, https:\/\/hdxenergy.com\/wp-content\/uploads\/2025\/11\/NACS-Series-3-300x141.jpg 300w, https:\/\/hdxenergy.com\/wp-content\/uploads\/2025\/11\/NACS-Series-3-768x360.jpg 768w, https:\/\/hdxenergy.com\/wp-content\/uploads\/2025\/11\/NACS-Series-3-600x281.jpg 600w\" sizes=\"(max-width: 965px) 100vw, 965px\" \/><\/p>","protected":false},"excerpt":{"rendered":"<ul>\n<li>60\/80\/160\/180\/240\/360 kW opcional<\/li>\n<li>Economia de tempo \u2013 Carregamento r\u00e1pido<\/li>\n<li>M\u00e9todo de pagamento RFID\/C\u00d3DIGO QR\/M\u00e1quina POS<\/li>\n<li>1 pistola ou 2 pistolas (CCS1 || CCS2 || CHAdeMO || GBT|| Tesla)<\/li>\n<li>Tela sens\u00edvel ao toque LCD colorida de 7 polegadas<\/li>\n<li>Garantia de 24 meses<\/li>\n<\/ul>","protected":false},"featured_media":707,"comment_status":"open","ping_status":"closed","template":"","meta":[],"product_brand":[],"product_cat":[24],"product_tag":[],"class_list":{"0":"post-657","1":"product","2":"type-product","3":"status-publish","4":"has-post-thumbnail","6":"product_cat-electric-vehicle-charging-stations","8":"first","9":"instock","10":"shipping-taxable","11":"product-type-simple"},"_links":{"self":[{"href":"https:\/\/hdxenergy.com\/pt\/wp-json\/wp\/v2\/product\/657","targetHints":{"allow":["GET"]}}],"collection":[{"href":"https:\/\/hdxenergy.com\/pt\/wp-json\/wp\/v2\/product"}],"about":[{"href":"https:\/\/hdxenergy.com\/pt\/wp-json\/wp\/v2\/types\/product"}],"replies":[{"embeddable":true,"href":"https:\/\/hdxenergy.com\/pt\/wp-json\/wp\/v2\/comments?post=657"}],"wp:featuredmedia":[{"embeddable":true,"href":"https:\/\/hdxenergy.com\/pt\/wp-json\/wp\/v2\/media\/707"}],"wp:attachment":[{"href":"https:\/\/hdxenergy.com\/pt\/wp-json\/wp\/v2\/media?parent=657"}],"wp:term":[{"taxonomy":"product_brand","embeddable":true,"href":"https:\/\/hdxenergy.com\/pt\/wp-json\/wp\/v2\/product_brand?post=657"},{"taxonomy":"product_cat","embeddable":true,"href":"https:\/\/hdxenergy.com\/pt\/wp-json\/wp\/v2\/product_cat?post=657"},{"taxonomy":"product_tag","embeddable":true,"href":"https:\/\/hdxenergy.com\/pt\/wp-json\/wp\/v2\/product_tag?post=657"}],"curies":[{"name":"wp","href":"https:\/\/api.w.org\/{rel}","templated":true}]}}