{"id":645,"date":"2025-11-25T06:03:14","date_gmt":"2025-11-25T06:03:14","guid":{"rendered":"https:\/\/hdxenergy.com\/?post_type=product&#038;p=645"},"modified":"2026-01-07T07:16:03","modified_gmt":"2026-01-07T07:16:03","slug":"sistema-integrado-de-carregamento-de-armazenamento-solar","status":"publish","type":"product","link":"https:\/\/hdxenergy.com\/pt\/product\/solar-storage-charging-integrated-system\/","title":{"rendered":"Sistema integrado de carregamento de armazenamento solar"},"content":{"rendered":"<div class=\"table-container\">\n<table>\n<tbody>\n<tr>\n<td colspan=\"3\"><strong>Modelo<\/strong><\/td>\n<td>H098-193kWh<\/td>\n<\/tr>\n<tr>\n<td><strong>Dimens\u00f5es (C x L x A)<\/strong><\/td>\n<td>1340mm1100mm2280mm<\/td>\n<td>M\u00e9todo de recarga da bateria<\/td>\n<td>Padr\u00e3o nacional DC Pistola de carga padr\u00e3o nacional DC<\/td>\n<\/tr>\n<tr>\n<td><strong>Peso<\/strong><\/td>\n<td>1600 kg<\/td>\n<td><\/td>\n<td>AC: 380Vac (3P+N+PE)<\/td>\n<\/tr>\n<tr>\n<td><strong>Tens\u00e3o da bateria<\/strong><\/td>\n<td>614.4V<\/td>\n<td>Pot\u00eancia de sa\u00edda<\/td>\n<td>180kW<\/td>\n<\/tr>\n<tr>\n<td><strong>Faixa de tens\u00e3o da bateria<\/strong><\/td>\n<td>480V-700,8V<\/td>\n<td>Tens\u00e3o de sa\u00edda<\/td>\n<td>DC200-1000V<\/td>\n<\/tr>\n<tr>\n<td><strong>Energia nominal<\/strong><\/td>\n<td>193kWh<\/td>\n<td>Corrente de carga<\/td>\n<td>0-250A<\/td>\n<\/tr>\n<tr>\n<td><strong>Pot\u00eancia nominal de entrada<\/strong><\/td>\n<td>60kW<\/td>\n<td>Pistola de carregamento padr\u00e3o<\/td>\n<td>Padr\u00e3o nacional (personaliz\u00e1vel)<\/td>\n<\/tr>\n<tr>\n<td><strong>Pot\u00eancia nominal de sa\u00edda<\/strong><\/td>\n<td>120 kW<\/td>\n<td>Comprimento do cabo da pistola de carregamento<\/td>\n<td>7m<\/td>\n<\/tr>\n<tr>\n<td><strong>Tens\u00e3o nominal da rede<\/strong><\/td>\n<td>380V<\/td>\n<td>M\u00e9todo de comunica\u00e7\u00e3o<\/td>\n<td>4G<\/td>\n<\/tr>\n<tr>\n<td><strong>Faixa de tens\u00e3o da rede<\/strong><\/td>\n<td>323V~418V<\/td>\n<td>Faixa de temperatura operacional<\/td>\n<td>-30\u00b0C~+50\u00b0C<\/td>\n<\/tr>\n<tr>\n<td><strong>Faixa de frequ\u00eancia da grade<\/strong><\/td>\n<td>45Hz-55Hz<\/td>\n<td>Altitude m\u00e1xima de opera\u00e7\u00e3o<\/td>\n<td>3000m<\/td>\n<\/tr>\n<tr>\n<td><strong>Classe de prote\u00e7\u00e3o<\/strong><\/td>\n<td>IP55<\/td>\n<td>Normas de certifica\u00e7\u00e3o<\/td>\n<td>GBIT 36276,GBT 34131,GBIT 34120,GBT 34133<\/td>\n<\/tr>\n<tr>\n<td><strong>M\u00e9todo de controle de temperatura<\/strong><\/td>\n<td>resfriamento l\u00edquido inteligente<\/td>\n<td>Interface de comunica\u00e7\u00e3o<\/td>\n<td>LAN\/CAN\/485<\/td>\n<\/tr>\n<\/tbody>\n<\/table>\n<\/div>\n<p><img fetchpriority=\"high\" decoding=\"async\" class=\"alignnone wp-image-655 size-full\" src=\"https:\/\/hdxenergy.com\/wp-content\/uploads\/2025\/11\/Solar-Storage-Charging-Integrated-System7.jpg\" alt=\"Objeto f\u00edsico do sistema integrado de carregamento de armazenamento solar\" width=\"1000\" height=\"1000\" srcset=\"https:\/\/hdxenergy.com\/wp-content\/uploads\/2025\/11\/Solar-Storage-Charging-Integrated-System7.jpg 1000w, https:\/\/hdxenergy.com\/wp-content\/uploads\/2025\/11\/Solar-Storage-Charging-Integrated-System7-300x300.jpg 300w, https:\/\/hdxenergy.com\/wp-content\/uploads\/2025\/11\/Solar-Storage-Charging-Integrated-System7-150x150.jpg 150w, https:\/\/hdxenergy.com\/wp-content\/uploads\/2025\/11\/Solar-Storage-Charging-Integrated-System7-768x768.jpg 768w, https:\/\/hdxenergy.com\/wp-content\/uploads\/2025\/11\/Solar-Storage-Charging-Integrated-System7-600x600.jpg 600w, https:\/\/hdxenergy.com\/wp-content\/uploads\/2025\/11\/Solar-Storage-Charging-Integrated-System7-100x100.jpg 100w\" sizes=\"(max-width: 1000px) 100vw, 1000px\" \/> <img decoding=\"async\" class=\"alignnone wp-image-654 size-full\" src=\"https:\/\/hdxenergy.com\/wp-content\/uploads\/2025\/11\/Solar-Storage-Charging-Integrated-System6.jpg\" alt=\"tabela de par\u00e2metros\" width=\"1000\" height=\"1000\" srcset=\"https:\/\/hdxenergy.com\/wp-content\/uploads\/2025\/11\/Solar-Storage-Charging-Integrated-System6.jpg 1000w, https:\/\/hdxenergy.com\/wp-content\/uploads\/2025\/11\/Solar-Storage-Charging-Integrated-System6-300x300.jpg 300w, https:\/\/hdxenergy.com\/wp-content\/uploads\/2025\/11\/Solar-Storage-Charging-Integrated-System6-150x150.jpg 150w, https:\/\/hdxenergy.com\/wp-content\/uploads\/2025\/11\/Solar-Storage-Charging-Integrated-System6-768x768.jpg 768w, https:\/\/hdxenergy.com\/wp-content\/uploads\/2025\/11\/Solar-Storage-Charging-Integrated-System6-600x600.jpg 600w, https:\/\/hdxenergy.com\/wp-content\/uploads\/2025\/11\/Solar-Storage-Charging-Integrated-System6-100x100.jpg 100w\" sizes=\"(max-width: 1000px) 100vw, 1000px\" \/> <img decoding=\"async\" class=\"alignnone wp-image-653 size-full\" src=\"https:\/\/hdxenergy.com\/wp-content\/uploads\/2025\/11\/Solar-Storage-Charging-Integrated-System5.jpg\" alt=\"Cen\u00e1rios de aplica\u00e7\u00e3o do sistema integrado de carregamento de armazenamento solar 3\" width=\"1000\" height=\"1000\" srcset=\"https:\/\/hdxenergy.com\/wp-content\/uploads\/2025\/11\/Solar-Storage-Charging-Integrated-System5.jpg 1000w, https:\/\/hdxenergy.com\/wp-content\/uploads\/2025\/11\/Solar-Storage-Charging-Integrated-System5-300x300.jpg 300w, https:\/\/hdxenergy.com\/wp-content\/uploads\/2025\/11\/Solar-Storage-Charging-Integrated-System5-150x150.jpg 150w, https:\/\/hdxenergy.com\/wp-content\/uploads\/2025\/11\/Solar-Storage-Charging-Integrated-System5-768x768.jpg 768w, https:\/\/hdxenergy.com\/wp-content\/uploads\/2025\/11\/Solar-Storage-Charging-Integrated-System5-600x600.jpg 600w, https:\/\/hdxenergy.com\/wp-content\/uploads\/2025\/11\/Solar-Storage-Charging-Integrated-System5-100x100.jpg 100w\" sizes=\"(max-width: 1000px) 100vw, 1000px\" \/> <img loading=\"lazy\" decoding=\"async\" class=\"alignnone wp-image-652 size-full\" src=\"https:\/\/hdxenergy.com\/wp-content\/uploads\/2025\/11\/Solar-Storage-Charging-Integrated-System4.jpg\" alt=\"Cen\u00e1rios de aplica\u00e7\u00e3o do sistema integrado de carregamento de armazenamento solar 2\" width=\"1000\" height=\"1000\" srcset=\"https:\/\/hdxenergy.com\/wp-content\/uploads\/2025\/11\/Solar-Storage-Charging-Integrated-System4.jpg 1000w, https:\/\/hdxenergy.com\/wp-content\/uploads\/2025\/11\/Solar-Storage-Charging-Integrated-System4-300x300.jpg 300w, https:\/\/hdxenergy.com\/wp-content\/uploads\/2025\/11\/Solar-Storage-Charging-Integrated-System4-150x150.jpg 150w, https:\/\/hdxenergy.com\/wp-content\/uploads\/2025\/11\/Solar-Storage-Charging-Integrated-System4-768x768.jpg 768w, https:\/\/hdxenergy.com\/wp-content\/uploads\/2025\/11\/Solar-Storage-Charging-Integrated-System4-600x600.jpg 600w, https:\/\/hdxenergy.com\/wp-content\/uploads\/2025\/11\/Solar-Storage-Charging-Integrated-System4-100x100.jpg 100w\" sizes=\"(max-width: 1000px) 100vw, 1000px\" \/> <img loading=\"lazy\" decoding=\"async\" class=\"alignnone wp-image-651 size-full\" src=\"https:\/\/hdxenergy.com\/wp-content\/uploads\/2025\/11\/Solar-Storage-Charging-Integrated-System3.jpg\" alt=\"Cen\u00e1rios de aplica\u00e7\u00e3o do sistema integrado de carregamento de armazenamento solar 1\" width=\"1080\" height=\"1440\" srcset=\"https:\/\/hdxenergy.com\/wp-content\/uploads\/2025\/11\/Solar-Storage-Charging-Integrated-System3.jpg 1080w, https:\/\/hdxenergy.com\/wp-content\/uploads\/2025\/11\/Solar-Storage-Charging-Integrated-System3-225x300.jpg 225w, https:\/\/hdxenergy.com\/wp-content\/uploads\/2025\/11\/Solar-Storage-Charging-Integrated-System3-768x1024.jpg 768w, https:\/\/hdxenergy.com\/wp-content\/uploads\/2025\/11\/Solar-Storage-Charging-Integrated-System3-600x800.jpg 600w, https:\/\/hdxenergy.com\/wp-content\/uploads\/2025\/11\/Solar-Storage-Charging-Integrated-System3-1000x1333.jpg 1000w\" sizes=\"(max-width: 1080px) 100vw, 1080px\" \/><\/p>","protected":false},"excerpt":{"rendered":"<ul>\n<li>Esta\u00e7\u00e3o de carregamento r\u00e1pido DC para ve\u00edculos de energia nova, plug-and-play e fora da rede<\/li>\n<li>Solu\u00e7\u00e3o integrada para c\u00e9lulas de bateria LiFePO4 e sistema de carregamento<\/li>\n<li>O modo de carregamento \u00e9 para entrada de pilha de carregamento CC<\/li>\n<li>Sa\u00edda de pistola dupla, com suporte para pistola de carregamento de padr\u00e3o nacional personalizado (padr\u00e3o europeu\/americano\/japon\u00eas)<\/li>\n<li>O design modular \u00e9 mais f\u00e1cil para instala\u00e7\u00e3o e manuten\u00e7\u00e3o<\/li>\n<\/ul>\n<p>&nbsp;<\/p>","protected":false},"featured_media":650,"comment_status":"open","ping_status":"closed","template":"","meta":[],"product_brand":[],"product_cat":[24],"product_tag":[],"class_list":{"0":"post-645","1":"product","2":"type-product","3":"status-publish","4":"has-post-thumbnail","6":"product_cat-electric-vehicle-charging-stations","8":"first","9":"instock","10":"shipping-taxable","11":"product-type-simple"},"_links":{"self":[{"href":"https:\/\/hdxenergy.com\/pt\/wp-json\/wp\/v2\/product\/645","targetHints":{"allow":["GET"]}}],"collection":[{"href":"https:\/\/hdxenergy.com\/pt\/wp-json\/wp\/v2\/product"}],"about":[{"href":"https:\/\/hdxenergy.com\/pt\/wp-json\/wp\/v2\/types\/product"}],"replies":[{"embeddable":true,"href":"https:\/\/hdxenergy.com\/pt\/wp-json\/wp\/v2\/comments?post=645"}],"wp:featuredmedia":[{"embeddable":true,"href":"https:\/\/hdxenergy.com\/pt\/wp-json\/wp\/v2\/media\/650"}],"wp:attachment":[{"href":"https:\/\/hdxenergy.com\/pt\/wp-json\/wp\/v2\/media?parent=645"}],"wp:term":[{"taxonomy":"product_brand","embeddable":true,"href":"https:\/\/hdxenergy.com\/pt\/wp-json\/wp\/v2\/product_brand?post=645"},{"taxonomy":"product_cat","embeddable":true,"href":"https:\/\/hdxenergy.com\/pt\/wp-json\/wp\/v2\/product_cat?post=645"},{"taxonomy":"product_tag","embeddable":true,"href":"https:\/\/hdxenergy.com\/pt\/wp-json\/wp\/v2\/product_tag?post=645"}],"curies":[{"name":"wp","href":"https:\/\/api.w.org\/{rel}","templated":true}]}}