{"id":640,"date":"2025-11-25T05:55:37","date_gmt":"2025-11-25T05:55:37","guid":{"rendered":"https:\/\/hdxenergy.com\/?post_type=product&#038;p=640"},"modified":"2026-01-07T07:12:44","modified_gmt":"2026-01-07T07:12:44","slug":"sistema-de-montagem-na-parede","status":"publish","type":"product","link":"https:\/\/hdxenergy.com\/pt\/product\/wall-mounted-system\/","title":{"rendered":"Esta\u00e7\u00e3o de carregamento de EV montada na parede Faire | Controle por aplicativo inteligente e alta pot\u00eancia"},"content":{"rendered":"<div class=\"table-container\">\n<table>\n<tbody>\n<tr>\n<td colspan=\"3\">20\/30\/40KW Opcional<\/td>\n<\/tr>\n<tr>\n<td colspan=\"3\">Economia de tempo \u2013 Carregamento r\u00e1pido<\/td>\n<\/tr>\n<tr>\n<td colspan=\"3\">M\u00e9todo de pagamento RFID\/C\u00d3DIGO QR\/M\u00e1quina POS<\/td>\n<\/tr>\n<tr>\n<td colspan=\"3\">1 arma ou 2 armas ( CCS1 || CCS2 || CHAdeMO || GBT || Tesla )<\/td>\n<\/tr>\n<tr>\n<td colspan=\"3\">Tela sens\u00edvel ao toque LCD colorida de 7 polegadas<\/td>\n<\/tr>\n<tr>\n<td colspan=\"3\">Garantia de 24 meses<\/td>\n<\/tr>\n<tr>\n<td colspan=\"3\">Nossa esta\u00e7\u00e3o de carregamento de EV DC facilita o carregamento r\u00e1pido de at\u00e9 40KW por meio de uma porta CCS2 padronizada, economizando preciosos minutos em cada parada de carregamento.<\/td>\n<\/tr>\n<tr>\n<td colspan=\"3\">Carregue seu ve\u00edculo el\u00e9trico com efici\u00eancia em nossas esta\u00e7\u00f5es de carregamento DC EV de \u00faltima gera\u00e7\u00e3o. Experimente o controle perfeito com nossa tela de publicidade de 32 polegadas. Nossas unidades certificadas, incluindo CE, UKCA, TUV, priorizam a seguran\u00e7a.<\/td>\n<\/tr>\n<tr>\n<td colspan=\"3\">O gerenciador de software inteligente lida com a cobran\u00e7a e a coleta de dados que monitora as opera\u00e7\u00f5es e a frequ\u00eancia das atividades 24 horas por dia, 7 dias por semana.<\/td>\n<\/tr>\n<\/tbody>\n<\/table>\n<\/div>\n<p><img fetchpriority=\"high\" decoding=\"async\" class=\"alignnone wp-image-641 size-full\" src=\"https:\/\/hdxenergy.com\/wp-content\/uploads\/2025\/11\/Wall-Mounted-System1.jpg\" alt=\"Diferentes KW&amp;Fun\u00e7\u00f5es Permite que voc\u00ea escolha\" width=\"1000\" height=\"1000\" srcset=\"https:\/\/hdxenergy.com\/wp-content\/uploads\/2025\/11\/Wall-Mounted-System1.jpg 1000w, https:\/\/hdxenergy.com\/wp-content\/uploads\/2025\/11\/Wall-Mounted-System1-300x300.jpg 300w, https:\/\/hdxenergy.com\/wp-content\/uploads\/2025\/11\/Wall-Mounted-System1-150x150.jpg 150w, https:\/\/hdxenergy.com\/wp-content\/uploads\/2025\/11\/Wall-Mounted-System1-768x768.jpg 768w, https:\/\/hdxenergy.com\/wp-content\/uploads\/2025\/11\/Wall-Mounted-System1-600x600.jpg 600w, https:\/\/hdxenergy.com\/wp-content\/uploads\/2025\/11\/Wall-Mounted-System1-100x100.jpg 100w\" sizes=\"(max-width: 1000px) 100vw, 1000px\" \/> <img decoding=\"async\" class=\"alignnone wp-image-644 size-full\" src=\"https:\/\/hdxenergy.com\/wp-content\/uploads\/2025\/11\/Wall-Mounted-System4.jpg\" alt=\"Esta\u00e7\u00e3o de carregamento de ve\u00edculos el\u00e9tricos montada na parede\" width=\"1000\" height=\"1000\" srcset=\"https:\/\/hdxenergy.com\/wp-content\/uploads\/2025\/11\/Wall-Mounted-System4.jpg 1000w, https:\/\/hdxenergy.com\/wp-content\/uploads\/2025\/11\/Wall-Mounted-System4-300x300.jpg 300w, https:\/\/hdxenergy.com\/wp-content\/uploads\/2025\/11\/Wall-Mounted-System4-150x150.jpg 150w, https:\/\/hdxenergy.com\/wp-content\/uploads\/2025\/11\/Wall-Mounted-System4-768x768.jpg 768w, https:\/\/hdxenergy.com\/wp-content\/uploads\/2025\/11\/Wall-Mounted-System4-600x600.jpg 600w, https:\/\/hdxenergy.com\/wp-content\/uploads\/2025\/11\/Wall-Mounted-System4-100x100.jpg 100w\" sizes=\"(max-width: 1000px) 100vw, 1000px\" \/><\/p>","protected":false},"excerpt":{"rendered":"<ul>\n<li>Esta\u00e7\u00e3o de carregamento de ve\u00edculos el\u00e9tricos r\u00e1pida, eficiente e segura<\/li>\n<li>Fun\u00e7\u00f5es de prote\u00e7\u00e3o total<\/li>\n<li>APP de dispositivo inteligente\/programa de administrador de carregamento<\/li>\n<li>Funcionalidade de alta pot\u00eancia, efici\u00eancia energ\u00e9tica e confiabilidade em condi\u00e7\u00f5es exigentes.<\/li>\n<\/ul>","protected":false},"featured_media":643,"comment_status":"open","ping_status":"closed","template":"","meta":[],"product_brand":[],"product_cat":[24],"product_tag":[],"class_list":{"0":"post-640","1":"product","2":"type-product","3":"status-publish","4":"has-post-thumbnail","6":"product_cat-electric-vehicle-charging-stations","8":"first","9":"instock","10":"shipping-taxable","11":"product-type-simple"},"_links":{"self":[{"href":"https:\/\/hdxenergy.com\/pt\/wp-json\/wp\/v2\/product\/640","targetHints":{"allow":["GET"]}}],"collection":[{"href":"https:\/\/hdxenergy.com\/pt\/wp-json\/wp\/v2\/product"}],"about":[{"href":"https:\/\/hdxenergy.com\/pt\/wp-json\/wp\/v2\/types\/product"}],"replies":[{"embeddable":true,"href":"https:\/\/hdxenergy.com\/pt\/wp-json\/wp\/v2\/comments?post=640"}],"wp:featuredmedia":[{"embeddable":true,"href":"https:\/\/hdxenergy.com\/pt\/wp-json\/wp\/v2\/media\/643"}],"wp:attachment":[{"href":"https:\/\/hdxenergy.com\/pt\/wp-json\/wp\/v2\/media?parent=640"}],"wp:term":[{"taxonomy":"product_brand","embeddable":true,"href":"https:\/\/hdxenergy.com\/pt\/wp-json\/wp\/v2\/product_brand?post=640"},{"taxonomy":"product_cat","embeddable":true,"href":"https:\/\/hdxenergy.com\/pt\/wp-json\/wp\/v2\/product_cat?post=640"},{"taxonomy":"product_tag","embeddable":true,"href":"https:\/\/hdxenergy.com\/pt\/wp-json\/wp\/v2\/product_tag?post=640"}],"curies":[{"name":"wp","href":"https:\/\/api.w.org\/{rel}","templated":true}]}}