{"id":635,"date":"2025-11-25T05:42:57","date_gmt":"2025-11-25T05:42:57","guid":{"rendered":"https:\/\/hdxenergy.com\/?post_type=product&#038;p=635"},"modified":"2026-01-07T07:09:30","modified_gmt":"2026-01-07T07:09:30","slug":"h096-10-kwh-2","status":"publish","type":"product","link":"https:\/\/hdxenergy.com\/pt\/product\/h096-10kwh-2\/","title":{"rendered":"H096-10kWh Provedor de servi\u00e7os de bateria com base em piso | Armazenamento escal\u00e1vel"},"content":{"rendered":"<div class=\"table-container\">\n<table>\n<tbody>\n<tr>\n<td>Modelo<\/td>\n<td>Classe H096-10kWh<\/td>\n<\/tr>\n<tr>\n<td>Capacidade da bateria<\/td>\n<td>200 Ah\/51,2 V (10,24 kWh)<\/td>\n<\/tr>\n<tr>\n<td>Dimens\u00f5es (C x L x A)<\/td>\n<td>460 mm (C) x 245 mm (L) x 620 mm (A)<\/td>\n<\/tr>\n<tr>\n<td>Pesar<\/td>\n<td>95 kg<\/td>\n<\/tr>\n<tr>\n<td>Tipo de bateria<\/td>\n<td>LiFePO4<\/td>\n<\/tr>\n<tr>\n<td>Faixa de tens\u00e3o da bateria<\/td>\n<td>40~58 V<\/td>\n<\/tr>\n<tr>\n<td>Modo de comunica\u00e7\u00e3o<\/td>\n<td>Suporte \u00e0 conex\u00e3o Wi-Fi Bluetooth com aplicativo m\u00f3vel<\/td>\n<\/tr>\n<tr>\n<td>Comunicar<\/td>\n<td>RS485\/CAN<\/td>\n<\/tr>\n<tr>\n<td>Vida \u00fatil da bateria<\/td>\n<td>Ap\u00f3s 3000 ciclos, a capacidade restante ainda \u00e9 superior a 80%.<\/td>\n<\/tr>\n<tr>\n<td>Prote\u00e7\u00e3o do sistema<\/td>\n<td>Prote\u00e7\u00e3o contra superaquecimento\/Prote\u00e7\u00e3o contra sobretens\u00e3o\/Prote\u00e7\u00e3o contra sobrecorrente\/Prote\u00e7\u00e3o contra sobrecarga\/Prote\u00e7\u00e3o contra descarga excessiva\/Prote\u00e7\u00e3o contra curto-circuito de carga\/Prote\u00e7\u00e3o contra sobrecarga.<\/td>\n<\/tr>\n<tr>\n<td>Temperatura de descarga<\/td>\n<td>-20 \u2103 ~ 50 \u2103 (A temperatura ambiente recomendada \u00e9 de 20 \u2103 a 30 \u2103.)<\/td>\n<\/tr>\n<tr>\n<td>Temperatura de carregamento<\/td>\n<td>-5 \u00b0C a 50 \u00b0C (A temperatura ambiente recomendada \u00e9 de 20 \u00b0C a 30 \u00b0C.)<\/td>\n<\/tr>\n<tr>\n<td>Temperatura de armazenamento<\/td>\n<td>A temperatura ambiente recomendada \u00e9 de 0 \u2103 a 45 \u2103.<\/td>\n<\/tr>\n<tr>\n<td>Interface do usu\u00e1rio<\/td>\n<td>LCD<\/td>\n<\/tr>\n<tr>\n<td>N\u00edvel de prote\u00e7\u00e3o<\/td>\n<td>IP20<\/td>\n<\/tr>\n<tr>\n<td>Modo de instala\u00e7\u00e3o<\/td>\n<td>De ch\u00e3o<\/td>\n<\/tr>\n<tr>\n<td>Normas de certifica\u00e7\u00e3o<\/td>\n<td>CE FCC ROHS<\/td>\n<\/tr>\n<\/tbody>\n<\/table>\n<\/div>","protected":false},"excerpt":{"rendered":"<ul>\n<li>BMS LiFePO\u2084 de 200 A integrado<\/li>\n<li>Mais de 6.500 ciclos profundos a 90% DOD, proporcionando uma vida \u00fatil projetada de \u2265 15 anos<\/li>\n<li>A tela sens\u00edvel ao toque colorida de 7 polegadas mostra em tempo real os volts, amperes, SOC e economia di\u00e1ria.<\/li>\n<li>Escala at\u00e9 16 unidades em paralelo, fornecendo 200 A de carga\/descarga e 10,24 kWh de energia pronta para CA.<\/li>\n<li>BMS inteligente integrado com portas CAN\/RS485 para emparelhamento plug-and-play com inversores convencionais de 48 V (Deye, Solis, Goodwe, etc.)<\/li>\n<\/ul>","protected":false},"featured_media":637,"comment_status":"open","ping_status":"closed","template":"","meta":[],"product_brand":[],"product_cat":[31],"product_tag":[],"class_list":{"0":"post-635","1":"product","2":"type-product","3":"status-publish","4":"has-post-thumbnail","6":"product_cat-floor-standing-lithiumbattery","8":"first","9":"instock","10":"shipping-taxable","11":"product-type-simple"},"_links":{"self":[{"href":"https:\/\/hdxenergy.com\/pt\/wp-json\/wp\/v2\/product\/635","targetHints":{"allow":["GET"]}}],"collection":[{"href":"https:\/\/hdxenergy.com\/pt\/wp-json\/wp\/v2\/product"}],"about":[{"href":"https:\/\/hdxenergy.com\/pt\/wp-json\/wp\/v2\/types\/product"}],"replies":[{"embeddable":true,"href":"https:\/\/hdxenergy.com\/pt\/wp-json\/wp\/v2\/comments?post=635"}],"wp:featuredmedia":[{"embeddable":true,"href":"https:\/\/hdxenergy.com\/pt\/wp-json\/wp\/v2\/media\/637"}],"wp:attachment":[{"href":"https:\/\/hdxenergy.com\/pt\/wp-json\/wp\/v2\/media?parent=635"}],"wp:term":[{"taxonomy":"product_brand","embeddable":true,"href":"https:\/\/hdxenergy.com\/pt\/wp-json\/wp\/v2\/product_brand?post=635"},{"taxonomy":"product_cat","embeddable":true,"href":"https:\/\/hdxenergy.com\/pt\/wp-json\/wp\/v2\/product_cat?post=635"},{"taxonomy":"product_tag","embeddable":true,"href":"https:\/\/hdxenergy.com\/pt\/wp-json\/wp\/v2\/product_tag?post=635"}],"curies":[{"name":"wp","href":"https:\/\/api.w.org\/{rel}","templated":true}]}}