{"id":588,"date":"2025-11-25T05:33:11","date_gmt":"2025-11-25T05:33:11","guid":{"rendered":"https:\/\/hdxenergy.com\/?post_type=product&#038;p=588"},"modified":"2026-01-07T07:02:01","modified_gmt":"2026-01-07T07:02:01","slug":"parede-de-armazenamento-de-energia","status":"publish","type":"product","link":"https:\/\/hdxenergy.com\/pt\/product\/power-storage-wall\/","title":{"rendered":"Parede de armazenamento de energia - Home Battery Faire | Escal\u00e1vel 5-80kWh, 6500+ Ciclos"},"content":{"rendered":"<div class=\"table-container\">\n<table>\n<thead>\n<tr>\n<th>Item do par\u00e2metro<\/th>\n<th>Classe H096-5kWh<\/th>\n<th>Classe H096-10kWh<\/th>\n<th>Classe H096-15kWh<\/th>\n<\/tr>\n<\/thead>\n<tbody>\n<tr>\n<td>Modelo<\/td>\n<td>Classe H096-5kWh<\/td>\n<td>Classe H096-10kWh<\/td>\n<td>Classe H096-15kWh<\/td>\n<\/tr>\n<tr>\n<td>Capacidade da bateria<\/td>\n<td>100 Ah\/51,2 V (5,12 kWh)<\/td>\n<td>200 Ah\/51,2 V (10,24 kWh)<\/td>\n<td>280 Ah\/51,2 V (14,33 kWh)<\/td>\n<\/tr>\n<tr>\n<td>Tamanho (w<em>h<\/em>l)<\/td>\n<td>460 mm<em>145 mm<\/em>515 mm<\/td>\n<td>460 mm<em>245 mm<\/em>620 mm de altura<\/td>\n<td>460 mm<em>245 mm<\/em>760 mm<\/td>\n<\/tr>\n<tr>\n<td>Peso<\/td>\n<td>45 kg<\/td>\n<td>95 kg<\/td>\n<td>120 kg<\/td>\n<\/tr>\n<tr>\n<td>Tipo de bateria<\/td>\n<td>LiFePO\u2084<\/td>\n<td>LiFePO\u2084<\/td>\n<td>LiFePO\u2084<\/td>\n<\/tr>\n<tr>\n<td>Faixa de tens\u00e3o da bateria<\/td>\n<td>40-58 V<\/td>\n<td>40-58 V<\/td>\n<td>40-58 V<\/td>\n<\/tr>\n<tr>\n<td>Modo de comunica\u00e7\u00e3o<\/td>\n<td>Suporte \u00e0 conex\u00e3o Wi-Fi Bluetooth com aplicativo m\u00f3vel<\/td>\n<td>Suporte \u00e0 conex\u00e3o Wi-Fi Bluetooth com aplicativo m\u00f3vel<\/td>\n<td>Suporte \u00e0 conex\u00e3o Wi-Fi Bluetooth com aplicativo m\u00f3vel<\/td>\n<\/tr>\n<tr>\n<td>Comunicar<\/td>\n<td>RS485\/CAN<\/td>\n<td>RS485\/CAN<\/td>\n<td>RS485\/CAN<\/td>\n<\/tr>\n<tr>\n<td>Vida \u00fatil da bateria<\/td>\n<td>Ap\u00f3s 3000 ciclos, a capacidade restante ainda \u00e9 superior a 80%.<\/td>\n<td>Ap\u00f3s 3000 ciclos, a capacidade restante ainda \u00e9 superior a 80%.<\/td>\n<td>Ap\u00f3s 3000 ciclos, a capacidade restante ainda \u00e9 superior a 80%.<\/td>\n<\/tr>\n<tr>\n<td>Prote\u00e7\u00e3o do sistema<\/td>\n<td>Protetor contra superaquecimento\/Prote\u00e7\u00e3o contra sobretens\u00e3o\/Prote\u00e7\u00e3o contra sobrecorrente\/Prote\u00e7\u00e3o contra sobrecarga\/Prote\u00e7\u00e3o contra descarga excessiva\/Prote\u00e7\u00e3o contra curto-circuito de carga\/Prote\u00e7\u00e3o contra sobrecarga.<\/td>\n<td>Protetor contra superaquecimento\/Prote\u00e7\u00e3o contra sobretens\u00e3o\/Prote\u00e7\u00e3o contra sobrecorrente\/Prote\u00e7\u00e3o contra sobrecarga\/Prote\u00e7\u00e3o contra descarga excessiva\/Prote\u00e7\u00e3o contra curto-circuito de carga\/Prote\u00e7\u00e3o contra sobrecarga.<\/td>\n<td>Protetor contra superaquecimento\/Prote\u00e7\u00e3o contra sobretens\u00e3o\/Prote\u00e7\u00e3o contra sobrecorrente\/Prote\u00e7\u00e3o contra sobrecarga\/Prote\u00e7\u00e3o contra descarga excessiva\/Prote\u00e7\u00e3o contra curto-circuito de carga\/Prote\u00e7\u00e3o contra sobrecarga.<\/td>\n<\/tr>\n<tr>\n<td>Temperatura de descarga<\/td>\n<td>-20 \u2103 ~ 50 \u2103 (A temperatura ambiente recomendada \u00e9 de 20 \u2103 a 30 \u2103.)<\/td>\n<td>-20 \u2103 ~ 50 \u2103 (A temperatura ambiente recomendada \u00e9 de 20 \u2103 a 30 \u2103.)<\/td>\n<td>-20 \u2103 ~ 50 \u2103 (A temperatura ambiente recomendada \u00e9 de 20 \u2103 a 30 \u2103.)<\/td>\n<\/tr>\n<tr>\n<td>Temperatura de carregamento<\/td>\n<td>-5 \u00b0C a 50 \u00b0C (A temperatura ambiente recomendada \u00e9 de 20 \u00b0C a 30 \u00b0C.)<\/td>\n<td>-5 \u00b0C a 50 \u00b0C (A temperatura ambiente recomendada \u00e9 de 20 \u00b0C a 30 \u00b0C.)<\/td>\n<td>-5 \u00b0C a 50 \u00b0C (A temperatura ambiente recomendada \u00e9 de 20 \u00b0C a 30 \u00b0C.)<\/td>\n<\/tr>\n<tr>\n<td>Temperatura de armazenamento<\/td>\n<td>A temperatura ambiente recomendada \u00e9 de 0 \u2103 a 45 \u2103.<\/td>\n<td>A temperatura ambiente recomendada \u00e9 de 0 \u2103 a 45 \u2103.<\/td>\n<td>A temperatura ambiente recomendada \u00e9 de 0 \u2103 a 45 \u2103.<\/td>\n<\/tr>\n<tr>\n<td>Interface do usu\u00e1rio<\/td>\n<td>LCD<\/td>\n<td>LCD<\/td>\n<td>LCD<\/td>\n<\/tr>\n<tr>\n<td>N\u00edvel de prote\u00e7\u00e3o<\/td>\n<td>IP20<\/td>\n<td>IP20<\/td>\n<td>IP20<\/td>\n<\/tr>\n<tr>\n<td>Modo de instala\u00e7\u00e3o<\/td>\n<td>Montagem na parede<\/td>\n<td>De ch\u00e3o<\/td>\n<td>De ch\u00e3o<\/td>\n<\/tr>\n<tr>\n<td>Normas de certifica\u00e7\u00e3o<\/td>\n<td>CE FCC ROHS<\/td>\n<td>CE FCC ROHS<\/td>\n<td>CE FCC ROHS<\/td>\n<\/tr>\n<\/tbody>\n<\/table>\n<\/div>","protected":false},"excerpt":{"rendered":"<ul>\n<li><b>Economize at\u00e9 90% nas contas de energia<\/b>\u2013 armazene energia solar barata ou energia fora do hor\u00e1rio de pico e utilize-a durante as horas de pico mais caras<\/li>\n<li><b>Verdadeiro plug-and-play<\/b>\u2013 Montagem na parede, design leve de 45 kg que duas pessoas podem instalar em menos de uma hora sem ferramentas pesadas<\/li>\n<li><b>Mais de 6500 ciclos e garantia de 10 anos <\/b>\u2013 As c\u00e9lulas LiFePO\u2084 proporcionam mais de 6 000 ciclos profundos, o que significa uma vida \u00fatil de 25 anos em condi\u00e7\u00f5es normais de utiliza\u00e7\u00e3o dom\u00e9stica.<\/li>\n<li><b>Efici\u00eancia de ida e volta 98% <\/b>\u2013 mais energia armazenada chega realmente aos seus aparelhos, superando as baterias de chumbo-\u00e1cido ou as baterias de l\u00edtio mais antigas em 10-20%<b><\/b><\/li>\n<li><b>Tela sens\u00edvel ao toque colorida de 7 polegadas<\/b><b><\/b>\u2013 mostra em tempo real os volts, amperes, SOC e economia di\u00e1ria<\/li>\n<li><b>Escal\u00e1vel 5 \u2192 <\/b><strong><b>80<\/b><\/strong><strong><b>kWh <\/b><\/strong>\u2013 basta conectar at\u00e9 16 unidades id\u00eanticas em paralelo quando sua fam\u00edlia adquirir um ve\u00edculo el\u00e9trico ou uma bomba de calor posteriormente.<\/li>\n<\/ul>","protected":false},"featured_media":602,"comment_status":"open","ping_status":"closed","template":"","meta":[],"product_brand":[],"product_cat":[30],"product_tag":[],"class_list":{"0":"post-588","1":"product","2":"type-product","3":"status-publish","4":"has-post-thumbnail","6":"product_cat-home-battery-storage","8":"first","9":"instock","10":"shipping-taxable","11":"product-type-simple"},"_links":{"self":[{"href":"https:\/\/hdxenergy.com\/pt\/wp-json\/wp\/v2\/product\/588","targetHints":{"allow":["GET"]}}],"collection":[{"href":"https:\/\/hdxenergy.com\/pt\/wp-json\/wp\/v2\/product"}],"about":[{"href":"https:\/\/hdxenergy.com\/pt\/wp-json\/wp\/v2\/types\/product"}],"replies":[{"embeddable":true,"href":"https:\/\/hdxenergy.com\/pt\/wp-json\/wp\/v2\/comments?post=588"}],"wp:featuredmedia":[{"embeddable":true,"href":"https:\/\/hdxenergy.com\/pt\/wp-json\/wp\/v2\/media\/602"}],"wp:attachment":[{"href":"https:\/\/hdxenergy.com\/pt\/wp-json\/wp\/v2\/media?parent=588"}],"wp:term":[{"taxonomy":"product_brand","embeddable":true,"href":"https:\/\/hdxenergy.com\/pt\/wp-json\/wp\/v2\/product_brand?post=588"},{"taxonomy":"product_cat","embeddable":true,"href":"https:\/\/hdxenergy.com\/pt\/wp-json\/wp\/v2\/product_cat?post=588"},{"taxonomy":"product_tag","embeddable":true,"href":"https:\/\/hdxenergy.com\/pt\/wp-json\/wp\/v2\/product_tag?post=588"}],"curies":[{"name":"wp","href":"https:\/\/api.w.org\/{rel}","templated":true}]}}