{"id":549,"date":"2025-11-24T07:54:31","date_gmt":"2025-11-24T07:54:31","guid":{"rendered":"https:\/\/hdxenergy.com\/?post_type=product&#038;p=549"},"modified":"2026-01-07T06:45:38","modified_gmt":"2026-01-07T06:45:38","slug":"12-v-100-ah","status":"publish","type":"product","link":"https:\/\/hdxenergy.com\/pt\/product\/12v100ah\/","title":{"rendered":"F\u00e1brica de baterias LiFePO4 de 12V 100Ah, BMS personalizado, mais de 8000 ciclos"},"content":{"rendered":"<p><strong>HM-LF12100 12,8 V 100 Ah<\/strong><br \/>\n<strong>Especifica\u00e7\u00f5es gerais<\/strong><\/p>\n<div class=\"table-container\">\n<table>\n<tbody>\n<tr>\n<td>Caracter\u00edsticas el\u00e9tricas<\/td>\n<td>Tens\u00e3o nominal<\/td>\n<td>12,8 V<\/td>\n<\/tr>\n<tr>\n<td><\/td>\n<td>Capacidade nominal<\/td>\n<td>100 Ah<\/td>\n<\/tr>\n<tr>\n<td><\/td>\n<td>Energia<\/td>\n<td>1280 Wh<\/td>\n<\/tr>\n<tr>\n<td><\/td>\n<td>Resist\u00eancia interna<\/td>\n<td>\u226435 m\u03a9<\/td>\n<\/tr>\n<tr>\n<td><\/td>\n<td>Ciclo de vida<\/td>\n<td>8000 ciclos @ 0,2C de carga\/descarga, at\u00e9 a capacidade do 80%<\/td>\n<\/tr>\n<tr>\n<td><\/td>\n<td>Auto descarga<\/td>\n<td>\u22643,51 TP3T por m\u00eas a 25 \u00b0C<\/td>\n<\/tr>\n<tr>\n<td>Carregamento padr\u00e3o<\/td>\n<td>Tens\u00e3o m\u00e1xima de carga<\/td>\n<td>14,0~14,6 V<\/td>\n<\/tr>\n<tr>\n<td><\/td>\n<td>Modo de carregamento<\/td>\n<td>A uma temperatura de 0 \u2103 a 45 \u2103, carregado a 14,6 V com uma corrente constante de 0,2 C e, em seguida, alterado continuamente com tens\u00e3o constante de 14,6 V at\u00e9 que a corrente n\u00e3o fosse superior a 0,02 C.<\/td>\n<\/tr>\n<tr>\n<td><\/td>\n<td>Corrente de carga<\/td>\n<td>50A<\/td>\n<\/tr>\n<tr>\n<td><\/td>\n<td>Corrente m\u00e1xima de carga<\/td>\n<td>100A<\/td>\n<\/tr>\n<tr>\n<td>Descarga padr\u00e3o<\/td>\n<td>Corrente de descarga<\/td>\n<td>100A<\/td>\n<\/tr>\n<tr>\n<td><\/td>\n<td>Corrente cont\u00ednua m\u00e1xima<\/td>\n<td>100A<\/td>\n<\/tr>\n<tr>\n<td><\/td>\n<td>Corrente de pulso m\u00e1xima<\/td>\n<td>200 A (&lt;3 S)<\/td>\n<\/tr>\n<tr>\n<td><\/td>\n<td>Tens\u00e3o de corte de descarga<\/td>\n<td>10.0<\/td>\n<\/tr>\n<tr>\n<td>Condi\u00e7\u00e3o de funcionamento<\/td>\n<td>Temperatura de carga<\/td>\n<td>0\u2103 a 45\u2103 (32\u2109 a 113\u2109) @60\u00b125% Umidade relativa<\/td>\n<\/tr>\n<tr>\n<td><\/td>\n<td>Temperatura de descarga<\/td>\n<td>-20 \u00b0C a 60 \u00b0C (-4 \u00b0F a 140 \u00b0F) @60 \u00b1 251 TP3T Umidade relativa<\/td>\n<\/tr>\n<tr>\n<td><\/td>\n<td>Temperatura de armazenamento<\/td>\n<td>0\u2103 a 45\u2103 (32\u2109 a 113\u2109) @60\u00b125% Umidade relativa<\/td>\n<\/tr>\n<tr>\n<td><\/td>\n<td>Resist\u00eancia \u00e0 \u00e1gua e ao p\u00f3<\/td>\n<td>IP55<\/td>\n<\/tr>\n<tr>\n<td>Estrutura<\/td>\n<td>C\u00e9lula e formato<\/td>\n<td>LFP3,2 V 100 Ah (4S1P)<\/td>\n<\/tr>\n<tr>\n<td><\/td>\n<td>Revestimento<\/td>\n<td>Pl\u00e1stico<\/td>\n<\/tr>\n<tr>\n<td><\/td>\n<td>Dimens\u00e3o (C x L x A)<\/td>\n<td>330172215 mm<\/td>\n<\/tr>\n<tr>\n<td><\/td>\n<td>Dimens\u00f5es da embalagem<\/td>\n<td>360210*260 mm<\/td>\n<\/tr>\n<tr>\n<td><\/td>\n<td>Peso<\/td>\n<td>Aproximadamente 10 kg<\/td>\n<\/tr>\n<tr>\n<td><\/td>\n<td>Terminal<\/td>\n<td>M8<\/td>\n<\/tr>\n<\/tbody>\n<\/table>\n<\/div>\n<p><img fetchpriority=\"high\" decoding=\"async\" class=\"alignnone wp-image-559 size-full\" src=\"https:\/\/hdxenergy.com\/wp-content\/uploads\/2025\/11\/12v100ah06.jpg\" alt=\"Monitoramento habilitado para Bluetooth: Monitore a integridade da bateria a qualquer hora, em qualquer lugar\" width=\"1000\" height=\"1000\" srcset=\"https:\/\/hdxenergy.com\/wp-content\/uploads\/2025\/11\/12v100ah06.jpg 1000w, https:\/\/hdxenergy.com\/wp-content\/uploads\/2025\/11\/12v100ah06-300x300.jpg 300w, https:\/\/hdxenergy.com\/wp-content\/uploads\/2025\/11\/12v100ah06-150x150.jpg 150w, https:\/\/hdxenergy.com\/wp-content\/uploads\/2025\/11\/12v100ah06-768x768.jpg 768w, https:\/\/hdxenergy.com\/wp-content\/uploads\/2025\/11\/12v100ah06-600x600.jpg 600w, https:\/\/hdxenergy.com\/wp-content\/uploads\/2025\/11\/12v100ah06-100x100.jpg 100w\" sizes=\"(max-width: 1000px) 100vw, 1000px\" \/> <img decoding=\"async\" class=\"alignnone wp-image-557 size-full\" src=\"https:\/\/hdxenergy.com\/wp-content\/uploads\/2025\/11\/12v100ah04.jpg\" alt=\"Armazenamento de energia solar Energia renov\u00e1vel Dia e noite\" width=\"1000\" height=\"1000\" srcset=\"https:\/\/hdxenergy.com\/wp-content\/uploads\/2025\/11\/12v100ah04.jpg 1000w, https:\/\/hdxenergy.com\/wp-content\/uploads\/2025\/11\/12v100ah04-300x300.jpg 300w, https:\/\/hdxenergy.com\/wp-content\/uploads\/2025\/11\/12v100ah04-150x150.jpg 150w, https:\/\/hdxenergy.com\/wp-content\/uploads\/2025\/11\/12v100ah04-768x768.jpg 768w, https:\/\/hdxenergy.com\/wp-content\/uploads\/2025\/11\/12v100ah04-600x600.jpg 600w, https:\/\/hdxenergy.com\/wp-content\/uploads\/2025\/11\/12v100ah04-100x100.jpg 100w\" sizes=\"(max-width: 1000px) 100vw, 1000px\" \/> <img decoding=\"async\" class=\"alignnone wp-image-558 size-full\" src=\"https:\/\/hdxenergy.com\/wp-content\/uploads\/2025\/11\/12v100ah05.jpg\" alt=\"IP55\" width=\"1000\" height=\"1000\" srcset=\"https:\/\/hdxenergy.com\/wp-content\/uploads\/2025\/11\/12v100ah05.jpg 1000w, https:\/\/hdxenergy.com\/wp-content\/uploads\/2025\/11\/12v100ah05-300x300.jpg 300w, https:\/\/hdxenergy.com\/wp-content\/uploads\/2025\/11\/12v100ah05-150x150.jpg 150w, https:\/\/hdxenergy.com\/wp-content\/uploads\/2025\/11\/12v100ah05-768x768.jpg 768w, https:\/\/hdxenergy.com\/wp-content\/uploads\/2025\/11\/12v100ah05-600x600.jpg 600w, https:\/\/hdxenergy.com\/wp-content\/uploads\/2025\/11\/12v100ah05-100x100.jpg 100w\" sizes=\"(max-width: 1000px) 100vw, 1000px\" \/> <img loading=\"lazy\" decoding=\"async\" class=\"alignnone wp-image-556 size-full\" src=\"https:\/\/hdxenergy.com\/wp-content\/uploads\/2025\/11\/12v100ah03.jpg\" alt=\"Solu\u00e7\u00e3o de energia para RV Energia para suas viagens de carro\" width=\"1000\" height=\"1000\" srcset=\"https:\/\/hdxenergy.com\/wp-content\/uploads\/2025\/11\/12v100ah03.jpg 1000w, https:\/\/hdxenergy.com\/wp-content\/uploads\/2025\/11\/12v100ah03-300x300.jpg 300w, https:\/\/hdxenergy.com\/wp-content\/uploads\/2025\/11\/12v100ah03-150x150.jpg 150w, https:\/\/hdxenergy.com\/wp-content\/uploads\/2025\/11\/12v100ah03-768x768.jpg 768w, https:\/\/hdxenergy.com\/wp-content\/uploads\/2025\/11\/12v100ah03-600x600.jpg 600w, https:\/\/hdxenergy.com\/wp-content\/uploads\/2025\/11\/12v100ah03-100x100.jpg 100w\" sizes=\"(max-width: 1000px) 100vw, 1000px\" \/> <img loading=\"lazy\" decoding=\"async\" class=\"alignnone wp-image-555 size-full\" src=\"https:\/\/hdxenergy.com\/wp-content\/uploads\/2025\/11\/12v100ah02.jpg\" alt=\"Armazenamento de energia residencial - Alimente sua casa de forma confi\u00e1vel\" width=\"1000\" height=\"1000\" srcset=\"https:\/\/hdxenergy.com\/wp-content\/uploads\/2025\/11\/12v100ah02.jpg 1000w, https:\/\/hdxenergy.com\/wp-content\/uploads\/2025\/11\/12v100ah02-300x300.jpg 300w, https:\/\/hdxenergy.com\/wp-content\/uploads\/2025\/11\/12v100ah02-150x150.jpg 150w, https:\/\/hdxenergy.com\/wp-content\/uploads\/2025\/11\/12v100ah02-768x768.jpg 768w, https:\/\/hdxenergy.com\/wp-content\/uploads\/2025\/11\/12v100ah02-600x600.jpg 600w, https:\/\/hdxenergy.com\/wp-content\/uploads\/2025\/11\/12v100ah02-100x100.jpg 100w\" sizes=\"(max-width: 1000px) 100vw, 1000px\" \/><\/p>","protected":false},"excerpt":{"rendered":"<ul>\n<li>A bateria de l\u00edtio se destaca por sua alta rela\u00e7\u00e3o capacidade\/peso, forte pot\u00eancia de descarga, carregamento r\u00e1pido, longa vida \u00fatil e excelente estabilidade sob altas temperaturas.<\/li>\n<li>Com profundidade de descarga de 80% e composi\u00e7\u00e3o qu\u00edmica LiFePO4, garante seguran\u00e7a t\u00e9rmica, rea\u00e7\u00f5es redox est\u00e1veis e vida \u00fatil prolongada. Sua tens\u00e3o de descarga constante simplifica a regula\u00e7\u00e3o da tens\u00e3o, e seu design \u00e0 prova de impactos resiste a choques fortes sem risco de explos\u00e3o.<\/li>\n<li>A marca BMS oferece op\u00e7\u00f5es de personaliza\u00e7\u00e3o, incluindo design de logotipo e apar\u00eancia externa.<\/li>\n<\/ul>\n<p>&nbsp;<\/p>","protected":false},"featured_media":554,"comment_status":"open","ping_status":"closed","template":"","meta":[],"product_brand":[],"product_cat":[28],"product_tag":[],"class_list":{"0":"post-549","1":"product","2":"type-product","3":"status-publish","4":"has-post-thumbnail","6":"product_cat-12v-24v-lifepo4-battery","8":"first","9":"instock","10":"shipping-taxable","11":"product-type-simple"},"_links":{"self":[{"href":"https:\/\/hdxenergy.com\/pt\/wp-json\/wp\/v2\/product\/549","targetHints":{"allow":["GET"]}}],"collection":[{"href":"https:\/\/hdxenergy.com\/pt\/wp-json\/wp\/v2\/product"}],"about":[{"href":"https:\/\/hdxenergy.com\/pt\/wp-json\/wp\/v2\/types\/product"}],"replies":[{"embeddable":true,"href":"https:\/\/hdxenergy.com\/pt\/wp-json\/wp\/v2\/comments?post=549"}],"wp:featuredmedia":[{"embeddable":true,"href":"https:\/\/hdxenergy.com\/pt\/wp-json\/wp\/v2\/media\/554"}],"wp:attachment":[{"href":"https:\/\/hdxenergy.com\/pt\/wp-json\/wp\/v2\/media?parent=549"}],"wp:term":[{"taxonomy":"product_brand","embeddable":true,"href":"https:\/\/hdxenergy.com\/pt\/wp-json\/wp\/v2\/product_brand?post=549"},{"taxonomy":"product_cat","embeddable":true,"href":"https:\/\/hdxenergy.com\/pt\/wp-json\/wp\/v2\/product_cat?post=549"},{"taxonomy":"product_tag","embeddable":true,"href":"https:\/\/hdxenergy.com\/pt\/wp-json\/wp\/v2\/product_tag?post=549"}],"curies":[{"name":"wp","href":"https:\/\/api.w.org\/{rel}","templated":true}]}}