{"id":519,"date":"2025-11-24T07:33:58","date_gmt":"2025-11-24T07:33:58","guid":{"rendered":"https:\/\/hdxenergy.com\/?post_type=product&#038;p=519"},"modified":"2026-01-07T06:28:41","modified_gmt":"2026-01-07T06:28:41","slug":"24-v-100-ah","status":"publish","type":"product","link":"https:\/\/hdxenergy.com\/pt\/product\/24v100ah\/","title":{"rendered":"Fonte de alimenta\u00e7\u00e3o de bateria LiFePO4 de 24V 100Ah | IP55, 2000 ciclos, leve"},"content":{"rendered":"<h1>HM-LF24100 25,6 V 100 Ah<\/h1>\n<p><strong>Aplica\u00e7\u00e3o<\/strong><\/p>\n<ul>\n<li>UPS<\/li>\n<li>Sistema de energia solar e e\u00f3lica<\/li>\n<li>Carro de golfe<\/li>\n<li>Ve\u00edculo el\u00e9trico, bicicleta el\u00e9trica, riquix\u00e1 el\u00e9trico<\/li>\n<li>Ilumina\u00e7\u00e3o<\/li>\n<\/ul>\n<p><strong>Especifica\u00e7\u00f5es gerais<\/strong><\/p>\n<div class=\"table-container\">\n<table>\n<tbody>\n<tr>\n<td>Caracter\u00edsticas el\u00e9tricas<\/td>\n<td>Tens\u00e3o nominal<\/td>\n<td>25,6 V<\/td>\n<\/tr>\n<tr>\n<td><\/td>\n<td>Capacidade nominal<\/td>\n<td>100Ah@0.2C<\/td>\n<\/tr>\n<tr>\n<td><\/td>\n<td>Energia<\/td>\n<td>2560 Wh<\/td>\n<\/tr>\n<tr>\n<td><\/td>\n<td>Resist\u00eancia interna<\/td>\n<td>\u226435 m\u03a9<\/td>\n<\/tr>\n<tr>\n<td><\/td>\n<td>Ciclo de vida<\/td>\n<td>2000 ciclos a 0,2 C de carga\/descarga, at\u00e9 801 TP3T de capacidade<\/td>\n<\/tr>\n<tr>\n<td><\/td>\n<td>Auto descarga<\/td>\n<td>\u22643,51 TP3T por m\u00eas a 25 \u00b0C<\/td>\n<\/tr>\n<tr>\n<td>Carregamento padr\u00e3o<\/td>\n<td>Tens\u00e3o m\u00e1xima de carga<\/td>\n<td>28,0~29,2 V<\/td>\n<\/tr>\n<tr>\n<td><\/td>\n<td>Modo de carregamento<\/td>\n<td>A uma temperatura de 0 \u2103 a 45 \u2103, carregado a 14,6 V com uma corrente constante de 0,2 C e, em seguida, alterado continuamente com tens\u00e3o constante de 14,6 V at\u00e9 que a corrente n\u00e3o fosse superior a 0,02 C.<\/td>\n<\/tr>\n<tr>\n<td><\/td>\n<td>Corrente de carga<\/td>\n<td>50A<\/td>\n<\/tr>\n<tr>\n<td><\/td>\n<td>Corrente m\u00e1xima de carga<\/td>\n<td>100A<\/td>\n<\/tr>\n<tr>\n<td>Descarga padr\u00e3o<\/td>\n<td>Corrente de descarga<\/td>\n<td>100A<\/td>\n<\/tr>\n<tr>\n<td><\/td>\n<td>Corrente cont\u00ednua m\u00e1xima<\/td>\n<td>100A<\/td>\n<\/tr>\n<tr>\n<td><\/td>\n<td>Corrente de pulso m\u00e1xima<\/td>\n<td>200 A (&lt;3 S)<\/td>\n<\/tr>\n<tr>\n<td><\/td>\n<td>Tens\u00e3o de corte de descarga<\/td>\n<td>10.0<\/td>\n<\/tr>\n<tr>\n<td>Condi\u00e7\u00e3o de funcionamento<\/td>\n<td>Temperatura de carga<\/td>\n<td>0\u2103 a 45\u2103 (32\u2109 a 113\u2109) @60\u00b125% Umidade relativa<\/td>\n<\/tr>\n<tr>\n<td><\/td>\n<td>Temperatura de descarga<\/td>\n<td>-20 \u00b0C a 60 \u00b0C (-4 \u00b0F a 140 \u00b0F) @60 \u00b1 251 TP3T Umidade relativa<\/td>\n<\/tr>\n<tr>\n<td><\/td>\n<td>Temperatura de armazenamento<\/td>\n<td>0\u2103 a 45\u2103 (32\u2109 a 113\u2109) @60\u00b125% Umidade relativa<\/td>\n<\/tr>\n<tr>\n<td><\/td>\n<td>Resist\u00eancia \u00e0 \u00e1gua e ao p\u00f3<\/td>\n<td>IP55<\/td>\n<\/tr>\n<tr>\n<td>Estrutura<\/td>\n<td>C\u00e9lula e formato<\/td>\n<td>(8S1P)<\/td>\n<\/tr>\n<tr>\n<td><\/td>\n<td>Revestimento<\/td>\n<td>Pl\u00e1stico<\/td>\n<\/tr>\n<tr>\n<td><\/td>\n<td>Dimens\u00e3o (C x L x A)<\/td>\n<td>522238218218 mm<\/td>\n<\/tr>\n<tr>\n<td><\/td>\n<td>Dimens\u00f5es da embalagem<\/td>\n<td>570310297 mm<\/td>\n<\/tr>\n<tr>\n<td><\/td>\n<td>Peso<\/td>\n<td>Aproximadamente 20 kg<\/td>\n<\/tr>\n<tr>\n<td><\/td>\n<td>Terminal<\/td>\n<td>M8<\/td>\n<\/tr>\n<\/tbody>\n<\/table>\n<\/div>\n<p><img fetchpriority=\"high\" decoding=\"async\" class=\"alignnone wp-image-528 size-full\" src=\"https:\/\/hdxenergy.com\/wp-content\/uploads\/2025\/11\/24v100ah005.jpg\" alt=\"Waterprof lP67\" width=\"1000\" height=\"1000\" srcset=\"https:\/\/hdxenergy.com\/wp-content\/uploads\/2025\/11\/24v100ah005.jpg 1000w, https:\/\/hdxenergy.com\/wp-content\/uploads\/2025\/11\/24v100ah005-300x300.jpg 300w, https:\/\/hdxenergy.com\/wp-content\/uploads\/2025\/11\/24v100ah005-150x150.jpg 150w, https:\/\/hdxenergy.com\/wp-content\/uploads\/2025\/11\/24v100ah005-768x768.jpg 768w, https:\/\/hdxenergy.com\/wp-content\/uploads\/2025\/11\/24v100ah005-600x600.jpg 600w, https:\/\/hdxenergy.com\/wp-content\/uploads\/2025\/11\/24v100ah005-100x100.jpg 100w\" sizes=\"(max-width: 1000px) 100vw, 1000px\" \/> <img decoding=\"async\" class=\"alignnone wp-image-527 size-full\" src=\"https:\/\/hdxenergy.com\/wp-content\/uploads\/2025\/11\/24v100ah004.jpg\" alt=\"Bateria LiFeP04: O principal componente de armazenamento de energia em sistemas de armazenamento de energia solar\" width=\"1000\" height=\"1000\" srcset=\"https:\/\/hdxenergy.com\/wp-content\/uploads\/2025\/11\/24v100ah004.jpg 1000w, https:\/\/hdxenergy.com\/wp-content\/uploads\/2025\/11\/24v100ah004-300x300.jpg 300w, https:\/\/hdxenergy.com\/wp-content\/uploads\/2025\/11\/24v100ah004-150x150.jpg 150w, https:\/\/hdxenergy.com\/wp-content\/uploads\/2025\/11\/24v100ah004-768x768.jpg 768w, https:\/\/hdxenergy.com\/wp-content\/uploads\/2025\/11\/24v100ah004-600x600.jpg 600w, https:\/\/hdxenergy.com\/wp-content\/uploads\/2025\/11\/24v100ah004-100x100.jpg 100w\" sizes=\"(max-width: 1000px) 100vw, 1000px\" \/> <img decoding=\"async\" class=\"alignnone wp-image-526 size-full\" src=\"https:\/\/hdxenergy.com\/wp-content\/uploads\/2025\/11\/24v100ah003.jpg\" alt=\"Gerenciamento de energia para ve\u00edculos recreativos: Status da bateria habilitado para Bluetooth para controle de energia em movimento\" width=\"1000\" height=\"1000\" srcset=\"https:\/\/hdxenergy.com\/wp-content\/uploads\/2025\/11\/24v100ah003.jpg 1000w, https:\/\/hdxenergy.com\/wp-content\/uploads\/2025\/11\/24v100ah003-300x300.jpg 300w, https:\/\/hdxenergy.com\/wp-content\/uploads\/2025\/11\/24v100ah003-150x150.jpg 150w, https:\/\/hdxenergy.com\/wp-content\/uploads\/2025\/11\/24v100ah003-768x768.jpg 768w, https:\/\/hdxenergy.com\/wp-content\/uploads\/2025\/11\/24v100ah003-600x600.jpg 600w, https:\/\/hdxenergy.com\/wp-content\/uploads\/2025\/11\/24v100ah003-100x100.jpg 100w\" sizes=\"(max-width: 1000px) 100vw, 1000px\" \/> <img loading=\"lazy\" decoding=\"async\" class=\"alignnone wp-image-525 size-full\" src=\"https:\/\/hdxenergy.com\/wp-content\/uploads\/2025\/11\/24v100ah002.jpg\" alt=\"Essencial para acampamentos: A bateria monitorada por Bluetooth garante energia ininterrupta ao ar livre\" width=\"1000\" height=\"1000\" srcset=\"https:\/\/hdxenergy.com\/wp-content\/uploads\/2025\/11\/24v100ah002.jpg 1000w, https:\/\/hdxenergy.com\/wp-content\/uploads\/2025\/11\/24v100ah002-300x300.jpg 300w, https:\/\/hdxenergy.com\/wp-content\/uploads\/2025\/11\/24v100ah002-150x150.jpg 150w, https:\/\/hdxenergy.com\/wp-content\/uploads\/2025\/11\/24v100ah002-768x768.jpg 768w, https:\/\/hdxenergy.com\/wp-content\/uploads\/2025\/11\/24v100ah002-600x600.jpg 600w, https:\/\/hdxenergy.com\/wp-content\/uploads\/2025\/11\/24v100ah002-100x100.jpg 100w\" sizes=\"(max-width: 1000px) 100vw, 1000px\" \/><\/p>","protected":false},"excerpt":{"rendered":"<ul>\n<li>A bateria de l\u00edtio se destaca por sua alta rela\u00e7\u00e3o capacidade\/peso, forte pot\u00eancia de descarga, carregamento r\u00e1pido, longa vida \u00fatil e excelente estabilidade sob altas temperaturas.<\/li>\n<li>Com profundidade de descarga de 80% e composi\u00e7\u00e3o qu\u00edmica LiFePO4, garante seguran\u00e7a t\u00e9rmica, rea\u00e7\u00f5es redox est\u00e1veis e vida \u00fatil prolongada. Sua tens\u00e3o de descarga constante simplifica a regula\u00e7\u00e3o da tens\u00e3o, e seu design \u00e0 prova de impactos resiste a choques fortes sem risco de explos\u00e3o.<\/li>\n<li>A marca BMS oferece op\u00e7\u00f5es de personaliza\u00e7\u00e3o, incluindo design de logotipo e apar\u00eancia externa.<\/li>\n<\/ul>","protected":false},"featured_media":524,"comment_status":"open","ping_status":"closed","template":"","meta":[],"product_brand":[],"product_cat":[28],"product_tag":[],"class_list":{"0":"post-519","1":"product","2":"type-product","3":"status-publish","4":"has-post-thumbnail","6":"product_cat-12v-24v-lifepo4-battery","8":"first","9":"instock","10":"shipping-taxable","11":"product-type-simple"},"_links":{"self":[{"href":"https:\/\/hdxenergy.com\/pt\/wp-json\/wp\/v2\/product\/519","targetHints":{"allow":["GET"]}}],"collection":[{"href":"https:\/\/hdxenergy.com\/pt\/wp-json\/wp\/v2\/product"}],"about":[{"href":"https:\/\/hdxenergy.com\/pt\/wp-json\/wp\/v2\/types\/product"}],"replies":[{"embeddable":true,"href":"https:\/\/hdxenergy.com\/pt\/wp-json\/wp\/v2\/comments?post=519"}],"wp:featuredmedia":[{"embeddable":true,"href":"https:\/\/hdxenergy.com\/pt\/wp-json\/wp\/v2\/media\/524"}],"wp:attachment":[{"href":"https:\/\/hdxenergy.com\/pt\/wp-json\/wp\/v2\/media?parent=519"}],"wp:term":[{"taxonomy":"product_brand","embeddable":true,"href":"https:\/\/hdxenergy.com\/pt\/wp-json\/wp\/v2\/product_brand?post=519"},{"taxonomy":"product_cat","embeddable":true,"href":"https:\/\/hdxenergy.com\/pt\/wp-json\/wp\/v2\/product_cat?post=519"},{"taxonomy":"product_tag","embeddable":true,"href":"https:\/\/hdxenergy.com\/pt\/wp-json\/wp\/v2\/product_tag?post=519"}],"curies":[{"name":"wp","href":"https:\/\/api.w.org\/{rel}","templated":true}]}}