{"id":472,"date":"2025-11-24T07:21:22","date_gmt":"2025-11-24T07:21:22","guid":{"rendered":"https:\/\/hdxenergy.com\/?post_type=product&#038;p=472"},"modified":"2026-01-07T06:24:02","modified_gmt":"2026-01-07T06:24:02","slug":"24-v-200-ah","status":"publish","type":"product","link":"https:\/\/hdxenergy.com\/pt\/product\/24v200ah\/","title":{"rendered":"Bateria 24V 200Ah LiFePO4 OEM\/ODM | Ciclo profundo para energia solar, UPS e carrinho de golfe"},"content":{"rendered":"<p><strong><b>Aplica\u00e7\u00e3o<\/b><\/strong><\/p>\n<p>\u25c6 UPS<\/p>\n<p>Sistema de energia solar e e\u00f3lica<\/p>\n<p>Carrinho de golfe<\/p>\n<p>Ve\u00edculo el\u00e9trico, E-bike, E-rickshaw etc.<\/p>\n<p>Ilumina\u00e7\u00e3o<\/p>\n<p><strong><b>Geral<\/b><\/strong><strong><b>\u00a0<\/b><\/strong><strong><b>Especifica\u00e7\u00e3o<\/b><\/strong><\/p>\n<div class=\"table-container\">\n<table>\n<tbody>\n<tr>\n<td>Caracter\u00edsticas el\u00e9tricas<\/td>\n<td>Tens\u00e3o nominal<\/td>\n<td>25,6 V<\/td>\n<\/tr>\n<tr>\n<td><\/td>\n<td>Capacidade nominal<\/td>\n<td>200 Ah<\/td>\n<\/tr>\n<tr>\n<td><\/td>\n<td>Energia<\/td>\n<td>5120Wh<\/td>\n<\/tr>\n<tr>\n<td><\/td>\n<td>Resist\u00eancia interna<\/td>\n<td>\u226435 m\u03a9<\/td>\n<\/tr>\n<tr>\n<td><\/td>\n<td>Ciclo de vida<\/td>\n<td>2000 ciclos a 0,2 C de carga\/descarga, at\u00e9 801 TP3T de capacidade<\/td>\n<\/tr>\n<tr>\n<td><\/td>\n<td>Auto descarga<\/td>\n<td>\u22643,51 TP3T por m\u00eas a 25 \u00b0C<\/td>\n<\/tr>\n<tr>\n<td>Carregamento padr\u00e3o<\/td>\n<td>Tens\u00e3o m\u00e1xima de carga<\/td>\n<td>28.0~25.6V<\/td>\n<\/tr>\n<tr>\n<td><\/td>\n<td>Modo de carregamento<\/td>\n<td>A uma temperatura de 0 \u2103 a 45 \u2103, carregado a 14,6 V com uma corrente constante de 0,2 C e, em seguida, alterado continuamente com tens\u00e3o constante de 14,6 V at\u00e9 que a corrente n\u00e3o fosse superior a 0,02 C.<\/td>\n<\/tr>\n<tr>\n<td><\/td>\n<td>Corrente de carga<\/td>\n<td>100A<\/td>\n<\/tr>\n<tr>\n<td><\/td>\n<td>Corrente m\u00e1xima de carga<\/td>\n<td>200A<\/td>\n<\/tr>\n<tr>\n<td>Descarga padr\u00e3o<\/td>\n<td>Corrente de descarga<\/td>\n<td>200A<\/td>\n<\/tr>\n<tr>\n<td><\/td>\n<td>Corrente cont\u00ednua m\u00e1xima<\/td>\n<td>200A<\/td>\n<\/tr>\n<tr>\n<td><\/td>\n<td>Corrente de pulso m\u00e1xima<\/td>\n<td>400A(&lt;3S\uff09<\/td>\n<\/tr>\n<tr>\n<td><\/td>\n<td>Tens\u00e3o de corte de descarga<\/td>\n<td>20.0<\/td>\n<\/tr>\n<tr>\n<td>Condi\u00e7\u00e3o de funcionamento<\/td>\n<td>Temperatura de carga<\/td>\n<td>0\u2103 a 45\u2103 (32\u2109 a 113\u2109) @60\u00b125% Umidade relativa<\/td>\n<\/tr>\n<tr>\n<td><\/td>\n<td>Temperatura de descarga<\/td>\n<td>-20 \u00b0C a 60 \u00b0C (-4 \u00b0F a 140 \u00b0F) @60 \u00b1 251 TP3T Umidade relativa<\/td>\n<\/tr>\n<tr>\n<td><\/td>\n<td>Temperatura de armazenamento<\/td>\n<td>0\u2103 a 45\u2103 (32\u2109 a 113\u2109) @60\u00b125% Umidade relativa<\/td>\n<\/tr>\n<tr>\n<td><\/td>\n<td>Resist\u00eancia \u00e0 \u00e1gua e ao p\u00f3<\/td>\n<td>IP55<\/td>\n<\/tr>\n<tr>\n<td>Estrutura<\/td>\n<td>C\u00e9lula e formato<\/td>\n<td>LFP206AH(8S1P)<\/td>\n<\/tr>\n<tr>\n<td><\/td>\n<td>Revestimento<\/td>\n<td>Pl\u00e1stico<\/td>\n<\/tr>\n<tr>\n<td><\/td>\n<td>Dimens\u00e3o (C x L x A)<\/td>\n<td>522238218218 mm<\/td>\n<\/tr>\n<tr>\n<td><\/td>\n<td>Dimens\u00f5es da embalagem<\/td>\n<td>570310280mm<\/td>\n<\/tr>\n<tr>\n<td><\/td>\n<td>Peso<\/td>\n<td>Aprox. 3 8 kg<\/td>\n<\/tr>\n<tr>\n<td><\/td>\n<td>Terminal<\/td>\n<td>M8<\/td>\n<\/tr>\n<\/tbody>\n<\/table>\n<\/div>\n<p><img fetchpriority=\"high\" decoding=\"async\" class=\"alignnone wp-image-514 size-full\" src=\"https:\/\/hdxenergy.com\/wp-content\/uploads\/2025\/11\/24v200ah08.jpg\" alt=\"Prote\u00e7\u00e3o contra corte por baixa temperatura\" width=\"1000\" height=\"1000\" srcset=\"https:\/\/hdxenergy.com\/wp-content\/uploads\/2025\/11\/24v200ah08.jpg 1000w, https:\/\/hdxenergy.com\/wp-content\/uploads\/2025\/11\/24v200ah08-300x300.jpg 300w, https:\/\/hdxenergy.com\/wp-content\/uploads\/2025\/11\/24v200ah08-150x150.jpg 150w, https:\/\/hdxenergy.com\/wp-content\/uploads\/2025\/11\/24v200ah08-768x768.jpg 768w, https:\/\/hdxenergy.com\/wp-content\/uploads\/2025\/11\/24v200ah08-600x600.jpg 600w, https:\/\/hdxenergy.com\/wp-content\/uploads\/2025\/11\/24v200ah08-100x100.jpg 100w\" sizes=\"(max-width: 1000px) 100vw, 1000px\" \/> <img decoding=\"async\" class=\"alignnone wp-image-513 size-full\" src=\"https:\/\/hdxenergy.com\/wp-content\/uploads\/2025\/11\/24v200ah07.jpg\" alt=\"RESISTENTE \u00c0 \u00c1GUA\" width=\"1000\" height=\"1000\" srcset=\"https:\/\/hdxenergy.com\/wp-content\/uploads\/2025\/11\/24v200ah07.jpg 1000w, https:\/\/hdxenergy.com\/wp-content\/uploads\/2025\/11\/24v200ah07-300x300.jpg 300w, https:\/\/hdxenergy.com\/wp-content\/uploads\/2025\/11\/24v200ah07-150x150.jpg 150w, https:\/\/hdxenergy.com\/wp-content\/uploads\/2025\/11\/24v200ah07-768x768.jpg 768w, https:\/\/hdxenergy.com\/wp-content\/uploads\/2025\/11\/24v200ah07-600x600.jpg 600w, https:\/\/hdxenergy.com\/wp-content\/uploads\/2025\/11\/24v200ah07-100x100.jpg 100w\" sizes=\"(max-width: 1000px) 100vw, 1000px\" \/> <img decoding=\"async\" class=\"alignnone wp-image-512 size-full\" src=\"https:\/\/hdxenergy.com\/wp-content\/uploads\/2025\/11\/24v200ah06.jpg\" alt=\"Alimenta\u00e7\u00e3o por bateria para suas aventuras em trailers\" width=\"1000\" height=\"1000\" srcset=\"https:\/\/hdxenergy.com\/wp-content\/uploads\/2025\/11\/24v200ah06.jpg 1000w, https:\/\/hdxenergy.com\/wp-content\/uploads\/2025\/11\/24v200ah06-300x300.jpg 300w, https:\/\/hdxenergy.com\/wp-content\/uploads\/2025\/11\/24v200ah06-150x150.jpg 150w, https:\/\/hdxenergy.com\/wp-content\/uploads\/2025\/11\/24v200ah06-768x768.jpg 768w, https:\/\/hdxenergy.com\/wp-content\/uploads\/2025\/11\/24v200ah06-600x600.jpg 600w, https:\/\/hdxenergy.com\/wp-content\/uploads\/2025\/11\/24v200ah06-100x100.jpg 100w\" sizes=\"(max-width: 1000px) 100vw, 1000px\" \/> <img loading=\"lazy\" decoding=\"async\" class=\"alignnone wp-image-511 size-full\" src=\"https:\/\/hdxenergy.com\/wp-content\/uploads\/2025\/11\/24v200ah05.jpg\" alt=\"Bateria LiFePo4 de 24V 200Ah - energia confi\u00e1vel para viagens de barco\" width=\"1000\" height=\"1000\" srcset=\"https:\/\/hdxenergy.com\/wp-content\/uploads\/2025\/11\/24v200ah05.jpg 1000w, https:\/\/hdxenergy.com\/wp-content\/uploads\/2025\/11\/24v200ah05-300x300.jpg 300w, https:\/\/hdxenergy.com\/wp-content\/uploads\/2025\/11\/24v200ah05-150x150.jpg 150w, https:\/\/hdxenergy.com\/wp-content\/uploads\/2025\/11\/24v200ah05-768x768.jpg 768w, https:\/\/hdxenergy.com\/wp-content\/uploads\/2025\/11\/24v200ah05-600x600.jpg 600w, https:\/\/hdxenergy.com\/wp-content\/uploads\/2025\/11\/24v200ah05-100x100.jpg 100w\" sizes=\"(max-width: 1000px) 100vw, 1000px\" \/><\/p>","protected":false},"excerpt":{"rendered":"<ul>\n<li>A bateria de l\u00edtio se destaca por sua alta rela\u00e7\u00e3o capacidade\/peso, forte pot\u00eancia de descarga, carregamento r\u00e1pido, longa vida \u00fatil e excelente estabilidade sob altas temperaturas.<\/li>\n<li>Com profundidade de descarga de 80% e composi\u00e7\u00e3o qu\u00edmica LiFePO4, garante seguran\u00e7a t\u00e9rmica, rea\u00e7\u00f5es redox est\u00e1veis e vida \u00fatil prolongada. Sua tens\u00e3o de descarga constante simplifica a regula\u00e7\u00e3o da tens\u00e3o, e seu design \u00e0 prova de impactos resiste a choques fortes sem risco de explos\u00e3o.<\/li>\n<li>A marca BMS oferece op\u00e7\u00f5es de personaliza\u00e7\u00e3o, incluindo design de logotipo e apar\u00eancia externa.<\/li>\n<\/ul>","protected":false},"featured_media":507,"comment_status":"open","ping_status":"closed","template":"","meta":[],"product_brand":[],"product_cat":[28],"product_tag":[],"class_list":{"0":"post-472","1":"product","2":"type-product","3":"status-publish","4":"has-post-thumbnail","6":"product_cat-12v-24v-lifepo4-battery","8":"first","9":"instock","10":"shipping-taxable","11":"product-type-simple"},"_links":{"self":[{"href":"https:\/\/hdxenergy.com\/pt\/wp-json\/wp\/v2\/product\/472","targetHints":{"allow":["GET"]}}],"collection":[{"href":"https:\/\/hdxenergy.com\/pt\/wp-json\/wp\/v2\/product"}],"about":[{"href":"https:\/\/hdxenergy.com\/pt\/wp-json\/wp\/v2\/types\/product"}],"replies":[{"embeddable":true,"href":"https:\/\/hdxenergy.com\/pt\/wp-json\/wp\/v2\/comments?post=472"}],"wp:featuredmedia":[{"embeddable":true,"href":"https:\/\/hdxenergy.com\/pt\/wp-json\/wp\/v2\/media\/507"}],"wp:attachment":[{"href":"https:\/\/hdxenergy.com\/pt\/wp-json\/wp\/v2\/media?parent=472"}],"wp:term":[{"taxonomy":"product_brand","embeddable":true,"href":"https:\/\/hdxenergy.com\/pt\/wp-json\/wp\/v2\/product_brand?post=472"},{"taxonomy":"product_cat","embeddable":true,"href":"https:\/\/hdxenergy.com\/pt\/wp-json\/wp\/v2\/product_cat?post=472"},{"taxonomy":"product_tag","embeddable":true,"href":"https:\/\/hdxenergy.com\/pt\/wp-json\/wp\/v2\/product_tag?post=472"}],"curies":[{"name":"wp","href":"https:\/\/api.w.org\/{rel}","templated":true}]}}