{"id":313,"date":"2025-11-24T06:03:42","date_gmt":"2025-11-24T06:03:42","guid":{"rendered":"https:\/\/hdxenergy.com\/?post_type=product&#038;p=313"},"modified":"2026-01-07T05:53:58","modified_gmt":"2026-01-07T05:53:58","slug":"51-2v105ah-versao-com-carcaca-de-ferro","status":"publish","type":"product","link":"https:\/\/hdxenergy.com\/pt\/product\/51-2v105ah-iron-shell-version\/","title":{"rendered":"Bateria para carrinho de golfe de 51,2V 105Ah Pedido em massa | 5000+ Cycle LiFePO4 Power"},"content":{"rendered":"<p><strong>Especifica\u00e7\u00f5es e par\u00e2metros do produto<\/strong><br \/>\n<strong>Par\u00e2metros t\u00e9cnicos da bateria<\/strong><\/p>\n<div class=\"table-container\">\n<table>\n<tbody>\n<tr>\n<td>Especifica\u00e7\u00f5es do projeto<\/td>\n<td>Par\u00e2metros padr\u00e3o<\/td>\n<td>Observa\u00e7\u00f5es<\/td>\n<\/tr>\n<tr>\n<td>Modelo da bateria<\/td>\n<td>51,2 V 105 Ah<\/td>\n<td><\/td>\n<\/tr>\n<tr>\n<td>Tipo de bateria<\/td>\n<td>Bateria LFP<\/td>\n<td><\/td>\n<\/tr>\n<tr>\n<td>Tens\u00e3o nominal (V)<\/td>\n<td>51.2<\/td>\n<td><\/td>\n<\/tr>\n<tr>\n<td>Capacidade nominal (Ah)<\/td>\n<td>105\u00b15%<\/td>\n<td>25 \u2103 \u00b1 2 \u2103, carga de 0,5 C, descarga de 0,5 C<\/td>\n<\/tr>\n<tr>\n<td>Energia nominal (Wh)<\/td>\n<td>5376<\/td>\n<td><\/td>\n<\/tr>\n<tr>\n<td>Tens\u00e3o nominal de carga (V)<\/td>\n<td>57.6<\/td>\n<td><\/td>\n<\/tr>\n<tr>\n<td>Tens\u00e3o nominal de corte de descarga (V)<\/td>\n<td>40<\/td>\n<td><\/td>\n<\/tr>\n<tr>\n<td>Corrente de carga padr\u00e3o (A)<\/td>\n<td>20<\/td>\n<td><\/td>\n<\/tr>\n<tr>\n<td>Corrente m\u00e1xima de carga (A)<\/td>\n<td>50<\/td>\n<td><\/td>\n<\/tr>\n<tr>\n<td>Corrente de descarga padr\u00e3o (A)<\/td>\n<td>20<\/td>\n<td><\/td>\n<\/tr>\n<tr>\n<td>Corrente de descarga cont\u00ednua (A)<\/td>\n<td>200<\/td>\n<td><\/td>\n<\/tr>\n<tr>\n<td>Corrente m\u00e1xima de descarga (A)<\/td>\n<td>400 (35S)<\/td>\n<td><\/td>\n<\/tr>\n<tr>\n<td>Corrente m\u00e1xima de descarga de pico (A)<\/td>\n<td>600A(3S)<\/td>\n<td><\/td>\n<\/tr>\n<tr>\n<td>Material da carca\u00e7a<\/td>\n<td>Caixa met\u00e1lica<\/td>\n<td><\/td>\n<\/tr>\n<tr>\n<td>Peso (kg)<\/td>\n<td>Cerca de 51 kg<\/td>\n<td><\/td>\n<\/tr>\n<tr>\n<td>Resist\u00eancia interna inicial (m\u03a9)<\/td>\n<td>\u226450<\/td>\n<td>Bateria nova em 3 meses, ACIR, 1000 Hz<\/td>\n<\/tr>\n<tr>\n<td>Taxa de autodescarregamento mensal<\/td>\n<td>\u22645%<\/td>\n<td>Padr\u00e3o carregado para 100% SOC e armazenamento por 28 dias a 25\u00b12\u2103.<\/td>\n<\/tr>\n<\/tbody>\n<\/table>\n<table>\n<tbody>\n<tr>\n<td>Dimens\u00f5es gerais (mm)<\/td>\n<td>550*300*245 mm \u00b12,0<\/td>\n<td>Comprimento \u00d7 Largura \u00d7 Altura (tamanho da caixa, sem al\u00e7a)<\/td>\n<\/tr>\n<tr>\n<td>Tens\u00e3o de sa\u00edda (V)<\/td>\n<td>51 ~ 52.8<\/td>\n<td>30~70%SOC<\/td>\n<\/tr>\n<tr>\n<td>Ciclo de vida (vezes) (25 \u00b0C \u00b1 2 \u00b0C)<\/td>\n<td><\/td>\n<td>a) \u00c0 temperatura ambiente, continue a carregar com corrente constante de 20 A at\u00e9 que a tens\u00e3o da bateria seja de 43,8 e carregue com tens\u00e3o constante at\u00e9 que a corrente seja de 0,05 C. Deixe repousar por 2 horas; b)Descarregue a 20 A at\u00e9 a tens\u00e3o de corte de 30 V \u00e0 temperatura ambiente. Deixe repousar por 3 horas; c\uff09Repita as etapas de a\uff09a b) at\u00e9 que a capacidade de descarga atinja 80% da capacidade nominal. O n\u00famero de ciclos completados foi definido como a vida \u00fatil da bateria.<\/td>\n<\/tr>\n<\/tbody>\n<\/table>\n<table>\n<tbody>\n<tr>\n<td>Ciclo de vida (vezes) (25 \u00b0C \u00b1 2 \u00b0C)<\/td>\n<td><\/td>\n<td>a) \u00c0 temperatura ambiente, continue a carregar com corrente constante de 20 A at\u00e9 que a tens\u00e3o da bateria seja de 43,8 e carregue com tens\u00e3o constante at\u00e9 que a corrente seja de 0,05 C. Deixe repousar por 2 horas; b)Descarregue a 20 A at\u00e9 a tens\u00e3o de corte de 30 V \u00e0 temperatura ambiente. Deixe repousar por 3 horas; c\uff09Repita as etapas de a\uff09a b) at\u00e9 que a capacidade de descarga atinja 80% da capacidade nominal. O n\u00famero de ciclos completados foi definido como a vida \u00fatil da bateria.<\/td>\n<\/tr>\n<tr>\n<td>Modo de comunica\u00e7\u00e3o<\/td>\n<td colspan=\"2\">UART<\/td>\n<\/tr>\n<tr>\n<td>Temperatura de carregamento (\u2103)<\/td>\n<td>30A<\/td>\n<td>0~10 \u2103<\/td>\n<\/tr>\n<tr>\n<td><\/td>\n<td>20A<\/td>\n<td>10~20 \u00b0C<\/td>\n<\/tr>\n<tr>\n<td><\/td>\n<td>50A<\/td>\n<td>20~40 \u2103<\/td>\n<\/tr>\n<tr>\n<td><\/td>\n<td>30A<\/td>\n<td>40~55 \u2103<\/td>\n<\/tr>\n<tr>\n<td>Temperatura de descarga (\u2103)<\/td>\n<td>-20~55<\/td>\n<td>A temperatura da superf\u00edcie da c\u00e9lula n\u00e3o deve exceder 60 \u2103.<\/td>\n<\/tr>\n<tr>\n<td>Temperatura de armazenamento<\/td>\n<td>-30~55\u2103 90% UR m\u00e1x. -10\uff5e45\u2103 70% UR m\u00e1x.<\/td>\n<td>Menos de 1 m\u00eas Mais de 3 meses<\/td>\n<\/tr>\n<tr>\n<td>Temperatura de armazenamento recomendada<\/td>\n<td>-10\uff5e35\u2103 85% UR m\u00e1x.<\/td>\n<td>A vida \u00fatil da bateria ser\u00e1 reduzida se ela for armazenada em alta temperatura.<\/td>\n<\/tr>\n<\/tbody>\n<\/table>\n<\/div>\n<p><img fetchpriority=\"high\" decoding=\"async\" class=\"alignnone wp-image-357 size-full\" src=\"https:\/\/hdxenergy.com\/wp-content\/uploads\/2025\/11\/51.2v105ah-iron-shell-version07.jpg\" alt=\"Alimenta\u00e7\u00e3o mais r\u00e1pida e mais longa para seu carrinho de golfe\" width=\"1000\" height=\"1000\" srcset=\"https:\/\/hdxenergy.com\/wp-content\/uploads\/2025\/11\/51.2v105ah-iron-shell-version07.jpg 1000w, https:\/\/hdxenergy.com\/wp-content\/uploads\/2025\/11\/51.2v105ah-iron-shell-version07-300x300.jpg 300w, https:\/\/hdxenergy.com\/wp-content\/uploads\/2025\/11\/51.2v105ah-iron-shell-version07-150x150.jpg 150w, https:\/\/hdxenergy.com\/wp-content\/uploads\/2025\/11\/51.2v105ah-iron-shell-version07-768x768.jpg 768w, https:\/\/hdxenergy.com\/wp-content\/uploads\/2025\/11\/51.2v105ah-iron-shell-version07-600x600.jpg 600w, https:\/\/hdxenergy.com\/wp-content\/uploads\/2025\/11\/51.2v105ah-iron-shell-version07-100x100.jpg 100w\" sizes=\"(max-width: 1000px) 100vw, 1000px\" \/> <img decoding=\"async\" class=\"alignnone wp-image-356 size-full\" src=\"https:\/\/hdxenergy.com\/wp-content\/uploads\/2025\/11\/51.2v105ah-iron-shell-version06.jpg\" alt=\"Bateria OEM\/SEU LOGOTIPO\" width=\"1000\" height=\"1000\" srcset=\"https:\/\/hdxenergy.com\/wp-content\/uploads\/2025\/11\/51.2v105ah-iron-shell-version06.jpg 1000w, https:\/\/hdxenergy.com\/wp-content\/uploads\/2025\/11\/51.2v105ah-iron-shell-version06-300x300.jpg 300w, https:\/\/hdxenergy.com\/wp-content\/uploads\/2025\/11\/51.2v105ah-iron-shell-version06-150x150.jpg 150w, https:\/\/hdxenergy.com\/wp-content\/uploads\/2025\/11\/51.2v105ah-iron-shell-version06-768x768.jpg 768w, https:\/\/hdxenergy.com\/wp-content\/uploads\/2025\/11\/51.2v105ah-iron-shell-version06-600x600.jpg 600w, https:\/\/hdxenergy.com\/wp-content\/uploads\/2025\/11\/51.2v105ah-iron-shell-version06-100x100.jpg 100w\" sizes=\"(max-width: 1000px) 100vw, 1000px\" \/> <img decoding=\"async\" class=\"alignnone wp-image-355 size-full\" src=\"https:\/\/hdxenergy.com\/wp-content\/uploads\/2025\/11\/51.2v105ah-iron-shell-version05.jpg\" alt=\"Bateria para carrinho de golfe Lifepo4\" width=\"750\" height=\"750\" srcset=\"https:\/\/hdxenergy.com\/wp-content\/uploads\/2025\/11\/51.2v105ah-iron-shell-version05.jpg 750w, https:\/\/hdxenergy.com\/wp-content\/uploads\/2025\/11\/51.2v105ah-iron-shell-version05-300x300.jpg 300w, https:\/\/hdxenergy.com\/wp-content\/uploads\/2025\/11\/51.2v105ah-iron-shell-version05-150x150.jpg 150w, https:\/\/hdxenergy.com\/wp-content\/uploads\/2025\/11\/51.2v105ah-iron-shell-version05-600x600.jpg 600w, https:\/\/hdxenergy.com\/wp-content\/uploads\/2025\/11\/51.2v105ah-iron-shell-version05-100x100.jpg 100w\" sizes=\"(max-width: 750px) 100vw, 750px\" \/> <img loading=\"lazy\" decoding=\"async\" class=\"alignnone wp-image-354 size-full\" src=\"https:\/\/hdxenergy.com\/wp-content\/uploads\/2025\/11\/51.2v105ah-iron-shell-version04.jpg\" alt=\"Tecnologia de fabrica\u00e7\u00e3o\" width=\"1000\" height=\"1000\" srcset=\"https:\/\/hdxenergy.com\/wp-content\/uploads\/2025\/11\/51.2v105ah-iron-shell-version04.jpg 1000w, https:\/\/hdxenergy.com\/wp-content\/uploads\/2025\/11\/51.2v105ah-iron-shell-version04-300x300.jpg 300w, https:\/\/hdxenergy.com\/wp-content\/uploads\/2025\/11\/51.2v105ah-iron-shell-version04-150x150.jpg 150w, https:\/\/hdxenergy.com\/wp-content\/uploads\/2025\/11\/51.2v105ah-iron-shell-version04-768x768.jpg 768w, https:\/\/hdxenergy.com\/wp-content\/uploads\/2025\/11\/51.2v105ah-iron-shell-version04-600x600.jpg 600w, https:\/\/hdxenergy.com\/wp-content\/uploads\/2025\/11\/51.2v105ah-iron-shell-version04-100x100.jpg 100w\" sizes=\"(max-width: 1000px) 100vw, 1000px\" \/> <img loading=\"lazy\" decoding=\"async\" class=\"alignnone wp-image-353 size-full\" src=\"https:\/\/hdxenergy.com\/wp-content\/uploads\/2025\/11\/51.2v105ah-iron-shell-version03.jpg\" alt=\"Carregador: corrente de carga selecion\u00e1vel\" width=\"1000\" height=\"1000\" srcset=\"https:\/\/hdxenergy.com\/wp-content\/uploads\/2025\/11\/51.2v105ah-iron-shell-version03.jpg 1000w, https:\/\/hdxenergy.com\/wp-content\/uploads\/2025\/11\/51.2v105ah-iron-shell-version03-300x300.jpg 300w, https:\/\/hdxenergy.com\/wp-content\/uploads\/2025\/11\/51.2v105ah-iron-shell-version03-150x150.jpg 150w, https:\/\/hdxenergy.com\/wp-content\/uploads\/2025\/11\/51.2v105ah-iron-shell-version03-768x768.jpg 768w, https:\/\/hdxenergy.com\/wp-content\/uploads\/2025\/11\/51.2v105ah-iron-shell-version03-600x600.jpg 600w, https:\/\/hdxenergy.com\/wp-content\/uploads\/2025\/11\/51.2v105ah-iron-shell-version03-100x100.jpg 100w\" sizes=\"(max-width: 1000px) 100vw, 1000px\" \/><\/p>","protected":false},"excerpt":{"rendered":"<ol>\n<li>Desempenho central<\/li>\n<\/ol>\n<p>Grande capacidade de 100 Ah: fornece energia confi\u00e1vel para armazenamento de energia solar, sistemas de energia de reserva, ve\u00edculos recreativos, ferramentas el\u00e9tricas e cen\u00e1rios mais vers\u00e1teis.<\/p>\n<ol start=\"2\">\n<li>Seguran\u00e7a de alto n\u00edvel<\/li>\n<\/ol>\n<p>Prote\u00e7\u00e3o de seguran\u00e7a dupla: Apresenta estabilidade t\u00e9rmica excepcional e um Sistema de Gerenciamento de Bateria (BMS) integrado para evitar sobrecarga, descarga excessiva e curtos-circuitos.<\/p>\n<ol start=\"3\">\n<li>Durabilidade de longa dura\u00e7\u00e3o<\/li>\n<\/ol>\n<p>Mais de 5.000 ciclos de carga: garante confiabilidade a longo prazo, reduz a necessidade de substitui\u00e7\u00f5es frequentes e diminui os custos gerais de manuten\u00e7\u00e3o.<\/p>\n<ol start=\"4\">\n<li>Carregamento r\u00e1pido e eficiente<\/li>\n<\/ol>\n<p>Suporte para carregamento r\u00e1pido: Carrega de forma r\u00e1pida e eficiente, com ampla compatibilidade para v\u00e1rios dispositivos e sistemas de energia.<\/p>\n<ol start=\"5\">\n<li>Design ecologicamente consciente<\/li>\n<\/ol>\n<p>N\u00e3o t\u00f3xico e recicl\u00e1vel: Est\u00e1 em conformidade com os padr\u00f5es ambientais internacionais, o que o torna uma solu\u00e7\u00e3o de energia sustent\u00e1vel.<\/p>","protected":false},"featured_media":351,"comment_status":"open","ping_status":"closed","template":"","meta":[],"product_brand":[],"product_cat":[29],"product_tag":[],"class_list":{"0":"post-313","1":"product","2":"type-product","3":"status-publish","4":"has-post-thumbnail","6":"product_cat-golf-cart-lithium-battery","8":"first","9":"instock","10":"shipping-taxable","11":"product-type-simple"},"_links":{"self":[{"href":"https:\/\/hdxenergy.com\/pt\/wp-json\/wp\/v2\/product\/313","targetHints":{"allow":["GET"]}}],"collection":[{"href":"https:\/\/hdxenergy.com\/pt\/wp-json\/wp\/v2\/product"}],"about":[{"href":"https:\/\/hdxenergy.com\/pt\/wp-json\/wp\/v2\/types\/product"}],"replies":[{"embeddable":true,"href":"https:\/\/hdxenergy.com\/pt\/wp-json\/wp\/v2\/comments?post=313"}],"wp:featuredmedia":[{"embeddable":true,"href":"https:\/\/hdxenergy.com\/pt\/wp-json\/wp\/v2\/media\/351"}],"wp:attachment":[{"href":"https:\/\/hdxenergy.com\/pt\/wp-json\/wp\/v2\/media?parent=313"}],"wp:term":[{"taxonomy":"product_brand","embeddable":true,"href":"https:\/\/hdxenergy.com\/pt\/wp-json\/wp\/v2\/product_brand?post=313"},{"taxonomy":"product_cat","embeddable":true,"href":"https:\/\/hdxenergy.com\/pt\/wp-json\/wp\/v2\/product_cat?post=313"},{"taxonomy":"product_tag","embeddable":true,"href":"https:\/\/hdxenergy.com\/pt\/wp-json\/wp\/v2\/product_tag?post=313"}],"curies":[{"name":"wp","href":"https:\/\/api.w.org\/{rel}","templated":true}]}}