{"id":216,"date":"2025-11-24T05:48:05","date_gmt":"2025-11-24T05:48:05","guid":{"rendered":"https:\/\/hdxenergy.com\/?post_type=product&#038;p=216"},"modified":"2026-01-07T05:40:25","modified_gmt":"2026-01-07T05:40:25","slug":"serie-1000w","status":"publish","type":"product","link":"https:\/\/hdxenergy.com\/pt\/product\/1000w-series\/","title":{"rendered":"Distribuidor de esta\u00e7\u00e3o de energia port\u00e1til H092-1000Wh | Gerador solar LiFePO4 de 1000W"},"content":{"rendered":"<div class=\"table-container\"><strong>Especifica\u00e7\u00f5es t\u00e9cnicas do H092-1000Wh<\/strong><\/p>\n<table>\n<tbody>\n<tr>\n<td>Modelo<\/td>\n<td>H092-1000Wh<\/td>\n<\/tr>\n<tr>\n<td>Dimens\u00f5es (C*L*A)<\/td>\n<td>350mm*200mm*304mm<\/td>\n<\/tr>\n<tr>\n<td>Peso<\/td>\n<td>13Kg<\/td>\n<\/tr>\n<tr>\n<td>Capacidade da bateria<\/td>\n<td>40Ah\/25,6V (1024Wh)<\/td>\n<\/tr>\n<tr>\n<td>Normas de certifica\u00e7\u00e3o<\/td>\n<td>CE FCC ROHS<\/td>\n<\/tr>\n<tr>\n<td>Sa\u00edda CA<\/td>\n<td>Onda senoidal pura AC 110V@60Hz*2 OU AC 220V@50Hz*2<\/td>\n<\/tr>\n<tr>\n<td>Pot\u00eancia de sa\u00edda do inversor<\/td>\n<td>Pot\u00eancia nominal de 1000 W \uff0c Pot\u00eancia de pico de 2000 W<\/td>\n<\/tr>\n<tr>\n<td>Entrada de carregamento solar<\/td>\n<td>12-30V\u23936A M\u00e1x. 180W<\/td>\n<\/tr>\n<tr>\n<td>Sa\u00edda de carga do carro<\/td>\n<td>14V\u239315A*1<\/td>\n<\/tr>\n<tr>\n<td>Outras entradas<\/td>\n<td>Entrada do inversor: 28V\u23936A Entrada tipo C: 5-20V\u23935A M\u00e1x. 100W<\/td>\n<\/tr>\n<tr>\n<td>Sa\u00edda DC5521<\/td>\n<td>13,5V\u23935A*2<\/td>\n<\/tr>\n<tr>\n<td>Sa\u00edda USB<\/td>\n<td>5V\u23932.4A*2 QC3.0\uff085V\u23933A\uff0c9V\u23932A 12V\u23931.5A\uff09*2<\/td>\n<\/tr>\n<tr>\n<td>Tipo C<\/td>\n<td>Entrada: 5-20V\u23935A M\u00e1x. 100W Sa\u00edda: 100W PD *1 60WPD *1<\/td>\n<\/tr>\n<tr>\n<td>Ilumina\u00e7\u00e3o<\/td>\n<td>Luz LED 6W<\/td>\n<\/tr>\n<tr>\n<td>Tipo de bateria<\/td>\n<td>Bateria LiFePO4<\/td>\n<\/tr>\n<tr>\n<td>Vida \u00fatil da bateria<\/td>\n<td>Ap\u00f3s 3000 ciclos, a capacidade restante ainda \u00e9 superior a 80%.<\/td>\n<\/tr>\n<tr>\n<td>Temperatura de armazenamento<\/td>\n<td>A temperatura ambiente recomendada varia de 20\u2103 a 30\u2103<\/td>\n<\/tr>\n<tr>\n<td>Temperatura de descarga<\/td>\n<td>-20\u2103-50\u2103<\/td>\n<\/tr>\n<tr>\n<td>Temperatura de carregamento<\/td>\n<td>-5\u2103-50\u2103<\/td>\n<\/tr>\n<tr>\n<td>Prote\u00e7\u00e3o do sistema<\/td>\n<td>Prote\u00e7\u00e3o contra superaquecimento, prote\u00e7\u00e3o contra sobretens\u00e3o, prote\u00e7\u00e3o contra sobrecorrente, prote\u00e7\u00e3o contra sobrecarga, prote\u00e7\u00e3o contra descarga excessiva, prote\u00e7\u00e3o contra curto-circuito de carga.,<\/td>\n<\/tr>\n<\/tbody>\n<\/table>\n<\/div>\n<p><img fetchpriority=\"high\" decoding=\"async\" class=\"alignnone wp-image-312 size-full\" src=\"https:\/\/hdxenergy.com\/wp-content\/uploads\/2025\/11\/1000W-Series06.jpg\" alt=\"ESTA\u00c7\u00c3O DE ENERGIA PORT\u00c1TIL1000W\/1500W Personaliz\u00e1vel OEM\/ODM\" width=\"1000\" height=\"1000\" srcset=\"https:\/\/hdxenergy.com\/wp-content\/uploads\/2025\/11\/1000W-Series06.jpg 1000w, https:\/\/hdxenergy.com\/wp-content\/uploads\/2025\/11\/1000W-Series06-300x300.jpg 300w, https:\/\/hdxenergy.com\/wp-content\/uploads\/2025\/11\/1000W-Series06-150x150.jpg 150w, https:\/\/hdxenergy.com\/wp-content\/uploads\/2025\/11\/1000W-Series06-768x768.jpg 768w, https:\/\/hdxenergy.com\/wp-content\/uploads\/2025\/11\/1000W-Series06-600x600.jpg 600w, https:\/\/hdxenergy.com\/wp-content\/uploads\/2025\/11\/1000W-Series06-100x100.jpg 100w\" sizes=\"(max-width: 1000px) 100vw, 1000px\" \/> <img decoding=\"async\" class=\"alignnone wp-image-311 size-full\" src=\"https:\/\/hdxenergy.com\/wp-content\/uploads\/2025\/11\/1000W-Series05.jpg\" alt=\"SA\u00cdDA DE CA POTENTE DE 1000\/1500 W\" width=\"1000\" height=\"1000\" srcset=\"https:\/\/hdxenergy.com\/wp-content\/uploads\/2025\/11\/1000W-Series05.jpg 1000w, https:\/\/hdxenergy.com\/wp-content\/uploads\/2025\/11\/1000W-Series05-300x300.jpg 300w, https:\/\/hdxenergy.com\/wp-content\/uploads\/2025\/11\/1000W-Series05-150x150.jpg 150w, https:\/\/hdxenergy.com\/wp-content\/uploads\/2025\/11\/1000W-Series05-768x768.jpg 768w, https:\/\/hdxenergy.com\/wp-content\/uploads\/2025\/11\/1000W-Series05-600x600.jpg 600w, https:\/\/hdxenergy.com\/wp-content\/uploads\/2025\/11\/1000W-Series05-100x100.jpg 100w\" sizes=\"(max-width: 1000px) 100vw, 1000px\" \/> <img decoding=\"async\" class=\"alignnone wp-image-310 size-full\" src=\"https:\/\/hdxenergy.com\/wp-content\/uploads\/2025\/11\/1000W-Series04.jpg\" alt=\"ALTA CAPACIDADE\" width=\"1000\" height=\"1000\" srcset=\"https:\/\/hdxenergy.com\/wp-content\/uploads\/2025\/11\/1000W-Series04.jpg 1000w, https:\/\/hdxenergy.com\/wp-content\/uploads\/2025\/11\/1000W-Series04-300x300.jpg 300w, https:\/\/hdxenergy.com\/wp-content\/uploads\/2025\/11\/1000W-Series04-150x150.jpg 150w, https:\/\/hdxenergy.com\/wp-content\/uploads\/2025\/11\/1000W-Series04-768x768.jpg 768w, https:\/\/hdxenergy.com\/wp-content\/uploads\/2025\/11\/1000W-Series04-600x600.jpg 600w, https:\/\/hdxenergy.com\/wp-content\/uploads\/2025\/11\/1000W-Series04-100x100.jpg 100w\" sizes=\"(max-width: 1000px) 100vw, 1000px\" \/> <img loading=\"lazy\" decoding=\"async\" class=\"alignnone wp-image-309 size-full\" src=\"https:\/\/hdxenergy.com\/wp-content\/uploads\/2025\/11\/1000W-Series03.jpg\" alt=\"Suporte a 7 sa\u00eddas para alimentar dispositivos simultaneamente\" width=\"1000\" height=\"1000\" srcset=\"https:\/\/hdxenergy.com\/wp-content\/uploads\/2025\/11\/1000W-Series03.jpg 1000w, https:\/\/hdxenergy.com\/wp-content\/uploads\/2025\/11\/1000W-Series03-300x300.jpg 300w, https:\/\/hdxenergy.com\/wp-content\/uploads\/2025\/11\/1000W-Series03-150x150.jpg 150w, https:\/\/hdxenergy.com\/wp-content\/uploads\/2025\/11\/1000W-Series03-768x768.jpg 768w, https:\/\/hdxenergy.com\/wp-content\/uploads\/2025\/11\/1000W-Series03-600x600.jpg 600w, https:\/\/hdxenergy.com\/wp-content\/uploads\/2025\/11\/1000W-Series03-100x100.jpg 100w\" sizes=\"(max-width: 1000px) 100vw, 1000px\" \/><\/p>","protected":false},"excerpt":{"rendered":"<ul>\n<li>3 formas de carregamento flex\u00edvel: CA, tomadas de parede, carregamento solar, acendedor de cigarros de carro<\/li>\n<li>Suporta tr\u00eas formas de fonte de alimenta\u00e7\u00e3o: 12V DC, 5V USB e AC<\/li>\n<li>Com uma capacidade de 1024 Wh, suporta uma opera\u00e7\u00e3o de longa dura\u00e7\u00e3o.<\/li>\n<li>Suporta a fun\u00e7\u00e3o de carregamento de carros EV, n\u00e3o se preocupe com a energia na estrada.<\/li>\n<li>Sa\u00edda de onda senoidal pura C\u00e9lula de bateria LifePo4<\/li>\n<\/ul>","protected":false},"featured_media":307,"comment_status":"open","ping_status":"closed","template":"","meta":[],"product_brand":[],"product_cat":[23],"product_tag":[49],"class_list":{"0":"post-216","1":"product","2":"type-product","3":"status-publish","4":"has-post-thumbnail","6":"product_cat-portable-power-station","7":"product_tag-lifepo4","9":"first","10":"instock","11":"shipping-taxable","12":"product-type-simple"},"_links":{"self":[{"href":"https:\/\/hdxenergy.com\/pt\/wp-json\/wp\/v2\/product\/216","targetHints":{"allow":["GET"]}}],"collection":[{"href":"https:\/\/hdxenergy.com\/pt\/wp-json\/wp\/v2\/product"}],"about":[{"href":"https:\/\/hdxenergy.com\/pt\/wp-json\/wp\/v2\/types\/product"}],"replies":[{"embeddable":true,"href":"https:\/\/hdxenergy.com\/pt\/wp-json\/wp\/v2\/comments?post=216"}],"wp:featuredmedia":[{"embeddable":true,"href":"https:\/\/hdxenergy.com\/pt\/wp-json\/wp\/v2\/media\/307"}],"wp:attachment":[{"href":"https:\/\/hdxenergy.com\/pt\/wp-json\/wp\/v2\/media?parent=216"}],"wp:term":[{"taxonomy":"product_brand","embeddable":true,"href":"https:\/\/hdxenergy.com\/pt\/wp-json\/wp\/v2\/product_brand?post=216"},{"taxonomy":"product_cat","embeddable":true,"href":"https:\/\/hdxenergy.com\/pt\/wp-json\/wp\/v2\/product_cat?post=216"},{"taxonomy":"product_tag","embeddable":true,"href":"https:\/\/hdxenergy.com\/pt\/wp-json\/wp\/v2\/product_tag?post=216"}],"curies":[{"name":"wp","href":"https:\/\/api.w.org\/{rel}","templated":true}]}}