{"id":206,"date":"2025-11-24T03:01:33","date_gmt":"2025-11-24T03:01:33","guid":{"rendered":"https:\/\/hdxenergy.com\/?post_type=product&#038;p=206"},"modified":"2026-01-07T05:30:12","modified_gmt":"2026-01-07T05:30:12","slug":"maleta-com-rodizios-2-5-kwh","status":"publish","type":"product","link":"https:\/\/hdxenergy.com\/pt\/product\/trolley-case-2-5kwh\/","title":{"rendered":"F\u00e1brica de caixas de carrinho de 2,5 kWh para usinas de energia port\u00e1teis Suporte a OEM\/ODM"},"content":{"rendered":"<p><strong>H094-2500Wh Especifica\u00e7\u00f5es t\u00e9cnicas<\/strong><\/p>\n<div class=\"table-container\">\n<table>\n<tbody>\n<tr>\n<td>Modelo<\/td>\n<td>H094-2500Wh<\/td>\n<\/tr>\n<tr>\n<td>Dimens\u00f5es (C*L*A)<\/td>\n<td>396 mm x 580 mm x 200 mm<\/td>\n<\/tr>\n<tr>\n<td>Peso<\/td>\n<td>Aproximadamente 35 kg<\/td>\n<\/tr>\n<tr>\n<td>Capacidade da bateria<\/td>\n<td>52 Ah\/48 V (2496 Wh)<\/td>\n<\/tr>\n<tr>\n<td>Normas de certifica\u00e7\u00e3o<\/td>\n<td>CE FCC ROHS<\/td>\n<\/tr>\n<tr>\n<td>Sa\u00edda CA<\/td>\n<td>Onda senoidal pura CA 120 V a 60 Hz*4 OU CA 230 V a 50 Hz*4<\/td>\n<\/tr>\n<tr>\n<td>Pot\u00eancia de sa\u00edda do inversor<\/td>\n<td>Pot\u00eancia nominal 2200 W, pot\u00eancia de pico 3000 W com fun\u00e7\u00e3o UPS<\/td>\n<\/tr>\n<tr>\n<td>Entrada CA<\/td>\n<td>AC120V@14A\/230V @7A Pot\u00eancia nominal 1680W<\/td>\n<\/tr>\n<tr>\n<td>Sa\u00edda de carga do carro<\/td>\n<td>24V10@A*1<\/td>\n<\/tr>\n<tr>\n<td>conex\u00e3o paralela<\/td>\n<td>Suporta duas m\u00e1quinas em paralelo, pot\u00eancia total de sa\u00edda at\u00e9 4400 W.<\/td>\n<\/tr>\n<tr>\n<td>Entrada de carregamento solar<\/td>\n<td>12~75 V_M\u00e1x. 800 W<\/td>\n<\/tr>\n<tr>\n<td>Sa\u00edda XT90<\/td>\n<td>12 V a 10 A<\/td>\n<\/tr>\n<tr>\n<td>Sa\u00edda tipo C<\/td>\n<td>5\u201320 V = 5 A m\u00e1x. 100 W<\/td>\n<\/tr>\n<tr>\n<td>Carregamento de ve\u00edculos el\u00e9tricos<\/td>\n<td>Sa\u00edda de 1840 W<\/td>\n<\/tr>\n<tr>\n<td>Tipo de bateria<\/td>\n<td>Bateria LiFePO4<\/td>\n<\/tr>\n<tr>\n<td>Vida \u00fatil da bateria<\/td>\n<td>Ap\u00f3s 3000 ciclos, a capacidade restante ainda \u00e9 superior a 80%.<\/td>\n<\/tr>\n<tr>\n<td>Temperatura de armazenamento<\/td>\n<td>A temperatura ambiente recomendada varia entre 20 \u00b0C e 30 \u00b0C.<\/td>\n<\/tr>\n<tr>\n<td>Temperatura de descarga<\/td>\n<td>-20 \u00b0C\u201450 \u00b0C<\/td>\n<\/tr>\n<tr>\n<td>Temperatura de carregamento<\/td>\n<td>-5 \u00b0C\u201450 \u00b0C<\/td>\n<\/tr>\n<tr>\n<td>Prote\u00e7\u00e3o do sistema<\/td>\n<td>Prote\u00e7\u00e3o contra superaquecimento, prote\u00e7\u00e3o contra sobretens\u00e3o, prote\u00e7\u00e3o contra sobrecorrente, prote\u00e7\u00e3o contra sobrecarga, prote\u00e7\u00e3o contra descarga excessiva, prote\u00e7\u00e3o contra curto-circuito de carga.,<\/td>\n<\/tr>\n<\/tbody>\n<\/table>\n<\/div>\n<p><img fetchpriority=\"high\" decoding=\"async\" class=\"alignnone wp-image-214 size-full\" src=\"https:\/\/hdxenergy.com\/wp-content\/uploads\/2025\/11\/Trolley-Case-2.5kWh05.jpg\" alt=\"Amostra de esta\u00e7\u00e3o de energia port\u00e1til de 2,5 kWh com estojo para carrinho\" width=\"1000\" height=\"1000\" srcset=\"https:\/\/hdxenergy.com\/wp-content\/uploads\/2025\/11\/Trolley-Case-2.5kWh05.jpg 1000w, https:\/\/hdxenergy.com\/wp-content\/uploads\/2025\/11\/Trolley-Case-2.5kWh05-600x600.jpg 600w, https:\/\/hdxenergy.com\/wp-content\/uploads\/2025\/11\/Trolley-Case-2.5kWh05-100x100.jpg 100w, https:\/\/hdxenergy.com\/wp-content\/uploads\/2025\/11\/Trolley-Case-2.5kWh05-300x300.jpg 300w, https:\/\/hdxenergy.com\/wp-content\/uploads\/2025\/11\/Trolley-Case-2.5kWh05-150x150.jpg 150w, https:\/\/hdxenergy.com\/wp-content\/uploads\/2025\/11\/Trolley-Case-2.5kWh05-768x768.jpg 768w\" sizes=\"(max-width: 1000px) 100vw, 1000px\" \/> <img decoding=\"async\" class=\"alignnone wp-image-215 size-full\" src=\"https:\/\/hdxenergy.com\/wp-content\/uploads\/2025\/11\/Trolley-Case-2.5kWh06.jpg\" alt=\"Cena da esta\u00e7\u00e3o de energia port\u00e1til de 2,5 kWh da mala do carrinho\" width=\"1000\" height=\"1000\" srcset=\"https:\/\/hdxenergy.com\/wp-content\/uploads\/2025\/11\/Trolley-Case-2.5kWh06.jpg 1000w, https:\/\/hdxenergy.com\/wp-content\/uploads\/2025\/11\/Trolley-Case-2.5kWh06-600x600.jpg 600w, https:\/\/hdxenergy.com\/wp-content\/uploads\/2025\/11\/Trolley-Case-2.5kWh06-100x100.jpg 100w, https:\/\/hdxenergy.com\/wp-content\/uploads\/2025\/11\/Trolley-Case-2.5kWh06-300x300.jpg 300w, https:\/\/hdxenergy.com\/wp-content\/uploads\/2025\/11\/Trolley-Case-2.5kWh06-150x150.jpg 150w, https:\/\/hdxenergy.com\/wp-content\/uploads\/2025\/11\/Trolley-Case-2.5kWh06-768x768.jpg 768w\" sizes=\"(max-width: 1000px) 100vw, 1000px\" \/><\/p>","protected":false},"excerpt":{"rendered":"<ul>\n<li>Sa\u00edda CA de onda senoidal pura 120\/230 V, padr\u00e3o dos EUA\/Europa<\/li>\n<li>Suporte da f\u00e1brica de origem 0EM\/ODM<\/li>\n<li>Suporte \u00e0 fun\u00e7\u00e3o paralela de duas m\u00e1quinas<\/li>\n<li>Certificado completo CE MSDS<\/li>\n<\/ul>","protected":false},"featured_media":213,"comment_status":"open","ping_status":"closed","template":"","meta":[],"product_brand":[],"product_cat":[23],"product_tag":[49],"class_list":{"0":"post-206","1":"product","2":"type-product","3":"status-publish","4":"has-post-thumbnail","6":"product_cat-portable-power-station","7":"product_tag-lifepo4","9":"first","10":"instock","11":"shipping-taxable","12":"product-type-simple"},"_links":{"self":[{"href":"https:\/\/hdxenergy.com\/pt\/wp-json\/wp\/v2\/product\/206","targetHints":{"allow":["GET"]}}],"collection":[{"href":"https:\/\/hdxenergy.com\/pt\/wp-json\/wp\/v2\/product"}],"about":[{"href":"https:\/\/hdxenergy.com\/pt\/wp-json\/wp\/v2\/types\/product"}],"replies":[{"embeddable":true,"href":"https:\/\/hdxenergy.com\/pt\/wp-json\/wp\/v2\/comments?post=206"}],"wp:featuredmedia":[{"embeddable":true,"href":"https:\/\/hdxenergy.com\/pt\/wp-json\/wp\/v2\/media\/213"}],"wp:attachment":[{"href":"https:\/\/hdxenergy.com\/pt\/wp-json\/wp\/v2\/media?parent=206"}],"wp:term":[{"taxonomy":"product_brand","embeddable":true,"href":"https:\/\/hdxenergy.com\/pt\/wp-json\/wp\/v2\/product_brand?post=206"},{"taxonomy":"product_cat","embeddable":true,"href":"https:\/\/hdxenergy.com\/pt\/wp-json\/wp\/v2\/product_cat?post=206"},{"taxonomy":"product_tag","embeddable":true,"href":"https:\/\/hdxenergy.com\/pt\/wp-json\/wp\/v2\/product_tag?post=206"}],"curies":[{"name":"wp","href":"https:\/\/api.w.org\/{rel}","templated":true}]}}