{"id":198,"date":"2025-11-24T02:50:19","date_gmt":"2025-11-24T02:50:19","guid":{"rendered":"https:\/\/hdxenergy.com\/?post_type=product&#038;p=198"},"modified":"2026-01-07T05:31:45","modified_gmt":"2026-01-07T05:31:45","slug":"maleta-de-carrinho-3-6kwh","status":"publish","type":"product","link":"https:\/\/hdxenergy.com\/pt\/product\/trolley-case-3-6kwh\/","title":{"rendered":"Fornecedor de esta\u00e7\u00e3o de energia port\u00e1til de 3,6 kWh com caixa de carrinho | 3600W LiFePO4"},"content":{"rendered":"<p><strong>Esta\u00e7\u00e3o de energia port\u00e1til personaliz\u00e1vel Camping Home House 3600W com rodas m\u00f3veis<\/strong><\/p>\n<div class=\"table-container\">\n<table>\n<tbody>\n<tr>\n<td>Capacidade\/modelo da bateria<\/td>\n<td>67Ah\/48V\uff083216Wh)\/LiFePO4<\/td>\n<td>Sa\u00edda CA<\/td>\n<td>Onda senoidal pura AC 120V@60Hz*2 OU AC 230V@50Hz*2<\/td>\n<\/tr>\n<tr>\n<td>Dimens\u00f5es (C*L*A)<\/td>\n<td>700 mm*364 mm*393 mm<\/td>\n<td>Sa\u00edda USB<\/td>\n<td>QC3.0(5V 3A 9V 2A 12V 1.5A)*4,Pot\u00eancia m\u00e1xima 18W<\/td>\n<\/tr>\n<tr>\n<td>Peso<\/td>\n<td>45Kg<\/td>\n<td>Pot\u00eancia de entrada CA<\/td>\n<td>Pot\u00eancia m\u00e1xima de entrada 3600W<\/td>\n<\/tr>\n<tr>\n<td>Normas de certifica\u00e7\u00e3o<\/td>\n<td>CE FCC ROHS<\/td>\n<td>Voltagem de entrada CA<\/td>\n<td>100-120V@60Hz ou 220-240V@50Hz<\/td>\n<\/tr>\n<tr>\n<td>5521 Sa\u00edda<\/td>\n<td>12V 5A*2<\/td>\n<td>Entrada de carregamento solar<\/td>\n<td>12-150V 25A M\u00e1x. 2400W<\/td>\n<\/tr>\n<tr>\n<td>Sa\u00edda tipo C<\/td>\n<td>100W PD *2<\/td>\n<td>Fun\u00e7\u00e3o de carregamento r\u00e1pido da pilha de carregamento<\/td>\n<td>Suporta carregamento r\u00e1pido por pilha de carregamento de carro, a pot\u00eancia m\u00e1xima de carregamento \u00e9 de 3600 W<\/td>\n<\/tr>\n<tr>\n<td>Sa\u00edda de carga do carro<\/td>\n<td>12V 10A; sa\u00edda m\u00e1xima de 120W<\/td>\n<td>Carregamento de ve\u00edculos EV<\/td>\n<td>Suporte ao carregamento de ve\u00edculos el\u00e9tricos<\/td>\n<\/tr>\n<tr>\n<td>Sa\u00edda XT60<\/td>\n<td>24V20A, sa\u00edda m\u00e1xima de 480W<\/td>\n<td>Vida \u00fatil da bateria<\/td>\n<td>Ap\u00f3s 3000 ciclos, a capacidade restante ainda \u00e9 superior a 80%.<\/td>\n<\/tr>\n<tr>\n<td>Sa\u00edda EC5<\/td>\n<td>12V30A, sa\u00edda m\u00e1xima de 360W<\/td>\n<td>Temperatura de descarga<\/td>\n<td>-5\u2103-50\u2103<\/td>\n<\/tr>\n<tr>\n<td>Pot\u00eancia de sa\u00edda do inversor<\/td>\n<td>Pot\u00eancia nominal de 3600W, pot\u00eancia de pico de 7200W<\/td>\n<td>Temperatura de carregamento<\/td>\n<td>-20\u2103-50\u2103<\/td>\n<\/tr>\n<tr>\n<td>Conex\u00e3o paralela<\/td>\n<td>Suporta duas m\u00e1quinas paralelas, com pot\u00eancia de sa\u00edda total de at\u00e9 7200 W<\/td>\n<td>Temperatura de armazenamento<\/td>\n<td>A temperatura ambiente recomendada varia de 20\u2103 a 30\u2103<\/td>\n<\/tr>\n<tr>\n<td>Fun\u00e7\u00e3o de expans\u00e3o de capacidade<\/td>\n<td>Suporta duas m\u00e1quinas em paralelo ou uma bateria externa de at\u00e9 18 kWh<\/td>\n<td>Temperatura de armazenamento<\/td>\n<td>Suporte \u00e0 conex\u00e3o WIFI Bluetooth com o aplicativo m\u00f3vel<\/td>\n<\/tr>\n<tr>\n<td>Prote\u00e7\u00e3o do sistema<\/td>\n<td>fornecem prote\u00e7\u00e3o contra sobretemperatura, sobretens\u00e3o, sobrecorrente, sobrecarga, descarga excessiva, curto-circuito de carga, sobrecarga<\/td>\n<td><\/td>\n<td><\/td>\n<\/tr>\n<\/tbody>\n<\/table>\n<\/div>","protected":false},"excerpt":{"rendered":"<ul>\n<li>Esta\u00e7\u00e3o de energia port\u00e1til multifuncional de seguran\u00e7a inteligente com haste de tra\u00e7\u00e3o<\/li>\n<li>Tela sens\u00edvel ao toque com interface Bluetooth<\/li>\n<li>Suporte para carregamento de EV, inversor bidirecional integrado<\/li>\n<li>Suporta duas m\u00e1quinas em paralelo ou uma bateria externa de at\u00e9 18 kWh<\/li>\n<\/ul>","protected":false},"featured_media":200,"comment_status":"open","ping_status":"closed","template":"","meta":[],"product_brand":[],"product_cat":[23],"product_tag":[49],"class_list":{"0":"post-198","1":"product","2":"type-product","3":"status-publish","4":"has-post-thumbnail","6":"product_cat-portable-power-station","7":"product_tag-lifepo4","9":"first","10":"instock","11":"shipping-taxable","12":"product-type-simple"},"_links":{"self":[{"href":"https:\/\/hdxenergy.com\/pt\/wp-json\/wp\/v2\/product\/198","targetHints":{"allow":["GET"]}}],"collection":[{"href":"https:\/\/hdxenergy.com\/pt\/wp-json\/wp\/v2\/product"}],"about":[{"href":"https:\/\/hdxenergy.com\/pt\/wp-json\/wp\/v2\/types\/product"}],"replies":[{"embeddable":true,"href":"https:\/\/hdxenergy.com\/pt\/wp-json\/wp\/v2\/comments?post=198"}],"wp:featuredmedia":[{"embeddable":true,"href":"https:\/\/hdxenergy.com\/pt\/wp-json\/wp\/v2\/media\/200"}],"wp:attachment":[{"href":"https:\/\/hdxenergy.com\/pt\/wp-json\/wp\/v2\/media?parent=198"}],"wp:term":[{"taxonomy":"product_brand","embeddable":true,"href":"https:\/\/hdxenergy.com\/pt\/wp-json\/wp\/v2\/product_brand?post=198"},{"taxonomy":"product_cat","embeddable":true,"href":"https:\/\/hdxenergy.com\/pt\/wp-json\/wp\/v2\/product_cat?post=198"},{"taxonomy":"product_tag","embeddable":true,"href":"https:\/\/hdxenergy.com\/pt\/wp-json\/wp\/v2\/product_tag?post=198"}],"curies":[{"name":"wp","href":"https:\/\/api.w.org\/{rel}","templated":true}]}}