{"id":185,"date":"2025-11-24T02:36:58","date_gmt":"2025-11-24T02:36:58","guid":{"rendered":"https:\/\/hdxenergy.com\/?post_type=product&#038;p=185"},"modified":"2026-01-07T05:18:45","modified_gmt":"2026-01-07T05:18:45","slug":"h096-5-20kwh","status":"publish","type":"product","link":"https:\/\/hdxenergy.com\/pt\/product\/h096-5-20kwh\/","title":{"rendered":"Bateria escal\u00e1vel LiFePO4 H096 (5-20kWh) Atacado"},"content":{"rendered":"<div class=\"table-container\">\n<table>\n<tbody>\n<tr>\n<td><strong>Nome do produto<\/strong><\/td>\n<td colspan=\"4\"><strong>H096-(5-20)kWh<\/strong><\/td>\n<td><strong>H096-10kWh Pro<\/strong><\/td>\n<\/tr>\n<tr>\n<td>M\u00f3dulo de bateria<\/td>\n<td colspan=\"4\">51,2V\/5,12Wh\/51,8kg<\/td>\n<td><\/td>\n<\/tr>\n<tr>\n<td>N\u00famero de m\u00f3dulos<\/td>\n<td>1<\/td>\n<td>2<\/td>\n<td>3<\/td>\n<td>4<\/td>\n<td><\/td>\n<\/tr>\n<tr>\n<td>Capacidade da bateria<\/td>\n<td>5,12 kWh<\/td>\n<td>10,24 kWh<\/td>\n<td>15,36 kWh<\/td>\n<td>20,48 kWh<\/td>\n<td>10,24 kWh<\/td>\n<\/tr>\n<tr>\n<td>Tens\u00e3o nominal<\/td>\n<td>51.2V<\/td>\n<td>51.2V<\/td>\n<td>51.2V<\/td>\n<td>204.8V<\/td>\n<td>51.2V<\/td>\n<\/tr>\n<tr>\n<td>Faixa de tens\u00e3o da bateria<\/td>\n<td>40V~58,4V<\/td>\n<td>40V~58,4V<\/td>\n<td>40V~58,4V<\/td>\n<td>160V~233,6V<\/td>\n<td>40V~58,4V<\/td>\n<\/tr>\n<tr>\n<td>Dimens\u00f5es (C*L*A)<\/td>\n<td>637\/387\/914<\/td>\n<td>637\/387\/1075<\/td>\n<td>637\/387\/1236<\/td>\n<td>637\/387\/1397<\/td>\n<td>603\/300\/1620<\/td>\n<\/tr>\n<tr>\n<td>Pesar<\/td>\n<td>118 kg<\/td>\n<td>169,8 kg<\/td>\n<td>221,6 kg<\/td>\n<td>277,4 kg<\/td>\n<td>180 kg<\/td>\n<\/tr>\n<tr>\n<td>Corrente m\u00e1xima de carga\/descarga<\/td>\n<td>45A<\/td>\n<td>80A<\/td>\n<td>110A<\/td>\n<td>45A<\/td>\n<td>80A<\/td>\n<\/tr>\n<tr>\n<td>Sa\u00edda de alta tens\u00e3o<\/td>\n<td colspan=\"3\">N\u00e3o suportado<\/td>\n<td>Suporte<\/td>\n<td>N\u00e3o suportado<\/td>\n<\/tr>\n<tr>\n<td>Tipo de bateria<\/td>\n<td colspan=\"5\">LiFePO4<\/td>\n<\/tr>\n<tr>\n<td>Modo de comunica\u00e7\u00e3o<\/td>\n<td colspan=\"5\">Suporte \u00e0 conex\u00e3o Wi-Fi Bluetooth com aplicativo m\u00f3vel<\/td>\n<\/tr>\n<tr>\n<td>Vida \u00fatil da bateria<\/td>\n<td colspan=\"5\">Ap\u00f3s 3000 ciclos, a capacidade restante ainda \u00e9 superior a 80%.<\/td>\n<\/tr>\n<tr>\n<td>Temperatura de carregamento<\/td>\n<td colspan=\"5\">0\u2103 ~ 50\u2103<\/td>\n<\/tr>\n<tr>\n<td>Temperatura de descarga<\/td>\n<td colspan=\"5\">-20\u2103 ~ 50\u2103<\/td>\n<\/tr>\n<tr>\n<td>Comunicar<\/td>\n<td colspan=\"5\">RS485\/CAN<\/td>\n<\/tr>\n<tr>\n<td>N\u00edvel de prote\u00e7\u00e3o<\/td>\n<td colspan=\"5\">IP20<\/td>\n<\/tr>\n<tr>\n<td>Tipo de conex\u00e3o \u00e0 rede<\/td>\n<td colspan=\"5\">L+N+PE<\/td>\n<\/tr>\n<tr>\n<td>Capacidade de sobrecarga<\/td>\n<td colspan=\"5\">110%<\/td>\n<\/tr>\n<tr>\n<td>Prote\u00e7\u00e3o do sistema<\/td>\n<td colspan=\"5\">Prote\u00e7\u00e3o contra excesso de temperatura\/prote\u00e7\u00e3o contra excesso de tens\u00e3o\/prote\u00e7\u00e3o contra excesso de corrente\/<br \/>\nProte\u00e7\u00e3o contra sobrecarga\/prote\u00e7\u00e3o contra descarga excessiva\/prote\u00e7\u00e3o contra curto-circuito de carga\/prote\u00e7\u00e3o contra sobrecarga.<\/td>\n<\/tr>\n<tr>\n<td>Modo de instala\u00e7\u00e3o<\/td>\n<td colspan=\"5\">Empilh\u00e1vel<\/td>\n<\/tr>\n<tr>\n<td>Normas de certifica\u00e7\u00e3o<\/td>\n<td colspan=\"5\">CF FCC ROHS<\/td>\n<\/tr>\n<\/tbody>\n<\/table>\n<\/div>\n<p><img fetchpriority=\"high\" decoding=\"async\" class=\"alignnone wp-image-189 size-full\" src=\"https:\/\/hdxenergy.com\/wp-content\/uploads\/2025\/11\/H096-5-20kWh04.jpg\" alt=\"MONITOR DE APLICATIVOS INTELIGENTES\" width=\"1000\" height=\"1000\" srcset=\"https:\/\/hdxenergy.com\/wp-content\/uploads\/2025\/11\/H096-5-20kWh04.jpg 1000w, https:\/\/hdxenergy.com\/wp-content\/uploads\/2025\/11\/H096-5-20kWh04-600x600.jpg 600w, https:\/\/hdxenergy.com\/wp-content\/uploads\/2025\/11\/H096-5-20kWh04-100x100.jpg 100w, https:\/\/hdxenergy.com\/wp-content\/uploads\/2025\/11\/H096-5-20kWh04-300x300.jpg 300w, https:\/\/hdxenergy.com\/wp-content\/uploads\/2025\/11\/H096-5-20kWh04-150x150.jpg 150w, https:\/\/hdxenergy.com\/wp-content\/uploads\/2025\/11\/H096-5-20kWh04-768x768.jpg 768w\" sizes=\"(max-width: 1000px) 100vw, 1000px\" \/> <img decoding=\"async\" class=\"alignnone wp-image-190 size-full\" src=\"https:\/\/hdxenergy.com\/wp-content\/uploads\/2025\/11\/H096-5-20kWh05.jpg\" alt=\"Sistema de energia tudo-em-um\" width=\"1000\" height=\"1000\" srcset=\"https:\/\/hdxenergy.com\/wp-content\/uploads\/2025\/11\/H096-5-20kWh05.jpg 1000w, https:\/\/hdxenergy.com\/wp-content\/uploads\/2025\/11\/H096-5-20kWh05-600x600.jpg 600w, https:\/\/hdxenergy.com\/wp-content\/uploads\/2025\/11\/H096-5-20kWh05-100x100.jpg 100w, https:\/\/hdxenergy.com\/wp-content\/uploads\/2025\/11\/H096-5-20kWh05-300x300.jpg 300w, https:\/\/hdxenergy.com\/wp-content\/uploads\/2025\/11\/H096-5-20kWh05-150x150.jpg 150w, https:\/\/hdxenergy.com\/wp-content\/uploads\/2025\/11\/H096-5-20kWh05-768x768.jpg 768w\" sizes=\"(max-width: 1000px) 100vw, 1000px\" \/> <img decoding=\"async\" class=\"alignnone wp-image-191 size-full\" src=\"https:\/\/hdxenergy.com\/wp-content\/uploads\/2025\/11\/H096-5-20kWh06.jpg\" alt=\"H096 (5-20kWh)\" width=\"1000\" height=\"1000\" srcset=\"https:\/\/hdxenergy.com\/wp-content\/uploads\/2025\/11\/H096-5-20kWh06.jpg 1000w, https:\/\/hdxenergy.com\/wp-content\/uploads\/2025\/11\/H096-5-20kWh06-600x600.jpg 600w, https:\/\/hdxenergy.com\/wp-content\/uploads\/2025\/11\/H096-5-20kWh06-100x100.jpg 100w, https:\/\/hdxenergy.com\/wp-content\/uploads\/2025\/11\/H096-5-20kWh06-300x300.jpg 300w, https:\/\/hdxenergy.com\/wp-content\/uploads\/2025\/11\/H096-5-20kWh06-150x150.jpg 150w, https:\/\/hdxenergy.com\/wp-content\/uploads\/2025\/11\/H096-5-20kWh06-768x768.jpg 768w\" sizes=\"(max-width: 1000px) 100vw, 1000px\" \/><\/p>\n<p>&nbsp;<\/p>","protected":false},"excerpt":{"rendered":"<ul>\n<li>Aplicado ao armazenamento de energia dom\u00e9stica, comunica\u00e7\u00e3o e energia de reserva.<\/li>\n<li>Interface CAN para comunica\u00e7\u00e3o com o inversor.<\/li>\n<li>Interface RS485 dupla, suporta comunica\u00e7\u00e3o paralela.<\/li>\n<li>Design modular empilh\u00e1vel para uso flex\u00edvel de energia, faixa de pot\u00eancia da bateria de 5KWH a 20KWH<\/li>\n<li>O chassi da bateria est\u00e1 equipado com polias para um movimento f\u00e1cil e r\u00e1pido.<\/li>\n<li>Configura\u00e7\u00e3o flex\u00edvel, f\u00e1cil de instalar, plug and play<\/li>\n<li>Monitoramento remoto por WiFi\/GPRS<\/li>\n<\/ul>","protected":false},"featured_media":193,"comment_status":"open","ping_status":"closed","template":"","meta":[],"product_brand":[],"product_cat":[26],"product_tag":[50,49],"class_list":{"0":"post-185","1":"product","2":"type-product","3":"status-publish","4":"has-post-thumbnail","6":"product_cat-all-in-one-battery-energy","7":"product_tag-all-in-one-battery-energy","8":"product_tag-lifepo4","10":"first","11":"instock","12":"shipping-taxable","13":"product-type-simple"},"_links":{"self":[{"href":"https:\/\/hdxenergy.com\/pt\/wp-json\/wp\/v2\/product\/185","targetHints":{"allow":["GET"]}}],"collection":[{"href":"https:\/\/hdxenergy.com\/pt\/wp-json\/wp\/v2\/product"}],"about":[{"href":"https:\/\/hdxenergy.com\/pt\/wp-json\/wp\/v2\/types\/product"}],"replies":[{"embeddable":true,"href":"https:\/\/hdxenergy.com\/pt\/wp-json\/wp\/v2\/comments?post=185"}],"wp:featuredmedia":[{"embeddable":true,"href":"https:\/\/hdxenergy.com\/pt\/wp-json\/wp\/v2\/media\/193"}],"wp:attachment":[{"href":"https:\/\/hdxenergy.com\/pt\/wp-json\/wp\/v2\/media?parent=185"}],"wp:term":[{"taxonomy":"product_brand","embeddable":true,"href":"https:\/\/hdxenergy.com\/pt\/wp-json\/wp\/v2\/product_brand?post=185"},{"taxonomy":"product_cat","embeddable":true,"href":"https:\/\/hdxenergy.com\/pt\/wp-json\/wp\/v2\/product_cat?post=185"},{"taxonomy":"product_tag","embeddable":true,"href":"https:\/\/hdxenergy.com\/pt\/wp-json\/wp\/v2\/product_tag?post=185"}],"curies":[{"name":"wp","href":"https:\/\/api.w.org\/{rel}","templated":true}]}}