{"id":158,"date":"2025-11-24T02:04:36","date_gmt":"2025-11-24T02:04:36","guid":{"rendered":"https:\/\/hdxenergy.com\/?post_type=product&#038;p=158"},"modified":"2026-01-07T03:22:56","modified_gmt":"2026-01-07T03:22:56","slug":"h096-20kwh","status":"publish","type":"product","link":"https:\/\/hdxenergy.com\/pt\/product\/h096-20kwh\/","title":{"rendered":"Fabricante de armazenamento de energia H096-20kWh | Sistema de bateria LiFePO4 tudo-em-um"},"content":{"rendered":"<div class=\"table-container\">\n<table>\n<tbody>\n<tr>\n<td><strong>Nome do produto<\/strong><\/td>\n<td colspan=\"4\"><strong>H096-(5-20)kWh<\/strong><\/td>\n<td><strong>H096-10kWh Pro<\/strong><\/td>\n<\/tr>\n<tr>\n<td>M\u00f3dulo de bateria<\/td>\n<td colspan=\"4\">51,2V\/5,12Wh\/51,8kg<\/td>\n<td><\/td>\n<\/tr>\n<tr>\n<td>N\u00famero de m\u00f3dulos<\/td>\n<td>1<\/td>\n<td>2<\/td>\n<td>3<\/td>\n<td>4<\/td>\n<td><\/td>\n<\/tr>\n<tr>\n<td>Capacidade da bateria<\/td>\n<td>5,12 kWh<\/td>\n<td>10,24 kWh<\/td>\n<td>15,36 kWh<\/td>\n<td>20,48 kWh<\/td>\n<td>10,24 kWh<\/td>\n<\/tr>\n<tr>\n<td>Tens\u00e3o nominal<\/td>\n<td>51.2V<\/td>\n<td>51.2V<\/td>\n<td>51.2V<\/td>\n<td>204.8V<\/td>\n<td>51.2V<\/td>\n<\/tr>\n<tr>\n<td>Faixa de tens\u00e3o da bateria<\/td>\n<td>40V~58,4V<\/td>\n<td>40V~58,4V<\/td>\n<td>40V~58,4V<\/td>\n<td>160V~233,6V<\/td>\n<td>40V~58,4V<\/td>\n<\/tr>\n<tr>\n<td>Dimens\u00f5es (C*L*A)<\/td>\n<td>637\/387\/914<\/td>\n<td>637\/387\/1075<\/td>\n<td>637\/387\/1236<\/td>\n<td>637\/387\/1397<\/td>\n<td>603\/300\/1620<\/td>\n<\/tr>\n<tr>\n<td>Pesar<\/td>\n<td>118 kg<\/td>\n<td>169,8 kg<\/td>\n<td>221,6 kg<\/td>\n<td>277,4 kg<\/td>\n<td>180 kg<\/td>\n<\/tr>\n<tr>\n<td>Corrente m\u00e1xima de carga\/descarga<\/td>\n<td>45A<\/td>\n<td>80A<\/td>\n<td>110A<\/td>\n<td>45A<\/td>\n<td>80A<\/td>\n<\/tr>\n<tr>\n<td>Sa\u00edda de alta tens\u00e3o<\/td>\n<td colspan=\"3\">N\u00e3o suportado<\/td>\n<td>Suporte<\/td>\n<td>N\u00e3o suportado<\/td>\n<\/tr>\n<tr>\n<td>Tipo de bateria<\/td>\n<td colspan=\"5\">LiFePO4<\/td>\n<\/tr>\n<tr>\n<td>Modo de comunica\u00e7\u00e3o<\/td>\n<td colspan=\"5\">Suporte \u00e0 conex\u00e3o Wi-Fi Bluetooth com aplicativo m\u00f3vel<\/td>\n<\/tr>\n<tr>\n<td>Vida \u00fatil da bateria<\/td>\n<td colspan=\"5\">Ap\u00f3s 3000 ciclos, a capacidade restante ainda \u00e9 superior a 80%.<\/td>\n<\/tr>\n<tr>\n<td>Temperatura de carregamento<\/td>\n<td colspan=\"5\">0\u2103 ~ 50\u2103<\/td>\n<\/tr>\n<tr>\n<td>Temperatura de descarga<\/td>\n<td colspan=\"5\">-20\u2103 ~ 50\u2103<\/td>\n<\/tr>\n<tr>\n<td>Comunicar<\/td>\n<td colspan=\"5\">RS485\/CAN<\/td>\n<\/tr>\n<tr>\n<td>N\u00edvel de prote\u00e7\u00e3o<\/td>\n<td colspan=\"5\">IP20<\/td>\n<\/tr>\n<tr>\n<td>Tipo de conex\u00e3o \u00e0 rede<\/td>\n<td colspan=\"5\">L+N+PE<\/td>\n<\/tr>\n<tr>\n<td>Capacidade de sobrecarga<\/td>\n<td colspan=\"5\">110%<\/td>\n<\/tr>\n<tr>\n<td>Prote\u00e7\u00e3o do sistema<\/td>\n<td colspan=\"5\">Prote\u00e7\u00e3o contra excesso de temperatura\/prote\u00e7\u00e3o contra excesso de tens\u00e3o\/prote\u00e7\u00e3o contra excesso de corrente\/<br \/>\nProte\u00e7\u00e3o contra sobrecarga\/prote\u00e7\u00e3o contra descarga excessiva\/prote\u00e7\u00e3o contra curto-circuito de carga\/prote\u00e7\u00e3o contra sobrecarga.<\/td>\n<\/tr>\n<tr>\n<td>Modo de instala\u00e7\u00e3o<\/td>\n<td colspan=\"5\">Empilh\u00e1vel<\/td>\n<\/tr>\n<tr>\n<td>Normas de certifica\u00e7\u00e3o<\/td>\n<td colspan=\"5\">CF FCC ROHS<\/td>\n<\/tr>\n<\/tbody>\n<\/table>\n<\/div>\n<figure id=\"attachment_171\" aria-describedby=\"caption-attachment-171\" style=\"width: 1000px\" class=\"wp-caption alignnone\"><img fetchpriority=\"high\" decoding=\"async\" class=\"wp-image-171 size-full\" src=\"https:\/\/hdxenergy.com\/wp-content\/uploads\/2025\/11\/H096-20kWh05.jpg\" alt=\"Sistema de energia tudo-em-um\" width=\"1000\" height=\"1000\" srcset=\"https:\/\/hdxenergy.com\/wp-content\/uploads\/2025\/11\/H096-20kWh05.jpg 1000w, https:\/\/hdxenergy.com\/wp-content\/uploads\/2025\/11\/H096-20kWh05-600x600.jpg 600w, https:\/\/hdxenergy.com\/wp-content\/uploads\/2025\/11\/H096-20kWh05-100x100.jpg 100w, https:\/\/hdxenergy.com\/wp-content\/uploads\/2025\/11\/H096-20kWh05-300x300.jpg 300w, https:\/\/hdxenergy.com\/wp-content\/uploads\/2025\/11\/H096-20kWh05-150x150.jpg 150w, https:\/\/hdxenergy.com\/wp-content\/uploads\/2025\/11\/H096-20kWh05-768x768.jpg 768w\" sizes=\"(max-width: 1000px) 100vw, 1000px\" \/><figcaption id=\"caption-attachment-171\" class=\"wp-caption-text\">Sistema de energia tudo-em-um<\/figcaption><\/figure>\n<figure id=\"attachment_170\" aria-describedby=\"caption-attachment-170\" style=\"width: 1000px\" class=\"wp-caption alignnone\"><img decoding=\"async\" class=\"wp-image-170 size-full\" src=\"https:\/\/hdxenergy.com\/wp-content\/uploads\/2025\/11\/H096-20kWh04.jpg\" alt=\"Vantagens do sistema\" width=\"1000\" height=\"1000\" srcset=\"https:\/\/hdxenergy.com\/wp-content\/uploads\/2025\/11\/H096-20kWh04.jpg 1000w, https:\/\/hdxenergy.com\/wp-content\/uploads\/2025\/11\/H096-20kWh04-600x600.jpg 600w, https:\/\/hdxenergy.com\/wp-content\/uploads\/2025\/11\/H096-20kWh04-100x100.jpg 100w, https:\/\/hdxenergy.com\/wp-content\/uploads\/2025\/11\/H096-20kWh04-300x300.jpg 300w, https:\/\/hdxenergy.com\/wp-content\/uploads\/2025\/11\/H096-20kWh04-150x150.jpg 150w, https:\/\/hdxenergy.com\/wp-content\/uploads\/2025\/11\/H096-20kWh04-768x768.jpg 768w\" sizes=\"(max-width: 1000px) 100vw, 1000px\" \/><figcaption id=\"caption-attachment-170\" class=\"wp-caption-text\">Vantagens do sistema<\/figcaption><\/figure>\n<figure id=\"attachment_172\" aria-describedby=\"caption-attachment-172\" style=\"width: 1000px\" class=\"wp-caption alignnone\"><img decoding=\"async\" class=\"wp-image-172 size-full\" src=\"https:\/\/hdxenergy.com\/wp-content\/uploads\/2025\/11\/H096-20kWh06.jpg\" alt=\"Sistema de armazenamento de energia empilhado\" width=\"1000\" height=\"1000\" srcset=\"https:\/\/hdxenergy.com\/wp-content\/uploads\/2025\/11\/H096-20kWh06.jpg 1000w, https:\/\/hdxenergy.com\/wp-content\/uploads\/2025\/11\/H096-20kWh06-600x600.jpg 600w, https:\/\/hdxenergy.com\/wp-content\/uploads\/2025\/11\/H096-20kWh06-100x100.jpg 100w, https:\/\/hdxenergy.com\/wp-content\/uploads\/2025\/11\/H096-20kWh06-300x300.jpg 300w, https:\/\/hdxenergy.com\/wp-content\/uploads\/2025\/11\/H096-20kWh06-150x150.jpg 150w, https:\/\/hdxenergy.com\/wp-content\/uploads\/2025\/11\/H096-20kWh06-768x768.jpg 768w\" sizes=\"(max-width: 1000px) 100vw, 1000px\" \/><figcaption id=\"caption-attachment-172\" class=\"wp-caption-text\">Sistema de armazenamento de energia empilhado<\/figcaption><\/figure>\n<figure id=\"attachment_173\" aria-describedby=\"caption-attachment-173\" style=\"width: 1000px\" class=\"wp-caption alignnone\"><img loading=\"lazy\" decoding=\"async\" class=\"wp-image-173 size-full\" src=\"https:\/\/hdxenergy.com\/wp-content\/uploads\/2025\/11\/H096-20kWh07.jpg\" alt=\"H096\" width=\"1000\" height=\"1000\" srcset=\"https:\/\/hdxenergy.com\/wp-content\/uploads\/2025\/11\/H096-20kWh07.jpg 1000w, https:\/\/hdxenergy.com\/wp-content\/uploads\/2025\/11\/H096-20kWh07-600x600.jpg 600w, https:\/\/hdxenergy.com\/wp-content\/uploads\/2025\/11\/H096-20kWh07-100x100.jpg 100w, https:\/\/hdxenergy.com\/wp-content\/uploads\/2025\/11\/H096-20kWh07-300x300.jpg 300w, https:\/\/hdxenergy.com\/wp-content\/uploads\/2025\/11\/H096-20kWh07-150x150.jpg 150w, https:\/\/hdxenergy.com\/wp-content\/uploads\/2025\/11\/H096-20kWh07-768x768.jpg 768w\" sizes=\"(max-width: 1000px) 100vw, 1000px\" \/><figcaption id=\"caption-attachment-173\" class=\"wp-caption-text\">H096<\/figcaption><\/figure>","protected":false},"excerpt":{"rendered":"<ul>\n<li>6000 vezes a vida \u00fatil do ciclo<\/li>\n<li>Excelente seguran\u00e7a<\/li>\n<li>1 a 6 m\u00f3dulos empilhados para expandir a energia total<\/li>\n<li>Op\u00e7\u00f5es flex\u00edveis de capacidade de 5kWh a 30kWh<\/li>\n<li>Sistema de controle BMS perfeito<\/li>\n<li>Design modular e empilhado<\/li>\n<\/ul>","protected":false},"featured_media":168,"comment_status":"open","ping_status":"closed","template":"","meta":[],"product_brand":[],"product_cat":[26],"product_tag":[50,49],"class_list":{"0":"post-158","1":"product","2":"type-product","3":"status-publish","4":"has-post-thumbnail","6":"product_cat-all-in-one-battery-energy","7":"product_tag-all-in-one-battery-energy","8":"product_tag-lifepo4","10":"first","11":"instock","12":"shipping-taxable","13":"product-type-simple"},"_links":{"self":[{"href":"https:\/\/hdxenergy.com\/pt\/wp-json\/wp\/v2\/product\/158","targetHints":{"allow":["GET"]}}],"collection":[{"href":"https:\/\/hdxenergy.com\/pt\/wp-json\/wp\/v2\/product"}],"about":[{"href":"https:\/\/hdxenergy.com\/pt\/wp-json\/wp\/v2\/types\/product"}],"replies":[{"embeddable":true,"href":"https:\/\/hdxenergy.com\/pt\/wp-json\/wp\/v2\/comments?post=158"}],"wp:featuredmedia":[{"embeddable":true,"href":"https:\/\/hdxenergy.com\/pt\/wp-json\/wp\/v2\/media\/168"}],"wp:attachment":[{"href":"https:\/\/hdxenergy.com\/pt\/wp-json\/wp\/v2\/media?parent=158"}],"wp:term":[{"taxonomy":"product_brand","embeddable":true,"href":"https:\/\/hdxenergy.com\/pt\/wp-json\/wp\/v2\/product_brand?post=158"},{"taxonomy":"product_cat","embeddable":true,"href":"https:\/\/hdxenergy.com\/pt\/wp-json\/wp\/v2\/product_cat?post=158"},{"taxonomy":"product_tag","embeddable":true,"href":"https:\/\/hdxenergy.com\/pt\/wp-json\/wp\/v2\/product_tag?post=158"}],"curies":[{"name":"wp","href":"https:\/\/api.w.org\/{rel}","templated":true}]}}