{"id":1120,"date":"2025-12-08T01:02:14","date_gmt":"2025-12-08T01:02:14","guid":{"rendered":"https:\/\/hdxenergy.com\/?post_type=product&#038;p=1120"},"modified":"2026-01-07T07:39:10","modified_gmt":"2026-01-07T07:39:10","slug":"1mw2mwh","status":"publish","type":"product","link":"https:\/\/hdxenergy.com\/pt\/product\/1mw2mwh\/","title":{"rendered":"Fornecimento de ESS para cont\u00eaineres de 1MW\/2MWh | Solu\u00e7\u00e3o Turnkey BESS"},"content":{"rendered":"<table border=\"0\" width=\"100%\" cellspacing=\"0\" cellpadding=\"0\">\n<tbody>\n<tr>\n<td><strong>Modelo do produto<\/strong><\/td>\n<td><strong>H098-2MWh<\/strong><\/td>\n<\/tr>\n<tr>\n<td><strong>Capacidade da bateria<\/strong><\/td>\n<td>3360Ah\/598,4V (2010,6kWh)<\/td>\n<\/tr>\n<tr>\n<td><strong>Pot\u00eancia nominal<\/strong><\/td>\n<td>1MW<\/td>\n<\/tr>\n<tr>\n<td><strong>Pot\u00eancia de pico<\/strong><\/td>\n<td>1,1 MW<\/td>\n<\/tr>\n<tr>\n<td><strong>Faixa de tens\u00e3o da bateria<\/strong><\/td>\n<td>467,5\u2013682,5 V<\/td>\n<\/tr>\n<tr>\n<td><strong>Corrente nominal CA<\/strong><\/td>\n<td>1444A<\/td>\n<\/tr>\n<tr>\n<td><strong>Corrente m\u00e1xima de sa\u00edda CA<\/strong><\/td>\n<td>1588A<\/td>\n<\/tr>\n<tr>\n<td><strong>Dimens\u00f5es (C*L*A)<\/strong><\/td>\n<td>12192*2438*2896(mm)<\/td>\n<\/tr>\n<tr>\n<td><strong>Peso<\/strong><\/td>\n<td>25800 kg<\/td>\n<\/tr>\n<tr>\n<td><strong>Tipo de bateria<\/strong><\/td>\n<td>LiFePO4<\/td>\n<\/tr>\n<tr>\n<td><strong>Tens\u00e3o de sa\u00edda CA<\/strong><\/td>\n<td>400 V (-201 TP3T ~ +151 TP3T)<\/td>\n<\/tr>\n<tr>\n<td><strong>Comunica\u00e7\u00e3o sem fio<\/strong><\/td>\n<td>Suporta comunica\u00e7\u00e3o 4G<\/td>\n<\/tr>\n<tr>\n<td><strong>Comunicar<\/strong><\/td>\n<td>RS485\/CAN<\/td>\n<\/tr>\n<tr>\n<td><strong>Vida \u00fatil da bateria<\/strong><\/td>\n<td>Mais de 6000 ciclos<\/td>\n<\/tr>\n<tr>\n<td><strong>Prote\u00e7\u00e3o do sistema<\/strong><\/td>\n<td>Prote\u00e7\u00e3o contra superaquecimento\/Prote\u00e7\u00e3o contra sobretens\u00e3o\/Prote\u00e7\u00e3o contra sobrecorrente\/Prote\u00e7\u00e3o contra sobrecarga\/Prote\u00e7\u00e3o contra descarga excessiva\/Prote\u00e7\u00e3o contra curto-circuito de carga\/Prote\u00e7\u00e3o contra sobrecarga.<\/td>\n<\/tr>\n<tr>\n<td><strong>Temperatura de descarga<\/strong><\/td>\n<td>-20 \u2103 ~ 50 \u2103 (A temperatura ambiente recomendada \u00e9 de 20 \u2103 a 30 \u2103.)<\/td>\n<\/tr>\n<tr>\n<td><strong>Faixa de temperatura de carregamento<\/strong><\/td>\n<td>-5 \u2103~50 \u2103 (A temperatura ambiente recomendada \u00e9 de 20 \u2103 a 30 \u2103.)<\/td>\n<\/tr>\n<tr>\n<td><strong>Temperatura de armazenamento<\/strong><\/td>\n<td>A temperatura ambiente recomendada \u00e9 de 0 \u2103 a 45 \u2103.<\/td>\n<\/tr>\n<tr>\n<td><strong>Normas de certifica\u00e7\u00e3o<\/strong><\/td>\n<td>IEC UN38.3 MSDS ROHS<\/td>\n<\/tr>\n<\/tbody>\n<\/table>","protected":false},"excerpt":{"rendered":"<ul>\n<li>Design altamente integrado, f\u00e1cil de transportar, instalar e manter, com monitoramento de status em tempo real e registro de falhas.<\/li>\n<li>Com modularidade inteligente, esse sistema de armazenamento de energia utiliza a tecnologia CTP (Cell to Pack), suportando conex\u00e3o paralela e permitindo facilmente a expans\u00e3o do sistema.<\/li>\n<li>Seguro e confi\u00e1vel, equipado com um sistema de prote\u00e7\u00e3o de bateria de v\u00e1rios n\u00edveis e um sistema de extin\u00e7\u00e3o de inc\u00eandio HFC-227ea para maior seguran\u00e7a.<\/li>\n<li>Com op\u00e7\u00f5es de resfriamento personaliz\u00e1veis, ele oferece resfriamento l\u00edquido e a ar para atender a diversos requisitos ambientais e de desempenho.<\/li>\n<li>Com ciclo de vida longo, esse cont\u00eainer de bateria atinge mais de 6.000 ciclos, mantendo um estado de sa\u00fade (SOH) de 70%.<\/li>\n<li>Dur\u00e1vel, o sistema de armazenamento de energia foi projetado para durar mais de 15 anos com uma carga di\u00e1ria.<\/li>\n<li>Adequado para uma ampla gama de aplica\u00e7\u00f5es, incluindo: integra\u00e7\u00e3o de energia renov\u00e1vel, estabiliza\u00e7\u00e3o de rede, gerenciamento de energia industrial, uso comercial, \u00e1reas remotas etc.<\/li>\n<\/ul>","protected":false},"featured_media":1121,"comment_status":"open","ping_status":"closed","template":"","meta":[],"product_brand":[],"product_cat":[33,32,35],"product_tag":[],"class_list":{"0":"post-1120","1":"product","2":"type-product","3":"status-publish","4":"has-post-thumbnail","6":"product_cat-all-in-one-battery-energy-storage-system","7":"product_cat-commercial-and-industrial-energy-storage","8":"product_cat-container-series","10":"first","11":"instock","12":"shipping-taxable","13":"product-type-simple"},"_links":{"self":[{"href":"https:\/\/hdxenergy.com\/pt\/wp-json\/wp\/v2\/product\/1120","targetHints":{"allow":["GET"]}}],"collection":[{"href":"https:\/\/hdxenergy.com\/pt\/wp-json\/wp\/v2\/product"}],"about":[{"href":"https:\/\/hdxenergy.com\/pt\/wp-json\/wp\/v2\/types\/product"}],"replies":[{"embeddable":true,"href":"https:\/\/hdxenergy.com\/pt\/wp-json\/wp\/v2\/comments?post=1120"}],"wp:featuredmedia":[{"embeddable":true,"href":"https:\/\/hdxenergy.com\/pt\/wp-json\/wp\/v2\/media\/1121"}],"wp:attachment":[{"href":"https:\/\/hdxenergy.com\/pt\/wp-json\/wp\/v2\/media?parent=1120"}],"wp:term":[{"taxonomy":"product_brand","embeddable":true,"href":"https:\/\/hdxenergy.com\/pt\/wp-json\/wp\/v2\/product_brand?post=1120"},{"taxonomy":"product_cat","embeddable":true,"href":"https:\/\/hdxenergy.com\/pt\/wp-json\/wp\/v2\/product_cat?post=1120"},{"taxonomy":"product_tag","embeddable":true,"href":"https:\/\/hdxenergy.com\/pt\/wp-json\/wp\/v2\/product_tag?post=1120"}],"curies":[{"name":"wp","href":"https:\/\/api.w.org\/{rel}","templated":true}]}}