{"id":1115,"date":"2025-12-08T01:01:56","date_gmt":"2025-12-08T01:01:56","guid":{"rendered":"https:\/\/hdxenergy.com\/?post_type=product&#038;p=1115"},"modified":"2026-01-07T07:35:30","modified_gmt":"2026-01-07T07:35:30","slug":"1mw3mwh","status":"publish","type":"product","link":"https:\/\/hdxenergy.com\/pt\/product\/1mw3mwh\/","title":{"rendered":"ESS para cont\u00eaineres de 1MW\/3MWh | Armazenamento de energia com bateria de n\u00edvel industrial"},"content":{"rendered":"<table border=\"0\" width=\"100%\" cellspacing=\"0\" cellpadding=\"0\">\n<tbody>\n<tr>\n<td><strong>Modelo do produto<\/strong><\/td>\n<td><strong>H098-3MWh<\/strong><\/td>\n<\/tr>\n<tr>\n<td><strong>Capacidade da bateria<\/strong><\/td>\n<td>4480Ah\/704V (3153,9kWh)<\/td>\n<\/tr>\n<tr>\n<td><strong>Pot\u00eancia nominal<\/strong><\/td>\n<td>1MW<\/td>\n<\/tr>\n<tr>\n<td><strong>Pot\u00eancia de pico<\/strong><\/td>\n<td>1,1 MW<\/td>\n<\/tr>\n<tr>\n<td><strong>Faixa de tens\u00e3o da bateria<\/strong><\/td>\n<td>550-803V<\/td>\n<\/tr>\n<tr>\n<td><strong>Corrente nominal CA<\/strong><\/td>\n<td>1444A<\/td>\n<\/tr>\n<tr>\n<td><strong>Corrente m\u00e1xima de sa\u00edda CA<\/strong><\/td>\n<td>1588A<\/td>\n<\/tr>\n<tr>\n<td><strong>Dimens\u00f5es (C*L*A)<\/strong><\/td>\n<td>12192*2438*2896(mm)<\/td>\n<\/tr>\n<tr>\n<td><strong>Peso<\/strong><\/td>\n<td>32000 kg<\/td>\n<\/tr>\n<tr>\n<td><strong>Tipo de bateria<\/strong><\/td>\n<td>LiFePO4<\/td>\n<\/tr>\n<tr>\n<td><strong>Tens\u00e3o de sa\u00edda CA<\/strong><\/td>\n<td>400 V (-201 TP3T ~ +151 TP3T)<\/td>\n<\/tr>\n<tr>\n<td><strong>Comunica\u00e7\u00e3o sem fio<\/strong><\/td>\n<td>Suporta comunica\u00e7\u00e3o 4G<\/td>\n<\/tr>\n<tr>\n<td><strong>Comunicar<\/strong><\/td>\n<td>RS485\/CAN<\/td>\n<\/tr>\n<tr>\n<td><strong>Vida \u00fatil da bateria<\/strong><\/td>\n<td>Mais de 6000 ciclos<\/td>\n<\/tr>\n<tr>\n<td><strong>Prote\u00e7\u00e3o do sistema<\/strong><\/td>\n<td>Prote\u00e7\u00e3o contra superaquecimento\/Prote\u00e7\u00e3o contra sobretens\u00e3o\/Prote\u00e7\u00e3o contra sobrecorrente\/Prote\u00e7\u00e3o contra sobrecarga\/Prote\u00e7\u00e3o contra descarga excessiva\/Prote\u00e7\u00e3o contra curto-circuito de carga\/Prote\u00e7\u00e3o contra sobrecarga.<\/td>\n<\/tr>\n<tr>\n<td><strong>Temperatura de descarga<\/strong><\/td>\n<td>-20 \u2103 ~ 50 \u2103 (A temperatura ambiente recomendada \u00e9 de 20 \u2103 a 30 \u2103.)<\/td>\n<\/tr>\n<tr>\n<td><strong>Faixa de temperatura de carregamento<\/strong><\/td>\n<td>-5 \u2103~50 \u2103 (A temperatura ambiente recomendada \u00e9 de 20 \u2103 a 30 \u2103.)<\/td>\n<\/tr>\n<tr>\n<td><strong>Temperatura de armazenamento<\/strong><\/td>\n<td>A temperatura ambiente recomendada \u00e9 de 0 \u2103 a 45 \u2103.<\/td>\n<\/tr>\n<tr>\n<td><strong>Normas de certifica\u00e7\u00e3o<\/strong><\/td>\n<td>IEC UN38.3 MSDS ROHS<\/td>\n<\/tr>\n<\/tbody>\n<\/table>","protected":false},"excerpt":{"rendered":"<p><strong>Funcionalidade vers\u00e1til<\/strong><\/p>\n<ul>\n<li>Oferece suporte \u00e0 redu\u00e7\u00e3o de picos, preenchimento de vales, resposta do lado da demanda, fornecimento de energia de reserva e outras fun\u00e7\u00f5es importantes;<\/li>\n<li>Oferece suporte \u00e0 atualiza\u00e7\u00e3o remota de estrat\u00e9gias operacionais e atualiza\u00e7\u00f5es de firmware, reduzindo os custos de opera\u00e7\u00e3o e manuten\u00e7\u00e3o.<\/li>\n<\/ul>\n<p><strong>Altamente integrado<\/strong><\/p>\n<ul>\n<li>Produ\u00e7\u00e3o de sistemas, integrando baterias de armazenamento de energia, PCS e distribui\u00e7\u00e3o de energia, controle de temperatura, prote\u00e7\u00e3o contra inc\u00eandio, sensores de porta imersos em \u00e1gua e comunica\u00e7\u00f5es de monitoramento, para controlar totalmente o status operacional e os riscos do sistema;<\/li>\n<li>Entrega em um s\u00f3 lugar, reduzindo o ciclo de instala\u00e7\u00e3o e comissionamento do local do projeto.<\/li>\n<\/ul>\n<p><strong>Seguro e inteligente<\/strong><\/p>\n<ul>\n<li>Mecanismo de processamento hier\u00e1rquico de falhas para responder a cen\u00e1rios de falhas predefinidos;<\/li>\n<li>BMS personalizado, fornecendo fun\u00e7\u00f5es completas de medi\u00e7\u00e3o e prote\u00e7\u00e3o;<\/li>\n<li>Suporte ao agendamento de nuvem e \u00e0 an\u00e1lise de relat\u00f3rios operacionais.<\/li>\n<li>Vem com sistema de resfriamento a ar ou l\u00edquido, sistema de prote\u00e7\u00e3o contra inc\u00eandio, sistema de controle de temperatura e sistema de ilumina\u00e7\u00e3o.<\/li>\n<\/ul>\n<p><strong>Flex\u00edvel e conveniente<\/strong><\/p>\n<ul>\n<li>PCS modular, unidade de bateria de expans\u00e3o linear e unidade de inversor bidirecional de armazenamento de energia;<\/li>\n<li>Equipado com recursos independentes de controle de carga e descarga para v\u00e1rios conjuntos de baterias para melhorar a utiliza\u00e7\u00e3o e a seguran\u00e7a da bateria.<\/li>\n<\/ul>","protected":false},"featured_media":1116,"comment_status":"open","ping_status":"closed","template":"","meta":[],"product_brand":[],"product_cat":[33,32,35],"product_tag":[],"class_list":{"0":"post-1115","1":"product","2":"type-product","3":"status-publish","4":"has-post-thumbnail","6":"product_cat-all-in-one-battery-energy-storage-system","7":"product_cat-commercial-and-industrial-energy-storage","8":"product_cat-container-series","10":"first","11":"instock","12":"shipping-taxable","13":"product-type-simple"},"_links":{"self":[{"href":"https:\/\/hdxenergy.com\/pt\/wp-json\/wp\/v2\/product\/1115","targetHints":{"allow":["GET"]}}],"collection":[{"href":"https:\/\/hdxenergy.com\/pt\/wp-json\/wp\/v2\/product"}],"about":[{"href":"https:\/\/hdxenergy.com\/pt\/wp-json\/wp\/v2\/types\/product"}],"replies":[{"embeddable":true,"href":"https:\/\/hdxenergy.com\/pt\/wp-json\/wp\/v2\/comments?post=1115"}],"wp:featuredmedia":[{"embeddable":true,"href":"https:\/\/hdxenergy.com\/pt\/wp-json\/wp\/v2\/media\/1116"}],"wp:attachment":[{"href":"https:\/\/hdxenergy.com\/pt\/wp-json\/wp\/v2\/media?parent=1115"}],"wp:term":[{"taxonomy":"product_brand","embeddable":true,"href":"https:\/\/hdxenergy.com\/pt\/wp-json\/wp\/v2\/product_brand?post=1115"},{"taxonomy":"product_cat","embeddable":true,"href":"https:\/\/hdxenergy.com\/pt\/wp-json\/wp\/v2\/product_cat?post=1115"},{"taxonomy":"product_tag","embeddable":true,"href":"https:\/\/hdxenergy.com\/pt\/wp-json\/wp\/v2\/product_tag?post=1115"}],"curies":[{"name":"wp","href":"https:\/\/api.w.org\/{rel}","templated":true}]}}