{"id":1109,"date":"2025-12-08T01:32:39","date_gmt":"2025-12-08T01:32:39","guid":{"rendered":"https:\/\/hdxenergy.com\/?post_type=product&#038;p=1109"},"modified":"2026-01-07T07:46:33","modified_gmt":"2026-01-07T07:46:33","slug":"250kw500kw","status":"publish","type":"product","link":"https:\/\/hdxenergy.com\/pt\/product\/250kw500kw\/","title":{"rendered":"Vendedor de ESS em cont\u00eaineres de 250KW\/500KWH | BESS compacto e de alta efici\u00eancia"},"content":{"rendered":"<table border=\"0\" width=\"100%\" cellspacing=\"0\" cellpadding=\"0\">\n<tbody>\n<tr>\n<td><strong>Modelo do produto<\/strong><\/td>\n<td><strong>H098-500kWh<\/strong><\/td>\n<\/tr>\n<tr>\n<td><strong>Capacidade da bateria<\/strong><\/td>\n<td>840Ah\/598,4V 502,6kWh)<\/td>\n<\/tr>\n<tr>\n<td><strong>Pot\u00eancia nominal<\/strong><\/td>\n<td>250kW<\/td>\n<\/tr>\n<tr>\n<td><strong>Pot\u00eancia de pico<\/strong><\/td>\n<td>275kW<\/td>\n<\/tr>\n<tr>\n<td><strong>Faixa de tens\u00e3o da bateria<\/strong><\/td>\n<td>467,5\u2013682,5 V<\/td>\n<\/tr>\n<tr>\n<td><strong>Corrente nominal CA<\/strong><\/td>\n<td>361A<\/td>\n<\/tr>\n<tr>\n<td><strong>Corrente m\u00e1xima de sa\u00edda CA<\/strong><\/td>\n<td>397A<\/td>\n<\/tr>\n<tr>\n<td><strong>Dimens\u00f5es (C*L*A)<\/strong><\/td>\n<td>6058*2438*2591 (mm)<\/td>\n<\/tr>\n<tr>\n<td><strong>Peso<\/strong><\/td>\n<td>11500 kg<\/td>\n<\/tr>\n<tr>\n<td><strong>Tipo de bateria<\/strong><\/td>\n<td>LiFePO4<\/td>\n<\/tr>\n<tr>\n<td><strong>Tens\u00e3o de sa\u00edda CA<\/strong><\/td>\n<td>400 V (-201 TP3T ~ +151 TP3T)<\/td>\n<\/tr>\n<tr>\n<td><strong>Comunica\u00e7\u00e3o sem fio<\/strong><\/td>\n<td>Suporta comunica\u00e7\u00e3o 4G<\/td>\n<\/tr>\n<tr>\n<td><strong>Comunicar<\/strong><\/td>\n<td>RS485\/CAN<\/td>\n<\/tr>\n<tr>\n<td><strong>Vida \u00fatil da bateria<\/strong><\/td>\n<td>Mais de 6000 ciclos<\/td>\n<\/tr>\n<tr>\n<td><strong>Prote\u00e7\u00e3o do sistema<\/strong><\/td>\n<td>Prote\u00e7\u00e3o contra superaquecimento\/Prote\u00e7\u00e3o contra sobretens\u00e3o\/Prote\u00e7\u00e3o contra sobrecorrente\/Prote\u00e7\u00e3o contra sobrecarga\/Prote\u00e7\u00e3o contra descarga excessiva\/Prote\u00e7\u00e3o contra curto-circuito de carga\/Prote\u00e7\u00e3o contra sobrecarga.<\/td>\n<\/tr>\n<tr>\n<td><strong>Temperatura de descarga<\/strong><\/td>\n<td>-20 \u2103 ~ 50 \u2103 (A temperatura ambiente recomendada \u00e9 de 20 \u2103 a 30 \u2103.)<\/td>\n<\/tr>\n<tr>\n<td><strong>Faixa de temperatura de carregamento<\/strong><\/td>\n<td>-5 \u2103~50 \u2103 (A temperatura ambiente recomendada \u00e9 de 20 \u2103 a 30 \u2103.)<\/td>\n<\/tr>\n<tr>\n<td><strong>Temperatura de armazenamento<\/strong><\/td>\n<td>A temperatura ambiente recomendada \u00e9 de 0 \u2103 a 45 \u2103.<\/td>\n<\/tr>\n<tr>\n<td><strong>Normas de certifica\u00e7\u00e3o<\/strong><\/td>\n<td>IEC UN38.3 MSDS ROHS<\/td>\n<\/tr>\n<\/tbody>\n<\/table>","protected":false},"excerpt":{"rendered":"<ul>\n<li>Esse sistema de armazenamento de bateria solar de 250kw\/500kwh \u00e9 carregado com baterias de armazenamento de energia, PCS, controlador fotovoltaico (MPPT) (opcional), sistema de gerenciamento BMS, sistema de gerenciamento EMS, sistema de distribui\u00e7\u00e3o de energia, sistema de controle ambiental e sistema de controle de inc\u00eandio para controlar totalmente o status operacional e os riscos do sistema.<\/li>\n<li>Configurado com um PCS modular montado em rack, ele suporta a conex\u00e3o paralela de v\u00e1rias m\u00e1quinas e tem boa escalabilidade; o n\u00famero de m\u00f3dulos PCS e a pot\u00eancia total da bateria podem ser selecionados de acordo com os requisitos de capacidade do sistema de armazenamento t\u00e9rmico de energia solar da microrrede e outros cen\u00e1rios.<\/li>\n<li>O n\u00edvel de prote\u00e7\u00e3o \u00e9 IP54, que pode lidar perfeitamente com v\u00e1rios tipos de clima externo.<\/li>\n<li>O ar-condicionado integrado embutido montado na porta n\u00e3o ocupa espa\u00e7o no gabinete, aumenta o espa\u00e7o dispon\u00edvel dos gabinetes externos, tem melhor integridade estrutural superior e bom efeito de impermeabiliza\u00e7\u00e3o.<\/li>\n<li>O painel de controle local pode realizar v\u00e1rias fun\u00e7\u00f5es, como monitoramento da opera\u00e7\u00e3o do sistema, formula\u00e7\u00e3o de estrat\u00e9gia de gerenciamento de energia e atualiza\u00e7\u00e3o remota de equipamentos.<\/li>\n<\/ul>","protected":false},"featured_media":1110,"comment_status":"open","ping_status":"closed","template":"","meta":[],"product_brand":[],"product_cat":[33,32,35],"product_tag":[],"class_list":{"0":"post-1109","1":"product","2":"type-product","3":"status-publish","4":"has-post-thumbnail","6":"product_cat-all-in-one-battery-energy-storage-system","7":"product_cat-commercial-and-industrial-energy-storage","8":"product_cat-container-series","10":"first","11":"instock","12":"shipping-taxable","13":"product-type-simple"},"_links":{"self":[{"href":"https:\/\/hdxenergy.com\/pt\/wp-json\/wp\/v2\/product\/1109","targetHints":{"allow":["GET"]}}],"collection":[{"href":"https:\/\/hdxenergy.com\/pt\/wp-json\/wp\/v2\/product"}],"about":[{"href":"https:\/\/hdxenergy.com\/pt\/wp-json\/wp\/v2\/types\/product"}],"replies":[{"embeddable":true,"href":"https:\/\/hdxenergy.com\/pt\/wp-json\/wp\/v2\/comments?post=1109"}],"wp:featuredmedia":[{"embeddable":true,"href":"https:\/\/hdxenergy.com\/pt\/wp-json\/wp\/v2\/media\/1110"}],"wp:attachment":[{"href":"https:\/\/hdxenergy.com\/pt\/wp-json\/wp\/v2\/media?parent=1109"}],"wp:term":[{"taxonomy":"product_brand","embeddable":true,"href":"https:\/\/hdxenergy.com\/pt\/wp-json\/wp\/v2\/product_brand?post=1109"},{"taxonomy":"product_cat","embeddable":true,"href":"https:\/\/hdxenergy.com\/pt\/wp-json\/wp\/v2\/product_cat?post=1109"},{"taxonomy":"product_tag","embeddable":true,"href":"https:\/\/hdxenergy.com\/pt\/wp-json\/wp\/v2\/product_tag?post=1109"}],"curies":[{"name":"wp","href":"https:\/\/api.w.org\/{rel}","templated":true}]}}