{"id":1098,"date":"2025-12-08T00:10:35","date_gmt":"2025-12-08T00:10:35","guid":{"rendered":"https:\/\/hdxenergy.com\/?post_type=product&#038;p=1098"},"modified":"2026-01-07T07:53:32","modified_gmt":"2026-01-07T07:53:32","slug":"100-kw-215-kwh","status":"publish","type":"product","link":"https:\/\/hdxenergy.com\/pt\/product\/100kw215kwh\/","title":{"rendered":"Integrador de BESS de gabinete de 100KW\/215KWH"},"content":{"rendered":"<div class=\"table-container\">\n<table border=\"0\" width=\"100%\" cellspacing=\"0\" cellpadding=\"0\">\n<tbody>\n<tr>\n<td><strong>Modelo do produto<\/strong><\/td>\n<td><strong>H098-50 kWh<\/strong><\/td>\n<td><strong>H098-100 kWh<\/strong><\/td>\n<td><strong>H098-150 kWh<\/strong><\/td>\n<td><strong>H098-215 kWh<\/strong><\/td>\n<td><strong>H098-315 kWh<\/strong><\/td>\n<\/tr>\n<tr>\n<td><strong>Tens\u00e3o nominal<\/strong><\/td>\n<td>563,2 Vcc<\/td>\n<td>537,6 V CC<\/td>\n<td>768 V CC<\/td>\n<td>768 V CC<\/td>\n<td>768 V CC<\/td>\n<\/tr>\n<tr>\n<td><strong>Faixa de tens\u00e3o<\/strong><\/td>\n<td>440-642,4 V CC<\/td>\n<td>420-537,6 V CC<\/td>\n<td>600-876 V CC<\/td>\n<td>672-864 V CC<\/td>\n<td>672-864 V CC<\/td>\n<\/tr>\n<tr>\n<td><strong>Capacidade nominal<\/strong><\/td>\n<td>90 Ah<\/td>\n<td>200 Ah<\/td>\n<td>206 Ah<\/td>\n<td>280 Ah<\/td>\n<td>412 Ah<\/td>\n<\/tr>\n<tr>\n<td><strong>Energia nominal<\/strong><\/td>\n<td>50,68 kWh<\/td>\n<td>107,5 kWh<\/td>\n<td>158 kWh<\/td>\n<td>215 kWh<\/td>\n<td>316,4 kWh<\/td>\n<\/tr>\n<tr>\n<td><strong>Corrente nominal de carga<\/strong><\/td>\n<td>45A<\/td>\n<td>100A<\/td>\n<td>206A<\/td>\n<td>140A<\/td>\n<td>206A<\/td>\n<\/tr>\n<tr>\n<td><strong>Corrente de descarga nominal<\/strong><\/td>\n<td>45A<\/td>\n<td>100A<\/td>\n<td>206A<\/td>\n<td>140A<\/td>\n<td>206A<\/td>\n<\/tr>\n<tr>\n<td><strong>Dimens\u00f5es (C*L*A)<\/strong><\/td>\n<td>L 819 x P 900 x A 1964 (mm)<\/td>\n<td>L1228 x P1125 x A2084 (mm)<\/td>\n<td>1600 x 1247 x 2414 (mm)<\/td>\n<td>L1910 x P1297 x A2414 (mm)<\/td>\n<td>L 2153 x P 1297 x A 2414 (mm)<\/td>\n<\/tr>\n<tr>\n<td><strong>Tens\u00e3o de sa\u00edda CA<\/strong><\/td>\n<td>400 V (-201 TP3T ~ +151 TP3T)<\/td>\n<td>400 V (-201 TP3T ~ +151 TP3T)<\/td>\n<td>400 V (-201 TP3T ~ +151 TP3T)<\/td>\n<td>320-460 V<\/td>\n<td>320-460 V<\/td>\n<\/tr>\n<tr>\n<td><strong>Tens\u00e3o nominal de entrada<\/strong><\/td>\n<td>3W+N+PE; CA 400 V<\/td>\n<td>3W+N+PE; CA 400 V<\/td>\n<td>3W+N+PE; CA 400 V<\/td>\n<td>3W+N+PE; CA 400 V<\/td>\n<td>3W+N+PE; CA 400 V<\/td>\n<\/tr>\n<tr>\n<td><strong>Tens\u00e3o de sa\u00edda nominal<\/strong><\/td>\n<td>3W+N+PE; CA 400 V<\/td>\n<td>3W+N+PE; CA 400 V<\/td>\n<td>3W+N+PE; CA 400 V<\/td>\n<td>3W+N+PE; CA 400 V<\/td>\n<td>3W+N+PE; CA 400 V<\/td>\n<\/tr>\n<tr>\n<td><strong>Frequ\u00eancia nominal<\/strong><\/td>\n<td>50 Hz\/60 Hz<\/td>\n<td>50 Hz\/60 Hz<\/td>\n<td>50 Hz\/60 Hz<\/td>\n<td>50 Hz\/60 Hz<\/td>\n<td>50 Hz\/60 Hz<\/td>\n<\/tr>\n<tr>\n<td><strong>Corrente de sa\u00edda nominal<\/strong><\/td>\n<td>36,2 A<\/td>\n<td>72,5 A<\/td>\n<td>138A<\/td>\n<td>138A<\/td>\n<td>276A<\/td>\n<\/tr>\n<tr>\n<td><strong>Pot\u00eancia nominal<\/strong><\/td>\n<td>25 kW<\/td>\n<td>50 kW<\/td>\n<td>100 kW<\/td>\n<td>100 kW<\/td>\n<td>200 kW<\/td>\n<\/tr>\n<tr>\n<td><strong>Tens\u00e3o m\u00e1xima de entrada fotovoltaica<\/strong><\/td>\n<td>850 V<\/td>\n<td>850 V<\/td>\n<td>850 V<\/td>\n<td>850 V<\/td>\n<td>850 V<\/td>\n<\/tr>\n<tr>\n<td><strong>Pot\u00eancia fotovoltaica m\u00e1xima<\/strong><\/td>\n<td>15 kW + 15 kW<\/td>\n<td>38,4 kW + 38,4 kW<\/td>\n<td>120 kW<\/td>\n<td>120 kW<\/td>\n<td>240 kW<\/td>\n<\/tr>\n<tr>\n<td><strong>Faixa de tens\u00e3o operacional do MPPT<\/strong><\/td>\n<td>200 V-800 V<\/td>\n<td>200 V-800 V<\/td>\n<td>200 V-950 V<\/td>\n<td>200 V-950 V<\/td>\n<td>200 V-950 V<\/td>\n<\/tr>\n<tr>\n<td><strong>Faixa de tens\u00e3o de carga total MPPT<\/strong><\/td>\n<td>450 V-750 V<\/td>\n<td>450 V-750 V<\/td>\n<td>650 V-750 V<\/td>\n<td>650 V-750 V<\/td>\n<td>650 V-750 V<\/td>\n<\/tr>\n<tr>\n<td><strong>Peso<\/strong><\/td>\n<td>900 kg<\/td>\n<td>1700 kg<\/td>\n<td>2300 kg<\/td>\n<td>2850 kg<\/td>\n<td>3500 kg<\/td>\n<\/tr>\n<tr>\n<td><strong>Comunica\u00e7\u00e3o<\/strong><\/td>\n<td>RS485\/CAN<\/td>\n<td><\/td>\n<td><\/td>\n<td>RS485\/CAN<\/td>\n<td><\/td>\n<\/tr>\n<tr>\n<td><strong>Altitude<\/strong><\/td>\n<td colspan=\"5\">\u22642000 m<\/td>\n<\/tr>\n<tr>\n<td><strong>Classe de prote\u00e7\u00e3o\/classifica\u00e7\u00e3o IP<\/strong><\/td>\n<td colspan=\"5\">IP55<\/td>\n<\/tr>\n<tr>\n<td><strong>Faixa de temperatura de carregamento<\/strong><\/td>\n<td colspan=\"5\">0 \u2103~50 \u2103<\/td>\n<\/tr>\n<tr>\n<td><strong>Faixa de temperatura de descarga<\/strong><\/td>\n<td colspan=\"5\">-20 \u00b0C a 55 \u00b0C<\/td>\n<\/tr>\n<tr>\n<td><strong>Normas de certifica\u00e7\u00e3o<\/strong><\/td>\n<td colspan=\"5\">IEC 63056\/IEC 62477-1\/EN61000-6\/IEC62933-5-2-2020\/IEC62933-2-1:2017\/ROHS 2.0\/UN38.3\/MSDS<\/td>\n<\/tr>\n<\/tbody>\n<\/table>\n<\/div>","protected":false},"excerpt":{"rendered":"<ul>\n<li>Sistema de armazenamento de energia de alto desempenho que utiliza tecnologia avan\u00e7ada de bateria e inversor, proporcionando efici\u00eancia de carga e descarga de at\u00e9 90% ou mais.<\/li>\n<li>Aplica\u00e7\u00f5es flex\u00edveis, sistema de armazenamento de energia adequado para uma ampla gama de aplica\u00e7\u00f5es, como comercial, industrial, armazenamento de energia renov\u00e1vel, microrredes, usinas virtuais, etc.<\/li>\n<li>Economia de energia e redu\u00e7\u00e3o de custos, ajudando os usu\u00e1rios a economizar energia e reduzir os custos de energia por meio da arbitragem de tarifas de pico e vale e da redu\u00e7\u00e3o das flutua\u00e7\u00f5es de carga da rede.<\/li>\n<li>Design modularizado, f\u00e1cil de expandir e atualizar, configura\u00e7\u00e3o flex\u00edvel de acordo com a demanda.<\/li>\n<li>Forte adaptabilidade ambiental, sistemas de armazenamento de energia aplic\u00e1veis a diferentes condi\u00e7\u00f5es clim\u00e1ticas, fornecendo n\u00edvel de prote\u00e7\u00e3o IP54, adaptando-se a v\u00e1rios ambientes externos.<\/li>\n<\/ul>","protected":false},"featured_media":1099,"comment_status":"open","ping_status":"closed","template":"","meta":[],"product_brand":[],"product_cat":[33,34,32],"product_tag":[],"class_list":{"0":"post-1098","1":"product","2":"type-product","3":"status-publish","4":"has-post-thumbnail","6":"product_cat-all-in-one-battery-energy-storage-system","7":"product_cat-cabinet-series","8":"product_cat-commercial-and-industrial-energy-storage","10":"first","11":"instock","12":"shipping-taxable","13":"product-type-simple"},"_links":{"self":[{"href":"https:\/\/hdxenergy.com\/pt\/wp-json\/wp\/v2\/product\/1098","targetHints":{"allow":["GET"]}}],"collection":[{"href":"https:\/\/hdxenergy.com\/pt\/wp-json\/wp\/v2\/product"}],"about":[{"href":"https:\/\/hdxenergy.com\/pt\/wp-json\/wp\/v2\/types\/product"}],"replies":[{"embeddable":true,"href":"https:\/\/hdxenergy.com\/pt\/wp-json\/wp\/v2\/comments?post=1098"}],"wp:featuredmedia":[{"embeddable":true,"href":"https:\/\/hdxenergy.com\/pt\/wp-json\/wp\/v2\/media\/1099"}],"wp:attachment":[{"href":"https:\/\/hdxenergy.com\/pt\/wp-json\/wp\/v2\/media?parent=1098"}],"wp:term":[{"taxonomy":"product_brand","embeddable":true,"href":"https:\/\/hdxenergy.com\/pt\/wp-json\/wp\/v2\/product_brand?post=1098"},{"taxonomy":"product_cat","embeddable":true,"href":"https:\/\/hdxenergy.com\/pt\/wp-json\/wp\/v2\/product_cat?post=1098"},{"taxonomy":"product_tag","embeddable":true,"href":"https:\/\/hdxenergy.com\/pt\/wp-json\/wp\/v2\/product_tag?post=1098"}],"curies":[{"name":"wp","href":"https:\/\/api.w.org\/{rel}","templated":true}]}}