{"id":670,"date":"2025-11-25T06:42:34","date_gmt":"2025-11-25T06:42:34","guid":{"rendered":"https:\/\/hdxenergy.com\/?post_type=product&#038;p=670"},"modified":"2026-01-07T07:29:56","modified_gmt":"2026-01-07T07:29:56","slug":"seria-ccs2","status":"publish","type":"product","link":"https:\/\/hdxenergy.com\/pl\/product\/ccs2-series\/","title":{"rendered":"Stacja \u0142adowania pojazd\u00f3w elektrycznych CCS2 Producent oryginalnego wyposa\u017cenia | 60-240kW"},"content":{"rendered":"<div class=\"table-container\">\n<table>\n<tbody>\n<tr>\n<td colspan=\"2\"><strong>ltem<\/strong><\/td>\n<td colspan=\"6\">Standardowa warto\u015b\u0107 parametru<\/td>\n<\/tr>\n<tr>\n<td colspan=\"2\"><strong>Napi\u0119cie wej\u015bciowe<\/strong><\/td>\n<td colspan=\"6\">3-fazowe 260\u2013530 V AC<\/td>\n<\/tr>\n<tr>\n<td colspan=\"2\"><strong>cz\u0119stotliwo\u015b\u0107 luput<\/strong><\/td>\n<td colspan=\"6\">50 Hz\/60 Hz<\/td>\n<\/tr>\n<tr>\n<td colspan=\"2\"><strong>Moc znamionowa<\/strong><\/td>\n<td colspan=\"6\">60 kW\/120 kW\/160 kW\/240 kW<\/td>\n<\/tr>\n<tr>\n<td colspan=\"2\"><strong>Napi\u0119cie wyj\u015bciowe<\/strong><\/td>\n<td colspan=\"6\">200\u20131000 V DC<\/td>\n<\/tr>\n<tr>\n<td colspan=\"2\"><strong>Pr\u0105d wyj\u015bciowy<\/strong><\/td>\n<td colspan=\"6\">0\u2013200 Adc<\/td>\n<\/tr>\n<tr>\n<td colspan=\"2\"><strong>Napi\u0119cie wej\u015bciowe<\/strong><\/td>\n<td colspan=\"6\">3-fazowe 260\u2013530 V AC<\/td>\n<\/tr>\n<tr>\n<td colspan=\"2\"><strong>Stopie\u0144 ochrony<\/strong><\/td>\n<td colspan=\"6\">IP55\/IK10<\/td>\n<\/tr>\n<tr>\n<td colspan=\"2\"><strong>Normy<\/strong><\/td>\n<td colspan=\"6\">UL 2202, CSA-C22.2 nr 107.1-16, UL2231, CSA C22.2 nr 281<\/td>\n<\/tr>\n<tr>\n<td colspan=\"2\"><strong>Waga<\/strong><\/td>\n<td colspan=\"6\">230 kg ~ 260 kg<\/td>\n<\/tr>\n<tr>\n<td colspan=\"2\"><strong>Wymiar<\/strong><\/td>\n<td colspan=\"6\">6507001700 mm (d\u0142.**wys.)<\/td>\n<\/tr>\n<tr>\n<td colspan=\"2\"><strong>Interfejs sieciowy<\/strong><\/td>\n<td colspan=\"6\">Ethemet, WIFl, 4G<\/td>\n<\/tr>\n<tr>\n<td colspan=\"2\"><strong>Norma bezpiecze\u0144stwa<\/strong><\/td>\n<td colspan=\"6\">EN 61851-1-2001 EN 61851-21-2001 EN 61851-22-2001<\/td>\n<\/tr>\n<\/tbody>\n<\/table>\n<\/div>\n<p><img fetchpriority=\"high\" decoding=\"async\" class=\"alignnone wp-image-676 size-full\" src=\"https:\/\/hdxenergy.com\/wp-content\/uploads\/2025\/11\/CCS2-Series6.jpg\" alt=\"Aplikacje stacji \u0142adowania pojazd\u00f3w elektrycznych CCS2\" width=\"1000\" height=\"1000\" srcset=\"https:\/\/hdxenergy.com\/wp-content\/uploads\/2025\/11\/CCS2-Series6.jpg 1000w, https:\/\/hdxenergy.com\/wp-content\/uploads\/2025\/11\/CCS2-Series6-300x300.jpg 300w, https:\/\/hdxenergy.com\/wp-content\/uploads\/2025\/11\/CCS2-Series6-150x150.jpg 150w, https:\/\/hdxenergy.com\/wp-content\/uploads\/2025\/11\/CCS2-Series6-768x768.jpg 768w, https:\/\/hdxenergy.com\/wp-content\/uploads\/2025\/11\/CCS2-Series6-600x600.jpg 600w, https:\/\/hdxenergy.com\/wp-content\/uploads\/2025\/11\/CCS2-Series6-100x100.jpg 100w\" sizes=\"(max-width: 1000px) 100vw, 1000px\" \/> <img decoding=\"async\" class=\"alignnone wp-image-675 size-full\" src=\"https:\/\/hdxenergy.com\/wp-content\/uploads\/2025\/11\/CCS2-Series5.png\" alt=\"Pojedyncze\/podw\u00f3jne porty opcjonalnie\" width=\"1000\" height=\"1000\" srcset=\"https:\/\/hdxenergy.com\/wp-content\/uploads\/2025\/11\/CCS2-Series5.png 1000w, https:\/\/hdxenergy.com\/wp-content\/uploads\/2025\/11\/CCS2-Series5-300x300.png 300w, https:\/\/hdxenergy.com\/wp-content\/uploads\/2025\/11\/CCS2-Series5-150x150.png 150w, https:\/\/hdxenergy.com\/wp-content\/uploads\/2025\/11\/CCS2-Series5-768x768.png 768w, https:\/\/hdxenergy.com\/wp-content\/uploads\/2025\/11\/CCS2-Series5-600x600.png 600w, https:\/\/hdxenergy.com\/wp-content\/uploads\/2025\/11\/CCS2-Series5-100x100.png 100w\" sizes=\"(max-width: 1000px) 100vw, 1000px\" \/><\/p>","protected":false},"excerpt":{"rendered":"<ul>\n<li>Szybka \u0142adowarka DC 2 Guns do pojazd\u00f3w elektrycznych<\/li>\n<li>Oferuje elastyczno\u015b\u0107 w zakresie mocy od 40 kW do 400 kW, umo\u017cliwiaj\u0105c jednoczesne \u0142adowanie dw\u00f3ch pojazd\u00f3w elektrycznych.<\/li>\n<li>60\/80\/160\/180\/240\/360 Opcjonalnie<\/li>\n<li>Oszcz\u0119dno\u015b\u0107 czasu \u2013 szybkie \u0142adowanie<\/li>\n<li>Metoda p\u0142atno\u015bci RFID\/kod QR\/urz\u0105dzenie POS<\/li>\n<li>1 pistolet lub 2 pistolety (CCS1 || CCS2 || CHAdeMO || GBT|| Tesla)<\/li>\n<li>7-calowy kolorowy ekran dotykowy LCD<\/li>\n<li>24 miesi\u0105ce gwarancji<\/li>\n<\/ul>","protected":false},"featured_media":672,"comment_status":"open","ping_status":"closed","template":"","meta":[],"product_brand":[],"product_cat":[24],"product_tag":[],"class_list":{"0":"post-670","1":"product","2":"type-product","3":"status-publish","4":"has-post-thumbnail","6":"product_cat-electric-vehicle-charging-stations","8":"first","9":"instock","10":"shipping-taxable","11":"product-type-simple"},"_links":{"self":[{"href":"https:\/\/hdxenergy.com\/pl\/wp-json\/wp\/v2\/product\/670","targetHints":{"allow":["GET"]}}],"collection":[{"href":"https:\/\/hdxenergy.com\/pl\/wp-json\/wp\/v2\/product"}],"about":[{"href":"https:\/\/hdxenergy.com\/pl\/wp-json\/wp\/v2\/types\/product"}],"replies":[{"embeddable":true,"href":"https:\/\/hdxenergy.com\/pl\/wp-json\/wp\/v2\/comments?post=670"}],"wp:featuredmedia":[{"embeddable":true,"href":"https:\/\/hdxenergy.com\/pl\/wp-json\/wp\/v2\/media\/672"}],"wp:attachment":[{"href":"https:\/\/hdxenergy.com\/pl\/wp-json\/wp\/v2\/media?parent=670"}],"wp:term":[{"taxonomy":"product_brand","embeddable":true,"href":"https:\/\/hdxenergy.com\/pl\/wp-json\/wp\/v2\/product_brand?post=670"},{"taxonomy":"product_cat","embeddable":true,"href":"https:\/\/hdxenergy.com\/pl\/wp-json\/wp\/v2\/product_cat?post=670"},{"taxonomy":"product_tag","embeddable":true,"href":"https:\/\/hdxenergy.com\/pl\/wp-json\/wp\/v2\/product_tag?post=670"}],"curies":[{"name":"wp","href":"https:\/\/api.w.org\/{rel}","templated":true}]}}