{"id":657,"date":"2025-11-25T06:12:48","date_gmt":"2025-11-25T06:12:48","guid":{"rendered":"https:\/\/hdxenergy.com\/?post_type=product&#038;p=657"},"modified":"2026-01-07T07:21:22","modified_gmt":"2026-01-07T07:21:22","slug":"seria-nacs","status":"publish","type":"product","link":"https:\/\/hdxenergy.com\/pl\/product\/nacs-series\/","title":{"rendered":"Producent stacji \u0142adowania pojazd\u00f3w elektrycznych serii NACS CCS1 | 60-360kW"},"content":{"rendered":"<div class=\"table-container\">\n<table>\n<tbody>\n<tr>\n<td colspan=\"2\"><strong>ltem<\/strong><\/td>\n<td colspan=\"6\">Standardowa warto\u015b\u0107 parametru<\/td>\n<\/tr>\n<tr>\n<td colspan=\"2\"><strong>Napi\u0119cie wej\u015bciowe<\/strong><\/td>\n<td colspan=\"6\">3-fazowe 260\u2013530 V AC<\/td>\n<\/tr>\n<tr>\n<td colspan=\"2\"><strong>cz\u0119stotliwo\u015b\u0107 luput<\/strong><\/td>\n<td colspan=\"6\">50 Hz\/60 Hz<\/td>\n<\/tr>\n<tr>\n<td colspan=\"2\"><strong>Moc znamionowa<\/strong><\/td>\n<td colspan=\"6\">30KW\/60KW\/120KW<\/td>\n<\/tr>\n<tr>\n<td colspan=\"2\"><strong>Napi\u0119cie wyj\u015bciowe<\/strong><\/td>\n<td colspan=\"6\">200\u20131000 V DC<\/td>\n<\/tr>\n<tr>\n<td colspan=\"2\"><strong>Pr\u0105d wyj\u015bciowy<\/strong><\/td>\n<td colspan=\"6\">0\u2013200 Adc<\/td>\n<\/tr>\n<tr>\n<td colspan=\"2\"><strong>Napi\u0119cie wej\u015bciowe<\/strong><\/td>\n<td colspan=\"6\">3-fazowe 260\u2013530 V AC<\/td>\n<\/tr>\n<tr>\n<td colspan=\"2\"><strong>Stopie\u0144 ochrony<\/strong><\/td>\n<td colspan=\"6\">IP55\/IK10<\/td>\n<\/tr>\n<tr>\n<td colspan=\"2\"><strong>Normy<\/strong><\/td>\n<td colspan=\"6\">UL 2202, CSA-C22.2 nr 107.1-16, UL2231, CSA C22.2 nr 281<\/td>\n<\/tr>\n<tr>\n<td colspan=\"2\"><strong>Waga<\/strong><\/td>\n<td colspan=\"6\">230 kg ~ 260 kg<\/td>\n<\/tr>\n<tr>\n<td colspan=\"2\"><strong>Wymiar<\/strong><\/td>\n<td colspan=\"6\">6507001700 mm (d\u0142.**wys.)<\/td>\n<\/tr>\n<tr>\n<td colspan=\"2\"><strong>Interfejs sieciowy<\/strong><\/td>\n<td colspan=\"6\">Ethemet, WIFl, 4G<\/td>\n<\/tr>\n<tr>\n<td colspan=\"2\"><strong>Norma bezpiecze\u0144stwa<\/strong><\/td>\n<td colspan=\"6\">EN 61851-1-2001 EN 61851-21-2001 EN 61851-22-2001<\/td>\n<\/tr>\n<\/tbody>\n<\/table>\n<\/div>\n<p><img fetchpriority=\"high\" decoding=\"async\" class=\"alignnone wp-image-658 size-full\" src=\"https:\/\/hdxenergy.com\/wp-content\/uploads\/2025\/11\/NACS-Series00.jpg\" alt=\"Stacja \u0142adowania pojazd\u00f3w elektrycznych CCS1 serii NACS Opis wskaza\u0144 funkcjonalnych\" width=\"1000\" height=\"1000\" srcset=\"https:\/\/hdxenergy.com\/wp-content\/uploads\/2025\/11\/NACS-Series00.jpg 1000w, https:\/\/hdxenergy.com\/wp-content\/uploads\/2025\/11\/NACS-Series00-300x300.jpg 300w, https:\/\/hdxenergy.com\/wp-content\/uploads\/2025\/11\/NACS-Series00-150x150.jpg 150w, https:\/\/hdxenergy.com\/wp-content\/uploads\/2025\/11\/NACS-Series00-768x768.jpg 768w, https:\/\/hdxenergy.com\/wp-content\/uploads\/2025\/11\/NACS-Series00-600x600.jpg 600w, https:\/\/hdxenergy.com\/wp-content\/uploads\/2025\/11\/NACS-Series00-100x100.jpg 100w\" sizes=\"(max-width: 1000px) 100vw, 1000px\" \/><\/p>\n<p><strong>Szybkie \u0142adowanie o du\u017cej mocy (60-300 kW)<\/strong><\/p>\n<p>Zapewnia elastyczne opcje zasilania do obs\u0142ugi r\u00f3\u017cnych typ\u00f3w pojazd\u00f3w i komercyjnych scenariuszy u\u017cytkowania, zapewniaj\u0105c szybkie i wydajne \u0142adowanie pr\u0105dem sta\u0142ym w miejscach o du\u017cym nat\u0119\u017ceniu ruchu.<\/p>\n<p><strong>Stabilne, trwa\u0142e i inteligentne dzia\u0142anie<\/strong><\/p>\n<p>Zaprojektowany z wykorzystaniem komponent\u00f3w klasy przemys\u0142owej, zaawansowanego ch\u0142odzenia i inteligentnego sterowania zasilaniem, aby zapewni\u0107 d\u0142ugoterminow\u0105 stabilno\u015b\u0107, wydajne zarz\u0105dzanie energi\u0105 i niskie koszty operacyjne.<\/p>\n<p><strong>Bezpieczny, certyfikowany i \u0142atwy w u\u017cyciu<\/strong><\/p>\n<p>Zawiera kompleksowe funkcje ochrony i przyjazny dla u\u017cytkownika interfejs. Posiada certyfikaty CE i UKCA, dzi\u0119ki czemu nadaje si\u0119 do publicznych, komercyjnych i flotowych instalacji \u0142adowania.<\/p>\n<p><img decoding=\"async\" class=\"alignnone wp-image-1087 size-full\" src=\"https:\/\/hdxenergy.com\/wp-content\/uploads\/2025\/11\/NACS-SeriesCCS1.jpg\" alt=\"Rozmiar stacji \u0142adowania pojazd\u00f3w elektrycznych CCS1 serii NACS\" width=\"568\" height=\"551\" srcset=\"https:\/\/hdxenergy.com\/wp-content\/uploads\/2025\/11\/NACS-SeriesCCS1.jpg 568w, https:\/\/hdxenergy.com\/wp-content\/uploads\/2025\/11\/NACS-SeriesCCS1-300x291.jpg 300w\" sizes=\"(max-width: 568px) 100vw, 568px\" \/><\/p>\n<p><strong>Zastosowania<\/strong><br \/>\nPubliczne stacje \u0142adowania pojazd\u00f3w elektrycznych<br \/>\nKomercyjne obiekty parkingowe<br \/>\nFirmy logistyczne i operatorzy flot<br \/>\nSalony samochodowe i centra serwisowe<br \/>\nCentra handlowe i parki biznesowe<br \/>\nWsp\u00f3lnoty mieszkaniowe i kompleksy wielofunkcyjne<br \/>\nWitryny wymagaj\u0105ce integracji z panelami s\u0142onecznymi i szafami do magazynowania energii w celu zbudowania kompletnego komercyjnego systemu energetycznego<\/p>\n<p><img decoding=\"async\" class=\"alignnone wp-image-1089 size-full\" src=\"https:\/\/hdxenergy.com\/wp-content\/uploads\/2025\/11\/NACS-Series-2.jpg\" alt=\"Scenariusze u\u017cytkowania stacji \u0142adowania pojazd\u00f3w elektrycznych CCS1 serii NACS 1\" width=\"965\" height=\"721\" srcset=\"https:\/\/hdxenergy.com\/wp-content\/uploads\/2025\/11\/NACS-Series-2.jpg 965w, https:\/\/hdxenergy.com\/wp-content\/uploads\/2025\/11\/NACS-Series-2-300x224.jpg 300w, https:\/\/hdxenergy.com\/wp-content\/uploads\/2025\/11\/NACS-Series-2-768x574.jpg 768w, https:\/\/hdxenergy.com\/wp-content\/uploads\/2025\/11\/NACS-Series-2-600x448.jpg 600w\" sizes=\"(max-width: 965px) 100vw, 965px\" \/><\/p>\n<p><img loading=\"lazy\" decoding=\"async\" class=\"alignnone wp-image-1090 size-full\" src=\"https:\/\/hdxenergy.com\/wp-content\/uploads\/2025\/11\/NACS-Series-3.jpg\" alt=\"Scenariusze u\u017cytkowania stacji \u0142adowania pojazd\u00f3w elektrycznych CCS1 serii NACS 2\" width=\"965\" height=\"452\" srcset=\"https:\/\/hdxenergy.com\/wp-content\/uploads\/2025\/11\/NACS-Series-3.jpg 965w, https:\/\/hdxenergy.com\/wp-content\/uploads\/2025\/11\/NACS-Series-3-300x141.jpg 300w, https:\/\/hdxenergy.com\/wp-content\/uploads\/2025\/11\/NACS-Series-3-768x360.jpg 768w, https:\/\/hdxenergy.com\/wp-content\/uploads\/2025\/11\/NACS-Series-3-600x281.jpg 600w\" sizes=\"(max-width: 965px) 100vw, 965px\" \/><\/p>","protected":false},"excerpt":{"rendered":"<ul>\n<li>60\/80\/160\/180\/240\/360KW Optional<\/li>\n<li>Oszcz\u0119dno\u015b\u0107 czasu \u2013 szybkie \u0142adowanie<\/li>\n<li>Metoda p\u0142atno\u015bci RFID\/kod QR\/urz\u0105dzenie POS<\/li>\n<li>1 pistolet lub 2 pistolety (CCS1 || CCS2 || CHAdeMO || GBT|| Tesla)<\/li>\n<li>7-calowy kolorowy ekran dotykowy LCD<\/li>\n<li>24 miesi\u0105ce gwarancji<\/li>\n<\/ul>","protected":false},"featured_media":707,"comment_status":"open","ping_status":"closed","template":"","meta":[],"product_brand":[],"product_cat":[24],"product_tag":[],"class_list":{"0":"post-657","1":"product","2":"type-product","3":"status-publish","4":"has-post-thumbnail","6":"product_cat-electric-vehicle-charging-stations","8":"first","9":"instock","10":"shipping-taxable","11":"product-type-simple"},"_links":{"self":[{"href":"https:\/\/hdxenergy.com\/pl\/wp-json\/wp\/v2\/product\/657","targetHints":{"allow":["GET"]}}],"collection":[{"href":"https:\/\/hdxenergy.com\/pl\/wp-json\/wp\/v2\/product"}],"about":[{"href":"https:\/\/hdxenergy.com\/pl\/wp-json\/wp\/v2\/types\/product"}],"replies":[{"embeddable":true,"href":"https:\/\/hdxenergy.com\/pl\/wp-json\/wp\/v2\/comments?post=657"}],"wp:featuredmedia":[{"embeddable":true,"href":"https:\/\/hdxenergy.com\/pl\/wp-json\/wp\/v2\/media\/707"}],"wp:attachment":[{"href":"https:\/\/hdxenergy.com\/pl\/wp-json\/wp\/v2\/media?parent=657"}],"wp:term":[{"taxonomy":"product_brand","embeddable":true,"href":"https:\/\/hdxenergy.com\/pl\/wp-json\/wp\/v2\/product_brand?post=657"},{"taxonomy":"product_cat","embeddable":true,"href":"https:\/\/hdxenergy.com\/pl\/wp-json\/wp\/v2\/product_cat?post=657"},{"taxonomy":"product_tag","embeddable":true,"href":"https:\/\/hdxenergy.com\/pl\/wp-json\/wp\/v2\/product_tag?post=657"}],"curies":[{"name":"wp","href":"https:\/\/api.w.org\/{rel}","templated":true}]}}