{"id":640,"date":"2025-11-25T05:55:37","date_gmt":"2025-11-25T05:55:37","guid":{"rendered":"https:\/\/hdxenergy.com\/?post_type=product&#038;p=640"},"modified":"2026-01-07T07:12:44","modified_gmt":"2026-01-07T07:12:44","slug":"system-montowany-na-scianie","status":"publish","type":"product","link":"https:\/\/hdxenergy.com\/pl\/product\/wall-mounted-system\/","title":{"rendered":"Na\u015bcienna stacja \u0142adowania pojazd\u00f3w elektrycznych Faire | Inteligentna kontrola aplikacji i wysoka moc"},"content":{"rendered":"<div class=\"table-container\">\n<table>\n<tbody>\n<tr>\n<td colspan=\"3\">20\/30\/40KW Opcjonalnie<\/td>\n<\/tr>\n<tr>\n<td colspan=\"3\">Oszcz\u0119dno\u015b\u0107 czasu \u2013 szybkie \u0142adowanie<\/td>\n<\/tr>\n<tr>\n<td colspan=\"3\">Metoda p\u0142atno\u015bci RFID\/kod QR\/urz\u0105dzenie POS<\/td>\n<\/tr>\n<tr>\n<td colspan=\"3\">1 Guns lub 2 Guns ( CCS1 || CCS2 || CHAdeMO || GBT || Tesla )<\/td>\n<\/tr>\n<tr>\n<td colspan=\"3\">7-calowy kolorowy ekran dotykowy LCD<\/td>\n<\/tr>\n<tr>\n<td colspan=\"3\">24 miesi\u0105ce gwarancji<\/td>\n<\/tr>\n<tr>\n<td colspan=\"3\">Nasza stacja \u0142adowania DC pojazd\u00f3w elektrycznych umo\u017cliwia szybkie \u0142adowanie z moc\u0105 do 40 kW za po\u015brednictwem znormalizowanego portu CCS2, co pozwala zaoszcz\u0119dzi\u0107 cenne minuty podczas ka\u017cdego postoju.<\/td>\n<\/tr>\n<tr>\n<td colspan=\"3\">Wydajnie zasilaj sw\u00f3j pojazd elektryczny na naszych najnowocze\u015bniejszych stacjach \u0142adowania DC EV. Do\u015bwiadcz p\u0142ynnej kontroli dzi\u0119ki naszemu 32-calowemu ekranowi reklamowemu. Nasze certyfikowane urz\u0105dzenia, w tym CE, UKCA, TUV, stawiaj\u0105 bezpiecze\u0144stwo na pierwszym miejscu.<\/td>\n<\/tr>\n<tr>\n<td colspan=\"3\">Inteligentne oprogramowanie zarz\u0105dzaj\u0105ce obs\u0142uguje \u0142adowanie i gromadzenie danych, kt\u00f3re monitoruje operacje i cz\u0119stotliwo\u015b\u0107 dzia\u0142a\u0144 24\/7.<\/td>\n<\/tr>\n<\/tbody>\n<\/table>\n<\/div>\n<p><img fetchpriority=\"high\" decoding=\"async\" class=\"alignnone wp-image-641 size-full\" src=\"https:\/\/hdxenergy.com\/wp-content\/uploads\/2025\/11\/Wall-Mounted-System1.jpg\" alt=\"R\u00f3\u017cne KW i funkcje pozwalaj\u0105 wybra\u0107\" width=\"1000\" height=\"1000\" srcset=\"https:\/\/hdxenergy.com\/wp-content\/uploads\/2025\/11\/Wall-Mounted-System1.jpg 1000w, https:\/\/hdxenergy.com\/wp-content\/uploads\/2025\/11\/Wall-Mounted-System1-300x300.jpg 300w, https:\/\/hdxenergy.com\/wp-content\/uploads\/2025\/11\/Wall-Mounted-System1-150x150.jpg 150w, https:\/\/hdxenergy.com\/wp-content\/uploads\/2025\/11\/Wall-Mounted-System1-768x768.jpg 768w, https:\/\/hdxenergy.com\/wp-content\/uploads\/2025\/11\/Wall-Mounted-System1-600x600.jpg 600w, https:\/\/hdxenergy.com\/wp-content\/uploads\/2025\/11\/Wall-Mounted-System1-100x100.jpg 100w\" sizes=\"(max-width: 1000px) 100vw, 1000px\" \/> <img decoding=\"async\" class=\"alignnone wp-image-644 size-full\" src=\"https:\/\/hdxenergy.com\/wp-content\/uploads\/2025\/11\/Wall-Mounted-System4.jpg\" alt=\"Na\u015bcienna stacja \u0142adowania pojazd\u00f3w elektrycznych\" width=\"1000\" height=\"1000\" srcset=\"https:\/\/hdxenergy.com\/wp-content\/uploads\/2025\/11\/Wall-Mounted-System4.jpg 1000w, https:\/\/hdxenergy.com\/wp-content\/uploads\/2025\/11\/Wall-Mounted-System4-300x300.jpg 300w, https:\/\/hdxenergy.com\/wp-content\/uploads\/2025\/11\/Wall-Mounted-System4-150x150.jpg 150w, https:\/\/hdxenergy.com\/wp-content\/uploads\/2025\/11\/Wall-Mounted-System4-768x768.jpg 768w, https:\/\/hdxenergy.com\/wp-content\/uploads\/2025\/11\/Wall-Mounted-System4-600x600.jpg 600w, https:\/\/hdxenergy.com\/wp-content\/uploads\/2025\/11\/Wall-Mounted-System4-100x100.jpg 100w\" sizes=\"(max-width: 1000px) 100vw, 1000px\" \/><\/p>","protected":false},"excerpt":{"rendered":"<ul>\n<li>Szybka, wydajna i bezpieczna stacja \u0142adowania pojazd\u00f3w elektrycznych<\/li>\n<li>Funkcje pe\u0142nej ochrony<\/li>\n<li>Aplikacja na inteligentne urz\u0105dzenie\/Program administratora \u0142adowania<\/li>\n<li>Wysoka funkcjonalno\u015b\u0107, wydajno\u015b\u0107 energetyczna i niezawodno\u015b\u0107 w wymagaj\u0105cych warunkach.<\/li>\n<\/ul>","protected":false},"featured_media":643,"comment_status":"open","ping_status":"closed","template":"","meta":[],"product_brand":[],"product_cat":[24],"product_tag":[],"class_list":{"0":"post-640","1":"product","2":"type-product","3":"status-publish","4":"has-post-thumbnail","6":"product_cat-electric-vehicle-charging-stations","8":"first","9":"instock","10":"shipping-taxable","11":"product-type-simple"},"_links":{"self":[{"href":"https:\/\/hdxenergy.com\/pl\/wp-json\/wp\/v2\/product\/640","targetHints":{"allow":["GET"]}}],"collection":[{"href":"https:\/\/hdxenergy.com\/pl\/wp-json\/wp\/v2\/product"}],"about":[{"href":"https:\/\/hdxenergy.com\/pl\/wp-json\/wp\/v2\/types\/product"}],"replies":[{"embeddable":true,"href":"https:\/\/hdxenergy.com\/pl\/wp-json\/wp\/v2\/comments?post=640"}],"wp:featuredmedia":[{"embeddable":true,"href":"https:\/\/hdxenergy.com\/pl\/wp-json\/wp\/v2\/media\/643"}],"wp:attachment":[{"href":"https:\/\/hdxenergy.com\/pl\/wp-json\/wp\/v2\/media?parent=640"}],"wp:term":[{"taxonomy":"product_brand","embeddable":true,"href":"https:\/\/hdxenergy.com\/pl\/wp-json\/wp\/v2\/product_brand?post=640"},{"taxonomy":"product_cat","embeddable":true,"href":"https:\/\/hdxenergy.com\/pl\/wp-json\/wp\/v2\/product_cat?post=640"},{"taxonomy":"product_tag","embeddable":true,"href":"https:\/\/hdxenergy.com\/pl\/wp-json\/wp\/v2\/product_tag?post=640"}],"curies":[{"name":"wp","href":"https:\/\/api.w.org\/{rel}","templated":true}]}}