{"id":620,"date":"2025-11-25T05:38:18","date_gmt":"2025-11-25T05:38:18","guid":{"rendered":"https:\/\/hdxenergy.com\/?post_type=product&#038;p=620"},"modified":"2026-01-07T07:05:48","modified_gmt":"2026-01-07T07:05:48","slug":"h096-15kwh","status":"publish","type":"product","link":"https:\/\/hdxenergy.com\/pl\/product\/h096-15kwh\/","title":{"rendered":"H096-15kWh Akumulator pod\u0142ogowy Dropshipping | 6500 cykli, mo\u017cliwo\u015b\u0107 sztaplowania"},"content":{"rendered":"<div class=\"table-container\">\n<table>\n<tbody>\n<tr>\n<td>Model<\/td>\n<td>Klasa H096-15kWh<\/td>\n<\/tr>\n<tr>\n<td>Pojemno\u015b\u0107 akumulatora<\/td>\n<td>280 Ah\/51,2 V (14,33 kWh)<\/td>\n<\/tr>\n<tr>\n<td>Rozmiar (d\u0142. x szer. x wys.)<\/td>\n<td>L460mmW245mmH760mm<\/td>\n<\/tr>\n<tr>\n<td>Zwa\u017cy\u0107<\/td>\n<td>120 kg<\/td>\n<\/tr>\n<tr>\n<td>Typ baterii<\/td>\n<td>LiFePO4<\/td>\n<\/tr>\n<tr>\n<td>Zakres napi\u0119cia akumulatora<\/td>\n<td>40~58V<\/td>\n<\/tr>\n<tr>\n<td>Tryb komunikacji<\/td>\n<td>Obs\u0142uga po\u0142\u0105czenia Wi-Fi Bluetooth za pomoc\u0105 aplikacji mobilnej<\/td>\n<\/tr>\n<tr>\n<td>Komunikowa\u0107 si\u0119<\/td>\n<td>RS485\/CAN<\/td>\n<\/tr>\n<tr>\n<td>Cykl \u017cycia baterii<\/td>\n<td>Po 3000 cyklach pozosta\u0142a pojemno\u015b\u0107 nadal wynosi ponad 80%.<\/td>\n<\/tr>\n<tr>\n<td>Ochrona systemu<\/td>\n<td>Zabezpieczenie przed nadmiern\u0105 temperatur\u0105\/Zabezpieczenie przed nadmiernym napi\u0119ciem\/Zabezpieczenie przed nadmiernym pr\u0105dem\/Zabezpieczenie przed nadmiernym \u0142adowaniem\/Zabezpieczenie przed nadmiernym roz\u0142adowaniem\/Zabezpieczenie przed zwarciem obci\u0105\u017cenia\/Zabezpieczenie przed nadmiernym obci\u0105\u017ceniem.<\/td>\n<\/tr>\n<tr>\n<td>Temperatura wylotu<\/td>\n<td>-20\u2103~50\u2103 (Zalecana temperatura otoczenia wynosi od 20\u2103 do 30\u2103).<\/td>\n<\/tr>\n<tr>\n<td>Temperatura \u0142adowania<\/td>\n<td>-5\u2103~50\u2103 (Zalecana temperatura otoczenia wynosi od 20\u2103 do 30\u2103).<\/td>\n<\/tr>\n<tr>\n<td>Temperatura przechowywania<\/td>\n<td>Zalecana temperatura otoczenia wynosi od 0\u00b0C do 45\u00b0C.<\/td>\n<\/tr>\n<tr>\n<td>Interfejs u\u017cytkownika<\/td>\n<td>LCD<\/td>\n<\/tr>\n<tr>\n<td>Poziom ochrony<\/td>\n<td>IP20<\/td>\n<\/tr>\n<tr>\n<td>Tryb instalacji<\/td>\n<td>Stoj\u0105cy<\/td>\n<\/tr>\n<tr>\n<td>Normy certyfikacyjne<\/td>\n<td>CE FCC ROHS<\/td>\n<\/tr>\n<\/tbody>\n<\/table>\n<\/div>","protected":false},"excerpt":{"rendered":"<ul>\n<li>Ogniwa klasy A o ponad 6500-krotnym cyklu \u017cycia i 12-letniej \u017cywotno\u015bci projektowej<\/li>\n<li>Funkcje zabezpieczaj\u0105ce obejmuj\u0105: nadmierne roz\u0142adowanie, nadmierne na\u0142adowanie, nadmierny pr\u0105d oraz zbyt wysok\u0105 lub nisk\u0105 temperatur\u0119. System mo\u017ce automatycznie zarz\u0105dza\u0107 stanem \u0142adowania i roz\u0142adowania oraz r\u00f3wnowa\u017cy\u0107 pr\u0105d i napi\u0119cie ka\u017cdego ogniwa.<\/li>\n<li>Obs\u0142uguje maksymalnie 16 element\u00f3w r\u00f3wnoleg\u0142ych \/ stosu mocy, z maksymalnym \u0142adowaniem i roz\u0142adowywaniem 200 A r\u00f3wnym 10240 Wh przy \u0142adowaniu pr\u0105dem przemiennym<\/li>\n<li>7-calowy kolorowy ekran dotykowy pokazuje w czasie rzeczywistym wolty, ampery, SOC i dzienne oszcz\u0119dno\u015bci.<\/li>\n<li>Idealne dopasowanie do wi\u0119kszo\u015bci inwerter\u00f3w hybrydowych g\u0142\u00f3wnych marek na \u015bwiecie<\/li>\n<\/ul>","protected":false},"featured_media":632,"comment_status":"open","ping_status":"closed","template":"","meta":[],"product_brand":[],"product_cat":[31],"product_tag":[],"class_list":{"0":"post-620","1":"product","2":"type-product","3":"status-publish","4":"has-post-thumbnail","6":"product_cat-floor-standing-lithiumbattery","8":"first","9":"instock","10":"shipping-taxable","11":"product-type-simple"},"_links":{"self":[{"href":"https:\/\/hdxenergy.com\/pl\/wp-json\/wp\/v2\/product\/620","targetHints":{"allow":["GET"]}}],"collection":[{"href":"https:\/\/hdxenergy.com\/pl\/wp-json\/wp\/v2\/product"}],"about":[{"href":"https:\/\/hdxenergy.com\/pl\/wp-json\/wp\/v2\/types\/product"}],"replies":[{"embeddable":true,"href":"https:\/\/hdxenergy.com\/pl\/wp-json\/wp\/v2\/comments?post=620"}],"wp:featuredmedia":[{"embeddable":true,"href":"https:\/\/hdxenergy.com\/pl\/wp-json\/wp\/v2\/media\/632"}],"wp:attachment":[{"href":"https:\/\/hdxenergy.com\/pl\/wp-json\/wp\/v2\/media?parent=620"}],"wp:term":[{"taxonomy":"product_brand","embeddable":true,"href":"https:\/\/hdxenergy.com\/pl\/wp-json\/wp\/v2\/product_brand?post=620"},{"taxonomy":"product_cat","embeddable":true,"href":"https:\/\/hdxenergy.com\/pl\/wp-json\/wp\/v2\/product_cat?post=620"},{"taxonomy":"product_tag","embeddable":true,"href":"https:\/\/hdxenergy.com\/pl\/wp-json\/wp\/v2\/product_tag?post=620"}],"curies":[{"name":"wp","href":"https:\/\/api.w.org\/{rel}","templated":true}]}}