{"id":529,"date":"2025-11-24T07:41:52","date_gmt":"2025-11-24T07:41:52","guid":{"rendered":"https:\/\/hdxenergy.com\/?post_type=product&#038;p=529"},"modified":"2026-01-07T06:36:59","modified_gmt":"2026-01-07T06:36:59","slug":"12v200ah","status":"publish","type":"product","link":"https:\/\/hdxenergy.com\/pl\/product\/12v200ah\/","title":{"rendered":"Dostawca akumulator\u00f3w LiFePO4 12V 200Ah | 2000 cykli"},"content":{"rendered":"<p><strong>HM-LF12200 12.8V 200Ah<\/strong><\/p>\n<p><strong>Specyfikacja og\u00f3lna<\/strong><\/p>\n<div class=\"table-container\">\n<table>\n<tbody>\n<tr>\n<td>Charakterystyka elektryczna<\/td>\n<td>Napi\u0119cie nominalne<\/td>\n<td>12.8V<\/td>\n<\/tr>\n<tr>\n<td><\/td>\n<td>Pojemno\u015b\u0107 nominalna<\/td>\n<td>200 Ah<\/td>\n<\/tr>\n<tr>\n<td><\/td>\n<td>Energia<\/td>\n<td>2560 Wh<\/td>\n<\/tr>\n<tr>\n<td><\/td>\n<td>Op\u00f3r wewn\u0119trzny<\/td>\n<td>\u226435m\u03a9<\/td>\n<\/tr>\n<tr>\n<td><\/td>\n<td>Cykl \u017cycia<\/td>\n<td>2000 cykli przy 0,2C \u0142adowania\/roz\u0142adowania, do pojemno\u015bci 80%<\/td>\n<\/tr>\n<tr>\n<td><\/td>\n<td>Samoroz\u0142adowanie<\/td>\n<td>\u22643,5% miesi\u0119cznie przy 25\u2103<\/td>\n<\/tr>\n<tr>\n<td>Standardowe \u0142adowanie<\/td>\n<td>Maksymalne napi\u0119cie \u0142adowania<\/td>\n<td>14.0~14.6V<\/td>\n<\/tr>\n<tr>\n<td><\/td>\n<td>Tryb \u0142adowania<\/td>\n<td>W temperaturze 0 \u2103 ~ 45 \u2103, na\u0142adowany do 14,6 V przy sta\u0142ym pr\u0105dzie 0,2 \u00b0 C, a nast\u0119pnie zmieniany w spos\u00f3b ci\u0105g\u0142y przy sta\u0142ym napi\u0119ciu 14,6 V, a\u017c pr\u0105d nie przekroczy 0,02 \u00b0 C.<\/td>\n<\/tr>\n<tr>\n<td><\/td>\n<td>Pr\u0105d \u0142adowania<\/td>\n<td>100A<\/td>\n<\/tr>\n<tr>\n<td><\/td>\n<td>Maksymalny pr\u0105d \u0142adowania<\/td>\n<td>200A<\/td>\n<\/tr>\n<tr>\n<td>Standardowe roz\u0142adowanie<\/td>\n<td>Pr\u0105d roz\u0142adowania<\/td>\n<td>200A<\/td>\n<\/tr>\n<tr>\n<td><\/td>\n<td>Maks. Pr\u0105d ci\u0105g\u0142y<\/td>\n<td>200A<\/td>\n<\/tr>\n<tr>\n<td><\/td>\n<td>Maksymalny pr\u0105d impulsu<\/td>\n<td>400A(&lt;3S\uff09<\/td>\n<\/tr>\n<tr>\n<td><\/td>\n<td>Napi\u0119cie odci\u0119cia roz\u0142adowania<\/td>\n<td>10.0<\/td>\n<\/tr>\n<tr>\n<td>Warunki pracy<\/td>\n<td>Temperatura \u0142adowania<\/td>\n<td>0\u2103 do 45\u2103 (32\u2109 do 113\u2109) @60\u00b125% Wilgotno\u015b\u0107 wzgl\u0119dna<\/td>\n<\/tr>\n<tr>\n<td><\/td>\n<td>Temperatura wylotu<\/td>\n<td>-20\u2103 do 60\u2103 (-4\u2109 do 140\u2109) @60\u00b125% Wilgotno\u015b\u0107 wzgl\u0119dna<\/td>\n<\/tr>\n<tr>\n<td><\/td>\n<td>Temperatura przechowywania<\/td>\n<td>0\u2103 do 45\u2103 (32\u2109 do 113\u2109) @60\u00b125% Wilgotno\u015b\u0107 wzgl\u0119dna<\/td>\n<\/tr>\n<tr>\n<td><\/td>\n<td>Odporno\u015b\u0107 na wod\u0119 i kurz<\/td>\n<td>IP55<\/td>\n<\/tr>\n<tr>\n<td>Struktura<\/td>\n<td>Kom\u00f3rka i format<\/td>\n<td>LFP72H4K0(4S1P)<\/td>\n<\/tr>\n<tr>\n<td><\/td>\n<td>Obudowa<\/td>\n<td>Tworzywo sztuczne<\/td>\n<\/tr>\n<tr>\n<td><\/td>\n<td>Wymiar (d\u0142.\/szer.\/wys.)<\/td>\n<td>522238218218mm<\/td>\n<\/tr>\n<tr>\n<td><\/td>\n<td>Wymiary opakowania<\/td>\n<td>570310297mm<\/td>\n<\/tr>\n<tr>\n<td><\/td>\n<td>Waga<\/td>\n<td>Oko\u0142o 22 kg<\/td>\n<\/tr>\n<tr>\n<td><\/td>\n<td>Terminal<\/td>\n<td>M8<\/td>\n<\/tr>\n<\/tbody>\n<\/table>\n<\/div>\n<p><img fetchpriority=\"high\" decoding=\"async\" class=\"alignnone wp-image-543 size-full\" src=\"https:\/\/hdxenergy.com\/wp-content\/uploads\/2025\/11\/12v200ah06.jpg\" alt=\"Wodoodporno\u015b\u0107: IP67, nadaje si\u0119 do u\u017cytku na zewn\u0105trz\" width=\"1000\" height=\"1000\" srcset=\"https:\/\/hdxenergy.com\/wp-content\/uploads\/2025\/11\/12v200ah06.jpg 1000w, https:\/\/hdxenergy.com\/wp-content\/uploads\/2025\/11\/12v200ah06-300x300.jpg 300w, https:\/\/hdxenergy.com\/wp-content\/uploads\/2025\/11\/12v200ah06-150x150.jpg 150w, https:\/\/hdxenergy.com\/wp-content\/uploads\/2025\/11\/12v200ah06-768x768.jpg 768w, https:\/\/hdxenergy.com\/wp-content\/uploads\/2025\/11\/12v200ah06-600x600.jpg 600w, https:\/\/hdxenergy.com\/wp-content\/uploads\/2025\/11\/12v200ah06-100x100.jpg 100w\" sizes=\"(max-width: 1000px) 100vw, 1000px\" \/> <img decoding=\"async\" class=\"alignnone wp-image-542 size-full\" src=\"https:\/\/hdxenergy.com\/wp-content\/uploads\/2025\/11\/12v200ah05.jpg\" alt=\"Domowe magazyny energii: Niezawodny zapas energii dla gospodarstwa domowego\" width=\"1000\" height=\"1000\" srcset=\"https:\/\/hdxenergy.com\/wp-content\/uploads\/2025\/11\/12v200ah05.jpg 1000w, https:\/\/hdxenergy.com\/wp-content\/uploads\/2025\/11\/12v200ah05-300x300.jpg 300w, https:\/\/hdxenergy.com\/wp-content\/uploads\/2025\/11\/12v200ah05-150x150.jpg 150w, https:\/\/hdxenergy.com\/wp-content\/uploads\/2025\/11\/12v200ah05-768x768.jpg 768w, https:\/\/hdxenergy.com\/wp-content\/uploads\/2025\/11\/12v200ah05-600x600.jpg 600w, https:\/\/hdxenergy.com\/wp-content\/uploads\/2025\/11\/12v200ah05-100x100.jpg 100w\" sizes=\"(max-width: 1000px) 100vw, 1000px\" \/> <img decoding=\"async\" class=\"alignnone wp-image-541 size-full\" src=\"https:\/\/hdxenergy.com\/wp-content\/uploads\/2025\/11\/12v200ah04.jpg\" alt=\"Rozwi\u0105zanie zasilania dla kamper\u00f3w: Wydajne zasilanie dla przyg\u00f3d w podr\u00f3\u017cy\" width=\"1000\" height=\"1000\" srcset=\"https:\/\/hdxenergy.com\/wp-content\/uploads\/2025\/11\/12v200ah04.jpg 1000w, https:\/\/hdxenergy.com\/wp-content\/uploads\/2025\/11\/12v200ah04-300x300.jpg 300w, https:\/\/hdxenergy.com\/wp-content\/uploads\/2025\/11\/12v200ah04-150x150.jpg 150w, https:\/\/hdxenergy.com\/wp-content\/uploads\/2025\/11\/12v200ah04-768x768.jpg 768w, https:\/\/hdxenergy.com\/wp-content\/uploads\/2025\/11\/12v200ah04-600x600.jpg 600w, https:\/\/hdxenergy.com\/wp-content\/uploads\/2025\/11\/12v200ah04-100x100.jpg 100w\" sizes=\"(max-width: 1000px) 100vw, 1000px\" \/> <img loading=\"lazy\" decoding=\"async\" class=\"alignnone wp-image-540 size-full\" src=\"https:\/\/hdxenergy.com\/wp-content\/uploads\/2025\/11\/12v200ah03.jpg\" alt=\"Akumulator HDXenergy 12V 200Ah LiFePO4 - idealny do system\u00f3w magazynowania energii s\u0142onecznej, 8000+ cykli, 2560Wh\" width=\"1000\" height=\"1000\" srcset=\"https:\/\/hdxenergy.com\/wp-content\/uploads\/2025\/11\/12v200ah03.jpg 1000w, https:\/\/hdxenergy.com\/wp-content\/uploads\/2025\/11\/12v200ah03-300x300.jpg 300w, https:\/\/hdxenergy.com\/wp-content\/uploads\/2025\/11\/12v200ah03-150x150.jpg 150w, https:\/\/hdxenergy.com\/wp-content\/uploads\/2025\/11\/12v200ah03-768x768.jpg 768w, https:\/\/hdxenergy.com\/wp-content\/uploads\/2025\/11\/12v200ah03-600x600.jpg 600w, https:\/\/hdxenergy.com\/wp-content\/uploads\/2025\/11\/12v200ah03-100x100.jpg 100w\" sizes=\"(max-width: 1000px) 100vw, 1000px\" \/><\/p>","protected":false},"excerpt":{"rendered":"<p>HM-LF12200\u00a012.8V\u00a0200Ah General\u00a0Specification Electrical Characteristics Nominal Voltage 12.8V Nominal Capacity 200Ah Energy 2560Wh Internal Resistance \u226435m\u03a9 Cycle Life 2000 Cycles @ 0.2C Charging\/Discharging ,Until 80% Capacity Self Discharge \u22643.5% per month at 25\u2103 Standard Charging Max.Charging Voltage 14.0~14.6V Charging Mode At 0\u2103~45\u2103 temperature, charged to 14.6V at a constant current of 0.2C, and then,changed continuously with [&hellip;]<\/p>\n","protected":false},"featured_media":538,"comment_status":"open","ping_status":"closed","template":"","meta":[],"product_brand":[],"product_cat":[28],"product_tag":[],"class_list":{"0":"post-529","1":"product","2":"type-product","3":"status-publish","4":"has-post-thumbnail","6":"product_cat-12v-24v-lifepo4-battery","8":"first","9":"instock","10":"shipping-taxable","11":"product-type-simple"},"_links":{"self":[{"href":"https:\/\/hdxenergy.com\/pl\/wp-json\/wp\/v2\/product\/529","targetHints":{"allow":["GET"]}}],"collection":[{"href":"https:\/\/hdxenergy.com\/pl\/wp-json\/wp\/v2\/product"}],"about":[{"href":"https:\/\/hdxenergy.com\/pl\/wp-json\/wp\/v2\/types\/product"}],"replies":[{"embeddable":true,"href":"https:\/\/hdxenergy.com\/pl\/wp-json\/wp\/v2\/comments?post=529"}],"wp:featuredmedia":[{"embeddable":true,"href":"https:\/\/hdxenergy.com\/pl\/wp-json\/wp\/v2\/media\/538"}],"wp:attachment":[{"href":"https:\/\/hdxenergy.com\/pl\/wp-json\/wp\/v2\/media?parent=529"}],"wp:term":[{"taxonomy":"product_brand","embeddable":true,"href":"https:\/\/hdxenergy.com\/pl\/wp-json\/wp\/v2\/product_brand?post=529"},{"taxonomy":"product_cat","embeddable":true,"href":"https:\/\/hdxenergy.com\/pl\/wp-json\/wp\/v2\/product_cat?post=529"},{"taxonomy":"product_tag","embeddable":true,"href":"https:\/\/hdxenergy.com\/pl\/wp-json\/wp\/v2\/product_tag?post=529"}],"curies":[{"name":"wp","href":"https:\/\/api.w.org\/{rel}","templated":true}]}}