{"id":472,"date":"2025-11-24T07:21:22","date_gmt":"2025-11-24T07:21:22","guid":{"rendered":"https:\/\/hdxenergy.com\/?post_type=product&#038;p=472"},"modified":"2026-01-07T06:24:02","modified_gmt":"2026-01-07T06:24:02","slug":"24v200ah","status":"publish","type":"product","link":"https:\/\/hdxenergy.com\/pl\/product\/24v200ah\/","title":{"rendered":"Akumulator LiFePO4 24V 200Ah OEM\/ODM | Deep Cycle do system\u00f3w solarnych, UPS i w\u00f3zk\u00f3w golfowych"},"content":{"rendered":"<p><strong><b>Zastosowanie<\/b><\/strong><\/p>\n<p>UPS<\/p>\n<p>System zasilania energi\u0105 s\u0142oneczn\u0105 i wiatrow\u0105<\/p>\n<p>W\u00f3zek golfowy<\/p>\n<p>\u25c6 Pojazd elektryczny, rower elektryczny, riksza elektryczna itp.<\/p>\n<p>O\u015bwietlenie<\/p>\n<p><strong><b>Og\u00f3lne<\/b><\/strong><strong><b>\u00a0<\/b><\/strong><strong><b>Specyfikacja<\/b><\/strong><\/p>\n<div class=\"table-container\">\n<table>\n<tbody>\n<tr>\n<td>Charakterystyka elektryczna<\/td>\n<td>Napi\u0119cie nominalne<\/td>\n<td>25.6V<\/td>\n<\/tr>\n<tr>\n<td><\/td>\n<td>Pojemno\u015b\u0107 nominalna<\/td>\n<td>200 Ah<\/td>\n<\/tr>\n<tr>\n<td><\/td>\n<td>Energia<\/td>\n<td>5120 Wh<\/td>\n<\/tr>\n<tr>\n<td><\/td>\n<td>Op\u00f3r wewn\u0119trzny<\/td>\n<td>\u226435m\u03a9<\/td>\n<\/tr>\n<tr>\n<td><\/td>\n<td>Cykl \u017cycia<\/td>\n<td>2000 cykli przy 0,2C \u0142adowania\/roz\u0142adowania, do pojemno\u015bci 80%<\/td>\n<\/tr>\n<tr>\n<td><\/td>\n<td>Samoroz\u0142adowanie<\/td>\n<td>\u22643,5% miesi\u0119cznie przy 25\u2103<\/td>\n<\/tr>\n<tr>\n<td>Standardowe \u0142adowanie<\/td>\n<td>Maksymalne napi\u0119cie \u0142adowania<\/td>\n<td>28.0~25.6V<\/td>\n<\/tr>\n<tr>\n<td><\/td>\n<td>Tryb \u0142adowania<\/td>\n<td>W temperaturze 0 \u2103 ~ 45 \u2103, na\u0142adowany do 14,6 V przy sta\u0142ym pr\u0105dzie 0,2 \u00b0 C, a nast\u0119pnie zmieniany w spos\u00f3b ci\u0105g\u0142y przy sta\u0142ym napi\u0119ciu 14,6 V, a\u017c pr\u0105d nie przekroczy 0,02 \u00b0 C.<\/td>\n<\/tr>\n<tr>\n<td><\/td>\n<td>Pr\u0105d \u0142adowania<\/td>\n<td>100A<\/td>\n<\/tr>\n<tr>\n<td><\/td>\n<td>Maksymalny pr\u0105d \u0142adowania<\/td>\n<td>200A<\/td>\n<\/tr>\n<tr>\n<td>Standardowe roz\u0142adowanie<\/td>\n<td>Pr\u0105d roz\u0142adowania<\/td>\n<td>200A<\/td>\n<\/tr>\n<tr>\n<td><\/td>\n<td>Maks. Pr\u0105d ci\u0105g\u0142y<\/td>\n<td>200A<\/td>\n<\/tr>\n<tr>\n<td><\/td>\n<td>Maksymalny pr\u0105d impulsu<\/td>\n<td>400A(&lt;3S\uff09<\/td>\n<\/tr>\n<tr>\n<td><\/td>\n<td>Napi\u0119cie odci\u0119cia roz\u0142adowania<\/td>\n<td>20.0<\/td>\n<\/tr>\n<tr>\n<td>Warunki pracy<\/td>\n<td>Temperatura \u0142adowania<\/td>\n<td>0\u2103 do 45\u2103 (32\u2109 do 113\u2109) @60\u00b125% Wilgotno\u015b\u0107 wzgl\u0119dna<\/td>\n<\/tr>\n<tr>\n<td><\/td>\n<td>Temperatura wylotu<\/td>\n<td>-20\u2103 do 60\u2103 (-4\u2109 do 140\u2109) @60\u00b125% Wilgotno\u015b\u0107 wzgl\u0119dna<\/td>\n<\/tr>\n<tr>\n<td><\/td>\n<td>Temperatura przechowywania<\/td>\n<td>0\u2103 do 45\u2103 (32\u2109 do 113\u2109) @60\u00b125% Wilgotno\u015b\u0107 wzgl\u0119dna<\/td>\n<\/tr>\n<tr>\n<td><\/td>\n<td>Odporno\u015b\u0107 na wod\u0119 i kurz<\/td>\n<td>IP55<\/td>\n<\/tr>\n<tr>\n<td>Struktura<\/td>\n<td>Kom\u00f3rka i format<\/td>\n<td>LFP206AH(8S1P)<\/td>\n<\/tr>\n<tr>\n<td><\/td>\n<td>Obudowa<\/td>\n<td>Tworzywo sztuczne<\/td>\n<\/tr>\n<tr>\n<td><\/td>\n<td>Wymiar (d\u0142.\/szer.\/wys.)<\/td>\n<td>522238218218mm<\/td>\n<\/tr>\n<tr>\n<td><\/td>\n<td>Wymiary opakowania<\/td>\n<td>570310280mm<\/td>\n<\/tr>\n<tr>\n<td><\/td>\n<td>Waga<\/td>\n<td>Oko\u0142o 3 8 kg<\/td>\n<\/tr>\n<tr>\n<td><\/td>\n<td>Terminal<\/td>\n<td>M8<\/td>\n<\/tr>\n<\/tbody>\n<\/table>\n<\/div>\n<p><img fetchpriority=\"high\" decoding=\"async\" class=\"alignnone wp-image-514 size-full\" src=\"https:\/\/hdxenergy.com\/wp-content\/uploads\/2025\/11\/24v200ah08.jpg\" alt=\"Zabezpieczenie przed wy\u0142\u0105czeniem przy niskiej temperaturze\" width=\"1000\" height=\"1000\" srcset=\"https:\/\/hdxenergy.com\/wp-content\/uploads\/2025\/11\/24v200ah08.jpg 1000w, https:\/\/hdxenergy.com\/wp-content\/uploads\/2025\/11\/24v200ah08-300x300.jpg 300w, https:\/\/hdxenergy.com\/wp-content\/uploads\/2025\/11\/24v200ah08-150x150.jpg 150w, https:\/\/hdxenergy.com\/wp-content\/uploads\/2025\/11\/24v200ah08-768x768.jpg 768w, https:\/\/hdxenergy.com\/wp-content\/uploads\/2025\/11\/24v200ah08-600x600.jpg 600w, https:\/\/hdxenergy.com\/wp-content\/uploads\/2025\/11\/24v200ah08-100x100.jpg 100w\" sizes=\"(max-width: 1000px) 100vw, 1000px\" \/> <img decoding=\"async\" class=\"alignnone wp-image-513 size-full\" src=\"https:\/\/hdxenergy.com\/wp-content\/uploads\/2025\/11\/24v200ah07.jpg\" alt=\"MOCNA WODOODPORNO\u015a\u0106\" width=\"1000\" height=\"1000\" srcset=\"https:\/\/hdxenergy.com\/wp-content\/uploads\/2025\/11\/24v200ah07.jpg 1000w, https:\/\/hdxenergy.com\/wp-content\/uploads\/2025\/11\/24v200ah07-300x300.jpg 300w, https:\/\/hdxenergy.com\/wp-content\/uploads\/2025\/11\/24v200ah07-150x150.jpg 150w, https:\/\/hdxenergy.com\/wp-content\/uploads\/2025\/11\/24v200ah07-768x768.jpg 768w, https:\/\/hdxenergy.com\/wp-content\/uploads\/2025\/11\/24v200ah07-600x600.jpg 600w, https:\/\/hdxenergy.com\/wp-content\/uploads\/2025\/11\/24v200ah07-100x100.jpg 100w\" sizes=\"(max-width: 1000px) 100vw, 1000px\" \/> <img decoding=\"async\" class=\"alignnone wp-image-512 size-full\" src=\"https:\/\/hdxenergy.com\/wp-content\/uploads\/2025\/11\/24v200ah06.jpg\" alt=\"Przygody w kamperze z zasilaniem akumulatorowym\" width=\"1000\" height=\"1000\" srcset=\"https:\/\/hdxenergy.com\/wp-content\/uploads\/2025\/11\/24v200ah06.jpg 1000w, https:\/\/hdxenergy.com\/wp-content\/uploads\/2025\/11\/24v200ah06-300x300.jpg 300w, https:\/\/hdxenergy.com\/wp-content\/uploads\/2025\/11\/24v200ah06-150x150.jpg 150w, https:\/\/hdxenergy.com\/wp-content\/uploads\/2025\/11\/24v200ah06-768x768.jpg 768w, https:\/\/hdxenergy.com\/wp-content\/uploads\/2025\/11\/24v200ah06-600x600.jpg 600w, https:\/\/hdxenergy.com\/wp-content\/uploads\/2025\/11\/24v200ah06-100x100.jpg 100w\" sizes=\"(max-width: 1000px) 100vw, 1000px\" \/> <img loading=\"lazy\" decoding=\"async\" class=\"alignnone wp-image-511 size-full\" src=\"https:\/\/hdxenergy.com\/wp-content\/uploads\/2025\/11\/24v200ah05.jpg\" alt=\"Akumulator LiFePo4 24V 200Ah - niezawodne zasilanie podczas rejs\u00f3w \u0142odzi\u0105\" width=\"1000\" height=\"1000\" srcset=\"https:\/\/hdxenergy.com\/wp-content\/uploads\/2025\/11\/24v200ah05.jpg 1000w, https:\/\/hdxenergy.com\/wp-content\/uploads\/2025\/11\/24v200ah05-300x300.jpg 300w, https:\/\/hdxenergy.com\/wp-content\/uploads\/2025\/11\/24v200ah05-150x150.jpg 150w, https:\/\/hdxenergy.com\/wp-content\/uploads\/2025\/11\/24v200ah05-768x768.jpg 768w, https:\/\/hdxenergy.com\/wp-content\/uploads\/2025\/11\/24v200ah05-600x600.jpg 600w, https:\/\/hdxenergy.com\/wp-content\/uploads\/2025\/11\/24v200ah05-100x100.jpg 100w\" sizes=\"(max-width: 1000px) 100vw, 1000px\" \/><\/p>","protected":false},"excerpt":{"rendered":"<ul>\n<li>Bateria litowa wyr\u00f3\u017cnia si\u0119 wysokim stosunkiem pojemno\u015bci do wagi, du\u017c\u0105 moc\u0105 roz\u0142adowania, szybkim \u0142adowaniem, d\u0142ug\u0105 \u017cywotno\u015bci\u0105 i doskona\u0142\u0105 stabilno\u015bci\u0105 w wysokich temperaturach.<\/li>\n<li>Dzi\u0119ki g\u0142\u0119boko\u015bci roz\u0142adowania 80% i sk\u0142adowi chemicznemu LiFePO4 zapewnia bezpiecze\u0144stwo termiczne, stabilne reakcje redoks i wyd\u0142u\u017con\u0105 \u017cywotno\u015b\u0107. Sta\u0142e napi\u0119cie roz\u0142adowania upraszcza regulacj\u0119 napi\u0119cia, a odporna na uderzenia konstrukcja jest odporna na silne wstrz\u0105sy bez ryzyka wybuchu.<\/li>\n<li>Marka BMS oferuje opcje personalizacji, w tym projekt logo i wygl\u0105d zewn\u0119trzny.<\/li>\n<\/ul>","protected":false},"featured_media":507,"comment_status":"open","ping_status":"closed","template":"","meta":[],"product_brand":[],"product_cat":[28],"product_tag":[],"class_list":{"0":"post-472","1":"product","2":"type-product","3":"status-publish","4":"has-post-thumbnail","6":"product_cat-12v-24v-lifepo4-battery","8":"first","9":"instock","10":"shipping-taxable","11":"product-type-simple"},"_links":{"self":[{"href":"https:\/\/hdxenergy.com\/pl\/wp-json\/wp\/v2\/product\/472","targetHints":{"allow":["GET"]}}],"collection":[{"href":"https:\/\/hdxenergy.com\/pl\/wp-json\/wp\/v2\/product"}],"about":[{"href":"https:\/\/hdxenergy.com\/pl\/wp-json\/wp\/v2\/types\/product"}],"replies":[{"embeddable":true,"href":"https:\/\/hdxenergy.com\/pl\/wp-json\/wp\/v2\/comments?post=472"}],"wp:featuredmedia":[{"embeddable":true,"href":"https:\/\/hdxenergy.com\/pl\/wp-json\/wp\/v2\/media\/507"}],"wp:attachment":[{"href":"https:\/\/hdxenergy.com\/pl\/wp-json\/wp\/v2\/media?parent=472"}],"wp:term":[{"taxonomy":"product_brand","embeddable":true,"href":"https:\/\/hdxenergy.com\/pl\/wp-json\/wp\/v2\/product_brand?post=472"},{"taxonomy":"product_cat","embeddable":true,"href":"https:\/\/hdxenergy.com\/pl\/wp-json\/wp\/v2\/product_cat?post=472"},{"taxonomy":"product_tag","embeddable":true,"href":"https:\/\/hdxenergy.com\/pl\/wp-json\/wp\/v2\/product_tag?post=472"}],"curies":[{"name":"wp","href":"https:\/\/api.w.org\/{rel}","templated":true}]}}