{"id":313,"date":"2025-11-24T06:03:42","date_gmt":"2025-11-24T06:03:42","guid":{"rendered":"https:\/\/hdxenergy.com\/?post_type=product&#038;p=313"},"modified":"2026-01-07T05:53:58","modified_gmt":"2026-01-07T05:53:58","slug":"51-2v105ah-wersja-z-zelazna-obudowa","status":"publish","type":"product","link":"https:\/\/hdxenergy.com\/pl\/product\/51-2v105ah-iron-shell-version\/","title":{"rendered":"51.2V 105Ah Akumulator do w\u00f3zka golfowego Zam\u00f3wienie zbiorcze | 5000+ Cykl LiFePO4 Power"},"content":{"rendered":"<p><strong>Specyfikacje i parametry produktu<\/strong><br \/>\n<strong>Parametry techniczne akumulatora<\/strong><\/p>\n<div class=\"table-container\">\n<table>\n<tbody>\n<tr>\n<td>Specyfikacja projektu<\/td>\n<td>Parametry standardowe<\/td>\n<td>Uwagi<\/td>\n<\/tr>\n<tr>\n<td>Model akumulatora<\/td>\n<td>51.2V105Ah<\/td>\n<td><\/td>\n<\/tr>\n<tr>\n<td>Typ akumulatora<\/td>\n<td>Akumulator LFP<\/td>\n<td><\/td>\n<\/tr>\n<tr>\n<td>Napi\u0119cie nominalne\uff08V\uff09<\/td>\n<td>51.2<\/td>\n<td><\/td>\n<\/tr>\n<tr>\n<td>Pojemno\u015b\u0107 nominalna \uff08Ah\uff09<\/td>\n<td>105\u00b15%<\/td>\n<td>25\u2103\u00b12\u2103, 0,5C \u0142adowania, 0,5C roz\u0142adowania<\/td>\n<\/tr>\n<tr>\n<td>Energia nominalna (Wh)<\/td>\n<td>5376<\/td>\n<td><\/td>\n<\/tr>\n<tr>\n<td>Nominalne napi\u0119cie \u0142adowania \uff08V\uff09<\/td>\n<td>57.6<\/td>\n<td><\/td>\n<\/tr>\n<tr>\n<td>Nominalne napi\u0119cie odci\u0119cia roz\u0142adowania \uff08V\uff09<\/td>\n<td>40<\/td>\n<td><\/td>\n<\/tr>\n<tr>\n<td>Standardowy pr\u0105d \u0142adowania \uff08A\uff09<\/td>\n<td>20<\/td>\n<td><\/td>\n<\/tr>\n<tr>\n<td>Maksymalny pr\u0105d \u0142adowania \uff08A\uff09<\/td>\n<td>50<\/td>\n<td><\/td>\n<\/tr>\n<tr>\n<td>Standardowy pr\u0105d roz\u0142adowania \uff08A\uff09<\/td>\n<td>20<\/td>\n<td><\/td>\n<\/tr>\n<tr>\n<td>Ci\u0105g\u0142y pr\u0105d roz\u0142adowania \uff08A\uff09<\/td>\n<td>200<\/td>\n<td><\/td>\n<\/tr>\n<tr>\n<td>Maksymalny pr\u0105d roz\u0142adowania \uff08A\uff09<\/td>\n<td>400(35S)<\/td>\n<td><\/td>\n<\/tr>\n<tr>\n<td>Maksymalny szczytowy pr\u0105d roz\u0142adowania \uff08A\uff09<\/td>\n<td>600A(3S)<\/td>\n<td><\/td>\n<\/tr>\n<tr>\n<td>Materia\u0142 pow\u0142oki<\/td>\n<td>Metalowa obudowa<\/td>\n<td><\/td>\n<\/tr>\n<tr>\n<td>Waga \uff08kg\uff09<\/td>\n<td>Oko\u0142o 51 kg<\/td>\n<td><\/td>\n<\/tr>\n<tr>\n<td>Pocz\u0105tkowa rezystancja wewn\u0119trzna \uff08m\u03a9\uff09<\/td>\n<td>\u226450<\/td>\n<td>Nowa bateria w ci\u0105gu 3 miesi\u0119cy, ACIR, 1000 Hz<\/td>\n<\/tr>\n<tr>\n<td>Miesi\u0119czny wska\u017anik samoroz\u0142adowania<\/td>\n<td>\u22645%<\/td>\n<td>Standardowo na\u0142adowany do 100% SOC i przechowywany przez 28 dni w temperaturze 25 \u00b1 2 \u2103\u3002<\/td>\n<\/tr>\n<\/tbody>\n<\/table>\n<table>\n<tbody>\n<tr>\n<td>Wymiary ca\u0142kowite \uff08mm\uff09<\/td>\n<td>550*300*245mm \u00b12.0<\/td>\n<td>D\u0142ugo\u015b\u0107 \u00d7 szeroko\u015b\u0107 \u00d7 wysoko\u015b\u0107 (rozmiar pude\u0142ka, bez uchwytu)<\/td>\n<\/tr>\n<tr>\n<td>Napi\u0119cie zasilania\uff08V\uff09<\/td>\n<td>51 ~ 52.8<\/td>\n<td>30~70%SOC<\/td>\n<\/tr>\n<tr>\n<td>Cykl \u017cycia (czasy) (25 \u2103 \u00b1 2 \u2103)<\/td>\n<td><\/td>\n<td>a\uff09W temperaturze pokojowej kontynuowa\u0107 \u0142adowanie sta\u0142ym pr\u0105dem 20 A do momentu, gdy napi\u0119cie akumulatora wyniesie 43,8, a nast\u0119pnie \u0142adowa\u0107 sta\u0142ym napi\u0119ciem do momentu, gdy pr\u0105d wyniesie 0.05C, odstawi\u0107 na 2 godziny; b\uff09 Roz\u0142adowa\u0107 pr\u0105dem 20 A do napi\u0119cia odci\u0119cia 30 V w temperaturze pokojowej, odstawi\u0107 na 3 godziny; c\uff09 Powtarzaj\u0105c kroki a\uff09 ~ b), a\u017c pojemno\u015b\u0107 roz\u0142adowania osi\u0105gnie 80% pojemno\u015bci znamionowej, liczba wykonanych cykli zosta\u0142a zdefiniowana jako \u017cywotno\u015b\u0107 baterii.<\/td>\n<\/tr>\n<\/tbody>\n<\/table>\n<table>\n<tbody>\n<tr>\n<td>Cykl \u017cycia (czasy) (25 \u2103 \u00b1 2 \u2103)<\/td>\n<td><\/td>\n<td>a\uff09W temperaturze pokojowej kontynuowa\u0107 \u0142adowanie sta\u0142ym pr\u0105dem 20 A do momentu, gdy napi\u0119cie akumulatora wyniesie 43,8, a nast\u0119pnie \u0142adowa\u0107 sta\u0142ym napi\u0119ciem do momentu, gdy pr\u0105d wyniesie 0.05C, odstawi\u0107 na 2 godziny; b\uff09 Roz\u0142adowa\u0107 pr\u0105dem 20 A do napi\u0119cia odci\u0119cia 30 V w temperaturze pokojowej, odstawi\u0107 na 3 godziny; c\uff09 Powtarzaj\u0105c kroki a\uff09 ~ b), a\u017c pojemno\u015b\u0107 roz\u0142adowania osi\u0105gnie 80% pojemno\u015bci znamionowej, liczba wykonanych cykli zosta\u0142a zdefiniowana jako \u017cywotno\u015b\u0107 baterii.<\/td>\n<\/tr>\n<tr>\n<td>Tryb komunikacji<\/td>\n<td colspan=\"2\">UART<\/td>\n<\/tr>\n<tr>\n<td>Temperatura \u0142adowania\uff08\u2103\uff09<\/td>\n<td>30A<\/td>\n<td>0~10\u2103<\/td>\n<\/tr>\n<tr>\n<td><\/td>\n<td>20A<\/td>\n<td>10~20\u2103<\/td>\n<\/tr>\n<tr>\n<td><\/td>\n<td>50A<\/td>\n<td>20~40\u2103<\/td>\n<\/tr>\n<tr>\n<td><\/td>\n<td>30A<\/td>\n<td>40~55\u2103<\/td>\n<\/tr>\n<tr>\n<td>Temperatura roz\u0142adowania \uff08\u2103\uff09<\/td>\n<td>-20~55<\/td>\n<td>Temperatura powierzchni ogniwa nie powinna przekracza\u0107 60 \u2103.<\/td>\n<\/tr>\n<tr>\n<td>Temperatura przechowywania<\/td>\n<td>-30~55\u2103 90\uff05RH Max -10\uff5e45\u2103 70\uff05RH Max<\/td>\n<td>Mniej ni\u017c 1 miesi\u0105c Wi\u0119cej ni\u017c 3 miesi\u0105ce<\/td>\n<\/tr>\n<tr>\n<td>Zalecana temperatura przechowywania<\/td>\n<td>-10\uff5e35\u2103 85\uff05 Wilgotno\u015b\u0107 maks.<\/td>\n<td>\u017cywotno\u015b\u0107 baterii zostanie skr\u00f3cona, je\u015bli bateria b\u0119dzie przechowywana w wysokiej temperaturze<\/td>\n<\/tr>\n<\/tbody>\n<\/table>\n<\/div>\n<p><img fetchpriority=\"high\" decoding=\"async\" class=\"alignnone wp-image-357 size-full\" src=\"https:\/\/hdxenergy.com\/wp-content\/uploads\/2025\/11\/51.2v105ah-iron-shell-version07.jpg\" alt=\"Szybsze i d\u0142u\u017csze zasilanie w\u00f3zka golfowego\" width=\"1000\" height=\"1000\" srcset=\"https:\/\/hdxenergy.com\/wp-content\/uploads\/2025\/11\/51.2v105ah-iron-shell-version07.jpg 1000w, https:\/\/hdxenergy.com\/wp-content\/uploads\/2025\/11\/51.2v105ah-iron-shell-version07-300x300.jpg 300w, https:\/\/hdxenergy.com\/wp-content\/uploads\/2025\/11\/51.2v105ah-iron-shell-version07-150x150.jpg 150w, https:\/\/hdxenergy.com\/wp-content\/uploads\/2025\/11\/51.2v105ah-iron-shell-version07-768x768.jpg 768w, https:\/\/hdxenergy.com\/wp-content\/uploads\/2025\/11\/51.2v105ah-iron-shell-version07-600x600.jpg 600w, https:\/\/hdxenergy.com\/wp-content\/uploads\/2025\/11\/51.2v105ah-iron-shell-version07-100x100.jpg 100w\" sizes=\"(max-width: 1000px) 100vw, 1000px\" \/> <img decoding=\"async\" class=\"alignnone wp-image-356 size-full\" src=\"https:\/\/hdxenergy.com\/wp-content\/uploads\/2025\/11\/51.2v105ah-iron-shell-version06.jpg\" alt=\"Bateria OEM\/TWOJE LOGO\" width=\"1000\" height=\"1000\" srcset=\"https:\/\/hdxenergy.com\/wp-content\/uploads\/2025\/11\/51.2v105ah-iron-shell-version06.jpg 1000w, https:\/\/hdxenergy.com\/wp-content\/uploads\/2025\/11\/51.2v105ah-iron-shell-version06-300x300.jpg 300w, https:\/\/hdxenergy.com\/wp-content\/uploads\/2025\/11\/51.2v105ah-iron-shell-version06-150x150.jpg 150w, https:\/\/hdxenergy.com\/wp-content\/uploads\/2025\/11\/51.2v105ah-iron-shell-version06-768x768.jpg 768w, https:\/\/hdxenergy.com\/wp-content\/uploads\/2025\/11\/51.2v105ah-iron-shell-version06-600x600.jpg 600w, https:\/\/hdxenergy.com\/wp-content\/uploads\/2025\/11\/51.2v105ah-iron-shell-version06-100x100.jpg 100w\" sizes=\"(max-width: 1000px) 100vw, 1000px\" \/> <img decoding=\"async\" class=\"alignnone wp-image-355 size-full\" src=\"https:\/\/hdxenergy.com\/wp-content\/uploads\/2025\/11\/51.2v105ah-iron-shell-version05.jpg\" alt=\"Akumulator do w\u00f3zk\u00f3w golfowych Lifepo4\" width=\"750\" height=\"750\" srcset=\"https:\/\/hdxenergy.com\/wp-content\/uploads\/2025\/11\/51.2v105ah-iron-shell-version05.jpg 750w, https:\/\/hdxenergy.com\/wp-content\/uploads\/2025\/11\/51.2v105ah-iron-shell-version05-300x300.jpg 300w, https:\/\/hdxenergy.com\/wp-content\/uploads\/2025\/11\/51.2v105ah-iron-shell-version05-150x150.jpg 150w, https:\/\/hdxenergy.com\/wp-content\/uploads\/2025\/11\/51.2v105ah-iron-shell-version05-600x600.jpg 600w, https:\/\/hdxenergy.com\/wp-content\/uploads\/2025\/11\/51.2v105ah-iron-shell-version05-100x100.jpg 100w\" sizes=\"(max-width: 750px) 100vw, 750px\" \/> <img loading=\"lazy\" decoding=\"async\" class=\"alignnone wp-image-354 size-full\" src=\"https:\/\/hdxenergy.com\/wp-content\/uploads\/2025\/11\/51.2v105ah-iron-shell-version04.jpg\" alt=\"Technologia produkcji\" width=\"1000\" height=\"1000\" srcset=\"https:\/\/hdxenergy.com\/wp-content\/uploads\/2025\/11\/51.2v105ah-iron-shell-version04.jpg 1000w, https:\/\/hdxenergy.com\/wp-content\/uploads\/2025\/11\/51.2v105ah-iron-shell-version04-300x300.jpg 300w, https:\/\/hdxenergy.com\/wp-content\/uploads\/2025\/11\/51.2v105ah-iron-shell-version04-150x150.jpg 150w, https:\/\/hdxenergy.com\/wp-content\/uploads\/2025\/11\/51.2v105ah-iron-shell-version04-768x768.jpg 768w, https:\/\/hdxenergy.com\/wp-content\/uploads\/2025\/11\/51.2v105ah-iron-shell-version04-600x600.jpg 600w, https:\/\/hdxenergy.com\/wp-content\/uploads\/2025\/11\/51.2v105ah-iron-shell-version04-100x100.jpg 100w\" sizes=\"(max-width: 1000px) 100vw, 1000px\" \/> <img loading=\"lazy\" decoding=\"async\" class=\"alignnone wp-image-353 size-full\" src=\"https:\/\/hdxenergy.com\/wp-content\/uploads\/2025\/11\/51.2v105ah-iron-shell-version03.jpg\" alt=\"\u0141adowarka: mo\u017cliwo\u015b\u0107 wyboru pr\u0105du \u0142adowania\" width=\"1000\" height=\"1000\" srcset=\"https:\/\/hdxenergy.com\/wp-content\/uploads\/2025\/11\/51.2v105ah-iron-shell-version03.jpg 1000w, https:\/\/hdxenergy.com\/wp-content\/uploads\/2025\/11\/51.2v105ah-iron-shell-version03-300x300.jpg 300w, https:\/\/hdxenergy.com\/wp-content\/uploads\/2025\/11\/51.2v105ah-iron-shell-version03-150x150.jpg 150w, https:\/\/hdxenergy.com\/wp-content\/uploads\/2025\/11\/51.2v105ah-iron-shell-version03-768x768.jpg 768w, https:\/\/hdxenergy.com\/wp-content\/uploads\/2025\/11\/51.2v105ah-iron-shell-version03-600x600.jpg 600w, https:\/\/hdxenergy.com\/wp-content\/uploads\/2025\/11\/51.2v105ah-iron-shell-version03-100x100.jpg 100w\" sizes=\"(max-width: 1000px) 100vw, 1000px\" \/><\/p>","protected":false},"excerpt":{"rendered":"<ol>\n<li>Podstawowa wydajno\u015b\u0107<\/li>\n<\/ol>\n<p>Du\u017ca pojemno\u015b\u0107 100 Ah: Zapewnia niezawodne zasilanie do magazynowania energii s\u0142onecznej, system\u00f3w zasilania awaryjnego, kamper\u00f3w, elektronarz\u0119dzi i innych wszechstronnych zastosowa\u0144.<\/p>\n<ol start=\"2\">\n<li>Najwy\u017cszy poziom bezpiecze\u0144stwa<\/li>\n<\/ol>\n<p>Podw\u00f3jna ochrona: Charakteryzuje si\u0119 wyj\u0105tkow\u0105 stabilno\u015bci\u0105 termiczn\u0105 i wbudowanym systemem zarz\u0105dzania bateri\u0105 (BMS), kt\u00f3ry zapobiega prze\u0142adowaniu, nadmiernemu roz\u0142adowaniu i zwarciom.<\/p>\n<ol start=\"3\">\n<li>D\u0142ugotrwa\u0142a wytrzyma\u0142o\u015b\u0107<\/li>\n<\/ol>\n<p>5000+ cykli \u0142adowania: Zapewnia d\u0142ugoterminow\u0105 niezawodno\u015b\u0107, zmniejsza potrzeb\u0119 cz\u0119stej wymiany i obni\u017ca og\u00f3lne koszty konserwacji.<\/p>\n<ol start=\"4\">\n<li>Szybkie i wydajne \u0142adowanie<\/li>\n<\/ol>\n<p>Obs\u0142uga szybkiego \u0142adowania: Szybkie i wydajne \u0142adowanie dzi\u0119ki szerokiej kompatybilno\u015bci z r\u00f3\u017cnymi urz\u0105dzeniami i systemami zasilania.<\/p>\n<ol start=\"5\">\n<li>\u015awiadome ekologicznie projektowanie<\/li>\n<\/ol>\n<p>Nietoksyczny i nadaj\u0105cy si\u0119 do recyklingu: Zgodny z mi\u0119dzynarodowymi standardami ochrony \u015brodowiska, co czyni go zr\u00f3wnowa\u017conym rozwi\u0105zaniem energetycznym.<\/p>","protected":false},"featured_media":351,"comment_status":"open","ping_status":"closed","template":"","meta":[],"product_brand":[],"product_cat":[29],"product_tag":[],"class_list":{"0":"post-313","1":"product","2":"type-product","3":"status-publish","4":"has-post-thumbnail","6":"product_cat-golf-cart-lithium-battery","8":"first","9":"instock","10":"shipping-taxable","11":"product-type-simple"},"_links":{"self":[{"href":"https:\/\/hdxenergy.com\/pl\/wp-json\/wp\/v2\/product\/313","targetHints":{"allow":["GET"]}}],"collection":[{"href":"https:\/\/hdxenergy.com\/pl\/wp-json\/wp\/v2\/product"}],"about":[{"href":"https:\/\/hdxenergy.com\/pl\/wp-json\/wp\/v2\/types\/product"}],"replies":[{"embeddable":true,"href":"https:\/\/hdxenergy.com\/pl\/wp-json\/wp\/v2\/comments?post=313"}],"wp:featuredmedia":[{"embeddable":true,"href":"https:\/\/hdxenergy.com\/pl\/wp-json\/wp\/v2\/media\/351"}],"wp:attachment":[{"href":"https:\/\/hdxenergy.com\/pl\/wp-json\/wp\/v2\/media?parent=313"}],"wp:term":[{"taxonomy":"product_brand","embeddable":true,"href":"https:\/\/hdxenergy.com\/pl\/wp-json\/wp\/v2\/product_brand?post=313"},{"taxonomy":"product_cat","embeddable":true,"href":"https:\/\/hdxenergy.com\/pl\/wp-json\/wp\/v2\/product_cat?post=313"},{"taxonomy":"product_tag","embeddable":true,"href":"https:\/\/hdxenergy.com\/pl\/wp-json\/wp\/v2\/product_tag?post=313"}],"curies":[{"name":"wp","href":"https:\/\/api.w.org\/{rel}","templated":true}]}}