{"id":206,"date":"2025-11-24T03:01:33","date_gmt":"2025-11-24T03:01:33","guid":{"rendered":"https:\/\/hdxenergy.com\/?post_type=product&#038;p=206"},"modified":"2026-01-07T05:30:12","modified_gmt":"2026-01-07T05:30:12","slug":"walizka-na-kolkach-2-5-kwh","status":"publish","type":"product","link":"https:\/\/hdxenergy.com\/pl\/product\/trolley-case-2-5kwh\/","title":{"rendered":"Walizka na k\u00f3\u0142kach 2,5 kWh Przeno\u015bna elektrownia Fabryka | Wsparcie OEM \/ ODM"},"content":{"rendered":"<p><strong>Specyfikacja techniczna H094-2500Wh<\/strong><\/p>\n<div class=\"table-container\">\n<table>\n<tbody>\n<tr>\n<td>Model<\/td>\n<td>H094-2500Wh<\/td>\n<\/tr>\n<tr>\n<td>Rozmiar (d\u0142. x szer. x wys.)<\/td>\n<td>396mm*580mm*200mm<\/td>\n<\/tr>\n<tr>\n<td>Waga<\/td>\n<td>Oko\u0142o 35 kg<\/td>\n<\/tr>\n<tr>\n<td>Pojemno\u015b\u0107 akumulatora<\/td>\n<td>52Ah\/48V (2496Wh)<\/td>\n<\/tr>\n<tr>\n<td>Normy certyfikacyjne<\/td>\n<td>CE FCC ROHS<\/td>\n<\/tr>\n<tr>\n<td>Wyj\u015bcie pr\u0105du przemiennego<\/td>\n<td>Czysta fala sinusoidalna AC 120V@60Hz*4 LUB AC 230V@50Hz*4<\/td>\n<\/tr>\n<tr>\n<td>Moc wyj\u015bciowa falownika<\/td>\n<td>Moc znamionowa 2200 W, moc szczytowa 3000 W z funkcj\u0105 UPS<\/td>\n<\/tr>\n<tr>\n<td>Wej\u015bcie AC<\/td>\n<td>AC120V@14A\/230V @7A Moc znamionowa 1680W<\/td>\n<\/tr>\n<tr>\n<td>Moc wyj\u015bciowa \u0142adowarki samochodowej<\/td>\n<td>24V10@A*1<\/td>\n<\/tr>\n<tr>\n<td>po\u0142\u0105czenie r\u00f3wnoleg\u0142e<\/td>\n<td>Obs\u0142uga dw\u00f3ch r\u00f3wnoleg\u0142ych maszyn, ca\u0142kowita moc wyj\u015bciowa do 4400 W<\/td>\n<\/tr>\n<tr>\n<td>Wej\u015bcie \u0142adowania s\u0142onecznego<\/td>\n<td>12~75V_Max 800W<\/td>\n<\/tr>\n<tr>\n<td>Wyj\u015bcie XT90<\/td>\n<td>12V@10A<\/td>\n<\/tr>\n<tr>\n<td>Wyj\u015bcie typu C<\/td>\n<td>5-20V= 5A Maks. 100W<\/td>\n<\/tr>\n<tr>\n<td>\u0141adowanie samochod\u00f3w elektrycznych<\/td>\n<td>Moc wyj\u015bciowa 1840 W<\/td>\n<\/tr>\n<tr>\n<td>Typ baterii<\/td>\n<td>Akumulator LiFePO4<\/td>\n<\/tr>\n<tr>\n<td>Cykl \u017cycia baterii<\/td>\n<td>Po 3000 cyklach pozosta\u0142a pojemno\u015b\u0107 nadal wynosi ponad 80%.<\/td>\n<\/tr>\n<tr>\n<td>Temperatura przechowywania<\/td>\n<td>Zalecana temperatura otoczenia wynosi od 20\u00b0C do 30\u00b0C<\/td>\n<\/tr>\n<tr>\n<td>Temperatura wylotu<\/td>\n<td>-20\u00b0C-50\u00b0C<\/td>\n<\/tr>\n<tr>\n<td>Temperatura \u0142adowania<\/td>\n<td>-5\u00b0C-50\u00b0C<\/td>\n<\/tr>\n<tr>\n<td>Ochrona systemu<\/td>\n<td>Zabezpieczenie przed przegrzaniem, zabezpieczenie przed przepi\u0119ciem, zabezpieczenie przed przet\u0119\u017ceniem, zabezpieczenie przed prze\u0142adowaniem, zabezpieczenie przed nadmiernym roz\u0142adowaniem, zabezpieczenie przed zwarciem obci\u0105\u017cenia,<\/td>\n<\/tr>\n<\/tbody>\n<\/table>\n<\/div>\n<p><img fetchpriority=\"high\" decoding=\"async\" class=\"alignnone wp-image-214 size-full\" src=\"https:\/\/hdxenergy.com\/wp-content\/uploads\/2025\/11\/Trolley-Case-2.5kWh05.jpg\" alt=\"Przyk\u0142adowa przeno\u015bna elektrownia Trolley Case 2,5 kWh\" width=\"1000\" height=\"1000\" srcset=\"https:\/\/hdxenergy.com\/wp-content\/uploads\/2025\/11\/Trolley-Case-2.5kWh05.jpg 1000w, https:\/\/hdxenergy.com\/wp-content\/uploads\/2025\/11\/Trolley-Case-2.5kWh05-600x600.jpg 600w, https:\/\/hdxenergy.com\/wp-content\/uploads\/2025\/11\/Trolley-Case-2.5kWh05-100x100.jpg 100w, https:\/\/hdxenergy.com\/wp-content\/uploads\/2025\/11\/Trolley-Case-2.5kWh05-300x300.jpg 300w, https:\/\/hdxenergy.com\/wp-content\/uploads\/2025\/11\/Trolley-Case-2.5kWh05-150x150.jpg 150w, https:\/\/hdxenergy.com\/wp-content\/uploads\/2025\/11\/Trolley-Case-2.5kWh05-768x768.jpg 768w\" sizes=\"(max-width: 1000px) 100vw, 1000px\" \/> <img decoding=\"async\" class=\"alignnone wp-image-215 size-full\" src=\"https:\/\/hdxenergy.com\/wp-content\/uploads\/2025\/11\/Trolley-Case-2.5kWh06.jpg\" alt=\"Przeno\u015bna stacja zasilania Trolley Case 2.5kWh Scene\" width=\"1000\" height=\"1000\" srcset=\"https:\/\/hdxenergy.com\/wp-content\/uploads\/2025\/11\/Trolley-Case-2.5kWh06.jpg 1000w, https:\/\/hdxenergy.com\/wp-content\/uploads\/2025\/11\/Trolley-Case-2.5kWh06-600x600.jpg 600w, https:\/\/hdxenergy.com\/wp-content\/uploads\/2025\/11\/Trolley-Case-2.5kWh06-100x100.jpg 100w, https:\/\/hdxenergy.com\/wp-content\/uploads\/2025\/11\/Trolley-Case-2.5kWh06-300x300.jpg 300w, https:\/\/hdxenergy.com\/wp-content\/uploads\/2025\/11\/Trolley-Case-2.5kWh06-150x150.jpg 150w, https:\/\/hdxenergy.com\/wp-content\/uploads\/2025\/11\/Trolley-Case-2.5kWh06-768x768.jpg 768w\" sizes=\"(max-width: 1000px) 100vw, 1000px\" \/><\/p>","protected":false},"excerpt":{"rendered":"<ul>\n<li>Wyj\u015bcie pr\u0105du przemiennego o czystej fali sinusoidalnej 120\/230 V w standardzie USA\/Europa<\/li>\n<li>Obs\u0142uga fabryki \u017ar\u00f3d\u0142owej 0EM\/ODM<\/li>\n<li>Obs\u0142uga funkcji r\u00f3wnoleg\u0142ej dw\u00f3ch maszyn<\/li>\n<li>Pe\u0142ny certyfikat CE MSDS<\/li>\n<\/ul>","protected":false},"featured_media":213,"comment_status":"open","ping_status":"closed","template":"","meta":[],"product_brand":[],"product_cat":[23],"product_tag":[49],"class_list":{"0":"post-206","1":"product","2":"type-product","3":"status-publish","4":"has-post-thumbnail","6":"product_cat-portable-power-station","7":"product_tag-lifepo4","9":"first","10":"instock","11":"shipping-taxable","12":"product-type-simple"},"_links":{"self":[{"href":"https:\/\/hdxenergy.com\/pl\/wp-json\/wp\/v2\/product\/206","targetHints":{"allow":["GET"]}}],"collection":[{"href":"https:\/\/hdxenergy.com\/pl\/wp-json\/wp\/v2\/product"}],"about":[{"href":"https:\/\/hdxenergy.com\/pl\/wp-json\/wp\/v2\/types\/product"}],"replies":[{"embeddable":true,"href":"https:\/\/hdxenergy.com\/pl\/wp-json\/wp\/v2\/comments?post=206"}],"wp:featuredmedia":[{"embeddable":true,"href":"https:\/\/hdxenergy.com\/pl\/wp-json\/wp\/v2\/media\/213"}],"wp:attachment":[{"href":"https:\/\/hdxenergy.com\/pl\/wp-json\/wp\/v2\/media?parent=206"}],"wp:term":[{"taxonomy":"product_brand","embeddable":true,"href":"https:\/\/hdxenergy.com\/pl\/wp-json\/wp\/v2\/product_brand?post=206"},{"taxonomy":"product_cat","embeddable":true,"href":"https:\/\/hdxenergy.com\/pl\/wp-json\/wp\/v2\/product_cat?post=206"},{"taxonomy":"product_tag","embeddable":true,"href":"https:\/\/hdxenergy.com\/pl\/wp-json\/wp\/v2\/product_tag?post=206"}],"curies":[{"name":"wp","href":"https:\/\/api.w.org\/{rel}","templated":true}]}}