{"id":185,"date":"2025-11-24T02:36:58","date_gmt":"2025-11-24T02:36:58","guid":{"rendered":"https:\/\/hdxenergy.com\/?post_type=product&#038;p=185"},"modified":"2026-01-07T05:18:45","modified_gmt":"2026-01-07T05:18:45","slug":"h096-5-20kwh","status":"publish","type":"product","link":"https:\/\/hdxenergy.com\/pl\/product\/h096-5-20kwh\/","title":{"rendered":"H096 (5-20 kWh) Skalowalny akumulator LiFePO4 Sprzeda\u017c hurtowa"},"content":{"rendered":"<div class=\"table-container\">\n<table>\n<tbody>\n<tr>\n<td><strong>Nazwa produktu<\/strong><\/td>\n<td colspan=\"4\"><strong>H096-(5-20)kWh<\/strong><\/td>\n<td><strong>H096-10kWh Pro<\/strong><\/td>\n<\/tr>\n<tr>\n<td>Modu\u0142 baterii<\/td>\n<td colspan=\"4\">51.2V\/5.12Wh\/51.8kg<\/td>\n<td><\/td>\n<\/tr>\n<tr>\n<td>Liczba modu\u0142\u00f3w<\/td>\n<td>1<\/td>\n<td>2<\/td>\n<td>3<\/td>\n<td>4<\/td>\n<td><\/td>\n<\/tr>\n<tr>\n<td>Pojemno\u015b\u0107 akumulatora<\/td>\n<td>5,12 kWh<\/td>\n<td>10,24 kWh<\/td>\n<td>15,36 kWh<\/td>\n<td>20,48 kWh<\/td>\n<td>10,24 kWh<\/td>\n<\/tr>\n<tr>\n<td>Napi\u0119cie nominalne<\/td>\n<td>51.2V<\/td>\n<td>51.2V<\/td>\n<td>51.2V<\/td>\n<td>204.8V<\/td>\n<td>51.2V<\/td>\n<\/tr>\n<tr>\n<td>Zakres napi\u0119cia akumulatora<\/td>\n<td>40V~58,4V<\/td>\n<td>40V~58,4V<\/td>\n<td>40V~58,4V<\/td>\n<td>160 V~233,6 V<\/td>\n<td>40V~58,4V<\/td>\n<\/tr>\n<tr>\n<td>Rozmiar (d\u0142. x szer. x wys.)<\/td>\n<td>637\/387\/914<\/td>\n<td>637\/387\/1075<\/td>\n<td>637\/387\/1236<\/td>\n<td>637\/387\/1397<\/td>\n<td>603\/300\/1620<\/td>\n<\/tr>\n<tr>\n<td>Zwa\u017cy\u0107<\/td>\n<td>118 kg<\/td>\n<td>169,8 kg<\/td>\n<td>221,6 kg<\/td>\n<td>277,4 kg<\/td>\n<td>180 kg<\/td>\n<\/tr>\n<tr>\n<td>Maksymalny pr\u0105d \u0142adowania\/roz\u0142adowania<\/td>\n<td>45A<\/td>\n<td>80A<\/td>\n<td>110A<\/td>\n<td>45A<\/td>\n<td>80A<\/td>\n<\/tr>\n<tr>\n<td>Wyj\u015bcie wysokiego napi\u0119cia<\/td>\n<td colspan=\"3\">Nieobs\u0142ugiwane<\/td>\n<td>Wsparcie<\/td>\n<td>Nieobs\u0142ugiwane<\/td>\n<\/tr>\n<tr>\n<td>Typ baterii<\/td>\n<td colspan=\"5\">LiFePO4<\/td>\n<\/tr>\n<tr>\n<td>Tryb komunikacji<\/td>\n<td colspan=\"5\">Obs\u0142uga po\u0142\u0105czenia Wi-Fi Bluetooth za pomoc\u0105 aplikacji mobilnej<\/td>\n<\/tr>\n<tr>\n<td>Cykl \u017cycia baterii<\/td>\n<td colspan=\"5\">Po 3000 cyklach pozosta\u0142a pojemno\u015b\u0107 nadal wynosi ponad 80%.<\/td>\n<\/tr>\n<tr>\n<td>Temperatura \u0142adowania<\/td>\n<td colspan=\"5\">0\u2103 ~ 50\u2103<\/td>\n<\/tr>\n<tr>\n<td>Temperatura wylotu<\/td>\n<td colspan=\"5\">-20\u2103 ~ 50\u2103<\/td>\n<\/tr>\n<tr>\n<td>Komunikowa\u0107 si\u0119<\/td>\n<td colspan=\"5\">RS485\/CAN<\/td>\n<\/tr>\n<tr>\n<td>Poziom ochrony<\/td>\n<td colspan=\"5\">IP20<\/td>\n<\/tr>\n<tr>\n<td>Typ pod\u0142\u0105czenia do sieci<\/td>\n<td colspan=\"5\">L+N+PE<\/td>\n<\/tr>\n<tr>\n<td>Przeci\u0105\u017calno\u015b\u0107<\/td>\n<td colspan=\"5\">110%<\/td>\n<\/tr>\n<tr>\n<td>Ochrona systemu<\/td>\n<td colspan=\"5\">Zabezpieczenie przed nadmiern\u0105 temperatur\u0105\/Zabezpieczenie przed nadmiernym napi\u0119ciem\/Zabezpieczenie przed nadmiernym pr\u0105dem\/<br \/>\nZabezpieczenie przed nadmiernym na\u0142adowaniem\/zabezpieczenie przed nadmiernym roz\u0142adowaniem_zabezpieczenie przed zwarciem obci\u0105\u017cenia\/zabezpieczenie przed nadmiernym obci\u0105\u017ceniem.<\/td>\n<\/tr>\n<tr>\n<td>Tryb instalacji<\/td>\n<td colspan=\"5\">Mo\u017cliwo\u015b\u0107 sztaplowania<\/td>\n<\/tr>\n<tr>\n<td>Normy certyfikacyjne<\/td>\n<td colspan=\"5\">CF FCC ROHS<\/td>\n<\/tr>\n<\/tbody>\n<\/table>\n<\/div>\n<p><img fetchpriority=\"high\" decoding=\"async\" class=\"alignnone wp-image-189 size-full\" src=\"https:\/\/hdxenergy.com\/wp-content\/uploads\/2025\/11\/H096-5-20kWh04.jpg\" alt=\"INTELIGENTNY MONITOR APLIKACJI\" width=\"1000\" height=\"1000\" srcset=\"https:\/\/hdxenergy.com\/wp-content\/uploads\/2025\/11\/H096-5-20kWh04.jpg 1000w, https:\/\/hdxenergy.com\/wp-content\/uploads\/2025\/11\/H096-5-20kWh04-600x600.jpg 600w, https:\/\/hdxenergy.com\/wp-content\/uploads\/2025\/11\/H096-5-20kWh04-100x100.jpg 100w, https:\/\/hdxenergy.com\/wp-content\/uploads\/2025\/11\/H096-5-20kWh04-300x300.jpg 300w, https:\/\/hdxenergy.com\/wp-content\/uploads\/2025\/11\/H096-5-20kWh04-150x150.jpg 150w, https:\/\/hdxenergy.com\/wp-content\/uploads\/2025\/11\/H096-5-20kWh04-768x768.jpg 768w\" sizes=\"(max-width: 1000px) 100vw, 1000px\" \/> <img decoding=\"async\" class=\"alignnone wp-image-190 size-full\" src=\"https:\/\/hdxenergy.com\/wp-content\/uploads\/2025\/11\/H096-5-20kWh05.jpg\" alt=\"System energetyczny &quot;wszystko w jednym\" width=\"1000\" height=\"1000\" srcset=\"https:\/\/hdxenergy.com\/wp-content\/uploads\/2025\/11\/H096-5-20kWh05.jpg 1000w, https:\/\/hdxenergy.com\/wp-content\/uploads\/2025\/11\/H096-5-20kWh05-600x600.jpg 600w, https:\/\/hdxenergy.com\/wp-content\/uploads\/2025\/11\/H096-5-20kWh05-100x100.jpg 100w, https:\/\/hdxenergy.com\/wp-content\/uploads\/2025\/11\/H096-5-20kWh05-300x300.jpg 300w, https:\/\/hdxenergy.com\/wp-content\/uploads\/2025\/11\/H096-5-20kWh05-150x150.jpg 150w, https:\/\/hdxenergy.com\/wp-content\/uploads\/2025\/11\/H096-5-20kWh05-768x768.jpg 768w\" sizes=\"(max-width: 1000px) 100vw, 1000px\" \/> <img decoding=\"async\" class=\"alignnone wp-image-191 size-full\" src=\"https:\/\/hdxenergy.com\/wp-content\/uploads\/2025\/11\/H096-5-20kWh06.jpg\" alt=\"H096 (5-20 kWh)\" width=\"1000\" height=\"1000\" srcset=\"https:\/\/hdxenergy.com\/wp-content\/uploads\/2025\/11\/H096-5-20kWh06.jpg 1000w, https:\/\/hdxenergy.com\/wp-content\/uploads\/2025\/11\/H096-5-20kWh06-600x600.jpg 600w, https:\/\/hdxenergy.com\/wp-content\/uploads\/2025\/11\/H096-5-20kWh06-100x100.jpg 100w, https:\/\/hdxenergy.com\/wp-content\/uploads\/2025\/11\/H096-5-20kWh06-300x300.jpg 300w, https:\/\/hdxenergy.com\/wp-content\/uploads\/2025\/11\/H096-5-20kWh06-150x150.jpg 150w, https:\/\/hdxenergy.com\/wp-content\/uploads\/2025\/11\/H096-5-20kWh06-768x768.jpg 768w\" sizes=\"(max-width: 1000px) 100vw, 1000px\" \/><\/p>\n<p>&nbsp;<\/p>","protected":false},"excerpt":{"rendered":"<ul>\n<li>Stosowany do magazynowania energii w domu, komunikacji, zasilania awaryjnego.<\/li>\n<li>Interfejs CAN do komunikacji z falownikiem.<\/li>\n<li>Podw\u00f3jny interfejs RS485, obs\u0142uga komunikacji r\u00f3wnoleg\u0142ej.<\/li>\n<li>Modu\u0142owa konstrukcja umo\u017cliwiaj\u0105ca elastyczne wykorzystanie mocy\uff0cZakres mocy akumulator\u00f3w od 5KWH do 20KWH<\/li>\n<li>Podwozie akumulatora jest wyposa\u017cone w ko\u0142a pasowe umo\u017cliwiaj\u0105ce \u0142atwe i szybkie przemieszczanie akumulatora<\/li>\n<li>Elastyczna konfiguracja, \u0142atwa instalacja, plug and play<\/li>\n<li>Zdalne monitorowanie przez WiFi\/GPRS<\/li>\n<\/ul>","protected":false},"featured_media":193,"comment_status":"open","ping_status":"closed","template":"","meta":[],"product_brand":[],"product_cat":[26],"product_tag":[50,49],"class_list":{"0":"post-185","1":"product","2":"type-product","3":"status-publish","4":"has-post-thumbnail","6":"product_cat-all-in-one-battery-energy","7":"product_tag-all-in-one-battery-energy","8":"product_tag-lifepo4","10":"first","11":"instock","12":"shipping-taxable","13":"product-type-simple"},"_links":{"self":[{"href":"https:\/\/hdxenergy.com\/pl\/wp-json\/wp\/v2\/product\/185","targetHints":{"allow":["GET"]}}],"collection":[{"href":"https:\/\/hdxenergy.com\/pl\/wp-json\/wp\/v2\/product"}],"about":[{"href":"https:\/\/hdxenergy.com\/pl\/wp-json\/wp\/v2\/types\/product"}],"replies":[{"embeddable":true,"href":"https:\/\/hdxenergy.com\/pl\/wp-json\/wp\/v2\/comments?post=185"}],"wp:featuredmedia":[{"embeddable":true,"href":"https:\/\/hdxenergy.com\/pl\/wp-json\/wp\/v2\/media\/193"}],"wp:attachment":[{"href":"https:\/\/hdxenergy.com\/pl\/wp-json\/wp\/v2\/media?parent=185"}],"wp:term":[{"taxonomy":"product_brand","embeddable":true,"href":"https:\/\/hdxenergy.com\/pl\/wp-json\/wp\/v2\/product_brand?post=185"},{"taxonomy":"product_cat","embeddable":true,"href":"https:\/\/hdxenergy.com\/pl\/wp-json\/wp\/v2\/product_cat?post=185"},{"taxonomy":"product_tag","embeddable":true,"href":"https:\/\/hdxenergy.com\/pl\/wp-json\/wp\/v2\/product_tag?post=185"}],"curies":[{"name":"wp","href":"https:\/\/api.w.org\/{rel}","templated":true}]}}