{"id":174,"date":"2025-11-24T02:25:05","date_gmt":"2025-11-24T02:25:05","guid":{"rendered":"https:\/\/hdxenergy.com\/?post_type=product&#038;p=174"},"modified":"2026-01-07T05:18:41","modified_gmt":"2026-01-07T05:18:41","slug":"h096-10-kwh","status":"publish","type":"product","link":"https:\/\/hdxenergy.com\/pl\/product\/h096-10kwh\/","title":{"rendered":"H096-10kWh - dostawca wszechstronnych akumulator\u00f3w | Skalowalny magazyn energii LiFePO4"},"content":{"rendered":"<div class=\"table-container\">\n<table>\n<tbody>\n<tr>\n<td width=\"280\"><strong>Nazwa produktu<\/strong><\/td>\n<td colspan=\"3\" width=\"591\"><strong>H096-<\/strong><strong>\uff08<\/strong><strong>10-20<\/strong><strong>\uff09<\/strong><strong>kWh<\/strong><\/td>\n<\/tr>\n<tr>\n<td width=\"280\">Modu\u0142 baterii<\/td>\n<td colspan=\"3\" width=\"591\">51.2V\/5.12Wh\/51.8kg<\/td>\n<\/tr>\n<tr>\n<td width=\"280\">Liczba modu\u0142\u00f3w<\/td>\n<td width=\"185\">2<\/td>\n<td width=\"178\">3<\/td>\n<td width=\"227\">4<\/td>\n<\/tr>\n<tr>\n<td width=\"280\">Pojemno\u015b\u0107 akumulatora<\/td>\n<td width=\"185\">10,24 kWh<\/td>\n<td width=\"178\">15,36 kWh<\/td>\n<td width=\"227\">20,48 kWh<\/td>\n<\/tr>\n<tr>\n<td width=\"280\">Napi\u0119cie nominalne<\/td>\n<td width=\"185\">102.4V<\/td>\n<td width=\"178\">153.6V<\/td>\n<td width=\"227\">204.8V<\/td>\n<\/tr>\n<tr>\n<td width=\"280\">Zakres napi\u0119cia akumulatora<\/td>\n<td colspan=\"3\" width=\"591\">160 V~233,6 V<\/td>\n<\/tr>\n<tr>\n<td width=\"280\">Rozmiar (d\u0142. x szer. x wys.)<\/td>\n<td width=\"185\">637\/387\/1075<\/td>\n<td width=\"178\">637\/387\/1236<\/td>\n<td width=\"227\">637\/387\/1397<\/td>\n<\/tr>\n<tr>\n<td width=\"280\">Zwa\u017cy\u0107<\/td>\n<td width=\"185\">169,8 kg<\/td>\n<td width=\"178\">221,6 kg<\/td>\n<td width=\"227\">277,4 kg<\/td>\n<\/tr>\n<tr>\n<td width=\"280\">Maksymalny pr\u0105d \u0142adowania\/roz\u0142adowania<\/td>\n<td width=\"185\">80A<\/td>\n<td width=\"178\">110A<\/td>\n<td width=\"227\">45A<\/td>\n<\/tr>\n<tr>\n<td width=\"280\">Typ baterii<\/td>\n<td colspan=\"3\" width=\"591\">LiFePO4<\/td>\n<\/tr>\n<tr>\n<td width=\"280\">Tryb komunikacji<\/td>\n<td colspan=\"3\" width=\"591\">Obs\u0142uga po\u0142\u0105czenia WIFI Bluetooth z aplikacj\u0105 mobiln\u0105<\/td>\n<\/tr>\n<tr>\n<td width=\"280\">Cykl \u017cycia baterii<\/td>\n<td colspan=\"3\" width=\"591\">Po 3000 cyklach pozosta\u0142a pojemno\u015b\u0107 nadal wynosi ponad 80%.<\/td>\n<\/tr>\n<tr>\n<td width=\"280\">Temperatura \u0142adowania<\/td>\n<td colspan=\"3\" width=\"591\">0\u2103 ~ 50\u2103<\/td>\n<\/tr>\n<tr>\n<td width=\"280\">Temperatura wylotu<\/td>\n<td colspan=\"3\" width=\"591\">-20\u2103 ~ 50\u2103<\/td>\n<\/tr>\n<tr>\n<td width=\"280\">Komunikowa\u0107 si\u0119<\/td>\n<td colspan=\"3\" width=\"591\">RS485\/CAN<\/td>\n<\/tr>\n<tr>\n<td width=\"280\">Poziom ochrony<\/td>\n<td colspan=\"3\" width=\"591\">IP20<\/td>\n<\/tr>\n<tr>\n<td width=\"280\">Typ pod\u0142\u0105czenia do sieci<\/td>\n<td colspan=\"3\" width=\"591\">L+N+PE<\/td>\n<\/tr>\n<tr>\n<td width=\"280\">Przeci\u0105\u017calno\u015b\u0107<\/td>\n<td colspan=\"3\" width=\"591\">110%<\/td>\n<\/tr>\n<tr>\n<td width=\"280\">Ochrona systemu<\/td>\n<td colspan=\"3\" width=\"591\">Zabezpieczenie przed nadmiern\u0105 temperatur\u0105\/Zabezpieczenie przed nadmiernym napi\u0119ciem\/Zabezpieczenie przed nadmiernym pr\u0105dem\/<br \/>\nZabezpieczenie przed nadmiernym na\u0142adowaniem\/zabezpieczenie przed nadmiernym roz\u0142adowaniem_zabezpieczenie przed zwarciem obci\u0105\u017cenia\/zabezpieczenie przed nadmiernym obci\u0105\u017ceniem.<\/td>\n<\/tr>\n<tr>\n<td width=\"280\">Tryb instalacji<\/td>\n<td colspan=\"3\" width=\"591\">Mo\u017cliwo\u015b\u0107 uk\u0142adania<\/td>\n<\/tr>\n<tr>\n<td width=\"280\">Normy certyfikacyjne<\/td>\n<td colspan=\"3\" width=\"591\">CF FCC ROHS<\/td>\n<\/tr>\n<\/tbody>\n<\/table>\n<\/div>\n<p><img fetchpriority=\"high\" decoding=\"async\" class=\"alignnone wp-image-181 size-full\" src=\"https:\/\/hdxenergy.com\/wp-content\/uploads\/2025\/11\/H096-10kWh07.jpg\" alt=\"H096-10 kWh\" width=\"1000\" height=\"1000\" srcset=\"https:\/\/hdxenergy.com\/wp-content\/uploads\/2025\/11\/H096-10kWh07.jpg 1000w, https:\/\/hdxenergy.com\/wp-content\/uploads\/2025\/11\/H096-10kWh07-600x600.jpg 600w, https:\/\/hdxenergy.com\/wp-content\/uploads\/2025\/11\/H096-10kWh07-100x100.jpg 100w, https:\/\/hdxenergy.com\/wp-content\/uploads\/2025\/11\/H096-10kWh07-300x300.jpg 300w, https:\/\/hdxenergy.com\/wp-content\/uploads\/2025\/11\/H096-10kWh07-150x150.jpg 150w, https:\/\/hdxenergy.com\/wp-content\/uploads\/2025\/11\/H096-10kWh07-768x768.jpg 768w\" sizes=\"(max-width: 1000px) 100vw, 1000px\" \/> <img decoding=\"async\" class=\"alignnone wp-image-180 size-full\" src=\"https:\/\/hdxenergy.com\/wp-content\/uploads\/2025\/11\/H096-10kWh06.jpg\" alt=\"Wszystko w jednym domowym systemie solarnym\" width=\"1000\" height=\"1000\" srcset=\"https:\/\/hdxenergy.com\/wp-content\/uploads\/2025\/11\/H096-10kWh06.jpg 1000w, https:\/\/hdxenergy.com\/wp-content\/uploads\/2025\/11\/H096-10kWh06-600x600.jpg 600w, https:\/\/hdxenergy.com\/wp-content\/uploads\/2025\/11\/H096-10kWh06-100x100.jpg 100w, https:\/\/hdxenergy.com\/wp-content\/uploads\/2025\/11\/H096-10kWh06-300x300.jpg 300w, https:\/\/hdxenergy.com\/wp-content\/uploads\/2025\/11\/H096-10kWh06-150x150.jpg 150w, https:\/\/hdxenergy.com\/wp-content\/uploads\/2025\/11\/H096-10kWh06-768x768.jpg 768w\" sizes=\"(max-width: 1000px) 100vw, 1000px\" \/> <img decoding=\"async\" class=\"alignnone wp-image-179 size-full\" src=\"https:\/\/hdxenergy.com\/wp-content\/uploads\/2025\/11\/H096-10kWh05.jpg\" alt=\"Wszystko w jednym \u2013 energia z baterii\" width=\"1000\" height=\"1000\" srcset=\"https:\/\/hdxenergy.com\/wp-content\/uploads\/2025\/11\/H096-10kWh05.jpg 1000w, https:\/\/hdxenergy.com\/wp-content\/uploads\/2025\/11\/H096-10kWh05-600x600.jpg 600w, https:\/\/hdxenergy.com\/wp-content\/uploads\/2025\/11\/H096-10kWh05-100x100.jpg 100w, https:\/\/hdxenergy.com\/wp-content\/uploads\/2025\/11\/H096-10kWh05-300x300.jpg 300w, https:\/\/hdxenergy.com\/wp-content\/uploads\/2025\/11\/H096-10kWh05-150x150.jpg 150w, https:\/\/hdxenergy.com\/wp-content\/uploads\/2025\/11\/H096-10kWh05-768x768.jpg 768w\" sizes=\"(max-width: 1000px) 100vw, 1000px\" \/> <img loading=\"lazy\" decoding=\"async\" class=\"alignnone wp-image-178 size-full\" src=\"https:\/\/hdxenergy.com\/wp-content\/uploads\/2025\/11\/H096-10kWh04.jpg\" alt=\"10KWH H096-10KWH\" width=\"1000\" height=\"1000\" srcset=\"https:\/\/hdxenergy.com\/wp-content\/uploads\/2025\/11\/H096-10kWh04.jpg 1000w, https:\/\/hdxenergy.com\/wp-content\/uploads\/2025\/11\/H096-10kWh04-600x600.jpg 600w, https:\/\/hdxenergy.com\/wp-content\/uploads\/2025\/11\/H096-10kWh04-100x100.jpg 100w, https:\/\/hdxenergy.com\/wp-content\/uploads\/2025\/11\/H096-10kWh04-300x300.jpg 300w, https:\/\/hdxenergy.com\/wp-content\/uploads\/2025\/11\/H096-10kWh04-150x150.jpg 150w, https:\/\/hdxenergy.com\/wp-content\/uploads\/2025\/11\/H096-10kWh04-768x768.jpg 768w\" sizes=\"(max-width: 1000px) 100vw, 1000px\" \/><\/p>","protected":false},"excerpt":{"rendered":"<ul>\n<li>Wysokie napi\u0119cie<\/li>\n<li>\u0141atwa instalacja<\/li>\n<li>Szeroka tolerancja temperatury<\/li>\n<li>95% Wydajno\u015b\u0107 \u0142adowania i roz\u0142adowania<\/li>\n<li>6 modu\u0142\u00f3w w serii<\/li>\n<li>\u017bywotno\u015b\u0107 \u22656000 cykli<\/li>\n<li>Zdalne monitorowanie przez WiFi\/GPRS<\/li>\n<\/ul>","protected":false},"featured_media":184,"comment_status":"open","ping_status":"closed","template":"","meta":[],"product_brand":[],"product_cat":[26],"product_tag":[50,49],"class_list":{"0":"post-174","1":"product","2":"type-product","3":"status-publish","4":"has-post-thumbnail","6":"product_cat-all-in-one-battery-energy","7":"product_tag-all-in-one-battery-energy","8":"product_tag-lifepo4","10":"first","11":"instock","12":"shipping-taxable","13":"product-type-simple"},"_links":{"self":[{"href":"https:\/\/hdxenergy.com\/pl\/wp-json\/wp\/v2\/product\/174","targetHints":{"allow":["GET"]}}],"collection":[{"href":"https:\/\/hdxenergy.com\/pl\/wp-json\/wp\/v2\/product"}],"about":[{"href":"https:\/\/hdxenergy.com\/pl\/wp-json\/wp\/v2\/types\/product"}],"replies":[{"embeddable":true,"href":"https:\/\/hdxenergy.com\/pl\/wp-json\/wp\/v2\/comments?post=174"}],"wp:featuredmedia":[{"embeddable":true,"href":"https:\/\/hdxenergy.com\/pl\/wp-json\/wp\/v2\/media\/184"}],"wp:attachment":[{"href":"https:\/\/hdxenergy.com\/pl\/wp-json\/wp\/v2\/media?parent=174"}],"wp:term":[{"taxonomy":"product_brand","embeddable":true,"href":"https:\/\/hdxenergy.com\/pl\/wp-json\/wp\/v2\/product_brand?post=174"},{"taxonomy":"product_cat","embeddable":true,"href":"https:\/\/hdxenergy.com\/pl\/wp-json\/wp\/v2\/product_cat?post=174"},{"taxonomy":"product_tag","embeddable":true,"href":"https:\/\/hdxenergy.com\/pl\/wp-json\/wp\/v2\/product_tag?post=174"}],"curies":[{"name":"wp","href":"https:\/\/api.w.org\/{rel}","templated":true}]}}