{"id":1115,"date":"2025-12-08T01:01:56","date_gmt":"2025-12-08T01:01:56","guid":{"rendered":"https:\/\/hdxenergy.com\/?post_type=product&#038;p=1115"},"modified":"2026-01-07T07:35:30","modified_gmt":"2026-01-07T07:35:30","slug":"1-mw-3-mwh","status":"publish","type":"product","link":"https:\/\/hdxenergy.com\/pl\/product\/1mw3mwh\/","title":{"rendered":"1MW\/3MWh Kontener ESS | Akumulatorowy magazyn energii klasy przemys\u0142owej"},"content":{"rendered":"<table border=\"0\" width=\"100%\" cellspacing=\"0\" cellpadding=\"0\">\n<tbody>\n<tr>\n<td><strong>Model produktu<\/strong><\/td>\n<td><strong>H098-3 MWh<\/strong><\/td>\n<\/tr>\n<tr>\n<td><strong>Pojemno\u015b\u0107 akumulatora<\/strong><\/td>\n<td>4480 Ah\/704 V (3153,9 kWh)<\/td>\n<\/tr>\n<tr>\n<td><strong>Moc znamionowa<\/strong><\/td>\n<td>1 MW<\/td>\n<\/tr>\n<tr>\n<td><strong>Moc szczytowa<\/strong><\/td>\n<td>1,1 MW<\/td>\n<\/tr>\n<tr>\n<td><strong>Zakres napi\u0119cia akumulatora<\/strong><\/td>\n<td>550\u2013803 V<\/td>\n<\/tr>\n<tr>\n<td><strong>Pr\u0105d znamionowy pr\u0105du przemiennego<\/strong><\/td>\n<td>1444A<\/td>\n<\/tr>\n<tr>\n<td><strong>Maksymalny pr\u0105d wyj\u015bciowy pr\u0105du przemiennego<\/strong><\/td>\n<td>1588A<\/td>\n<\/tr>\n<tr>\n<td><strong>Rozmiar (d\u0142. x szer. x wys.)<\/strong><\/td>\n<td>12192*2438*2896 (mm)<\/td>\n<\/tr>\n<tr>\n<td><strong>Waga<\/strong><\/td>\n<td>32 000 kg<\/td>\n<\/tr>\n<tr>\n<td><strong>Typ baterii<\/strong><\/td>\n<td>LiFePO4<\/td>\n<\/tr>\n<tr>\n<td><strong>Napi\u0119cie wyj\u015bciowe pr\u0105du przemiennego<\/strong><\/td>\n<td>400 V (-201 TP3T ~ +151 TP3T)<\/td>\n<\/tr>\n<tr>\n<td><strong>Komunikacja bezprzewodowa<\/strong><\/td>\n<td>Obs\u0142uguje komunikacj\u0119 4G<\/td>\n<\/tr>\n<tr>\n<td><strong>Komunikowa\u0107 si\u0119<\/strong><\/td>\n<td>RS485\/CAN<\/td>\n<\/tr>\n<tr>\n<td><strong>Cykl \u017cycia baterii<\/strong><\/td>\n<td>Ponad 6000 cykli<\/td>\n<\/tr>\n<tr>\n<td><strong>Ochrona systemu<\/strong><\/td>\n<td>Zabezpieczenie przed przegrzaniem\/zabezpieczenie przed przepi\u0119ciem\/zabezpieczenie przed przet\u0119\u017ceniem\/zabezpieczenie przed prze\u0142adowaniem\/zabezpieczenie przed nadmiernym roz\u0142adowaniem\/zabezpieczenie przed zwarciem obci\u0105\u017cenia\/zabezpieczenie przed przeci\u0105\u017ceniem.<\/td>\n<\/tr>\n<tr>\n<td><strong>Temperatura wylotu<\/strong><\/td>\n<td>-20\u2103~50\u2103\uff08Zalecana temperatura otoczenia wynosi od 20\u2103 do 30\u2103.\uff09<\/td>\n<\/tr>\n<tr>\n<td><strong>Zakres temperatur \u0142adowania<\/strong><\/td>\n<td>-5\u2103~50\u2103\uff08Zalecana temperatura otoczenia wynosi od 20\u2103 do 30\u2103.\uff09<\/td>\n<\/tr>\n<tr>\n<td><strong>Temperatura przechowywania<\/strong><\/td>\n<td>Zalecana temperatura otoczenia wynosi od 0\u00b0C do 45\u00b0C.<\/td>\n<\/tr>\n<tr>\n<td><strong>Normy certyfikacyjne<\/strong><\/td>\n<td>IEC UN38.3 MSDS ROHS<\/td>\n<\/tr>\n<\/tbody>\n<\/table>","protected":false},"excerpt":{"rendered":"<p><strong>Wszechstronna funkcjonalno\u015b\u0107<\/strong><\/p>\n<ul>\n<li>Obs\u0142uguje funkcje wyr\u00f3wnywania szczyt\u00f3w, wype\u0142niania dolin, reagowania na popyt, zasilania awaryjnego i inne wa\u017cne funkcje;<\/li>\n<li>Obs\u0142uguje zdaln\u0105 aktualizacj\u0119 strategii operacyjnych i aktualizacje oprogramowania uk\u0142adowego, co pozwala obni\u017cy\u0107 koszty eksploatacji i konserwacji.<\/li>\n<\/ul>\n<p><strong>Wysoko zintegrowany<\/strong><\/p>\n<ul>\n<li>Produktyzacja systemu, integracja akumulator\u00f3w magazynuj\u0105cych energi\u0119, komputer\u00f3w PC i dystrybucji energii, kontroli temperatury, ochrony przeciwpo\u017carowej, czujnik\u00f3w drzwi zanurzonych w wodzie oraz monitorowania komunikacji, w celu pe\u0142nej kontroli stanu dzia\u0142ania systemu i ryzyka;<\/li>\n<li>Kompleksowa dostawa, skracaj\u0105ca cykl instalacji i uruchomienia na miejscu projektu.<\/li>\n<\/ul>\n<p><strong>Bezpiecznie i inteligentnie<\/strong><\/p>\n<ul>\n<li>Mechanizm hierarchicznego przetwarzania usterek w celu reagowania na z g\u00f3ry okre\u015blone scenariusze usterek;<\/li>\n<li>Indywidualnie dostosowany system BMS, zapewniaj\u0105cy pe\u0142n\u0105 funkcjonalno\u015b\u0107 pomiarow\u0105 i ochronn\u0105;<\/li>\n<li>Obs\u0142uga planowania w chmurze i analizy raport\u00f3w operacyjnych.<\/li>\n<li>Wyposa\u017cony w system ch\u0142odzenia powietrzem lub ciecz\u0105, system przeciwpo\u017carowy, system kontroli temperatury i system o\u015bwietlenia.<\/li>\n<\/ul>\n<p><strong>Elastyczne i wygodne<\/strong><\/p>\n<ul>\n<li>Modu\u0142owy PCS, liniowy modu\u0142 rozszerzenia baterii i dwukierunkowy modu\u0142 falownika do magazynowania energii;<\/li>\n<li>Wyposa\u017cony w niezale\u017cne funkcje kontroli \u0142adowania i roz\u0142adowania dla wielu zestaw\u00f3w akumulator\u00f3w w celu poprawy wykorzystania akumulator\u00f3w i bezpiecze\u0144stwa.<\/li>\n<\/ul>","protected":false},"featured_media":1116,"comment_status":"open","ping_status":"closed","template":"","meta":[],"product_brand":[],"product_cat":[33,32,35],"product_tag":[],"class_list":{"0":"post-1115","1":"product","2":"type-product","3":"status-publish","4":"has-post-thumbnail","6":"product_cat-all-in-one-battery-energy-storage-system","7":"product_cat-commercial-and-industrial-energy-storage","8":"product_cat-container-series","10":"first","11":"instock","12":"shipping-taxable","13":"product-type-simple"},"_links":{"self":[{"href":"https:\/\/hdxenergy.com\/pl\/wp-json\/wp\/v2\/product\/1115","targetHints":{"allow":["GET"]}}],"collection":[{"href":"https:\/\/hdxenergy.com\/pl\/wp-json\/wp\/v2\/product"}],"about":[{"href":"https:\/\/hdxenergy.com\/pl\/wp-json\/wp\/v2\/types\/product"}],"replies":[{"embeddable":true,"href":"https:\/\/hdxenergy.com\/pl\/wp-json\/wp\/v2\/comments?post=1115"}],"wp:featuredmedia":[{"embeddable":true,"href":"https:\/\/hdxenergy.com\/pl\/wp-json\/wp\/v2\/media\/1116"}],"wp:attachment":[{"href":"https:\/\/hdxenergy.com\/pl\/wp-json\/wp\/v2\/media?parent=1115"}],"wp:term":[{"taxonomy":"product_brand","embeddable":true,"href":"https:\/\/hdxenergy.com\/pl\/wp-json\/wp\/v2\/product_brand?post=1115"},{"taxonomy":"product_cat","embeddable":true,"href":"https:\/\/hdxenergy.com\/pl\/wp-json\/wp\/v2\/product_cat?post=1115"},{"taxonomy":"product_tag","embeddable":true,"href":"https:\/\/hdxenergy.com\/pl\/wp-json\/wp\/v2\/product_tag?post=1115"}],"curies":[{"name":"wp","href":"https:\/\/api.w.org\/{rel}","templated":true}]}}