{"id":1109,"date":"2025-12-08T01:32:39","date_gmt":"2025-12-08T01:32:39","guid":{"rendered":"https:\/\/hdxenergy.com\/?post_type=product&#038;p=1109"},"modified":"2026-01-07T07:46:33","modified_gmt":"2026-01-07T07:46:33","slug":"250-kw-500-kw","status":"publish","type":"product","link":"https:\/\/hdxenergy.com\/pl\/product\/250kw500kw\/","title":{"rendered":"250KW\/500KWH Kontenerowy dostawca ESS | Kompaktowy i wysokowydajny BESS"},"content":{"rendered":"<table border=\"0\" width=\"100%\" cellspacing=\"0\" cellpadding=\"0\">\n<tbody>\n<tr>\n<td><strong>Model produktu<\/strong><\/td>\n<td><strong>H098-500 kWh<\/strong><\/td>\n<\/tr>\n<tr>\n<td><strong>Pojemno\u015b\u0107 akumulatora<\/strong><\/td>\n<td>840 Ah\/598,4 V 502,6 kWh)<\/td>\n<\/tr>\n<tr>\n<td><strong>Moc znamionowa<\/strong><\/td>\n<td>250 kW<\/td>\n<\/tr>\n<tr>\n<td><strong>Moc szczytowa<\/strong><\/td>\n<td>275 kW<\/td>\n<\/tr>\n<tr>\n<td><strong>Zakres napi\u0119cia akumulatora<\/strong><\/td>\n<td>467,5\u2013682,5 V<\/td>\n<\/tr>\n<tr>\n<td><strong>Pr\u0105d znamionowy pr\u0105du przemiennego<\/strong><\/td>\n<td>361A<\/td>\n<\/tr>\n<tr>\n<td><strong>Maksymalny pr\u0105d wyj\u015bciowy pr\u0105du przemiennego<\/strong><\/td>\n<td>397A<\/td>\n<\/tr>\n<tr>\n<td><strong>Rozmiar (d\u0142. x szer. x wys.)<\/strong><\/td>\n<td>6058*2438*2591 (mm)<\/td>\n<\/tr>\n<tr>\n<td><strong>Waga<\/strong><\/td>\n<td>11500 kg<\/td>\n<\/tr>\n<tr>\n<td><strong>Typ baterii<\/strong><\/td>\n<td>LiFePO4<\/td>\n<\/tr>\n<tr>\n<td><strong>Napi\u0119cie wyj\u015bciowe pr\u0105du przemiennego<\/strong><\/td>\n<td>400 V (-201 TP3T ~ +151 TP3T)<\/td>\n<\/tr>\n<tr>\n<td><strong>Komunikacja bezprzewodowa<\/strong><\/td>\n<td>Obs\u0142uguje komunikacj\u0119 4G<\/td>\n<\/tr>\n<tr>\n<td><strong>Komunikowa\u0107 si\u0119<\/strong><\/td>\n<td>RS485\/CAN<\/td>\n<\/tr>\n<tr>\n<td><strong>Cykl \u017cycia baterii<\/strong><\/td>\n<td>Ponad 6000 cykli<\/td>\n<\/tr>\n<tr>\n<td><strong>Ochrona systemu<\/strong><\/td>\n<td>Zabezpieczenie przed przegrzaniem\/zabezpieczenie przed przepi\u0119ciem\/zabezpieczenie przed przet\u0119\u017ceniem\/zabezpieczenie przed prze\u0142adowaniem\/zabezpieczenie przed nadmiernym roz\u0142adowaniem\/zabezpieczenie przed zwarciem obci\u0105\u017cenia\/zabezpieczenie przed przeci\u0105\u017ceniem.<\/td>\n<\/tr>\n<tr>\n<td><strong>Temperatura wylotu<\/strong><\/td>\n<td>-20\u2103~50\u2103\uff08Zalecana temperatura otoczenia wynosi od 20\u2103 do 30\u2103.\uff09<\/td>\n<\/tr>\n<tr>\n<td><strong>Zakres temperatur \u0142adowania<\/strong><\/td>\n<td>-5\u2103~50\u2103\uff08Zalecana temperatura otoczenia wynosi od 20\u2103 do 30\u2103.\uff09<\/td>\n<\/tr>\n<tr>\n<td><strong>Temperatura przechowywania<\/strong><\/td>\n<td>Zalecana temperatura otoczenia wynosi od 0\u00b0C do 45\u00b0C.<\/td>\n<\/tr>\n<tr>\n<td><strong>Normy certyfikacyjne<\/strong><\/td>\n<td>IEC UN38.3 MSDS ROHS<\/td>\n<\/tr>\n<\/tbody>\n<\/table>","protected":false},"excerpt":{"rendered":"<ul>\n<li>Ten system magazynowania energii s\u0142onecznej o mocy 250 kW\/500 kWh jest wyposa\u017cony w akumulatory magazynuj\u0105ce energi\u0119, PCS, kontroler fotowoltaiczny (MPPT) (opcjonalnie), system zarz\u0105dzania BMS, system zarz\u0105dzania EMS, system dystrybucji energii, system kontroli \u015brodowiska i system przeciwpo\u017carowy, kt\u00f3re zapewniaj\u0105 pe\u0142n\u0105 kontrol\u0119 nad stanem pracy systemu i ryzykiem.<\/li>\n<li>Skonfigurowany z modu\u0142owym komputerem PCS montowanym w szafie rackowej, obs\u0142uguje r\u00f3wnoleg\u0142e pod\u0142\u0105czenie wielu maszyn i charakteryzuje si\u0119 dobr\u0105 skalowalno\u015bci\u0105; liczb\u0119 modu\u0142\u00f3w PCS i ca\u0142kowit\u0105 moc akumulator\u00f3w mo\u017cna dobra\u0107 zgodnie z wymaganiami dotycz\u0105cymi pojemno\u015bci systemu magazynowania energii s\u0142onecznej w mikrosieci i innych scenariuszach.<\/li>\n<li>Poziom ochrony wynosi IP54, co pozwala doskonale radzi\u0107 sobie z r\u00f3\u017cnymi warunkami pogodowymi panuj\u0105cymi na zewn\u0105trz.<\/li>\n<li>Wbudowany klimatyzator montowany na drzwiach nie zajmuje miejsca w szafie, zwi\u0119ksza dost\u0119pn\u0105 przestrze\u0144 w szafach zewn\u0119trznych, ma lepsz\u0105 integralno\u015b\u0107 strukturaln\u0105 g\u00f3rnej cz\u0119\u015bci i zapewnia dobr\u0105 wodoodporno\u015b\u0107.<\/li>\n<li>Lokalny panel sterowania mo\u017ce realizowa\u0107 r\u00f3\u017cne funkcje, takie jak monitorowanie dzia\u0142ania systemu, opracowywanie strategii zarz\u0105dzania energi\u0105 oraz zdaln\u0105 aktualizacj\u0119 sprz\u0119tu.<\/li>\n<\/ul>","protected":false},"featured_media":1110,"comment_status":"open","ping_status":"closed","template":"","meta":[],"product_brand":[],"product_cat":[33,32,35],"product_tag":[],"class_list":{"0":"post-1109","1":"product","2":"type-product","3":"status-publish","4":"has-post-thumbnail","6":"product_cat-all-in-one-battery-energy-storage-system","7":"product_cat-commercial-and-industrial-energy-storage","8":"product_cat-container-series","10":"first","11":"instock","12":"shipping-taxable","13":"product-type-simple"},"_links":{"self":[{"href":"https:\/\/hdxenergy.com\/pl\/wp-json\/wp\/v2\/product\/1109","targetHints":{"allow":["GET"]}}],"collection":[{"href":"https:\/\/hdxenergy.com\/pl\/wp-json\/wp\/v2\/product"}],"about":[{"href":"https:\/\/hdxenergy.com\/pl\/wp-json\/wp\/v2\/types\/product"}],"replies":[{"embeddable":true,"href":"https:\/\/hdxenergy.com\/pl\/wp-json\/wp\/v2\/comments?post=1109"}],"wp:featuredmedia":[{"embeddable":true,"href":"https:\/\/hdxenergy.com\/pl\/wp-json\/wp\/v2\/media\/1110"}],"wp:attachment":[{"href":"https:\/\/hdxenergy.com\/pl\/wp-json\/wp\/v2\/media?parent=1109"}],"wp:term":[{"taxonomy":"product_brand","embeddable":true,"href":"https:\/\/hdxenergy.com\/pl\/wp-json\/wp\/v2\/product_brand?post=1109"},{"taxonomy":"product_cat","embeddable":true,"href":"https:\/\/hdxenergy.com\/pl\/wp-json\/wp\/v2\/product_cat?post=1109"},{"taxonomy":"product_tag","embeddable":true,"href":"https:\/\/hdxenergy.com\/pl\/wp-json\/wp\/v2\/product_tag?post=1109"}],"curies":[{"name":"wp","href":"https:\/\/api.w.org\/{rel}","templated":true}]}}