{"id":1103,"date":"2025-12-08T01:21:09","date_gmt":"2025-12-08T01:21:09","guid":{"rendered":"https:\/\/hdxenergy.com\/?post_type=product&#038;p=1103"},"modified":"2026-01-07T07:43:00","modified_gmt":"2026-01-07T07:43:00","slug":"500-kw-1-mwh","status":"publish","type":"product","link":"https:\/\/hdxenergy.com\/pl\/product\/500kw1mwh\/","title":{"rendered":"500KW\/1MWH Kontenerowy eksporter ESS | Skalowalny i wysokowydajny BESS"},"content":{"rendered":"<table border=\"0\" width=\"100%\" cellspacing=\"0\" cellpadding=\"0\">\n<tbody>\n<tr>\n<td><strong>Model produktu<\/strong><\/td>\n<td><strong>H098-1 MWh<\/strong><\/td>\n<\/tr>\n<tr>\n<td><strong>Pojemno\u015b\u0107 akumulatora<\/strong><\/td>\n<td>1680 Ah\/598,4 V (1005,3 kWh)<\/td>\n<\/tr>\n<tr>\n<td><strong>Moc znamionowa<\/strong><\/td>\n<td>500 kW<\/td>\n<\/tr>\n<tr>\n<td><strong>Moc szczytowa<\/strong><\/td>\n<td>550 kW<\/td>\n<\/tr>\n<tr>\n<td><strong>Zakres napi\u0119cia akumulatora<\/strong><\/td>\n<td>467,5\u2013682,5 V<\/td>\n<\/tr>\n<tr>\n<td><strong>Pr\u0105d znamionowy pr\u0105du przemiennego<\/strong><\/td>\n<td>722A<\/td>\n<\/tr>\n<tr>\n<td><strong>Maksymalny pr\u0105d wyj\u015bciowy pr\u0105du przemiennego<\/strong><\/td>\n<td>794A<\/td>\n<\/tr>\n<tr>\n<td><strong>Rozmiar (d\u0142. x szer. x wys.)<\/strong><\/td>\n<td>6058*2438*2591 (mm)<\/td>\n<\/tr>\n<tr>\n<td><strong>Waga<\/strong><\/td>\n<td>16200 kg<\/td>\n<\/tr>\n<tr>\n<td><strong>Typ baterii<\/strong><\/td>\n<td>LiFePO4<\/td>\n<\/tr>\n<tr>\n<td><strong>Napi\u0119cie wyj\u015bciowe pr\u0105du przemiennego<\/strong><\/td>\n<td>400 V (-201 TP3T ~ +151 TP3T)<\/td>\n<\/tr>\n<tr>\n<td><strong>Komunikacja bezprzewodowa<\/strong><\/td>\n<td>Obs\u0142uguje komunikacj\u0119 4G<\/td>\n<\/tr>\n<tr>\n<td><strong>Komunikowa\u0107 si\u0119<\/strong><\/td>\n<td>RS485\/CAN<\/td>\n<\/tr>\n<tr>\n<td><strong>Cykl \u017cycia baterii<\/strong><\/td>\n<td>Ponad 6000 cykli<\/td>\n<\/tr>\n<tr>\n<td><strong>Ochrona systemu<\/strong><\/td>\n<td>Zabezpieczenie przed przegrzaniem\/zabezpieczenie przed przepi\u0119ciem\/zabezpieczenie przed przet\u0119\u017ceniem\/zabezpieczenie przed prze\u0142adowaniem\/zabezpieczenie przed nadmiernym roz\u0142adowaniem\/zabezpieczenie przed zwarciem obci\u0105\u017cenia\/zabezpieczenie przed przeci\u0105\u017ceniem.<\/td>\n<\/tr>\n<tr>\n<td><strong>Temperatura wylotu<\/strong><\/td>\n<td>-20\u2103~50\u2103\uff08Zalecana temperatura otoczenia wynosi od 20\u2103 do 30\u2103.\uff09<\/td>\n<\/tr>\n<tr>\n<td><strong>Zakres temperatur \u0142adowania<\/strong><\/td>\n<td>-5\u2103~50\u2103\uff08Zalecana temperatura otoczenia wynosi od 20\u2103 do 30\u2103.\uff09<\/td>\n<\/tr>\n<tr>\n<td><strong>Temperatura przechowywania<\/strong><\/td>\n<td>Zalecana temperatura otoczenia wynosi od 0\u00b0C do 45\u00b0C.<\/td>\n<\/tr>\n<tr>\n<td><strong>Normy certyfikacyjne<\/strong><\/td>\n<td>IEC UN38.3 MSDS ROHS<\/td>\n<\/tr>\n<\/tbody>\n<\/table>","protected":false},"excerpt":{"rendered":"<ul>\n<li>Standardowa forma kontenera: wysy\u0142ka typu \u201eplug-and-play\u201d, szybki monta\u017c za pomoc\u0105 d\u017awigu, klasa IP zapewniaj\u0105ca odporno\u015b\u0107 na trudne warunki zewn\u0119trzne.<\/li>\n<li>Praca w wielu trybach: obs\u0142uga VAR w sieci, wyspowa praca poza sieci\u0105 i autonomiczny falownik mikrosieci za jednym klikni\u0119ciem.<\/li>\n<li>3-poziomowy inteligentny system BMS: warstwowa ochrona ogniwa-modu\u0142u-systemu, izolacja termiczna i usterek w czasie rzeczywistym, bezpiecze\u0144stwo zerowego potkni\u0119cia.<\/li>\n<li>Gotowo\u015b\u0107 do pracy w inteligentnej sieci: pe\u0142na zgodno\u015b\u0107 z zasadami po\u0142\u0105cze\u0144 mi\u0119dzysieciowych IEC\/IEEE, akceptacja dyspozycji dostawc\u00f3w energii w czasie rzeczywistym.<\/li>\n<li>Zaawansowana ochrona przed wyspowaniem: wykrywanie i przechodzenie przez podcykle, p\u0142ynne ponowne \u0142\u0105czenie, solidna stabilno\u015b\u0107.<\/li>\n<\/ul>","protected":false},"featured_media":1104,"comment_status":"open","ping_status":"closed","template":"","meta":[],"product_brand":[],"product_cat":[33,32,35],"product_tag":[],"class_list":{"0":"post-1103","1":"product","2":"type-product","3":"status-publish","4":"has-post-thumbnail","6":"product_cat-all-in-one-battery-energy-storage-system","7":"product_cat-commercial-and-industrial-energy-storage","8":"product_cat-container-series","10":"first","11":"instock","12":"shipping-taxable","13":"product-type-simple"},"_links":{"self":[{"href":"https:\/\/hdxenergy.com\/pl\/wp-json\/wp\/v2\/product\/1103","targetHints":{"allow":["GET"]}}],"collection":[{"href":"https:\/\/hdxenergy.com\/pl\/wp-json\/wp\/v2\/product"}],"about":[{"href":"https:\/\/hdxenergy.com\/pl\/wp-json\/wp\/v2\/types\/product"}],"replies":[{"embeddable":true,"href":"https:\/\/hdxenergy.com\/pl\/wp-json\/wp\/v2\/comments?post=1103"}],"wp:featuredmedia":[{"embeddable":true,"href":"https:\/\/hdxenergy.com\/pl\/wp-json\/wp\/v2\/media\/1104"}],"wp:attachment":[{"href":"https:\/\/hdxenergy.com\/pl\/wp-json\/wp\/v2\/media?parent=1103"}],"wp:term":[{"taxonomy":"product_brand","embeddable":true,"href":"https:\/\/hdxenergy.com\/pl\/wp-json\/wp\/v2\/product_brand?post=1103"},{"taxonomy":"product_cat","embeddable":true,"href":"https:\/\/hdxenergy.com\/pl\/wp-json\/wp\/v2\/product_cat?post=1103"},{"taxonomy":"product_tag","embeddable":true,"href":"https:\/\/hdxenergy.com\/pl\/wp-json\/wp\/v2\/product_tag?post=1103"}],"curies":[{"name":"wp","href":"https:\/\/api.w.org\/{rel}","templated":true}]}}