{"id":1098,"date":"2025-12-08T00:10:35","date_gmt":"2025-12-08T00:10:35","guid":{"rendered":"https:\/\/hdxenergy.com\/?post_type=product&#038;p=1098"},"modified":"2026-01-07T07:53:32","modified_gmt":"2026-01-07T07:53:32","slug":"100-kw-215-kwh","status":"publish","type":"product","link":"https:\/\/hdxenergy.com\/pl\/product\/100kw215kwh\/","title":{"rendered":"100KW\/215KWH Integrator szaf BESS"},"content":{"rendered":"<div class=\"table-container\">\n<table border=\"0\" width=\"100%\" cellspacing=\"0\" cellpadding=\"0\">\n<tbody>\n<tr>\n<td><strong>Model produktu<\/strong><\/td>\n<td><strong>H098-50 kWh<\/strong><\/td>\n<td><strong>H098-100 kWh<\/strong><\/td>\n<td><strong>H098-150 kWh<\/strong><\/td>\n<td><strong>H098-215 kWh<\/strong><\/td>\n<td><strong>H098-315 kWh<\/strong><\/td>\n<\/tr>\n<tr>\n<td><strong>Napi\u0119cie znamionowe<\/strong><\/td>\n<td>563,2 V pr\u0105du sta\u0142ego<\/td>\n<td>537,6 V pr\u0105du sta\u0142ego<\/td>\n<td>768 V pr\u0105du sta\u0142ego<\/td>\n<td>768 V pr\u0105du sta\u0142ego<\/td>\n<td>768 V pr\u0105du sta\u0142ego<\/td>\n<\/tr>\n<tr>\n<td><strong>Zakres napi\u0119cia<\/strong><\/td>\n<td>440\u2013642,4 V pr\u0105du sta\u0142ego<\/td>\n<td>420\u2013537,6 V DC<\/td>\n<td>600\u2013876 V pr\u0105du sta\u0142ego<\/td>\n<td>672\u2013864 V pr\u0105du sta\u0142ego<\/td>\n<td>672\u2013864 V pr\u0105du sta\u0142ego<\/td>\n<\/tr>\n<tr>\n<td><strong>Moc znamionowa<\/strong><\/td>\n<td>90 Ah<\/td>\n<td>200 Ah<\/td>\n<td>206 Ah<\/td>\n<td>280 Ah<\/td>\n<td>412 Ah<\/td>\n<\/tr>\n<tr>\n<td><strong>Energia znamionowa<\/strong><\/td>\n<td>50,68 kWh<\/td>\n<td>107,5 kWh<\/td>\n<td>158 kWh<\/td>\n<td>215 kWh<\/td>\n<td>316,4 kWh<\/td>\n<\/tr>\n<tr>\n<td><strong>Pr\u0105d znamionowy<\/strong><\/td>\n<td>45A<\/td>\n<td>100A<\/td>\n<td>206A<\/td>\n<td>140A<\/td>\n<td>206A<\/td>\n<\/tr>\n<tr>\n<td><strong>Znamionowy pr\u0105d roz\u0142adowania<\/strong><\/td>\n<td>45A<\/td>\n<td>100A<\/td>\n<td>206A<\/td>\n<td>140A<\/td>\n<td>206A<\/td>\n<\/tr>\n<tr>\n<td><strong>Rozmiar (d\u0142. x szer. x wys.)<\/strong><\/td>\n<td>W819 x D900 x H1964 (mm)<\/td>\n<td>W1228 x G1125 x H2084 (mm)<\/td>\n<td>W1600XD1247X2414 (mm)<\/td>\n<td>W1910 x G1297 x H2414 (mm)<\/td>\n<td>W2153 x D1297 x H2414 (mm)<\/td>\n<\/tr>\n<tr>\n<td><strong>Napi\u0119cie wyj\u015bciowe pr\u0105du przemiennego<\/strong><\/td>\n<td>400 V (-201 TP3T ~ +151 TP3T)<\/td>\n<td>400 V (-201 TP3T ~ +151 TP3T)<\/td>\n<td>400 V (-201 TP3T ~ +151 TP3T)<\/td>\n<td>320\u2013460 V<\/td>\n<td>320\u2013460 V<\/td>\n<\/tr>\n<tr>\n<td><strong>Znamionowe napi\u0119cie wej\u015bciowe<\/strong><\/td>\n<td>3W+N+PE; AC400V<\/td>\n<td>3W+N+PE; AC400V<\/td>\n<td>3W+N+PE; AC400V<\/td>\n<td>3W+N+PE; AC400V<\/td>\n<td>3W+N+PE; AC400V<\/td>\n<\/tr>\n<tr>\n<td><strong>Znamionowe napi\u0119cie wyj\u015bciowe<\/strong><\/td>\n<td>3W+N+PE; AC400V<\/td>\n<td>3W+N+PE; AC400V<\/td>\n<td>3W+N+PE; AC400V<\/td>\n<td>3W+N+PE; AC400V<\/td>\n<td>3W+N+PE; AC400V<\/td>\n<\/tr>\n<tr>\n<td><strong>Cz\u0119stotliwo\u015b\u0107 znamionowa<\/strong><\/td>\n<td>50 Hz\/60 Hz<\/td>\n<td>50 Hz\/60 Hz<\/td>\n<td>50 Hz\/60 Hz<\/td>\n<td>50 Hz\/60 Hz<\/td>\n<td>50 Hz\/60 Hz<\/td>\n<\/tr>\n<tr>\n<td><strong>Znamionowy pr\u0105d wyj\u015bciowy<\/strong><\/td>\n<td>36,2 A<\/td>\n<td>72,5 A<\/td>\n<td>138A<\/td>\n<td>138A<\/td>\n<td>276A<\/td>\n<\/tr>\n<tr>\n<td><strong>Moc znamionowa<\/strong><\/td>\n<td>25 kW<\/td>\n<td>50 kW<\/td>\n<td>100 kW<\/td>\n<td>100 kW<\/td>\n<td>200 kW<\/td>\n<\/tr>\n<tr>\n<td><strong>Maksymalne napi\u0119cie wej\u015bciowe PV<\/strong><\/td>\n<td>850 V<\/td>\n<td>850 V<\/td>\n<td>850 V<\/td>\n<td>850 V<\/td>\n<td>850 V<\/td>\n<\/tr>\n<tr>\n<td><strong>Maksymalna moc fotowoltaiczna<\/strong><\/td>\n<td>15 kW + 15 kW<\/td>\n<td>38,4 kW + 38,4 kW<\/td>\n<td>120 kW<\/td>\n<td>120 kW<\/td>\n<td>240 kW<\/td>\n<\/tr>\n<tr>\n<td><strong>Zakres napi\u0119cia roboczego MPPT<\/strong><\/td>\n<td>200 V\u2013800 V<\/td>\n<td>200 V\u2013800 V<\/td>\n<td>200 V\u2013950 V<\/td>\n<td>200 V\u2013950 V<\/td>\n<td>200 V\u2013950 V<\/td>\n<\/tr>\n<tr>\n<td><strong>Zakres napi\u0119cia przy pe\u0142nym obci\u0105\u017ceniu MPPT<\/strong><\/td>\n<td>450 V\u2013750 V<\/td>\n<td>450 V\u2013750 V<\/td>\n<td>650 V\u2013750 V<\/td>\n<td>650 V\u2013750 V<\/td>\n<td>650 V\u2013750 V<\/td>\n<\/tr>\n<tr>\n<td><strong>Waga<\/strong><\/td>\n<td>900 kg<\/td>\n<td>1700 kg<\/td>\n<td>2300 kg<\/td>\n<td>2850 kg<\/td>\n<td>3500 kg<\/td>\n<\/tr>\n<tr>\n<td><strong>Komunikacja<\/strong><\/td>\n<td>RS485\/CAN<\/td>\n<td><\/td>\n<td><\/td>\n<td>RS485\/CAN<\/td>\n<td><\/td>\n<\/tr>\n<tr>\n<td><strong>Wysoko\u015b\u0107<\/strong><\/td>\n<td colspan=\"5\">\u22642000 m<\/td>\n<\/tr>\n<tr>\n<td><strong>Klasa ochrony\/stopie\u0144 ochrony IP<\/strong><\/td>\n<td colspan=\"5\">IP55<\/td>\n<\/tr>\n<tr>\n<td><strong>Zakres temperatur \u0142adowania<\/strong><\/td>\n<td colspan=\"5\">0\u00b0C~50\u00b0C<\/td>\n<\/tr>\n<tr>\n<td><strong>Zakres temperatur roz\u0142adowania<\/strong><\/td>\n<td colspan=\"5\">-20\u00b0C ~ 55\u00b0C<\/td>\n<\/tr>\n<tr>\n<td><strong>Normy certyfikacyjne<\/strong><\/td>\n<td colspan=\"5\">IEC 63056\/IEC 62477-1\/EN61000-6\/IEC62933-5-2-2020\/IEC62933-2-1:2017\/ROHS 2.0\/UN38.3\/MSDS<\/td>\n<\/tr>\n<\/tbody>\n<\/table>\n<\/div>","protected":false},"excerpt":{"rendered":"<ul>\n<li>Wysokowydajny system magazynowania energii wykorzystuj\u0105cy zaawansowan\u0105 technologi\u0119 akumulator\u00f3w i falownik\u00f3w, zapewniaj\u0105cy wydajno\u015b\u0107 \u0142adowania i roz\u0142adowania na poziomie 90% lub wy\u017cszym.<\/li>\n<li>Elastyczne zastosowania, system magazynowania energii odpowiedni do szerokiego zakresu zastosowa\u0144, takich jak magazynowanie energii komercyjnej, przemys\u0142owej, odnawialnej, mikrosieci, wirtualne elektrownie itp.<\/li>\n<li>Oszcz\u0119dno\u015b\u0107 energii i redukcja koszt\u00f3w, pomagaj\u0105c u\u017cytkownikom w oszcz\u0119dzaniu energii i obni\u017caniu koszt\u00f3w energii poprzez arbitra\u017c taryf szczytowych i dolinowych oraz zmniejszenie waha\u0144 obci\u0105\u017cenia sieci.<\/li>\n<li>Modu\u0142owa konstrukcja, \u0142atwa rozbudowa i modernizacja, elastyczna konfiguracja zgodnie z zapotrzebowaniem.<\/li>\n<li>Silna zdolno\u015b\u0107 adaptacji do warunk\u00f3w \u015brodowiskowych, systemy magazynowania energii dostosowane do r\u00f3\u017cnych warunk\u00f3w klimatycznych, zapewniaj\u0105ce poziom ochrony IP54, dostosowane do r\u00f3\u017cnych warunk\u00f3w zewn\u0119trznych.<\/li>\n<\/ul>","protected":false},"featured_media":1099,"comment_status":"open","ping_status":"closed","template":"","meta":[],"product_brand":[],"product_cat":[33,34,32],"product_tag":[],"class_list":{"0":"post-1098","1":"product","2":"type-product","3":"status-publish","4":"has-post-thumbnail","6":"product_cat-all-in-one-battery-energy-storage-system","7":"product_cat-cabinet-series","8":"product_cat-commercial-and-industrial-energy-storage","10":"first","11":"instock","12":"shipping-taxable","13":"product-type-simple"},"_links":{"self":[{"href":"https:\/\/hdxenergy.com\/pl\/wp-json\/wp\/v2\/product\/1098","targetHints":{"allow":["GET"]}}],"collection":[{"href":"https:\/\/hdxenergy.com\/pl\/wp-json\/wp\/v2\/product"}],"about":[{"href":"https:\/\/hdxenergy.com\/pl\/wp-json\/wp\/v2\/types\/product"}],"replies":[{"embeddable":true,"href":"https:\/\/hdxenergy.com\/pl\/wp-json\/wp\/v2\/comments?post=1098"}],"wp:featuredmedia":[{"embeddable":true,"href":"https:\/\/hdxenergy.com\/pl\/wp-json\/wp\/v2\/media\/1099"}],"wp:attachment":[{"href":"https:\/\/hdxenergy.com\/pl\/wp-json\/wp\/v2\/media?parent=1098"}],"wp:term":[{"taxonomy":"product_brand","embeddable":true,"href":"https:\/\/hdxenergy.com\/pl\/wp-json\/wp\/v2\/product_brand?post=1098"},{"taxonomy":"product_cat","embeddable":true,"href":"https:\/\/hdxenergy.com\/pl\/wp-json\/wp\/v2\/product_cat?post=1098"},{"taxonomy":"product_tag","embeddable":true,"href":"https:\/\/hdxenergy.com\/pl\/wp-json\/wp\/v2\/product_tag?post=1098"}],"curies":[{"name":"wp","href":"https:\/\/api.w.org\/{rel}","templated":true}]}}